{"id":5096,"date":"2018-06-02T01:00:52","date_gmt":"2018-06-01T23:00:52","guid":{"rendered":"https:\/\/igop.uab.cat\/?page_id=5096"},"modified":"2024-03-08T12:11:00","modified_gmt":"2024-03-08T11:11:00","slug":"logo","status":"publish","type":"page","link":"https:\/\/igop.uab.cat\/es\/logo\/","title":{"rendered":"Logos"},"content":{"rendered":"<p>[et_pb_section fb_built=\u00bb1&#8243; admin_label=\u00bbsection\u00bb _builder_version=\u00bb4.16&#8243; global_colors_info=\u00bb{}\u00bb][et_pb_row admin_label=\u00bbrow\u00bb _builder_version=\u00bb4.16&#8243; background_size=\u00bbinitial\u00bb background_position=\u00bbtop_left\u00bb background_repeat=\u00bbrepeat\u00bb global_colors_info=\u00bb{}\u00bb][et_pb_column type=\u00bb4_4&#8243; _builder_version=\u00bb4.16&#8243; custom_padding=\u00bb|||\u00bb global_colors_info=\u00bb{}\u00bb custom_padding__hover=\u00bb|||\u00bb][et_pb_text admin_label=\u00bbText\u00bb _builder_version=\u00bb4.19.4&#8243; link_text_color=\u00bb#0C71C3&#8243; background_size=\u00bbinitial\u00bb background_position=\u00bbtop_left\u00bb background_repeat=\u00bbrepeat\u00bb hover_enabled=\u00bb0&#8243; global_colors_info=\u00bb{}\u00bb sticky_enabled=\u00bb0&#8243;]<\/p>\n<h4>DESC\u00c1RGATE LOS LOGOS DEL IGOP<\/h4>\n<p>Aqu\u00ed podr\u00e1s encontrar las versiones vectoriales, jpg y png (fondo transparente)<\/p>\n<p>Para cualquier duda puedes contactar con nuestro t\u00e9cnico de comunicaci\u00f3n: jaume.badosa(at)uab.cat<\/p>\n<table>\n<tbody>\n<tr>\n<th>Tipo logo<\/th>\n<th>IGOP<\/th>\n<th>Escuela del IGOP<\/th>\n<\/tr>\n<tr>\n<td>IGOP sol<\/td>\n<td>\n<p><img decoding=\"async\" src=\"https:\/\/igop.uab.cat\/wp-content\/uploads\/2018\/05\/logo-IGOP-color_jpg_150-dpi.jpg\" alt=\"\" width=\"100\"><\/p>\n<ol>\n<li><a href=\"https:\/\/igop.uab.cat\/wp-content\/uploads\/2018\/05\/logo-IGOP_UAB_vectorial.pdf\" target=\"_blank\" rel=\"noopener\">Adobe Illustrator (vectorial)<\/a><\/li>\n<li><a href=\"https:\/\/igop.uab.cat\/wp-content\/uploads\/2018\/05\/logo-IGOP-color_jpg_150-dpi.jpg\" target=\"_blank\" rel=\"noopener\">JPEG (RGB) color<\/a><\/li>\n<li><a href=\"https:\/\/igop.uab.cat\/wp-content\/uploads\/2018\/05\/logo-IGOP-bn_jpg_150-dpi.jpg\" target=\"_blank\" rel=\"noopener\">JPEG (RGB) bn<\/a><\/li>\n<li><a href=\"https:\/\/igop.uab.cat\/wp-content\/uploads\/2018\/05\/igop_color-fons-transparent.png\" target=\"_blank\" rel=\"noopener\">PNG (fondo transparente)<\/a><\/li>\n<\/ol>\n<\/td>\n<td>\n<p><img decoding=\"async\" src=\"https:\/\/igop.uab.cat\/wp-content\/uploads\/2018\/05\/logo-ESCOLA-IGOP-color-150dpi.jpg\" alt=\"\" width=\"150\"><\/p>\n<ol>\n<li><a href=\"https:\/\/igop.uab.cat\/wp-content\/uploads\/2018\/05\/logo-ESCOLA-IGOP-vectorial.pdf\" target=\"_blank\" rel=\"noopener\">Adobe Illustrator (vectorial)<\/a><\/li>\n<li><a href=\"https:\/\/igop.uab.cat\/wp-content\/uploads\/2018\/05\/logo-ESCOLA-IGOP-color-150dpi.jpg\" target=\"_blank\" rel=\"noopener\">JPEG (RGB) color<\/a><\/li>\n<li><a href=\"https:\/\/igop.uab.cat\/wp-content\/uploads\/2018\/05\/logo-ESCOLA-IGOP-transparent.png\" target=\"_blank\" rel=\"noopener\">PNG (fondo transparente)<\/a><\/li>\n<\/ol>\n<\/td>\n<\/tr>\n<tr>\n<td>IGOP UAB<\/td>\n<td>\n<p><img decoding=\"async\" src=\"https:\/\/igop.uab.cat\/wp-content\/uploads\/2018\/05\/igop_UAB_color_jpg_150-dpi.jpg\" alt=\"\" width=\"200\"><\/p>\n<ol>\n<li><a href=\"https:\/\/igop.uab.cat\/wp-content\/uploads\/2024\/03\/logo-IGOP_UAB_2024_vectorial.pdf\" target=\"_blank\" rel=\"noopener\">Adobe Illustrator (vectorial)<\/a><\/li>\n<li><a href=\"https:\/\/igop.uab.cat\/wp-content\/uploads\/2024\/03\/logo-IGOP_UAB_2024_color.jpg\">JPEG (RGB) color<\/a><\/li>\n<li><a href=\"https:\/\/igop.uab.cat\/wp-content\/uploads\/2024\/03\/logo-IGOP_UAB_2024_negre.jpg\">JPEG (RGB) bn<\/a><\/li>\n<li><a href=\"https:\/\/igop.uab.cat\/wp-content\/uploads\/2024\/03\/logo-IGOP_UAB_2024_PNG-negre-transparent.png\" target=\"_blank\" rel=\"noopener\">PNG (fondo transparente)<\/a><\/li>\n<\/ol>\n<\/td>\n<td>\n<p><img decoding=\"async\" src=\"https:\/\/igop.uab.cat\/wp-content\/uploads\/2018\/05\/logo-ESCOLA-IGOP-color-complert-150-dpi.jpg\" alt=\"\" width=\"200\"><\/p>\n<ol>\n<li><a href=\"https:\/\/igop.uab.cat\/wp-content\/uploads\/2018\/05\/logo-ESCOLA-IGOP-vectorial.pdf\" target=\"_blank\" rel=\"noopener\">Adobe Illustrator (vectorial)<\/a><\/li>\n<li><a href=\"https:\/\/igop.uab.cat\/wp-content\/uploads\/2018\/05\/logo-ESCOLA-IGOP-color-complert-150-dpi.jpg\" target=\"_blank\" rel=\"noopener\">JPEG (RGB) color<\/a><\/li>\n<li><a href=\"https:\/\/igop.uab.cat\/wp-content\/uploads\/2018\/05\/logo-ESCOLA-IGOP-complet-transparent.png\" target=\"_blank\" rel=\"noopener\">PNG (fondo transparente)<\/a><\/li>\n<\/ol>\n<\/td>\n<\/tr>\n<tr>\n<td style=\"background-color: #d9d9d9;\">IGOP Blanco<\/td>\n<td style=\"background-color: #d9d9d9;\">\n<p><img decoding=\"async\" src=\"https:\/\/igop.uab.cat\/wp-content\/uploads\/2018\/05\/igop_blanc-transparent-300px.png\" alt=\"\" width=\"120\"><\/p>\n<ol>\n<li><a href=\"https:\/\/igop.uab.cat\/wp-content\/uploads\/2018\/05\/logo-IGOP_UAB_vectorial.pdf\" target=\"_blank\" rel=\"noopener\">Adobe Illustrator (vectorial)<\/a><\/li>\n<li><a href=\"https:\/\/igop.uab.cat\/wp-content\/uploads\/2018\/05\/igop_blanc-transparent-300px.png\">PNG transparente<\/a><\/li>\n<\/ol>\n<\/td>\n<td>\n<p><img decoding=\"async\" src=\"https:\/\/igop.uab.cat\/wp-content\/uploads\/2018\/06\/logo-ESCOLA-IGOP-03.jpg\" alt=\"\" width=\"120\"><\/p>\n<ol>\n<li><a href=\"https:\/\/igop.uab.cat\/wp-content\/uploads\/2018\/05\/logo-ESCOLA-IGOP-vectorial.pdf\" target=\"_blank\" rel=\"noopener\">Adobe Illustrator (vectorial)<\/a><\/li>\n<li><a href=\"https:\/\/igop.uab.cat\/wp-content\/uploads\/2018\/06\/logo-ESCOLA-IGOP-03.jpg\" target=\"_blank\" rel=\"noopener\">JPEG (RGB) color<\/a><\/li>\n<\/ol>\n<\/td>\n<\/tr>\n<\/tbody>\n<\/table>\n<p>&nbsp;<\/p>\n<h4>FONDO DE PANTALLA TEAMS<\/h4>\n<p><a href=\"https:\/\/igop.uab.cat\/wp-content\/uploads\/2021\/10\/Fons-Teams-IGOP.jpg\" target=\"_blank\" rel=\"noopener\"><img loading=\"lazy\" decoding=\"async\" class=\"alignleft wp-image-13577 size-medium\" src=\"https:\/\/igop.uab.cat\/wp-content\/uploads\/2021\/10\/Fons-Teams-IGOP-300x169.jpg\" alt=\"\" width=\"300\" height=\"169\" srcset=\"https:\/\/igop.uab.cat\/wp-content\/uploads\/2021\/10\/Fons-Teams-IGOP-300x169.jpg 300w, https:\/\/igop.uab.cat\/wp-content\/uploads\/2021\/10\/Fons-Teams-IGOP-768x432.jpg 768w, https:\/\/igop.uab.cat\/wp-content\/uploads\/2021\/10\/Fons-Teams-IGOP-1024x576.jpg 1024w, https:\/\/igop.uab.cat\/wp-content\/uploads\/2021\/10\/Fons-Teams-IGOP.jpg 1920w\" sizes=\"(max-width: 300px) 100vw, 300px\" \/><\/a><\/p>\n<p>[\/et_pb_text][\/et_pb_column][\/et_pb_row][\/et_pb_section]<\/p>\n","protected":false},"excerpt":{"rendered":"<p>DESC\u00c1RGATE LOS LOGOS DEL IGOP Aqu\u00ed podr\u00e1s encontrar las versiones vectoriales, jpg y png (fondo transparente) Para cualquier duda puedes contactar con nuestro t\u00e9cnico de comunicaci\u00f3n: jaume.badosa(at)uab.cat Tipo logo IGOP Escuela del IGOP IGOP sol Adobe Illustrator (vectorial) JPEG (RGB) color JPEG (RGB) bn PNG (fondo transparente) Adobe Illustrator (vectorial) JPEG (RGB) color PNG (fondo [&hellip;]<\/p>\n","protected":false},"author":2,"featured_media":0,"parent":0,"menu_order":0,"comment_status":"closed","ping_status":"closed","template":"","meta":{"_et_pb_use_builder":"on","_et_pb_old_content":"","_et_gb_content_width":"","footnotes":""},"class_list":["post-5096","page","type-page","status-publish","hentry"],"_links":{"self":[{"href":"https:\/\/igop.uab.cat\/es\/wp-json\/wp\/v2\/pages\/5096","targetHints":{"allow":["GET"]}}],"collection":[{"href":"https:\/\/igop.uab.cat\/es\/wp-json\/wp\/v2\/pages"}],"about":[{"href":"https:\/\/igop.uab.cat\/es\/wp-json\/wp\/v2\/types\/page"}],"author":[{"embeddable":true,"href":"https:\/\/igop.uab.cat\/es\/wp-json\/wp\/v2\/users\/2"}],"replies":[{"embeddable":true,"href":"https:\/\/igop.uab.cat\/es\/wp-json\/wp\/v2\/comments?post=5096"}],"version-history":[{"count":8,"href":"https:\/\/igop.uab.cat\/es\/wp-json\/wp\/v2\/pages\/5096\/revisions"}],"predecessor-version":[{"id":20008,"href":"https:\/\/igop.uab.cat\/es\/wp-json\/wp\/v2\/pages\/5096\/revisions\/20008"}],"wp:attachment":[{"href":"https:\/\/igop.uab.cat\/es\/wp-json\/wp\/v2\/media?parent=5096"}],"curies":[{"name":"wp","href":"https:\/\/api.w.org\/{rel}","templated":true}]}}