{"id":4512,"date":"2018-02-06T00:58:14","date_gmt":"2018-02-05T23:58:14","guid":{"rendered":"https:\/\/igop.uab.cat\/?page_id=4512"},"modified":"2018-06-12T12:22:39","modified_gmt":"2018-06-12T10:22:39","slug":"concurso-promise-ser-joven-hoy","status":"publish","type":"page","link":"https:\/\/igop.uab.cat\/es\/concurso-promise-ser-joven-hoy\/","title":{"rendered":"Concurso Promise Ser Joven Hoy"},"content":{"rendered":"<p>[vc_row][vc_column width=\u00bb1\/2&#8243;][vc_column_text]El proyecto Europeo Promise convoca un concurso para j\u00f3venes de 15 a 30 a\u00f1os sobre qu\u00e9 supone ser joven en 2018.<\/p>\n<p>&nbsp;<\/p>\n<h4>Preguntas frecuentes<\/h4>\n<p>[\/vc_column_text][vc_accordion][vc_accordion_tab title=\u00bb\u00bfQuien puede participar?\u00bb][vc_column_text]Los\/las j\u00f3venes entre 15 y 30 a\u00f1os. Se puede participar en equipo o de forma individual.<span data-ccp-props=\"{&quot;201341983&quot;:0,&quot;335559739&quot;:160,&quot;335559740&quot;:259}\"> Debeis <\/span>residir en Espa\u00f1a o en las Islas (Baleares y Canarias).<span data-ccp-props=\"{&quot;201341983&quot;:0,&quot;335559739&quot;:160,&quot;335559740&quot;:259}\">\u00a0<\/span><\/p>\n<p>Quedan excluidos del concurso los miembros del IGOP y las personas vinculadas a Promise.<span data-ccp-props=\"{&quot;201341983&quot;:0,&quot;335559739&quot;:160,&quot;335559740&quot;:259}\"><br \/>\n<\/span>[\/vc_column_text][\/vc_accordion_tab][vc_accordion_tab title=\u00bb\u00bfCon qu\u00e9 objetivo?\u00bb][vc_column_text]Contar c\u00f3mo es ser joven hoy en d\u00eda en tu entorno. Deber\u00e1s explicar con tus propias palabras \/ im\u00e1genes c\u00f3mo es tu d\u00eda a d\u00eda, los problemas que te encuentras siendo joven, propuestas para mejorarlos, qu\u00e9 haces o hac\u00e9is, sea de manera individual, en grupo o desde una asociaci\u00f3n o entidad&#8230;<\/p>\n<p>Recuerda que uno de los objetivos principales de PROMISE es dar visibilidad a comportamientos y pr\u00e1cticas que en ocasiones son presentadas como conflictivas o no-convencionales y, en cambio, pueden incluir importantes elementos de innovaci\u00f3n hacia sociedades m\u00e1s justas y sostenibles.<\/p>\n<p>[\/vc_column_text][\/vc_accordion_tab][vc_accordion_tab title=\u00bb\u00bfC\u00f3mo participar?\u00bb][vc_column_text]Enviar una propuesta creativa (real o ficci\u00f3n) generada ya sea con texto, dibujo, fotograf\u00eda, v\u00eddeo o audio. Se valorar\u00e1 sobre todo la imaginaci\u00f3n de la propuesta, la originalidad, el ingenio y la capacidad de s\u00edntesis.<span data-ccp-props=\"{&quot;201341983&quot;:0,&quot;335551550&quot;:6,&quot;335551620&quot;:6,&quot;335559739&quot;:160,&quot;335559740&quot;:259}\"> Consulta las Bases del Concurso para conocer en detalle las modalidades de participaci\u00f3n.<br \/>\n<\/span><\/p>\n<p>Recuerda que s\u00f3lo podr\u00e1s integrar im\u00e1genes, texto y sonido propios y de otras fuentes que est\u00e9n libres de derechos.<\/p>\n<p>&nbsp;<\/p>\n<p>[\/vc_column_text][\/vc_accordion_tab][vc_accordion_tab title=\u00bb\u00bfMateriales libres de derechos?\u00bb][vc_column_text]Libre de derechos significa que se permite el uso de la obra, bien porque es de dominio p\u00fablico (esto <a href=\"https:\/\/es.wikisource.org\/wiki\/Wikisource:Duraci%C3%B3n_de_derechos_de_autor_por_pa%C3%ADs\" target=\"_blank\" rel=\"noopener noreferrer\">depende del pa\u00eds y seg\u00fan los a\u00f1os que han pasado desde la muerte del autor<\/a>), o bien porque la m\u00fasica tiene\u00a0una licencia <a href=\"https:\/\/es.wikipedia.org\/wiki\/Copyleft\" target=\"_blank\" rel=\"noopener noreferrer\">copyleft<\/a> o <a href=\"https:\/\/es.wikipedia.org\/wiki\/Creative_Commons\" target=\"_blank\" rel=\"noopener noreferrer\">Creative Commons<\/a> que permita la libre distribuci\u00f3n de copias y versiones modificadas. Existen muchos tipos de licencias copyleft o Creative Commons. Ten en cuenta los t\u00e9rminos y condiciones de la licencia antes de usar la pieza: algunas de estas licencias permiten s\u00f3lo uso, sin modificar, y que los mismos derechos sean preservados en las versiones modificadas.<\/p>\n<p>&nbsp;<\/p>\n<p>&nbsp;<\/p>\n<p>[\/vc_column_text][\/vc_accordion_tab][vc_accordion_tab title=\u00bb\u00bfPuedo participar m\u00e1s de una vez?\u00bb][vc_column_text]Se puede enviar un m\u00e1ximo de 3 propuestas diferentes por persona (no se puede repetir formato). Por ejemplo, no puedo enviar 3 v\u00eddeos, pero si un v\u00eddeo, una nota de voz de WhatsApp y una serie fotogr\u00e1fica.<span data-ccp-props=\"{&quot;201341983&quot;:0,&quot;335551550&quot;:6,&quot;335551620&quot;:6,&quot;335559739&quot;:160,&quot;335559740&quot;:259}\"><br \/>\n<\/span><\/p>\n<p><span data-ccp-props=\"{&quot;201341983&quot;:0,&quot;335551550&quot;:6,&quot;335551620&quot;:6,&quot;335559739&quot;:160,&quot;335559740&quot;:259}\"><br \/>\n<\/span><\/p>\n<p>&nbsp;<\/p>\n<p>[\/vc_column_text][\/vc_accordion_tab][vc_accordion_tab title=\u00bb\u00bfCu\u00e1les son los premios?\u00bb][vc_column_text]A escoger entre las siguientes opciones:<span data-ccp-props=\"{&quot;201341983&quot;:0,&quot;335559739&quot;:160,&quot;335559740&quot;:259}\">\u00a0<\/span><\/p>\n<ul>\n<li data-leveltext=\"\uf0a7\" data-font=\"Wingdings\" data-listid=\"3\" data-aria-posinset=\"1\" data-aria-level=\"1\">Una c\u00e1mara de v\u00eddeo o fotograf\u00eda*.<span data-ccp-props=\"{&quot;134233279&quot;:true,&quot;201341983&quot;:0,&quot;335559739&quot;:160,&quot;335559740&quot;:259}\">\u00a0<\/span><\/li>\n<li data-leveltext=\"\uf0a7\" data-font=\"Wingdings\" data-listid=\"3\" data-aria-posinset=\"2\" data-aria-level=\"1\">Un smartphone a escoger (Huawei P10, 64 GB \/ Samsung Galaxy S7 Edge, 32GB \/ iPhone 7, 32GB)<span data-ccp-props=\"{&quot;134233279&quot;:true,&quot;201341983&quot;:0,&quot;335551550&quot;:1,&quot;335551620&quot;:1,&quot;335559685&quot;:720,&quot;335559737&quot;:0,&quot;335559739&quot;:160,&quot;335559740&quot;:259,&quot;335559991&quot;:360}\">\u00a0<\/span><\/li>\n<li data-leveltext=\"\uf0a7\" data-font=\"Wingdings\" data-listid=\"3\" data-aria-posinset=\"3\" data-aria-level=\"1\">Viaje de fin de semana para 2 personas en una ciudad europea (incluye transporte hasta la ciudad elegida y alojamiento -bed and breakfast-). No incluye dietas ni manutenci\u00f3n*.\u00a0<span data-ccp-props=\"{&quot;134233279&quot;:true,&quot;201341983&quot;:0,&quot;335559739&quot;:160,&quot;335559740&quot;:259}\"><br \/>\n<\/span><\/li>\n<li data-leveltext=\"\uf0a7\" data-font=\"Wingdings\" data-listid=\"3\" data-aria-posinset=\"1\" data-aria-level=\"1\">Vale para centro comercial. (Targeta FNAC)<span data-ccp-props=\"{&quot;134233279&quot;:true,&quot;201341983&quot;:0,&quot;335559739&quot;:160,&quot;335559740&quot;:259}\">\u00a0<\/span><\/li>\n<\/ul>\n<p><span data-ccp-props=\"{&quot;201341983&quot;:0,&quot;335559739&quot;:160,&quot;335559740&quot;:259}\">\u00a0<\/span>(*) El importe m\u00e1ximo del premio son 600 eu<span data-ccp-props=\"{&quot;201341983&quot;:0,&quot;335551550&quot;:6,&quot;335551620&quot;:6,&quot;335559739&quot;:160,&quot;335559740&quot;:259}\"><br \/>\n<\/span><\/p>\n<p><span data-ccp-props=\"{&quot;201341983&quot;:0,&quot;335551550&quot;:6,&quot;335551620&quot;:6,&quot;335559739&quot;:160,&quot;335559740&quot;:259}\"><br \/>\n<\/span><\/p>\n<p>&nbsp;<\/p>\n<p>[\/vc_column_text][\/vc_accordion_tab][vc_accordion_tab title=\u00bb\u00bfHay que enviar algo m\u00e1s?\u00bb][vc_column_text]Conjuntamente a la propuesta hay que enviar al mail de promise un archivo de texto con la siguiente informaci\u00f3n:<span data-ccp-props=\"{&quot;201341983&quot;:0,&quot;335551550&quot;:6,&quot;335551620&quot;:6,&quot;335559739&quot;:160,&quot;335559740&quot;:259}\">\u00a0<\/span><\/p>\n<ul>\n<li data-leveltext=\"\uf0b7\" data-font=\"Symbol\" data-listid=\"9\" data-aria-posinset=\"1\" data-aria-level=\"1\">Nombre y apellidos (si son un equipo, de todos los\/as integrantes)<span data-ccp-props=\"{&quot;134233279&quot;:true,&quot;201341983&quot;:0,&quot;335559739&quot;:160,&quot;335559740&quot;:259}\">\u00a0<\/span><\/li>\n<li data-leveltext=\"\uf0b7\" data-font=\"Symbol\" data-listid=\"9\" data-aria-posinset=\"2\" data-aria-level=\"1\">Edad<span data-ccp-props=\"{&quot;134233279&quot;:true,&quot;201341983&quot;:0,&quot;335559739&quot;:160,&quot;335559740&quot;:259}\">\u00a0<\/span><\/li>\n<li data-leveltext=\"\uf0b7\" data-font=\"Symbol\" data-listid=\"9\" data-aria-posinset=\"3\" data-aria-level=\"1\">T\u00edtulo obra<span data-ccp-props=\"{&quot;134233279&quot;:true,&quot;201341983&quot;:0,&quot;335559739&quot;:160,&quot;335559740&quot;:259}\"><br \/>\n<\/span><\/li>\n<li data-leveltext=\"\uf0b7\" data-font=\"Symbol\" data-listid=\"9\" data-aria-posinset=\"1\" data-aria-level=\"1\">Datos de contacto (mail y tel\u00e9fono)<span data-ccp-props=\"{&quot;134233279&quot;:true,&quot;201341983&quot;:0,&quot;335559739&quot;:160,&quot;335559740&quot;:259}\">\u00a0<\/span><\/li>\n<li data-leveltext=\"\uf0b7\" data-font=\"Symbol\" data-listid=\"9\" data-aria-posinset=\"2\" data-aria-level=\"1\">Enlace a video (si es la v\u00eda de concurso):<span data-ccp-props=\"{&quot;134233279&quot;:true,&quot;201341983&quot;:0,&quot;335559739&quot;:160,&quot;335559740&quot;:259}\">\u00a0<\/span><\/li>\n<li data-leveltext=\"\uf0b7\" data-font=\"Symbol\" data-listid=\"9\" data-aria-posinset=\"3\" data-aria-level=\"1\">Premio escogido<span data-ccp-props=\"{&quot;134233279&quot;:true,&quot;201341983&quot;:0,&quot;335559739&quot;:160,&quot;335559740&quot;:259}\"><br \/>\n<\/span><\/li>\n<\/ul>\n<p>&nbsp;<\/p>\n<p><span data-ccp-props=\"{&quot;201341983&quot;:0,&quot;335551550&quot;:6,&quot;335551620&quot;:6,&quot;335559739&quot;:160,&quot;335559740&quot;:259}\"><br \/>\n<\/span><\/p>\n<p>&nbsp;<\/p>\n<p>[\/vc_column_text][\/vc_accordion_tab][\/vc_accordion][\/vc_column][vc_column width=\u00bb1\/2&#8243;][vc_single_image image=\u00bb5283&#8243; css_animation=\u00bbleft-to-right\u00bb border_color=\u00bbgrey\u00bb img_link_large=\u00bbyes\u00bb img_link_target=\u00bb_self\u00bb img_size=\u00bblarge\u00bb][\/vc_column][\/vc_row]<\/p>\n","protected":false},"excerpt":{"rendered":"<p>[vc_row][vc_column width=\u00bb1\/2&#8243;][vc_column_text]El proyecto Europeo Promise convoca un concurso para j\u00f3venes de 15 a 30 a\u00f1os sobre qu\u00e9 supone ser joven en 2018. &nbsp; Preguntas frecuentes [\/vc_column_text][vc_accordion][vc_accordion_tab title=\u00bb\u00bfQuien puede participar?\u00bb][vc_column_text]Los\/las j\u00f3venes entre 15 y 30 a\u00f1os. Se puede participar en equipo o de forma individual. Debeis residir en Espa\u00f1a o en las Islas (Baleares y Canarias).\u00a0 [&hellip;]<\/p>\n","protected":false},"author":2,"featured_media":4515,"parent":0,"menu_order":0,"comment_status":"closed","ping_status":"closed","template":"","meta":{"_et_pb_use_builder":"","_et_pb_old_content":"","_et_gb_content_width":"","footnotes":""},"class_list":["post-4512","page","type-page","status-publish","has-post-thumbnail","hentry"],"_links":{"self":[{"href":"https:\/\/igop.uab.cat\/es\/wp-json\/wp\/v2\/pages\/4512","targetHints":{"allow":["GET"]}}],"collection":[{"href":"https:\/\/igop.uab.cat\/es\/wp-json\/wp\/v2\/pages"}],"about":[{"href":"https:\/\/igop.uab.cat\/es\/wp-json\/wp\/v2\/types\/page"}],"author":[{"embeddable":true,"href":"https:\/\/igop.uab.cat\/es\/wp-json\/wp\/v2\/users\/2"}],"replies":[{"embeddable":true,"href":"https:\/\/igop.uab.cat\/es\/wp-json\/wp\/v2\/comments?post=4512"}],"version-history":[{"count":9,"href":"https:\/\/igop.uab.cat\/es\/wp-json\/wp\/v2\/pages\/4512\/revisions"}],"predecessor-version":[{"id":5289,"href":"https:\/\/igop.uab.cat\/es\/wp-json\/wp\/v2\/pages\/4512\/revisions\/5289"}],"wp:featuredmedia":[{"embeddable":true,"href":"https:\/\/igop.uab.cat\/es\/wp-json\/wp\/v2\/media\/4515"}],"wp:attachment":[{"href":"https:\/\/igop.uab.cat\/es\/wp-json\/wp\/v2\/media?parent=4512"}],"curies":[{"name":"wp","href":"https:\/\/api.w.org\/{rel}","templated":true}]}}