{"id":4277,"date":"2017-11-21T11:53:29","date_gmt":"2017-11-21T10:53:29","guid":{"rendered":"https:\/\/igop.uab.cat\/?page_id=4277"},"modified":"2017-11-21T22:40:54","modified_gmt":"2017-11-21T21:40:54","slug":"mates","status":"publish","type":"page","link":"https:\/\/igop.uab.cat\/es\/mates\/","title":{"rendered":"Mates"},"content":{"rendered":"<p>[vc_row][vc_column width=\u00bb1\/1&#8243;][vc_single_image image=\u00bb4280&#8243; border_color=\u00bbgrey\u00bb img_link_target=\u00bb_self\u00bb img_size=\u00bbfull\u00bb][\/vc_column][\/vc_row][vc_row][vc_column width=\u00bb2\/3&#8243;][vc_column_text]<\/p>\n<h4>Proyecto Mates<\/h4>\n<p>MATES. Multi Agency Training Exit Strategies for radicalised youth.<\/p>\n<p>Formaci\u00f3n de los actores responsables en \u201cEstrategias de Salida\u201d para j\u00f3venes radicalizados.<\/p>\n<p>Europa afronta un crecimiento en el n\u00famero de j\u00f3venes susceptible de entrar en procesos de\u00a0radicalizaci\u00f3n violenta. Los mecanismos de radicalizaci\u00f3n parecen similares en los distintos pa\u00edses y varios estudios muestran el impacto del entorno penitenciario en los procesos de radicalizaci\u00f3n. Recientemente, sin embargo, los sistemas judiciales de buena parte de los pa\u00edses europeos han ido trasvasando su atenci\u00f3n del reclutamiento hacia la rehabilitaci\u00f3n de personas juzgadas o condenadas por delitos de radicalizaci\u00f3n \u2013cambiando el foco de \u201cen-prisi\u00f3n\u201d a \u201cfuera-de-prisi\u00f3n\u201d. La rehabilitaci\u00f3n de estos j\u00f3venes, ya sea en las instituciones penitenciarias o durante los periodos de libertad vigilada, constituye, de hecho, uno de los objetivos que mayor atenci\u00f3n interdisciplinar requiere.[\/vc_column_text][vc_accordion collapsible=\u00bbyes\u00bb active_tab=\u00bbfalse\u00bb][vc_accordion_tab title=\u00bbObjetivos del Proyecto\u00bb][vc_column_text]<\/p>\n<div class=\" et_pb_row_inner et_pb_row_inner_1\">\n<div class=\"et_pb_column et_pb_column_3_8 et_pb_column_inner  et_pb_column_inner_1\">\n<div class=\"et_pb_text et_pb_module et_pb_bg_layout_light et_pb_text_align_left  et_pb_text_2\">\n<p>C\u00f3mo dise\u00f1ar \u201cestrategias de salida\u201d eficientes (dentro de contextos como libertad condicional,\u00a0vigilada, otros) para estos j\u00f3venes que realmente sean reintegradoras y eviten riesgos de reradicalizaci\u00f3n. Una labor que exige respuestas en varios \u00e1mbitos.<\/p>\n<p>Entre ellos, los periodos a prueba (libertad condicional, vigilada, custodia familiar, internamiento en centros educativos\u2026) necesitan una profunda coordinaci\u00f3n entre el Sistema Judicial y los principales actores en la rehabilitaci\u00f3n de los j\u00f3venes en su medio local. En este sentido, para mejorar la efectividad de las distintas situaciones y periodos a prueba, conviene crear y fortalecer una red de actores que compartan la l\u00f3gica de reinserci\u00f3n de los j\u00f3venes radicalizados.<\/p>\n<p>El proyecto MATES quiere contribuir en este terreno mediante las siguientes tareas: i) informes nacionales; ii) elaboraci\u00f3n de contenidos formativos con la implicaci\u00f3n de los actores clave a nivel nacional y transnacional, a trav\u00e9s de grupos de discusi\u00f3n y entrevistas realizadas con ellos; iii) Pautas de intervenci\u00f3n para los responsables de los reg\u00edmenes de libertad condicional y vigilada, as\u00ed como para los trabajadores de primera l\u00ednea (asistentes sociales, educadores, profesionales del sector de la sanidad, polic\u00edas, personal de prisiones).<\/p>\n<\/div>\n<\/div>\n<\/div>\n<p>[\/vc_column_text][\/vc_accordion_tab][vc_accordion_tab title=\u00bbAproximaci\u00f3n metodol\u00f3gica\u00bb][vc_column_text]MATES desarrollar\u00e1 contenidos que ayuden a los responsables de libertad condicional y vigilada,\u00a0y a los trabajadores de primera l\u00ednea, a reconocer primeros signos de radicalizaci\u00f3n, afrontar procesos de re-radicalizaci\u00f3n e indirectamente prever riesgos de captaci\u00f3n terrorista.<\/p>\n<p>La colaboraci\u00f3n con los responsables mencionados, as\u00ed como con l\u00edderes de la comunidad y otros profesionales que trabajan con j\u00f3venes susceptibles de radicalizaci\u00f3n, servir\u00e1 tambi\u00e9n para mejorar los procesos que modifican percepciones justificadoras de violencia contra el estado y la sociedad, les ayude a establecer nuevas redes sociales al margen del extremismo violento, y\u00a0 les capacite hacia otros intereses laborales, deportivos, art\u00edsticos, etc. que favorezcan relaciones y coexistencias pac\u00edficas.<\/p>\n<p>La idea central de MATES es ayudar a los responsables de libertad condicional y vigilada en sus esfuerzos por lograr una mejor reinserci\u00f3n de los j\u00f3venes envueltos en radicalizaci\u00f3n violenta.[\/vc_column_text][\/vc_accordion_tab][\/vc_accordion][posts header=\u00bbNot\u00edcias Mates Espa\u00f1a\u00bb post_type=\u00bbpost\u00bb cats=\u00bbmates-es\u00bb images=\u00bbfalse\u00bb image_width=\u00bb383&#8243; image_height=\u00bb170&#8243; image_wrap=\u00bbfalse\u00bb hard_crop=\u00bbtrue\u00bb cols=\u00bb1&#8243; per_page=\u00bb3&#8243; offset=\u00bb0&#8243; link=\u00bbboth\u00bb pages=\u00bbtrue\u00bb orderby=\u00bbdate\u00bb order=\u00bbdesc\u00bb content_display=\u00bbexcerpt\u00bb excerpt_length=\u00bb250&#8243; read_more=\u00bbtrue\u00bb title=\u00bbtrue\u00bb title_length=\u00bb500&#8243; meta=\u00bbtrue\u00bb meta_author=\u00bbtrue\u00bb meta_date=\u00bbtrue\u00bb meta_cats=\u00bbfalse\u00bb meta_tags=\u00bbfalse\u00bb score=\u00bbtrue\u00bb spacing=\u00bbspacing-normal\u00bb][vc_column_text]<\/p>\n<h4>Equipo espa\u00f1ol<\/h4>\n<p>MATES\u00a0involucra a equipos de investigaci\u00f3n de\u00a06 organizaciones diferentes de toda Europa:<\/p>\n<ul>\n<li>IPRS \u2013 Psychoanalytic Institute for Social Research, Italy;<\/li>\n<li>\u201cLa Sapienza\u201d University of Rome, Dept of Criminology, Italy;<\/li>\n<li>CJD-Hamburg, Germany;<\/li>\n<li>Catholic University of Porto, Portugal;<\/li>\n<li>Autonomous University of Barcelona, Spain;<\/li>\n<li>Tartu University, Estonia;<\/li>\n<li>EJJO, European Juvenile Justice Observatory, Bruxelles.<\/li>\n<\/ul>\n<p>&nbsp;<\/p>\n<p>Los miembros del equipo espa\u00f1ol son:[\/vc_column_text][vc_accordion collapsible=\u00bbyes\u00bb active_tab=\u00bbfalse\u00bb][vc_accordion_tab title=\u00bbZyab Iba\u00f1ez\u00bb][vc_column_text]<span style=\"font-weight: normal; color: #656464;\"><a href=\"https:\/\/igop.uab.cat\/wp-content\/uploads\/2017\/02\/939e71a0697fcd735fdb1b0e7622fac5.jpg\"><img loading=\"lazy\" decoding=\"async\" class=\"espai alignleft wp-image-3560 size-full\" src=\"https:\/\/igop.uab.cat\/wp-content\/uploads\/2017\/02\/939e71a0697fcd735fdb1b0e7622fac5.jpg\" alt=\"Zyab-Iba\u00f1ez-Agapp\" width=\"150\" height=\"142\" \/><\/a>Zyab Iba\u00f1ez is a Postdoctoral Researcher at the Institute of Government and Public Policies (IGOP) of the Universitat Aut\u00f2noma Barcelona. He holds a PhD in Political and Social Sciences from the European University Institute, Florence 2007, and an MSc in Environmental Assessment from the London School of Economics. His research combines cross-national institutional analyses and organizational case-studies to explore how different institutional regimes shape the design and implementation of public policies in the areas of employment, working-time and migration. As a researcher, he has been involved in several EU and National funded projects, such as RECWOWE and Mobile Identities. Currently he is part of the IGOP team undertaking the project: Promoting Youth Involvement and Social Engagement (PROMISE), a major EU funded research project, under the European Commission\u2019s Horizon 2020 Research and Innovation Programme, running from May 2016 to April 2019.<\/span>[\/vc_column_text][\/vc_accordion_tab][vc_accordion_tab title=\u00bbMargarita Le\u00f3n\u00bb][vc_column_text]<span style=\"font-weight: normal; color: #656464;\"><a href=\"https:\/\/igop.uab.cat\/wp-content\/uploads\/2017\/02\/Marga-Leon.jpg\" target=\"_blank\"><img loading=\"lazy\" decoding=\"async\" class=\"espai alignleft wp-image-3563 size-full\" src=\"https:\/\/igop.uab.cat\/wp-content\/uploads\/2017\/02\/Marga-Leon.jpg\" alt=\"Marga-Leon\" width=\"150\" height=\"142\" \/><\/a>Margarita Le\u00f3n is Professor of political science at the Autonomous University of Barcelona. Of the 2010 to 2015 He was a researcher in the Ram\u00f3n y Cajal Institute of Government and public policy (IGOP) of this University. He has been Professor of comparative public policy at the University of Kent (2004-2010) and Marie Curie researcher at the European University Institute of Florence. He received his Ph.d. at the London School of Economics with a grant from the V framework programme of the European. Account in addition, with a master&#8217;s degree in Sociological Research by the University of Essex (1995) and a Bachelor&#8217;s degree in Sociology from the University of Alicante (1994). He has published articles in numerous journals of international impact \u2019. Is co-editor along with Ana M. Guill\u00e9n of the book The Spanish Welfare State in European Context (Ashgate, 2011) and editor of The Transformation of Care in European Societies (Palgrave, 2014). His main areas of research are comparative public policy and the reform of the \u2019 welfare State. He is a member of the Executive Committee of the European social Policy Network (ESPAnet) and of the Spanish network of Social policy (REPS).<\/span><\/p>\n<p><strong style=\"color: #1c1c1c;\">More info:<\/strong><span style=\"font-weight: normal; color: #656464;\">\u00a0https:\/\/uab.academia.edu\/MargaritaLeon<\/span>[\/vc_column_text][\/vc_accordion_tab][vc_accordion_tab title=\u00bbCl\u00e0udia Torres Ferrer\u00bb][\/vc_accordion_tab][vc_accordion_tab title=\u00bbJaume Badosa\u00bb][\/vc_accordion_tab][vc_accordion_tab title=\u00bbJoan Subirats\u00bb][\/vc_accordion_tab][\/vc_accordion][\/vc_column][vc_column width=\u00bb1\/3&#8243; css=\u00bb.vc_custom_1487684437608{background-color: #cecece !important;}\u00bb][vc_column_text]<strong>MATES<\/strong><\/p>\n<p>Financiaci\u00f3n: Comisi\u00f3n Europea, DG Interior, Fondo Seguridad Interna y Polic\u00eda (2014-2020),<br \/>\nHOME\/2015\/1SFP\/AG\/LETX[\/vc_column_text][vc_separator color=\u00bbgrey\u00bb][vc_column_text]<\/p>\n<h4>Partners<\/h4>\n<p>&nbsp;<\/p>\n<p><a href=\"https:\/\/www.cjd-nord.de\/angebote\/migration-forschung-und-beratung\/mates\/\"><img loading=\"lazy\" decoding=\"async\" class=\"alignnone\" src=\"https:\/\/www.cjd-nord.de\/fileadmin\/templates\/default\/public\/images\/cjd-logo.gif\" alt=\"\" width=\"300\" height=\"110\" \/><\/a><\/p>\n<p><span style=\"color: #0000ee;\"><a title=\"CJD Nord\" href=\"https:\/\/www.cjd-nord.de\/angebote\/migration-forschung-und-beratung\/mates\/\" target=\"_blank\">CJD-Nord<\/a> <span style=\"color: #000000;\">(Alemania)<\/span><\/span><\/p>\n<p>&nbsp;<\/p>\n<p><a href=\"http:\/\/www.fep.porto.ucp.pt\/en\/mates\/\"><img loading=\"lazy\" decoding=\"async\" class=\"alignnone\" src=\"http:\/\/www.fep.porto.ucp.pt\/sites\/all\/themes\/portal\/img\/logos\/catolica-porto-2016.png\" alt=\"\" width=\"162\" height=\"200\" \/><\/a><\/p>\n<p><a title=\"Universidade Catolica Portuguesa\" href=\"http:\/\/www.fep.porto.ucp.pt\/en\/mates\/\" target=\"_blank\">Universidade Cat\u00f3lica Portuguesa<\/a> (Portugal)[\/vc_column_text][vc_separator color=\u00bbgrey\u00bb][\/vc_column][\/vc_row]<\/p>\n","protected":false},"excerpt":{"rendered":"<p>[vc_row][vc_column width=\u00bb1\/1&#8243;][vc_single_image image=\u00bb4280&#8243; border_color=\u00bbgrey\u00bb img_link_target=\u00bb_self\u00bb img_size=\u00bbfull\u00bb][\/vc_column][\/vc_row][vc_row][vc_column width=\u00bb2\/3&#8243;][vc_column_text] Proyecto Mates MATES. Multi Agency Training Exit Strategies for radicalised youth. Formaci\u00f3n de los actores responsables en \u201cEstrategias de Salida\u201d para j\u00f3venes radicalizados. Europa afronta un crecimiento en el n\u00famero de j\u00f3venes susceptible de entrar en procesos de\u00a0radicalizaci\u00f3n violenta. Los mecanismos de radicalizaci\u00f3n parecen similares en los distintos [&hellip;]<\/p>\n","protected":false},"author":2,"featured_media":4392,"parent":0,"menu_order":0,"comment_status":"closed","ping_status":"closed","template":"","meta":{"_et_pb_use_builder":"","_et_pb_old_content":"","_et_gb_content_width":"","footnotes":""},"class_list":["post-4277","page","type-page","status-publish","has-post-thumbnail","hentry"],"_links":{"self":[{"href":"https:\/\/igop.uab.cat\/es\/wp-json\/wp\/v2\/pages\/4277","targetHints":{"allow":["GET"]}}],"collection":[{"href":"https:\/\/igop.uab.cat\/es\/wp-json\/wp\/v2\/pages"}],"about":[{"href":"https:\/\/igop.uab.cat\/es\/wp-json\/wp\/v2\/types\/page"}],"author":[{"embeddable":true,"href":"https:\/\/igop.uab.cat\/es\/wp-json\/wp\/v2\/users\/2"}],"replies":[{"embeddable":true,"href":"https:\/\/igop.uab.cat\/es\/wp-json\/wp\/v2\/comments?post=4277"}],"version-history":[{"count":12,"href":"https:\/\/igop.uab.cat\/es\/wp-json\/wp\/v2\/pages\/4277\/revisions"}],"predecessor-version":[{"id":4385,"href":"https:\/\/igop.uab.cat\/es\/wp-json\/wp\/v2\/pages\/4277\/revisions\/4385"}],"wp:featuredmedia":[{"embeddable":true,"href":"https:\/\/igop.uab.cat\/es\/wp-json\/wp\/v2\/media\/4392"}],"wp:attachment":[{"href":"https:\/\/igop.uab.cat\/es\/wp-json\/wp\/v2\/media?parent=4277"}],"curies":[{"name":"wp","href":"https:\/\/api.w.org\/{rel}","templated":true}]}}