{"id":3183,"date":"2016-03-18T20:39:33","date_gmt":"2016-03-18T19:39:33","guid":{"rendered":"https:\/\/igop.uab.cat\/?page_id=3183"},"modified":"2016-04-26T23:25:16","modified_gmt":"2016-04-26T21:25:16","slug":"curso-innovacio-social","status":"publish","type":"page","link":"https:\/\/igop.uab.cat\/es\/curso-innovacio-social\/","title":{"rendered":"Curso Innovaci\u00f3n social"},"content":{"rendered":"<p>[vc_row][vc_column width=\u00bb2\/3&#8243;][vc_column_text]<strong>Fechas:<\/strong> 26-29 de abril de 2016<\/p>\n<p><strong>Objetivo:<\/strong> En primer lugar, el curso pretende estimular una reflexi\u00f3n cr\u00edtica sobre el significado y las implicaciones de la innovaci\u00f3n social como tema de pol\u00edtica urbana. \u00bfQu\u00e9 significado puede tomar la innovaci\u00f3n social y de qu\u00e9 forma se vincula con otras nociones como la emprendeduria social, la econom\u00eda social y la acci\u00f3n comunitaria? \u00bfCu\u00e1les son las potencialidades y los l\u00edmites de la innovaci\u00f3n social como respuesta a problemas urbanos como la pobreza y la desigualdades? En segundo lugar, nos preguntamos por el tipo de pol\u00edticas p\u00fablicas que pueden promover la innovaci\u00f3n social en las ciudades y, m\u00e1s en general, por las din\u00e1micas de refuerzo mutuo que pueden darse entre innovaciones sociales e innovaciones p\u00fablicas. \u00bfDe qu\u00e9 manera las instituciones pueden promover y reforzar la innovaci\u00f3n social respetando a la vez la autonom\u00eda de los procesos sociales? Pueden las innovaciones sociales ser fuente de nuevas pol\u00edticas y de nuevas institucionalizaciones en la ciudad? Podemos imaginar escenarios de coproducci\u00f3n de pol\u00edticas urbanas?<\/p>\n<p><strong>P\u00fablico:<\/strong> Responsables pol\u00edticos locales, t\u00e9cnicos y responsables de departamento y de programas relacionados con la innovaci\u00f3n social, la emprendedur\u00eda social, la acci\u00f3n comunitaria, la econom\u00eda social y activistas sociales y comunitarios.<br \/>\nDuraci\u00f3n: 20 horas lectivas y 10 horas de visitas guiadas a proyectos y experiencias de Barcelona.<\/p>\n<p><strong>Plazas:<\/strong> El n\u00famero de plazas est\u00e1 limitado a 30 personas.<\/p>\n<p><strong>Inscripci\u00f3n:<\/strong> Puede realizar el proceso de inscripci\u00f3n en este enlace.\u00a0<a style=\"color: #528ac3;\" href=\"https:\/\/igop.uab.cat\/es\/inscripciones-cursos-barcelona-gov\/\" target=\"_blank\">Inscripci\u00f3 online<\/a><span style=\"color: #777777; font-weight: 300;\">.<\/span><\/p>\n<p>Convoca: Comissionat d\u2019Economia Cooperativa, Social i Solid\u00e0ria i Consum de l\u2019Ajuntament de Barcelona amb la col.laboraci\u00f3 de l\u2019Institut de Govern i Pol\u00edtiques P\u00fabliques (IGOP) de la Universitat Aut\u00f2noma de Barcelona (UAB).<\/p>\n<hr \/>\n<p><a href=\"http:\/\/barcelonagov.net\/cursos\/gestion-de-la-innovacion\/\" target=\"_blank\">M\u00e1s informaci\u00f3n del curso<\/a><\/p>\n<p>[\/vc_column_text][vc_column_text]PROGRAMA<\/p>\n<p><strong>Martes 26 de abril \/\u00a0<\/strong><strong>Perspectivas sobre innovaci\u00f3n social<br \/>\n<\/strong>Lugar: IBEI (C\/ Ramon Trias Fargas, 25)<\/p>\n<p>9 \u2013 9:30h Introducci\u00f3n y bienvenida, a cargo de\u00a0<strong>Rub\u00e9n Mart\u00ednez<\/strong>, IGOP-UAB<br \/>\n9:30 \u2013 11h Innovaci\u00f3n social: \u00bfqu\u00e9?, \u00bfpor qu\u00e9? \u00bfc\u00f3mo?\u00a0<strong>Xavier Marcet<\/strong>, LCT projects<\/p>\n<p>11 \u2013 11:30h Descanso<\/p>\n<p style=\"color: #000000;\"><span style=\"font-weight: normal;\">11:30 \u2013 12:15h Perspectivas cr\u00edticas sobre la innovaci\u00f3n social.\u00a0<\/span><strong>Rub\u00e9n Mart\u00ednez<\/strong><span style=\"font-weight: normal;\">, IGOP-UAB<\/span><br style=\"font-weight: normal;\" \/><span style=\"font-weight: normal;\">12:15 \u2013 13h Experiencias de innovaci\u00f3n social. Mapa y encuesta de la innovaci\u00f3n social en Barcelona y Catalu\u00f1a.\u00a0<\/span><strong>Helena Cruz<\/strong><span style=\"font-weight: normal;\">, IGOP-UAB<\/span><br style=\"font-weight: normal;\" \/><span style=\"font-weight: normal;\">13 a 14h \u00bfInnovaci\u00f3n social frente a la segregaci\u00f3n urbana?\u00a0<\/span><strong>Oriol Nel\u00b7lo<\/strong><span style=\"font-weight: normal;\">, UAB<\/span><\/p>\n<p>14 \u2013 15:30h Almuerzo<\/p>\n<p>15:30 \u2013 17:30h Innovaci\u00f3n social y econom\u00edas comunitarias.\u00a0<strong>\u00c1lvaro Porro<\/strong>, Barcelona Activa<br \/>\n17:30 \u2013 19:15h Innovaci\u00f3n social y desigualdad de g\u00e9nero.\u00a0<strong>Sonia Ruiz<\/strong>, Ajuntament de Barcelona<\/p>\n<p>&nbsp;<\/p>\n<p style=\"color: #000000;\"><strong>Mi\u00e9rcoles 27 de abril \/\u00a0<\/strong><strong>Pol\u00edticas de acci\u00f3n comunitaria e innovaci\u00f3n Urbana<br \/>\n<\/strong>Lugar: IBEI<\/p>\n<p>9:30 \u2013 11:30h Acci\u00f3n comunitaria e innovaci\u00f3n social en la pol\u00edtica social.\u00a0<strong>Marta Fab\u00e0<\/strong>, Institut Municipal de Serveis Socials<\/p>\n<p>11:30 \u2013 12h Descanso<\/p>\n<p>12 \u2013 14h Autogesti\u00f3n e innovaci\u00f3n. Los comunes urbanos en Barcelona.\u00a0<strong>Mauro Castro<\/strong>, Observatorio Metropolitano de Barcelona<\/p>\n<p>14 \u2013 15:30h Almuerzo<\/p>\n<p>15:30 \u2013 17:15h Gesti\u00f3n comunitaria de espacios urbanos. El Pla BUITS.\u00a0<strong>Laia Torras<\/strong>, Ajuntament de Barcelona<br \/>\n17:15 \u2013 19h Visita a Espai Germanetes con\u00a0<strong>Guillermo Rojo<\/strong>, Recreant Cru\u00eflles<\/p>\n<p>&nbsp;<\/p>\n<p style=\"color: #000000;\"><strong>Jueves 28 de abril \/\u00a0<\/strong><strong>Econom\u00eda colaborativa, creatividad urbana e innovaci\u00f3n digital.<br \/>\n<\/strong>Jornada de visitas y ponencias coordinada\u00a0<strong>Wouter Tebbens<\/strong>, Things Network OK<\/p>\n<p>9:30h Recepci\u00f3n en Ateneu de Fabricaci\u00f3n Les Corts. (Lugar:c\/ Novell, 78)<\/p>\n<ul style=\"color: #000000;\">\n<li>Tour por el Ateneu<\/li>\n<li>10:00 Introducci\u00f3n: Modelo Industrial Antiguo &amp; Nuevo &#8211;\u00a0<strong>Wouter\u00a0Tebbens<\/strong><\/li>\n<li>10:30 Caso: Entorno a la Silla<\/li>\n<li>11:00 Descanso<\/li>\n<li>11:30 Twistab.org muebles de dise\u00f1o abierto<\/li>\n<li>12:00 Fundaci\u00f3 CIM y maquinaria avanzada de dise\u00f1o libre<\/li>\n<li>12:30 Sistemas de producci\u00f3n en red, modelos de negocio y posibles pol\u00edticas &#8211;\u00a0<strong>Wouter\u00a0Tebbens<\/strong><\/li>\n<\/ul>\n<p>13:30 \u2013 15h Almuerzo<\/p>\n<p>15:00h Recepci\u00f3n en la UPC. (Lugar: c\/ Jordi Girona, 31)<\/p>\n<ul style=\"color: #000000;\">\n<li>15:30 El procom\u00fan.\u00a0<strong>Mayo Fuster<\/strong>, IGOPnet<\/li>\n<li>16:30 Caso: Guifi.net<\/li>\n<li>17:30 Caso: Reutilitza.cat<\/li>\n<li>18:30 Cierre del d\u00eda<\/li>\n<\/ul>\n<p>&nbsp;<\/p>\n<p style=\"color: #000000;\"><strong>Viernes 29 de abril \/\u00a0<\/strong><strong>Recapitulaci\u00f3n y conclusiones<br \/>\n<\/strong>Lugar: IBEI<\/p>\n<p>9:30 \u2013 11:30h Mesa redonda:\u00a0Gobierno local, comunes urbanos e innovaci\u00f3n social: \u00bfhacia la coproducci\u00f3n de pol\u00edticas?<\/p>\n<ul style=\"color: #000000;\">\n<li><strong style=\"color: #000000;\">Marc Pradel<\/strong>, UB<\/li>\n<li><strong style=\"color: #000000;\">Carles Baiges<\/strong>, LaCol<\/li>\n<\/ul>\n<p>11:30 \u2013 12h Descanso<\/p>\n<p>12 \u2013 14h Recapitulaci\u00f3n y debate final.\u00a0Dinamizado por\u00a0<strong>Joan Subirats<\/strong>,\u00a0<strong>Rub\u00e9n Mart\u00ednez<\/strong>\u00a0e\u00a0<strong>Ismael Bla<\/strong><strong>nco<\/strong><\/p>\n<p>&nbsp;<\/p>\n<p style=\"color: #000000;\"><strong>Nota:<br \/>\n<\/strong>La asistencia a todas las sesiones es obligatoria y se verificar\u00e1 mediante lista.<br \/>\nSe entregar\u00e1 certificado de asistencia de forma presencial tras el debate final.<\/p>\n<p>[\/vc_column_text][\/vc_column][vc_column width=\u00bb1\/3&#8243; css=\u00bb.vc_custom_1458329743234{background-color: #eaeaea !important;}\u00bb][vc_single_image image=\u00bb3163&#8243; border_color=\u00bbgrey\u00bb img_link_target=\u00bb_self\u00bb img_size=\u00bblarge\u00bb img_link=\u00bbhttp:\/\/barcelonagov.net\/cursos\/gestion-de-la-innovacion\/\u00bb][vc_button title=\u00bbC2. Resoluci\u00f3n becas\u00bb target=\u00bb_blank\u00bb color=\u00bbwpb_button\u00bb icon=\u00bbwpb_document_pdf\u00bb size=\u00bbwpb_regularsize\u00bb href=\u00bbhttps:\/\/igop.uab.cat\/wp-content\/uploads\/2016\/04\/a049c5584171cd06539a192c33f685cd.pdf\u00bb][vc_button title=\u00bbC2. Programa del curso\u00bb target=\u00bb_blank\u00bb color=\u00bbwpb_button\u00bb icon=\u00bbwpb_document_pdf\u00bb size=\u00bbwpb_regularsize\u00bb href=\u00bbhttps:\/\/igop.uab.cat\/wp-content\/uploads\/2016\/03\/f193db8892263303fdee19415f390f1f1.pdf\u00bb][\/vc_column][\/vc_row]<\/p>\n","protected":false},"excerpt":{"rendered":"<p>[vc_row][vc_column width=\u00bb2\/3&#8243;][vc_column_text]Fechas: 26-29 de abril de 2016 Objetivo: En primer lugar, el curso pretende estimular una reflexi\u00f3n cr\u00edtica sobre el significado y las implicaciones de la innovaci\u00f3n social como tema de pol\u00edtica urbana. \u00bfQu\u00e9 significado puede tomar la innovaci\u00f3n social y de qu\u00e9 forma se vincula con otras nociones como la emprendeduria social, la econom\u00eda [&hellip;]<\/p>\n","protected":false},"author":2,"featured_media":0,"parent":0,"menu_order":0,"comment_status":"closed","ping_status":"closed","template":"","meta":{"_et_pb_use_builder":"","_et_pb_old_content":"","_et_gb_content_width":"","footnotes":""},"class_list":["post-3183","page","type-page","status-publish","hentry"],"_links":{"self":[{"href":"https:\/\/igop.uab.cat\/es\/wp-json\/wp\/v2\/pages\/3183","targetHints":{"allow":["GET"]}}],"collection":[{"href":"https:\/\/igop.uab.cat\/es\/wp-json\/wp\/v2\/pages"}],"about":[{"href":"https:\/\/igop.uab.cat\/es\/wp-json\/wp\/v2\/types\/page"}],"author":[{"embeddable":true,"href":"https:\/\/igop.uab.cat\/es\/wp-json\/wp\/v2\/users\/2"}],"replies":[{"embeddable":true,"href":"https:\/\/igop.uab.cat\/es\/wp-json\/wp\/v2\/comments?post=3183"}],"version-history":[{"count":8,"href":"https:\/\/igop.uab.cat\/es\/wp-json\/wp\/v2\/pages\/3183\/revisions"}],"predecessor-version":[{"id":3265,"href":"https:\/\/igop.uab.cat\/es\/wp-json\/wp\/v2\/pages\/3183\/revisions\/3265"}],"wp:attachment":[{"href":"https:\/\/igop.uab.cat\/es\/wp-json\/wp\/v2\/media?parent=3183"}],"curies":[{"name":"wp","href":"https:\/\/api.w.org\/{rel}","templated":true}]}}