{"id":3054,"date":"2016-03-08T13:07:12","date_gmt":"2016-03-08T12:07:12","guid":{"rendered":"https:\/\/igop.uab.cat\/?page_id=3054"},"modified":"2023-02-09T10:43:31","modified_gmt":"2023-02-09T09:43:31","slug":"urgocis-2","status":"publish","type":"page","link":"https:\/\/igop.uab.cat\/es\/urgocis-2\/","title":{"rendered":"Urgocis"},"content":{"rendered":"<p>[et_pb_section fb_built=\u00bb1&#8243; _builder_version=\u00bb4.16&#8243; global_colors_info=\u00bb{}\u00bb][et_pb_row _builder_version=\u00bb4.16&#8243; _module_preset=\u00bbdefault\u00bb global_colors_info=\u00bb{}\u00bb][et_pb_column type=\u00bb4_4&#8243; _builder_version=\u00bb4.16&#8243; _module_preset=\u00bbdefault\u00bb global_colors_info=\u00bb{}\u00bb][et_pb_image src=\u00bbhttps:\/\/igop.uab.cat\/wp-content\/uploads\/2022\/04\/urgocis-top.jpg\u00bb alt=\u00bbGrupo de investigaci\u00f3n URGOCIs\u00bb title_text=\u00bburgocis-top\u00bb force_fullwidth=\u00bbon\u00bb _builder_version=\u00bb4.16&#8243; _module_preset=\u00bbdefault\u00bb custom_margin=\u00bb-55px|||||\u00bb global_colors_info=\u00bb{}\u00bb][\/et_pb_image][\/et_pb_column][\/et_pb_row][et_pb_row column_structure=\u00bb2_3,1_3&#8243; _builder_version=\u00bb4.16&#8243; background_size=\u00bbinitial\u00bb background_position=\u00bbtop_left\u00bb background_repeat=\u00bbrepeat\u00bb global_colors_info=\u00bb{}\u00bb][et_pb_column type=\u00bb2_3&#8243; _builder_version=\u00bb4.16&#8243; custom_padding=\u00bb|||\u00bb global_colors_info=\u00bb{}\u00bb custom_padding__hover=\u00bb|||\u00bb][et_pb_text _builder_version=\u00bb4.16&#8243; background_size=\u00bbinitial\u00bb background_position=\u00bbtop_left\u00bb background_repeat=\u00bbrepeat\u00bb global_colors_info=\u00bb{}\u00bb]<strong>Research Group on Urban Governance, Commons, Internet and Social Innovation<\/strong>\u00a0(URGOCIS) es un grupo de investigaci\u00f3n consolidado, reconocido por la Generalitat de Catalu\u00f1a (2014-SGR-1391), que desarrolla su actividad en torno a dos \u00e1mbitos altamente significativos en el actual contexto de cambio: Las pol\u00edticas urbanas e Internet.<\/p>\n<p>En ambos \u00e1mbitos de investigaci\u00f3n identificamos dos objetos de estudio que despiertan nuestro inter\u00e9s y que, a nuestro entender, responden a temas de investigaci\u00f3n emergentes y novedosos, son los siguientes: Innovaci\u00f3n Social y Commons.[\/et_pb_text][\/et_pb_column][et_pb_column type=\u00bb1_3&#8243; _builder_version=\u00bb4.16&#8243; custom_padding=\u00bb|||\u00bb global_colors_info=\u00bb{}\u00bb custom_padding__hover=\u00bb|||\u00bb][et_pb_text _builder_version=\u00bb4.19.4&#8243; link_text_color=\u00bb#0C71C3&#8243; header_2_text_color=\u00bb#5A0C1C\u00bb background_size=\u00bbinitial\u00bb background_position=\u00bbtop_left\u00bb background_repeat=\u00bbrepeat\u00bb hover_enabled=\u00bb0&#8243; global_colors_info=\u00bb{}\u00bb sticky_enabled=\u00bb0&#8243;]<\/p>\n<h2><span style=\"color: #800000;\"><strong>Urgocis B\u00c1SICOS<\/strong><\/span><\/h2>\n<p><strong>Coordinador:<\/strong><br \/>\nIsmael Blanco (IGOP-UAB)<\/p>\n<p><strong>Contacto:<\/strong><br \/>\nismael.blanco(at)uab.cat<\/p>\n<p><strong>Web:<\/strong><br \/>\n<a href=\"https:\/\/urgocis.net\" target=\"_blank\" rel=\"noopener\">https:\/\/urgocis.net<\/a><\/p>\n<p><strong>HT:<\/strong> #urgocis[\/et_pb_text][\/et_pb_column][\/et_pb_row][\/et_pb_section]<\/p>\n","protected":false},"excerpt":{"rendered":"<p>Research Group on Urban Governance, Commons, Internet and Social Innovation\u00a0(URGOCIS) es un grupo de investigaci\u00f3n consolidado, reconocido por la Generalitat de Catalu\u00f1a (2014-SGR-1391), que desarrolla su actividad en torno a dos \u00e1mbitos altamente significativos en el actual contexto de cambio: Las pol\u00edticas urbanas e Internet. En ambos \u00e1mbitos de investigaci\u00f3n identificamos dos objetos de estudio [&hellip;]<\/p>\n","protected":false},"author":2,"featured_media":3011,"parent":0,"menu_order":0,"comment_status":"closed","ping_status":"closed","template":"","meta":{"_et_pb_use_builder":"on","_et_pb_old_content":"[vc_row el_position=\"first last\"][vc_column width=\"1\/2\"][vc_column_text el_position=\"first last\"]<strong>Research Group on Urban Governance, Commons, Internet and Social Innovation<\/strong> (URGOCIS) \u00e9s un Grup de Recerca Consolidat, reconegut per la Generalitat de Catalunya (2014-SGR-1391), que desenvolupa la seva activitat al voltant de dos \u00e0mbits altament significatius en l\u2019actual context de canvi: Les pol\u00edtiques urbanes i Internet.\r\n\r\nEn ambd\u00f3s \u00e0mbits de recerca identifiquem dos objectes d\u2019estudi que desperten el nostre inter\u00e8s i que, al nostre entendre, responen a temes de recerca emergents i novedosos, s\u00f3n els seg\u00fcents: Innovaci\u00f3 Social i Commons.[\/vc_column_text][\/vc_column][vc_column width=\"1\/2\"][vc_column_text el_position=\"first\"]<span style=\"color: #3366ff;\"><strong>Urgocis B\u00c0SICS<\/strong><\/span>[\/vc_column_text][vc_column_text el_class=\"fonsgris\"]Coordinador: <strong>Marc Par\u00e9s <\/strong>(IGOP-UAB)\r\n\r\nContacte: marc.pares(at)uab.cat\r\n\r\nWeb: <a title=\"Web grup recerca Urgocis\" href=\"https:\/\/www.urgocis.net\/\" target=\"_blank\" rel=\"noopener\">https:\/\/urgocis.net<\/a>\r\n\r\nHT: #urgocis[\/vc_column_text][\/vc_column][\/vc_row]","_et_gb_content_width":"","footnotes":""},"class_list":["post-3054","page","type-page","status-publish","has-post-thumbnail","hentry"],"_links":{"self":[{"href":"https:\/\/igop.uab.cat\/es\/wp-json\/wp\/v2\/pages\/3054","targetHints":{"allow":["GET"]}}],"collection":[{"href":"https:\/\/igop.uab.cat\/es\/wp-json\/wp\/v2\/pages"}],"about":[{"href":"https:\/\/igop.uab.cat\/es\/wp-json\/wp\/v2\/types\/page"}],"author":[{"embeddable":true,"href":"https:\/\/igop.uab.cat\/es\/wp-json\/wp\/v2\/users\/2"}],"replies":[{"embeddable":true,"href":"https:\/\/igop.uab.cat\/es\/wp-json\/wp\/v2\/comments?post=3054"}],"version-history":[{"count":10,"href":"https:\/\/igop.uab.cat\/es\/wp-json\/wp\/v2\/pages\/3054\/revisions"}],"predecessor-version":[{"id":16488,"href":"https:\/\/igop.uab.cat\/es\/wp-json\/wp\/v2\/pages\/3054\/revisions\/16488"}],"wp:featuredmedia":[{"embeddable":true,"href":"https:\/\/igop.uab.cat\/es\/wp-json\/wp\/v2\/media\/3011"}],"wp:attachment":[{"href":"https:\/\/igop.uab.cat\/es\/wp-json\/wp\/v2\/media?parent=3054"}],"curies":[{"name":"wp","href":"https:\/\/api.w.org\/{rel}","templated":true}]}}