{"id":3052,"date":"2016-03-08T13:01:54","date_gmt":"2016-03-08T12:01:54","guid":{"rendered":"https:\/\/igop.uab.cat\/?page_id=3052"},"modified":"2022-04-28T10:43:25","modified_gmt":"2022-04-28T08:43:25","slug":"agapp-2","status":"publish","type":"page","link":"https:\/\/igop.uab.cat\/es\/agapp-2\/","title":{"rendered":"Agapp"},"content":{"rendered":"<p>[et_pb_section fb_built=\u00bb1&#8243; _builder_version=\u00bb3.22&#8243; min_height=\u00bb844.7px\u00bb global_colors_info=\u00bb{}\u00bb][et_pb_row _builder_version=\u00bb4.14.9&#8243; _module_preset=\u00bbdefault\u00bb global_colors_info=\u00bb{}\u00bb][et_pb_column type=\u00bb4_4&#8243; _builder_version=\u00bb4.14.9&#8243; _module_preset=\u00bbdefault\u00bb global_colors_info=\u00bb{}\u00bb][et_pb_image src=\u00bbhttps:\/\/igop.uab.cat\/wp-content\/uploads\/2022\/04\/agapp-top.jpg\u00bb alt=\u00bbGrupo de investigaci\u00f3n SGR AGAPP\u00bb title_text=\u00bbagapp-top\u00bb force_fullwidth=\u00bbon\u00bb _builder_version=\u00bb4.14.9&#8243; _module_preset=\u00bbdefault\u00bb custom_margin=\u00bb-63px|||||\u00bb global_colors_info=\u00bb{}\u00bb][\/et_pb_image][\/et_pb_column][\/et_pb_row][et_pb_row column_structure=\u00bb2_3,1_3&#8243; _builder_version=\u00bb3.25&#8243; background_size=\u00bbinitial\u00bb background_position=\u00bbtop_left\u00bb background_repeat=\u00bbrepeat\u00bb global_colors_info=\u00bb{}\u00bb][et_pb_column type=\u00bb2_3&#8243; _builder_version=\u00bb3.25&#8243; custom_padding=\u00bb|||\u00bb global_colors_info=\u00bb{}\u00bb custom_padding__hover=\u00bb|||\u00bb][et_pb_text _builder_version=\u00bb4.14.9&#8243; background_size=\u00bbinitial\u00bb background_position=\u00bbtop_left\u00bb background_repeat=\u00bbrepeat\u00bb global_colors_info=\u00bb{}\u00bb]En un entorno social en mutaci\u00f3n, las instituciones p\u00fablicas topan con enormes dificultades para realizar con \u00e9xito su misi\u00f3n. Desde el grupo AGAPP, situado en el Instituto de Gobierno y Pol\u00edticas P\u00fablicas de la UAB, hacemos investigaci\u00f3n para conocer y comprender el funcionamiento de las administraciones. Aplicamos la \u00f3ptica de la innovaci\u00f3n, tanto en la identificaci\u00f3n de las problem\u00e1ticas a abordar, como en el dise\u00f1o de las formas de intervenci\u00f3n y evaluaci\u00f3n de las pol\u00edticas, asegurando la transferencia del conocimiento creado y trabajando para mejorar el rendimiento del sector p\u00fablico y del sistema pol\u00edtico democr\u00e1tico.<\/p>\n<p>Las \u00e1reas de investigaci\u00f3n en las que trabajamos incluyen: Pol\u00edticas P\u00fablicas, Administraci\u00f3n y Gesti\u00f3n P\u00fablica, Gobernanza, Innovaci\u00f3n, Evaluaci\u00f3n, Pol\u00edticas Sociales, Pol\u00edticas Medioambientales, Pol\u00edticas de Inmigraci\u00f3n, Pol\u00edticas de Igualdad, Pol\u00edticas de Reforma Administrativa, Pol\u00edticas Educativas, Pol\u00edticas de la Educaci\u00f3n Superior, Pol\u00edticas Culturales, Gobierno y Administraci\u00f3n Local.<\/p>\n<p>Este grupo de investigaci\u00f3n est\u00e1 formado por investigadores \/ as y docentes del Departamento de Ciencia Pol\u00edtica y Derecho P\u00fablico (Unidad de Ciencia Pol\u00edtica y de la Administraci\u00f3n) y del Departamento de Sociolog\u00eda, ambos de la UAB, y del \u00c1rea de Ciencia pol\u00edtica del Departamento de Derecho P\u00fablico de la Universidad de Girona.[\/et_pb_text][\/et_pb_column][et_pb_column type=\u00bb1_3&#8243; _builder_version=\u00bb3.25&#8243; custom_padding=\u00bb|||\u00bb global_colors_info=\u00bb{}\u00bb custom_padding__hover=\u00bb|||\u00bb][et_pb_text _builder_version=\u00bb4.14.9&#8243; link_text_color=\u00bb#993366&#8243; background_size=\u00bbinitial\u00bb background_position=\u00bbtop_left\u00bb background_repeat=\u00bbrepeat\u00bb hover_enabled=\u00bb0&#8243; global_colors_info=\u00bb{}\u00bb sticky_enabled=\u00bb0&#8243;]<\/p>\n<h2><span style=\"color: #993366;\"><strong>Agapp B\u00c1SICOS<\/strong><\/span><\/h2>\n<p><strong>Coordinadora:<\/strong><br \/>\nMargarita Le\u00f3n (IGOP-UAB)<\/p>\n<p><strong>Contacto:<\/strong><br \/>\nmargarita.leon(at)uab.cat<\/p>\n<p><strong>Web:<\/strong><br \/>\n<a title=\"Web Grup recerca Agapp\" href=\"http:\/\/agapp.cat\" target=\"_blank\" rel=\"noopener\">https:\/\/agapp.cat<\/a><\/p>\n<p>HT: #agapp[\/et_pb_text][\/et_pb_column][\/et_pb_row][\/et_pb_section]<\/p>\n","protected":false},"excerpt":{"rendered":"<p>En un entorno social en mutaci\u00f3n, las instituciones p\u00fablicas topan con enormes dificultades para realizar con \u00e9xito su misi\u00f3n. Desde el grupo AGAPP, situado en el Instituto de Gobierno y Pol\u00edticas P\u00fablicas de la UAB, hacemos investigaci\u00f3n para conocer y comprender el funcionamiento de las administraciones. Aplicamos la \u00f3ptica de la innovaci\u00f3n, tanto en la [&hellip;]<\/p>\n","protected":false},"author":2,"featured_media":3017,"parent":0,"menu_order":0,"comment_status":"closed","ping_status":"closed","template":"","meta":{"_et_pb_use_builder":"on","_et_pb_old_content":"","_et_gb_content_width":"","footnotes":""},"class_list":["post-3052","page","type-page","status-publish","has-post-thumbnail","hentry"],"_links":{"self":[{"href":"https:\/\/igop.uab.cat\/es\/wp-json\/wp\/v2\/pages\/3052","targetHints":{"allow":["GET"]}}],"collection":[{"href":"https:\/\/igop.uab.cat\/es\/wp-json\/wp\/v2\/pages"}],"about":[{"href":"https:\/\/igop.uab.cat\/es\/wp-json\/wp\/v2\/types\/page"}],"author":[{"embeddable":true,"href":"https:\/\/igop.uab.cat\/es\/wp-json\/wp\/v2\/users\/2"}],"replies":[{"embeddable":true,"href":"https:\/\/igop.uab.cat\/es\/wp-json\/wp\/v2\/comments?post=3052"}],"version-history":[{"count":5,"href":"https:\/\/igop.uab.cat\/es\/wp-json\/wp\/v2\/pages\/3052\/revisions"}],"predecessor-version":[{"id":14024,"href":"https:\/\/igop.uab.cat\/es\/wp-json\/wp\/v2\/pages\/3052\/revisions\/14024"}],"wp:featuredmedia":[{"embeddable":true,"href":"https:\/\/igop.uab.cat\/es\/wp-json\/wp\/v2\/media\/3017"}],"wp:attachment":[{"href":"https:\/\/igop.uab.cat\/es\/wp-json\/wp\/v2\/media?parent=3052"}],"curies":[{"name":"wp","href":"https:\/\/api.w.org\/{rel}","templated":true}]}}