{"id":2785,"date":"2015-10-28T16:43:26","date_gmt":"2015-10-28T15:43:26","guid":{"rendered":"https:\/\/igop.uab.cat\/?page_id=2785"},"modified":"2022-07-18T10:10:42","modified_gmt":"2022-07-18T08:10:42","slug":"posgrado-dlae","status":"publish","type":"page","link":"https:\/\/igop.uab.cat\/es\/posgrado-dlae\/","title":{"rendered":"Postgrado DLAe"},"content":{"rendered":"<p>[et_pb_section fb_built=\u00bb1&#8243; _builder_version=\u00bb4.16&#8243; global_colors_info=\u00bb{}\u00bb][et_pb_row column_structure=\u00bb3_5,2_5&#8243; _builder_version=\u00bb4.16&#8243; background_size=\u00bbinitial\u00bb background_position=\u00bbtop_left\u00bb background_repeat=\u00bbrepeat\u00bb global_colors_info=\u00bb{}\u00bb][et_pb_column type=\u00bb3_5&#8243; _builder_version=\u00bb4.16&#8243; custom_padding=\u00bb|||\u00bb global_colors_info=\u00bb{}\u00bb custom_padding__hover=\u00bb|||\u00bb][et_pb_text _builder_version=\u00bb4.17.3&#8243; background_size=\u00bbinitial\u00bb background_position=\u00bbtop_left\u00bb background_repeat=\u00bbrepeat\u00bb global_colors_info=\u00bb{}\u00bb]<\/p>\n<h4>Postgrado en Dinamizaci\u00f3n Local Agroecol\u00f3gica<\/h4>\n<p>Dirigido a profesionales, activistas y estudiantes interesados\/das en formarse para promover la Transici\u00f3n Agroecol\u00f3gica de nuestros territorios.<\/p>\n<p><div class=\"rve\" data-content-width=\"1080\"><iframe loading=\"lazy\" title=\"Postgrau video DLAe 2017 IGOP ICTA UAB\" width=\"1080\" height=\"608\" src=\"https:\/\/www.youtube.com\/embed\/M5q4POdFvnM?feature=oembed\" frameborder=\"0\" allow=\"accelerometer; autoplay; clipboard-write; encrypted-media; gyroscope; picture-in-picture\" allowfullscreen><\/iframe><\/div>\n<p><!-- Responsive Video Embeds plugin by www.kevinleary.net --><\/p>\n<p><strong>Presentaci\u00f3n<\/strong><\/p>\n<p>La Dinamizaci\u00f3n Local Agroecol\u00f3gica (DLAe) pretende poner en marcha nuevos procesos de generaci\u00f3n de sostenibilidad en el medio rural y periurbano. Se trata de un paradigma alternativo de desarrollo basado en la Agroecolog\u00eda como triple propuesta en tanto que disciplina cient\u00edfica, conjunto de pr\u00e1cticas de manejo agrario y movimiento social transformador.<\/p>\n<p>Ante los desequilibrios que genera el sistema agroalimentario industrial y el creciente protagonismo que est\u00e1n adquiriendo las cuestiones agroalimentarias, la Agroecolog\u00eda plantea nuevas iniciativas de transici\u00f3n social y ecol\u00f3gica que trascienden al sector agroalimentario. Desde la perspectiva de la equidad social y la justicia ambiental, estas propuestas pretenden incidir en la cohesi\u00f3n territorial y social de las \u00e1reas rurales, urbanas y periurbanas, as\u00ed como en las relaciones entre ellas. Para ello, la DLAe procura reforzar la capacidad que tienen las comunidades locales para decidir c\u00f3mo y con qu\u00e9 finalidad deben gestionarse bienes comunes tan b\u00e1sicos como la alimentaci\u00f3n, la tierra, el agua o las semillas.<\/p>\n<p>&nbsp;<\/p>\n<p><strong>Objetivos<\/strong><\/p>\n<ul>\n<li>Dotar al alumnado de una base te\u00f3rica y pr\u00e1ctica sobre la Agroecolog\u00eda y sus aplicaciones en territorios rurales, periurbanos y urbanos.<\/li>\n<li>Generar conocimiento cr\u00edtico sobre las pol\u00edticas p\u00fablicas, los sectores emergentes y las formas de afrontar los retos de futuro del sistema agroalimentario y los territorios rurales y periurbanos.<\/li>\n<li>Generar capacidades para la planificaci\u00f3n, puesta en marcha y gesti\u00f3n de proyectos de Dinamizaci\u00f3n Local Agroecol\u00f3gica.<\/li>\n<li>Preparar al alumnado para la investigaci\u00f3n orientada a la acci\u00f3n, desde una mirada integral sobre el medio rural y periurbano.<\/li>\n<\/ul>\n<p>&nbsp;<\/p>\n<p><strong>Formato semipresencial<\/strong><\/p>\n<p>El curso tiene un formato semipresencial, que cubrir\u00e1 30 cr\u00e9ditos ECTS:<\/p>\n<ul>\n<li><strong>Parte presencial<\/strong> (8 ECTS): 3 encuentros de fin de semana con debates, visitas a proyectos y pr\u00e1cticas de trabajo de campo.<\/li>\n<li><strong>Parte virtual<\/strong> (17 ECTS): contenidos te\u00f3ricos y metodol\u00f3gicos, en base a lecturas y foros de debate on-line. Los contenidos te\u00f3ricos se volcar\u00e1n a su vez en tareas relacionadas con los trabajos pr\u00e1cticos del Trabajo de Final de Postgrado de cada alumno\/a.<\/li>\n<li><strong>Trabajo de Final de Postgrado<\/strong> (5 ECTS): vinculado a proyectos agroecol\u00f3gicos reales, mediante convenios con instituciones p\u00fablicas o privadas. Se realizar\u00e1n desde el inicio del curso, con tutor\u00edas peri\u00f3dicas online y espacios de trabajo en los fines de semana presenciales.<\/li>\n<\/ul>\n<p>&nbsp;<\/p>\n<p>[\/et_pb_text][\/et_pb_column][et_pb_column type=\u00bb2_5&#8243; _builder_version=\u00bb4.16&#8243; custom_padding=\u00bb|||\u00bb global_colors_info=\u00bb{}\u00bb custom_padding__hover=\u00bb|||\u00bb][et_pb_icon font_icon=\u00bb&#xf4d8;||fa||900&#8243; icon_color=\u00bb#5B8500&#8243; _builder_version=\u00bb4.16&#8243; _module_preset=\u00bbdefault\u00bb custom_margin=\u00bb-120px|||||\u00bb global_colors_info=\u00bb{}\u00bb][\/et_pb_icon][et_pb_text _builder_version=\u00bb4.17.3&#8243; link_text_color=\u00bb#5B8500&#8243; background_color=\u00bbgcid-a84149a9-58eb-418e-bdeb-2aa441dcb7cd\u00bb background_size=\u00bbinitial\u00bb background_position=\u00bbtop_left\u00bb background_repeat=\u00bbrepeat\u00bb custom_padding=\u00bb20px|20px|20px|20px|true|true\u00bb hover_enabled=\u00bb0&#8243; box_shadow_style=\u00bbpreset3&#8243; global_colors_info=\u00bb{%22gcid-a84149a9-58eb-418e-bdeb-2aa441dcb7cd%22:%91%22background_color%22%93}\u00bb sticky_enabled=\u00bb0&#8243;]<\/p>\n<h5>Postgrado DLAe B\u00c1SICOS<\/h5>\n<p>&nbsp;<\/p>\n<p><strong>Coordinaci\u00f3n:<\/strong><\/p>\n<p>Laura Calvet-Mir (IERMB), Marina Di Masso (UVic-UCC), Ariadna Pomar (Arran de Terra) y Guillem Tendero (Arran de Terra)<\/p>\n<p><strong>Direcci\u00f3n: <\/strong><\/p>\n<p>Josep Espluga (IGOP-UAB \/ ARAG) y Vict\u00f2ria Reyes (ICTA-UAB).<\/p>\n<p><strong>Fechas: <\/strong>Enero \u2013 Junio<\/p>\n<p><strong>Inscripciones:<\/strong> http:\/\/dlae.cat\/alumnat\/inscripcions\/<\/p>\n<p><strong>Programa:<\/strong> http:\/\/dlae.cat\/postgrau\/programa<\/p>\n<p><strong>Contacto:<\/strong><br \/>coordinacio.postgrau.dlae@uab.cat<\/p>\n<p><strong>Web:<\/strong> http:\/\/dlae.cat\/<\/p>\n<div id=\"vidyowebrtcscreenshare_is_installed\"> <\/div>\n<p>[\/et_pb_text][\/et_pb_column][\/et_pb_row][\/et_pb_section]<\/p>\n","protected":false},"excerpt":{"rendered":"<p>Postgrado en Dinamizaci\u00f3n Local Agroecol\u00f3gica Dirigido a profesionales, activistas y estudiantes interesados\/das en formarse para promover la Transici\u00f3n Agroecol\u00f3gica de nuestros territorios. https:\/\/www.youtube.com\/watch?v=M5q4POdFvnM Presentaci\u00f3n La Dinamizaci\u00f3n Local Agroecol\u00f3gica (DLAe) pretende poner en marcha nuevos procesos de generaci\u00f3n de sostenibilidad en el medio rural y periurbano. Se trata de un paradigma alternativo de desarrollo basado en [&hellip;]<\/p>\n","protected":false},"author":2,"featured_media":2805,"parent":0,"menu_order":0,"comment_status":"closed","ping_status":"closed","template":"","meta":{"_et_pb_use_builder":"on","_et_pb_old_content":"","_et_gb_content_width":"","footnotes":""},"class_list":["post-2785","page","type-page","status-publish","has-post-thumbnail","hentry"],"_links":{"self":[{"href":"https:\/\/igop.uab.cat\/es\/wp-json\/wp\/v2\/pages\/2785","targetHints":{"allow":["GET"]}}],"collection":[{"href":"https:\/\/igop.uab.cat\/es\/wp-json\/wp\/v2\/pages"}],"about":[{"href":"https:\/\/igop.uab.cat\/es\/wp-json\/wp\/v2\/types\/page"}],"author":[{"embeddable":true,"href":"https:\/\/igop.uab.cat\/es\/wp-json\/wp\/v2\/users\/2"}],"replies":[{"embeddable":true,"href":"https:\/\/igop.uab.cat\/es\/wp-json\/wp\/v2\/comments?post=2785"}],"version-history":[{"count":21,"href":"https:\/\/igop.uab.cat\/es\/wp-json\/wp\/v2\/pages\/2785\/revisions"}],"predecessor-version":[{"id":14997,"href":"https:\/\/igop.uab.cat\/es\/wp-json\/wp\/v2\/pages\/2785\/revisions\/14997"}],"wp:featuredmedia":[{"embeddable":true,"href":"https:\/\/igop.uab.cat\/es\/wp-json\/wp\/v2\/media\/2805"}],"wp:attachment":[{"href":"https:\/\/igop.uab.cat\/es\/wp-json\/wp\/v2\/media?parent=2785"}],"curies":[{"name":"wp","href":"https:\/\/api.w.org\/{rel}","templated":true}]}}