{"id":2726,"date":"2015-09-18T11:57:02","date_gmt":"2015-09-18T09:57:02","guid":{"rendered":"https:\/\/igop.uab.cat\/?page_id=2726"},"modified":"2022-05-10T12:23:43","modified_gmt":"2022-05-10T10:23:43","slug":"tramites-y-gestiones","status":"publish","type":"page","link":"https:\/\/igop.uab.cat\/es\/tramites-y-gestiones\/","title":{"rendered":"Tr\u00e1mites y gestiones"},"content":{"rendered":"<p>[et_pb_section fb_built=\u00bb1&#8243; admin_label=\u00bbsection\u00bb _builder_version=\u00bb4.16&#8243; global_colors_info=\u00bb{}\u00bb][et_pb_row column_structure=\u00bb1_2,1_2&#8243; make_equal=\u00bbon\u00bb admin_label=\u00bbrow\u00bb _builder_version=\u00bb4.16&#8243; background_size=\u00bbinitial\u00bb background_position=\u00bbtop_left\u00bb background_repeat=\u00bbrepeat\u00bb custom_margin=\u00bb||||false|false\u00bb custom_padding=\u00bb|20px||20px|false|true\u00bb global_colors_info=\u00bb{}\u00bb][et_pb_column type=\u00bb1_2&#8243; _builder_version=\u00bb4.16&#8243; background_color=\u00bb#C7D9DD\u00bb custom_padding=\u00bb10px|15px|10px|15px|true|true\u00bb box_shadow_style=\u00bbpreset3&#8243; global_colors_info=\u00bb{}\u00bb custom_padding__hover=\u00bb|||\u00bb][et_pb_text admin_label=\u00bbText\u00bb _builder_version=\u00bb4.16&#8243; link_text_color=\u00bb#0C71C3&#8243; background_color=\u00bbRGBA(255,255,255,0)\u00bb background_size=\u00bbinitial\u00bb background_position=\u00bbtop_left\u00bb background_repeat=\u00bbrepeat\u00bb min_height=\u00bb352.3px\u00bb custom_padding=\u00bb||0px|||\u00bb global_colors_info=\u00bb{}\u00bb]<\/p>\n<h3>Facturaci\u00f3n<\/h3>\n<p>Si nos tienes que facturar, estos son nuestros datos:<\/p>\n<p><strong>Universitat Aut\u00f2noma de Barcelona (UAB)<\/strong><br \/>\nNIF: Q0818002H<br \/>\n\u00c0rea d&#8217;Economia i Finances<br \/>\nEdifici A (Rectorat)<br \/>\nCampus de la UAB<br \/>\n08193 Bellaterra (Cerdanyola del Vall\u00e8s)<\/p>\n<p><span style=\"color: #212121;\">Para cualquier consulta contactar con <\/span><a href=\"mailto:igop@uab.cat\" target=\"_blank\" rel=\"noopener\">igop@uab.cat<\/a><span style=\"color: #212121;\"> (Dolores)<\/span>[\/et_pb_text][\/et_pb_column][et_pb_column type=\u00bb1_2&#8243; _builder_version=\u00bb4.16&#8243; background_color=\u00bb#C7D9DD\u00bb custom_padding=\u00bb|||\u00bb box_shadow_style=\u00bbpreset3&#8243; global_colors_info=\u00bb{}\u00bb custom_padding__hover=\u00bb|||\u00bb][et_pb_text admin_label=\u00bbText\u00bb _builder_version=\u00bb4.16&#8243; link_text_color=\u00bb#0C71C3&#8243; background_size=\u00bbinitial\u00bb background_position=\u00bbtop_left\u00bb background_repeat=\u00bbrepeat\u00bb custom_padding=\u00bb10px|15px|10px|15px|true|true\u00bb global_colors_info=\u00bb{}\u00bb]<\/p>\n<h3>Estado de la Factura<\/h3>\n<p>Pueden consultar el estado de sus facturas en:<\/p>\n<p><span style=\"color: #1f497d;\"><a title=\"Consultar estat de la meva Factura\" href=\"https:\/\/seuelectronica.uab.cat\/es\/proveedores-facturas\" target=\"_blank\" rel=\"noopener\">https:\/\/seuelectronica.uab.cat\/es\/proveedores-facturas<\/a><\/span><br \/>\n<span style=\"color: #1f497d;\"><br \/>\n<\/span>La UAB prev\u00e9 que el pago de las facturas se har\u00e1 efectivo, por transferencia bancaria, en un plazo aproximado de 10 d\u00edas laborables desde la fecha de la orden de pago.[\/et_pb_text][\/et_pb_column][\/et_pb_row][et_pb_row column_structure=\u00bb1_2,1_2&#8243; admin_label=\u00bbrow\u00bb _builder_version=\u00bb4.16&#8243; background_size=\u00bbinitial\u00bb background_position=\u00bbtop_left\u00bb background_repeat=\u00bbrepeat\u00bb custom_margin=\u00bb||||false|false\u00bb custom_padding=\u00bb|20px||20px|false|true\u00bb global_colors_info=\u00bb{}\u00bb][et_pb_column type=\u00bb1_2&#8243; _builder_version=\u00bb4.16&#8243; background_color=\u00bb#C7D9DD\u00bb custom_padding=\u00bb10px|15px|10px|15px|true|true\u00bb box_shadow_style=\u00bbpreset3&#8243; global_colors_info=\u00bb{}\u00bb custom_padding__hover=\u00bb|||\u00bb][et_pb_text admin_label=\u00bbText\u00bb _builder_version=\u00bb4.16&#8243; link_text_color=\u00bb#0C71C3&#8243; background_size=\u00bbinitial\u00bb background_position=\u00bbtop_left\u00bb background_repeat=\u00bbrepeat\u00bb global_colors_info=\u00bb{}\u00bb]<\/p>\n<h3>Alta proveedores<\/h3>\n<p>Para poder trabajar para nosotros es necesario estar dado de alta en el registro de proveedores de la UAB. Para hacerlo deben cumplimentar y enviarnos la siguiente ficha:<\/p>\n<p>Alta proveedores:<\/p>\n<ul>\n<li><a title=\"Fitxa Proveidors UAB Catala\" href=\"https:\/\/igop.uab.cat\/wp-content\/uploads\/2019\/05\/ProveidorsIBAN2018.xls\" target=\"_blank\" rel=\"noopener\">Ficha en catal\u00e0<\/a><\/li>\n<li><a title=\"Proveedores IGOP\" href=\"https:\/\/igop.uab.cat\/wp-content\/uploads\/2019\/05\/FORMULARIO_ACREEDORES_UAB_2018.xls\" target=\"_blank\" rel=\"noopener\">Ficha en castellano<\/a><\/li>\n<li><a title=\"Proveidors angles\" href=\"https:\/\/igop.uab.cat\/wp-content\/uploads\/2019\/05\/CREDITORS_UAB_ENGLISH_corregit2018.xls\" target=\"_blank\" rel=\"noopener\">Ficha en ingl\u00e9s<\/a><\/li>\n<\/ul>\n<p>[\/et_pb_text][\/et_pb_column][et_pb_column type=\u00bb1_2&#8243; _builder_version=\u00bb4.16&#8243; background_color=\u00bb#C7D9DD\u00bb custom_padding=\u00bb10px|15px|10px|15px|true|true\u00bb box_shadow_style=\u00bbpreset3&#8243; global_colors_info=\u00bb{}\u00bb custom_padding__hover=\u00bb|||\u00bb][et_pb_text admin_label=\u00bbText\u00bb _builder_version=\u00bb4.16&#8243; background_size=\u00bbinitial\u00bb background_position=\u00bbtop_left\u00bb background_repeat=\u00bbrepeat\u00bb global_colors_info=\u00bb{}\u00bb]<\/p>\n<h3>Factura electr\u00f3nica<\/h3>\n<p>En cumplimiento de los requerimientos de la normativa vigente de impulso de la factura electr\u00f3nica (Ley 25\/2013 de 27 de septiembre) las sociedades an\u00f3nimas y las sociedades limitadas est\u00e1n obligadas a realizar todas las facturas en formato electr\u00f3nico.<\/p>\n<p>Las personas f\u00edsicas no est\u00e1n todav\u00eda obligadas, pero tambi\u00e9n pueden presentar sus facturas en este formato.<\/p>\n<p><strong>IMPORTANTE:<\/strong> los proveedores de la UAB que emitan factura electr\u00f3nica deben adjuntar tambi\u00e9n el n\u00famero de pedido. Sin \u00e9l, la factura es rechazada por el sistema de forma autom\u00e1tica.[\/et_pb_text][\/et_pb_column][\/et_pb_row][\/et_pb_section]<\/p>\n","protected":false},"excerpt":{"rendered":"<p>Facturaci\u00f3n Si nos tienes que facturar, estos son nuestros datos: Universitat Aut\u00f2noma de Barcelona (UAB) NIF: Q0818002H \u00c0rea d&#8217;Economia i Finances Edifici A (Rectorat) Campus de la UAB 08193 Bellaterra (Cerdanyola del Vall\u00e8s) Para cualquier consulta contactar con igop@uab.cat (Dolores)Estado de la Factura Pueden consultar el estado de sus facturas en: https:\/\/seuelectronica.uab.cat\/es\/proveedores-facturas La UAB prev\u00e9 [&hellip;]<\/p>\n","protected":false},"author":2,"featured_media":0,"parent":0,"menu_order":0,"comment_status":"closed","ping_status":"closed","template":"","meta":{"_et_pb_use_builder":"on","_et_pb_old_content":"[vc_row][vc_column width=\"1\/2\"][vc_column_text]\r\n<h3>Facturaci\u00f3<\/h3>\r\nSi ens has de facturar quelcom, les nostres dades s\u00f3n\r\n\r\n<strong>Universitat Aut\u00f2noma de Barcelona (UAB)<\/strong>\r\nNIF: Q0818002H\r\n\u00c0rea d'Economia i Finances\r\nEdifici A (Rectorat)\r\nCampus de la UAB\r\n08193 Bellaterra (Cerdanyola del Vall\u00e8s)[\/vc_column_text][vc_column_text]<span style=\"color: #212121;\">Per a qualsevol consulta previa podeu contactar amb\u00a0<\/span><a href=\"mailto:igop@uab.cat\" target=\"_blank\" rel=\"noopener\">igop@uab.cat<\/a><span style=\"color: #212121;\">\u00a0(podeu adre\u00e7ar-vos a Dolors)<\/span>[\/vc_column_text][vc_column_text]\r\n<h3>Estat de la Factura<\/h3>\r\nPodeu consultar l'estat de les vostres factures a:\r\n\r\n<span style=\"color: #1f497d;\"><a title=\"Consultar estat de la meva Factura\" href=\"https:\/\/seuelectronica.uab.cat\/es\/proveedores-facturas\" target=\"_blank\" rel=\"noopener\">https:\/\/seuelectronica.uab.cat\/es\/proveedores-facturas<\/a><\/span>\r\n<span style=\"color: #1f497d;\">\r\n<\/span>La UAB preveu que el pagament de les factures es far\u00e0 efectiu, per transfer\u00e8ncia banc\u00e0ria, en un termini aproximat de 10 dies laborables des de la data de l'ordre de pagament.[\/vc_column_text][\/vc_column][vc_column width=\"1\/2\"][vc_column_text]\r\n<h3>Alta prove\u00efdors<\/h3>\r\nPer poder treballar per nosaltres cal estar donat d'alta al registre de prove\u00efdors de la UAB.\u00a0Per fer-ho cal omplir i fer-nos arribar la seg\u00fcent fitxa:\r\n\r\nAlta prove\u00efdors:\r\n<ul>\r\n \t<li><a title=\"Fitxa Proveidors UAB Catala\" href=\"https:\/\/igop.uab.cat\/wp-content\/uploads\/2019\/05\/ProveidorsIBAN2018.xls\" target=\"_blank\" rel=\"noopener\">Fitxa catal\u00e0<\/a><\/li>\r\n \t<li><a title=\"Proveedores IGOP\" href=\"https:\/\/igop.uab.cat\/wp-content\/uploads\/2019\/05\/FORMULARIO_ACREEDORES_UAB_2018.xls\" target=\"_blank\" rel=\"noopener\">Fitxa castell\u00e0<\/a><\/li>\r\n \t<li><a title=\"Proveidors angles\" href=\"https:\/\/igop.uab.cat\/wp-content\/uploads\/2019\/05\/CREDITORS_UAB_ENGLISH_corregit2018.xls\" target=\"_blank\" rel=\"noopener\">Fitxa angl\u00e8s<\/a><\/li>\r\n<\/ul>\r\n[\/vc_column_text][vc_column_text]\r\n<h3>Factura electr\u00f2nica<\/h3>\r\nEn compliment dels requeriments de la normativa vigent d\u2019impuls de la factura electr\u00f2nica (Llei 25\/2013 de 27 de setembre) les societats an\u00f2nimes i les societats limitades estan obligades a fer totes les factures en format electr\u00f2nic.\r\n\r\nLes persones f\u00edsiques no hi estan encara obligades per\u00f2 tamb\u00e9 poden presentar les seves factures en aquest format.\r\n\r\nIMPORTANT: els prove\u00efdors de la UAB que emetin factura electr\u00f2nica han d\u2019adjuntar tamb\u00e9 el n\u00famero de comanda. Sense ell, la factura \u00e9s rebutjada pel sistema de forma autom\u00e0tica.[\/vc_column_text][\/vc_column][\/vc_row]","_et_gb_content_width":"","footnotes":""},"class_list":["post-2726","page","type-page","status-publish","hentry"],"_links":{"self":[{"href":"https:\/\/igop.uab.cat\/es\/wp-json\/wp\/v2\/pages\/2726","targetHints":{"allow":["GET"]}}],"collection":[{"href":"https:\/\/igop.uab.cat\/es\/wp-json\/wp\/v2\/pages"}],"about":[{"href":"https:\/\/igop.uab.cat\/es\/wp-json\/wp\/v2\/types\/page"}],"author":[{"embeddable":true,"href":"https:\/\/igop.uab.cat\/es\/wp-json\/wp\/v2\/users\/2"}],"replies":[{"embeddable":true,"href":"https:\/\/igop.uab.cat\/es\/wp-json\/wp\/v2\/comments?post=2726"}],"version-history":[{"count":17,"href":"https:\/\/igop.uab.cat\/es\/wp-json\/wp\/v2\/pages\/2726\/revisions"}],"predecessor-version":[{"id":14552,"href":"https:\/\/igop.uab.cat\/es\/wp-json\/wp\/v2\/pages\/2726\/revisions\/14552"}],"wp:attachment":[{"href":"https:\/\/igop.uab.cat\/es\/wp-json\/wp\/v2\/media?parent=2726"}],"curies":[{"name":"wp","href":"https:\/\/api.w.org\/{rel}","templated":true}]}}