{"id":1989,"date":"2014-07-07T16:23:29","date_gmt":"2014-07-07T14:23:29","guid":{"rendered":"https:\/\/igop.uab.cat\/?page_id=1989"},"modified":"2026-03-23T14:35:34","modified_gmt":"2026-03-23T13:35:34","slug":"citizensqkm","status":"publish","type":"page","link":"https:\/\/igop.uab.cat\/es\/citizensqkm\/","title":{"rendered":"CitizenSqKm"},"content":{"rendered":"<p>[et_pb_section fb_built=\u00bb1&#8243; _builder_version=\u00bb4.16&#8243; global_colors_info=\u00bb{}\u00bb][et_pb_row column_structure=\u00bb2_3,1_3&#8243; _builder_version=\u00bb4.27.5&#8243; background_size=\u00bbinitial\u00bb background_position=\u00bbtop_left\u00bb background_repeat=\u00bbrepeat\u00bb global_colors_info=\u00bb{}\u00bb][et_pb_column type=\u00bb2_3&#8243; _builder_version=\u00bb4.16&#8243; custom_padding=\u00bb|||\u00bb global_colors_info=\u00bb{}\u00bb custom_padding__hover=\u00bb|||\u00bb][et_pb_text _builder_version=\u00bb4.27.5&#8243; background_size=\u00bbinitial\u00bb background_position=\u00bbtop_left\u00bb background_repeat=\u00bbrepeat\u00bb global_colors_info=\u00bb{}\u00bb]<\/p>\n<p>CitizenSqKm nace en el barrio de Poblenou de Barcelona, \u200b\u200ben el marco del proyecto CONFINE de la Uni\u00f3n Europea de investigaci\u00f3n en el \u00e1mbito de las redes de telecomunicaciones de iniciativa ciudadana.<\/p>\n<p>Es una experimentaci\u00f3n con una network community (guifi.net) y un trabajo de investigaci\u00f3n conducido por <a title=\"IGOPnet\" href=\"http:\/\/igopnet.cc\/\" target=\"_blank\" rel=\"noopener\">IGOPnet<\/a>, del Instituto de Gobierno y Pol\u00edticas P\u00fablicas (Universidad Aut\u00f3noma de Barcelona) y una iniciativa de investigaci\u00f3n, tecnol\u00f3gica, educativa, period\u00edstica, comercial y de participaci\u00f3n ciudadana para comunidades comprometidas.<\/p>\n<p>Es el fruto de un proyecto europeo por experimentar con redes comunitarias.<\/p>\n<p>&nbsp;<\/p>\n<blockquote>\n<p>Un ecosistema comunicativo plural, con:<\/p>\n<p>Administraci\u00f3n p\u00fablica \/ Escuelas, Institutos, Universidades \/ Comerciantes, empresas y emprendedores \/ Entidades, Organizaciones<\/p>\n<\/blockquote>\n<p>El objetivo principal de la iniciativa es beneficiar a los habitantes de un territorio, involucrando a la red comunitaria, formada por servidores y\/o antenas, ordenadores, routers y nodos, pero sobre todo por estudiantes, maestros, ciudadanos, entidades, comercios y administraciones locales, en el desarrollo de su propia comunidad utilizando tecnolog\u00edas de geolocalizaci\u00f3n.<\/p>\n<p>Involucra a la comunidad global y local para que utilice una plataforma de geolocalizaci\u00f3n (un mapa al que se puede acceder desde un dispositivo m\u00f3vil o un PC) para ordenar informaci\u00f3n vinculada al barrio a trav\u00e9s de propuestas de participaci\u00f3n basadas en metodolog\u00edas de aprendizaje servicio.<\/p>\n<p>&nbsp;<\/p>\n<blockquote>\n<p>Metodolog\u00eda de investigaci\u00f3n: t\u00e9cnicas de Ethnographic Action Research y de Most Significant Change.<\/p>\n<\/blockquote>\n<p>Ethnographic Action Research es una metodolog\u00eda que combina la investigaci\u00f3n con el desarrollo de un proyecto y est\u00e1 dise\u00f1ado para iniciativas de Tecnolog\u00eda de la Informaci\u00f3n y la Comunicaci\u00f3n (TIC). Combina tres aproximaciones a la investigaci\u00f3n: etnograf\u00eda, t\u00e9cnicas participativas y b\u00fasqueda de acci\u00f3n. <\/p>\n<p>Most Significant Change se centra en el impacto humano de las intervenciones; se basa en una aproximaci\u00f3n cualitativa y participativa, dirigida por los participantes, que est\u00e1n implicados en todos los aspectos de la evaluaci\u00f3n, y se aleja de t\u00e9cnicas m\u00e1s convencionales dirigidas por expertos.<\/p>\n<p>&nbsp;<\/p>\n<blockquote>\n<p>Metodolog\u00eda de participaci\u00f3n: Pedagog\u00eda con proyectos de aprendizaje-servicio. Iniciativas colaborativas, transversales y multisectoriales. <\/p>\n<\/blockquote>\n<p>Creemos que para que los ciudadanos sigan siendo ciudadanos comprometidos e informados, y por tanto capaces de transformar y mejorar sus vidas, ya no es suficiente llevar a cabo una simple descripci\u00f3n y transmisi\u00f3n de datos a las audiencias, el proceso de comunicaci\u00f3n debe instigar la participaci\u00f3n ciudadana, y debe ser capaz de influir y ayudar a los ciudadanos a intercambiar ideas.<\/p>\n<p>En el kil\u00f3metro cuadrado que lo rodea, un ni\u00f1o puede aprender lo que necesita para ser feliz. Un adulto debe poder incidir y cambiar el kil\u00f3metro cuadrado que le rodea, para poder ser feliz. <\/p>\n<p>Partimos de la idea de que el territorio que nos rodea (el kil\u00f3metro cuadrado) es un excelente entorno en el que aprender y vivir cuando los ciudadanos tienen el poder de transformarlo. Por eso la plataforma CitizenSqKm anima a los participantes a realizar un censo del espacio, sus habitantes, las infraestructuras, los servicios, la historia y la naturaleza y tambi\u00e9n a aprovechar al m\u00e1ximo los datos abiertos procedentes de las administraciones p\u00fablicas y aquellos capturados por sensores. <\/p>\n<p>&nbsp;<\/p>\n<blockquote>\n<p>Organizamos y clasificamos informaci\u00f3n: Autor \u2013 Fuente \u2013 Tema \u2013 Sitio<\/p>\n<\/blockquote>\n<p>Todos estos datos (contenidos digitales) se pueden crear, recoger, tratar y compartir, de forma masiva, geolocalizada y en tiempo real, por cualquier persona que tenga un dispositivo m\u00f3vil conectado a Internet (oa la red).<\/p>\n<p>&nbsp;<\/p>\n<blockquote>\n<p>Texto, audio, v\u00eddeos, fotograf\u00edas, enlaces<\/p>\n<\/blockquote>\n<p>Todos los contenidos (media) pueden traducirse en datos num\u00e9ricos accesibles por los ordenadores, y debido a estos atributos de omnipresencia, los media digitalizados desdibujan los l\u00edmites entre las funciones de la administraci\u00f3n p\u00fablica, el periodismo, el entretenimiento o los sectores educativos.<\/p>\n<p>&nbsp;<\/p>\n<blockquote>\n<p>Censo \/ Datos recogidos por sensores \/ Datos abiertos \/ Informaci\u00f3n de archivo \/ Qu\u00e9 est\u00e1 pasando #est\u00e0passant<\/p>\n<\/blockquote>\n<p>CitizenSqKm permite al usuario crear, recoger, tratar y compartir contenidos digitales de manera masiva, geolocalizada y en tiempo real, en una \u00fanica plataforma. La plataforma contiene un mapamundi dividido en kil\u00f3metros cuadrados seg\u00fan el llamado Military Grids Reference System (Sistema de Cuadr\u00edcula de Referencia Militar). <\/p>\n<p>El usuario, que ser\u00e1 siempre un individuo y deber\u00e1 estar registrado para poder utilizar la aplicaci\u00f3n, podr\u00e1 adoptar un kil\u00f3metro cuadrado de la cuadr\u00edcula (SqKmGrid), o los kil\u00f3metros cuadrados que rodean una instituci\u00f3n que aglutina a una comunidad (SqKmCommunity) o el kil\u00f3metro cuadrado que lo rodea a s\u00ed mismo (SqKmGrid).<\/p>\n<p>[\/et_pb_text][\/et_pb_column][et_pb_column type=\u00bb1_3&#8243; _builder_version=\u00bb4.16&#8243; custom_padding=\u00bb|||\u00bb global_colors_info=\u00bb{}\u00bb custom_padding__hover=\u00bb|||\u00bb][et_pb_text _builder_version=\u00bb4.27.5&#8243; background_size=\u00bbinitial\u00bb background_position=\u00bbtop_left\u00bb background_repeat=\u00bbrepeat\u00bb global_colors_info=\u00bb{}\u00bb]<\/p>\n<p><strong>+ info<br \/><\/strong><a title=\"Proyecto CitizensSqKm\" href=\"http:\/\/www.citizensqkm.net\/\" target=\"_blank\" rel=\"noopener\">http:\/\/www.citizensqkm.net\/<\/a><br \/><a title=\"IGOPnet\" href=\"http:\/\/igopnet.cc\/\">http:\/\/igopnet.cc\/<\/a><\/p>\n<p><strong>HT <\/strong>#citizensqkm<\/p>\n<p>[\/et_pb_text][\/et_pb_column][\/et_pb_row][\/et_pb_section]<\/p>\n","protected":false},"excerpt":{"rendered":"<p>CitizenSqKm nace en el barrio de Poblenou de Barcelona, \u200b\u200ben el marco del proyecto CONFINE de la Uni\u00f3n Europea de investigaci\u00f3n en el \u00e1mbito de las redes de telecomunicaciones de iniciativa ciudadana. Es una experimentaci\u00f3n con una network community (guifi.net) y un trabajo de investigaci\u00f3n conducido por IGOPnet, del Instituto de Gobierno y Pol\u00edticas P\u00fablicas [&hellip;]<\/p>\n","protected":false},"author":2,"featured_media":0,"parent":0,"menu_order":0,"comment_status":"closed","ping_status":"closed","template":"","meta":{"_et_pb_use_builder":"on","_et_pb_old_content":"","_et_gb_content_width":"","footnotes":""},"class_list":["post-1989","page","type-page","status-publish","hentry"],"_links":{"self":[{"href":"https:\/\/igop.uab.cat\/es\/wp-json\/wp\/v2\/pages\/1989","targetHints":{"allow":["GET"]}}],"collection":[{"href":"https:\/\/igop.uab.cat\/es\/wp-json\/wp\/v2\/pages"}],"about":[{"href":"https:\/\/igop.uab.cat\/es\/wp-json\/wp\/v2\/types\/page"}],"author":[{"embeddable":true,"href":"https:\/\/igop.uab.cat\/es\/wp-json\/wp\/v2\/users\/2"}],"replies":[{"embeddable":true,"href":"https:\/\/igop.uab.cat\/es\/wp-json\/wp\/v2\/comments?post=1989"}],"version-history":[{"count":9,"href":"https:\/\/igop.uab.cat\/es\/wp-json\/wp\/v2\/pages\/1989\/revisions"}],"predecessor-version":[{"id":28386,"href":"https:\/\/igop.uab.cat\/es\/wp-json\/wp\/v2\/pages\/1989\/revisions\/28386"}],"wp:attachment":[{"href":"https:\/\/igop.uab.cat\/es\/wp-json\/wp\/v2\/media?parent=1989"}],"curies":[{"name":"wp","href":"https:\/\/api.w.org\/{rel}","templated":true}]}}