{"id":16967,"date":"2023-02-24T11:08:10","date_gmt":"2023-02-24T10:08:10","guid":{"rendered":"https:\/\/igop.uab.cat\/administracion\/"},"modified":"2025-07-08T15:41:11","modified_gmt":"2025-07-08T13:41:11","slug":"administracion","status":"publish","type":"page","link":"https:\/\/igop.uab.cat\/es\/administracion\/","title":{"rendered":"Administraci\u00f3n"},"content":{"rendered":"<p>[et_pb_section fb_built=\u00bb1&#8243; _builder_version=\u00bb4.17.3&#8243; _module_preset=\u00bbdefault\u00bb global_colors_info=\u00bb{}\u00bb][et_pb_row _builder_version=\u00bb4.17.3&#8243; _module_preset=\u00bbdefault\u00bb global_colors_info=\u00bb{}\u00bb][et_pb_column type=\u00bb4_4&#8243; _builder_version=\u00bb4.17.3&#8243; _module_preset=\u00bbdefault\u00bb global_colors_info=\u00bb{}\u00bb][et_pb_text _builder_version=\u00bb4.17.3&#8243; _module_preset=\u00bbdefault\u00bb global_colors_info=\u00bb{}\u00bb]<\/p>\n<h3 style=\"text-align: center;\"><strong>Equipo t\u00e9cnico<\/strong><\/h3>\n<p>[\/et_pb_text][\/et_pb_column][\/et_pb_row][et_pb_row column_structure=\u00bb1_4,1_4,1_4,1_4&#8243; _builder_version=\u00bb4.17.3&#8243; _module_preset=\u00bbdefault\u00bb global_colors_info=\u00bb{}\u00bb][et_pb_column type=\u00bb1_4&#8243; _builder_version=\u00bb4.17.3&#8243; _module_preset=\u00bbdefault\u00bb global_colors_info=\u00bb{}\u00bb][et_pb_text _builder_version=\u00bb4.19.4&#8243; _module_preset=\u00bbdefault\u00bb global_colors_info=\u00bb{}\u00bb]<\/p>\n<p><img loading=\"lazy\" decoding=\"async\" class=\"aligncenter wp-image-16829 size-thumbnail\" src=\"https:\/\/igop.uab.cat\/wp-content\/uploads\/2023\/02\/Jaume-Badosa-IGOP-UAB-150x150.jpg\" alt=\"Jaume Badosa IGOP\" width=\"150\" height=\"150\" srcset=\"https:\/\/igop.uab.cat\/wp-content\/uploads\/2023\/02\/Jaume-Badosa-IGOP-UAB-150x150.jpg 150w, https:\/\/igop.uab.cat\/wp-content\/uploads\/2023\/02\/Jaume-Badosa-IGOP-UAB.jpg 250w\" sizes=\"(max-width: 150px) 100vw, 150px\" \/><\/p>\n<p style=\"text-align: center;\"><strong>Jaume Badosa<\/strong><br \/><a href=\"https:\/\/igop.uab.cat\/2023\/02\/16\/jaume-badosa\/\">Comunicaci\u00f3n<\/a><\/p>\n<p>[\/et_pb_text][et_pb_text _builder_version=\u00bb4.17.3&#8243; _module_preset=\u00bbdefault\u00bb global_colors_info=\u00bb{}\u00bb]<\/p>\n<p style=\"text-align: center;\"><strong><img loading=\"lazy\" decoding=\"async\" class=\"wp-image-15517 size-full aligncenter\" src=\"https:\/\/igop.uab.cat\/wp-content\/uploads\/2023\/01\/Ana-Medina.jpg\" alt=\"Ana Medina IGOP\" width=\"150\" height=\"150\"><\/strong><\/p>\n<p style=\"text-align: center;\"><strong>Ana Medina<br \/>\n<\/strong>Gestora<\/p>\n<p>[\/et_pb_text][et_pb_text disabled_on=\u00bbon|on|on\u00bb _builder_version=\u00bb4.24.3&#8243; _module_preset=\u00bbdefault\u00bb disabled=\u00bbon\u00bb global_colors_info=\u00bb{}\u00bb]<\/p>\n<p><img loading=\"lazy\" decoding=\"async\" class=\"wp-image-19203 aligncenter size-thumbnail\" src=\"https:\/\/igop.uab.cat\/wp-content\/uploads\/2024\/01\/Silueta-John-Doe-150x150.png\" alt=\"\" width=\"150\" height=\"150\" srcset=\"https:\/\/igop.uab.cat\/wp-content\/uploads\/2024\/01\/Silueta-John-Doe-150x150.png 150w, https:\/\/igop.uab.cat\/wp-content\/uploads\/2024\/01\/Silueta-John-Doe.png 250w\" sizes=\"(max-width: 150px) 100vw, 150px\" \/><\/p>\n<p style=\"text-align: center;\"><strong>Sonia Alonso<\/strong><br \/>Administraci\u00f3n<\/p>\n<p>[\/et_pb_text][\/et_pb_column][et_pb_column type=\u00bb1_4&#8243; _builder_version=\u00bb4.17.3&#8243; _module_preset=\u00bbdefault\u00bb global_colors_info=\u00bb{}\u00bb][et_pb_text _builder_version=\u00bb4.19.4&#8243; _module_preset=\u00bbdefault\u00bb global_colors_info=\u00bb{}\u00bb]<\/p>\n<p style=\"text-align: center;\"><strong><img loading=\"lazy\" decoding=\"async\" class=\"aligncenter wp-image-16743 size-thumbnail\" src=\"https:\/\/igop.uab.cat\/wp-content\/uploads\/2023\/02\/Charlotte-Fernandez-IGOP-2023-e1676380756557-150x150.jpg\" alt=\"Charlotte Fernandez IGOP\" width=\"150\" height=\"150\" srcset=\"https:\/\/igop.uab.cat\/wp-content\/uploads\/2023\/02\/Charlotte-Fernandez-IGOP-2023-e1676380756557-150x150.jpg 150w, https:\/\/igop.uab.cat\/wp-content\/uploads\/2023\/02\/Charlotte-Fernandez-IGOP-2023-e1676380756557.jpg 158w\" sizes=\"(max-width: 150px) 100vw, 150px\" \/><\/strong><\/p>\n<p style=\"text-align: center;\"><strong>Charlotte Fern\u00e1ndez<\/strong><br \/><a href=\"https:\/\/igop.uab.cat\/2023\/02\/16\/charlotte-fernandez\/\" target=\"_blank\" rel=\"noopener\">Coordinadora de Investigaci\u00f3n<\/a><\/p>\n<p>[\/et_pb_text][et_pb_text _builder_version=\u00bb4.24.3&#8243; _module_preset=\u00bbdefault\u00bb hover_enabled=\u00bb0&#8243; global_colors_info=\u00bb{}\u00bb sticky_enabled=\u00bb0&#8243;]<\/p>\n<p style=\"text-align: center;\"><strong><img loading=\"lazy\" decoding=\"async\" class=\"aligncenter wp-image-24939 size-thumbnail\" src=\"https:\/\/igop.uab.cat\/wp-content\/uploads\/2025\/07\/Manu-Montoza-Administracio-150x150.png\" alt=\"Manuel Montoza\" width=\"150\" height=\"150\" srcset=\"https:\/\/igop.uab.cat\/wp-content\/uploads\/2025\/07\/Manu-Montoza-Administracio-150x150.png 150w, https:\/\/igop.uab.cat\/wp-content\/uploads\/2025\/07\/Manu-Montoza-Administracio-300x300.png 300w, https:\/\/igop.uab.cat\/wp-content\/uploads\/2025\/07\/Manu-Montoza-Administracio.png 350w\" sizes=\"(max-width: 150px) 100vw, 150px\" \/><\/strong><\/p>\n<p style=\"text-align: center;\"><strong>Manuel Montoza<\/strong><br \/>Equip Administratiu<\/p>\n<p>[\/et_pb_text][\/et_pb_column][et_pb_column type=\u00bb1_4&#8243; _builder_version=\u00bb4.17.3&#8243; _module_preset=\u00bbdefault\u00bb global_colors_info=\u00bb{}\u00bb][et_pb_text _builder_version=\u00bb4.17.3&#8243; _module_preset=\u00bbdefault\u00bb global_colors_info=\u00bb{}\u00bb]<\/p>\n<p style=\"text-align: center;\"><strong><img loading=\"lazy\" decoding=\"async\" class=\"wp-image-15535 size-full aligncenter\" src=\"https:\/\/igop.uab.cat\/wp-content\/uploads\/2023\/01\/Olga-Garcia-IGOP.jpg\" alt=\"Olga Garc\u00eda IGOP\" width=\"150\" height=\"150\"><\/strong><\/p>\n<p style=\"text-align: center;\"><strong>Olga Garc\u00eda<br \/>\n<\/strong>Equipo Administrativo<\/p>\n<p>[\/et_pb_text][et_pb_text _builder_version=\u00bb4.24.3&#8243; _module_preset=\u00bbdefault\u00bb global_colors_info=\u00bb{}\u00bb]<\/p>\n<p style=\"text-align: center;\"><strong><img loading=\"lazy\" decoding=\"async\" class=\"aligncenter wp-image-18139 size-thumbnail\" src=\"https:\/\/igop.uab.cat\/wp-content\/uploads\/2023\/07\/Carolina-Munoz-150x150.png\" alt=\"Carolina Mu\u00f1oz IGOP\" width=\"150\" height=\"150\" srcset=\"https:\/\/igop.uab.cat\/wp-content\/uploads\/2023\/07\/Carolina-Munoz-150x150.png 150w, https:\/\/igop.uab.cat\/wp-content\/uploads\/2023\/07\/Carolina-Munoz.png 202w\" sizes=\"(max-width: 150px) 100vw, 150px\" \/><\/strong><\/p>\n<p style=\"text-align: center;\"><strong>Carolina Mu\u00f1oz<br \/><\/strong>Coord. M\u00e1ster PSyAC<\/p>\n<p>[\/et_pb_text][\/et_pb_column][et_pb_column type=\u00bb1_4&#8243; _builder_version=\u00bb4.17.3&#8243; _module_preset=\u00bbdefault\u00bb global_colors_info=\u00bb{}\u00bb][et_pb_text _builder_version=\u00bb4.17.3&#8243; _module_preset=\u00bbdefault\u00bb global_colors_info=\u00bb{}\u00bb]<\/p>\n<p style=\"text-align: center;\"><strong><img loading=\"lazy\" decoding=\"async\" class=\"wp-image-15529 size-full aligncenter\" src=\"https:\/\/igop.uab.cat\/wp-content\/uploads\/2023\/01\/Loli-Martinez-IGOP.jpg\" alt=\"Loli Mart\u00ednez IGOP\" width=\"150\" height=\"150\"><\/strong><\/p>\n<p style=\"text-align: center;\"><strong>Loli Mart\u00ednez<\/strong><br \/>\nEquipo Administrativo<\/p>\n<p>[\/et_pb_text][et_pb_text _builder_version=\u00bb4.24.3&#8243; _module_preset=\u00bbdefault\u00bb global_colors_info=\u00bb{}\u00bb]<\/p>\n<p style=\"text-align: center;\"><strong><img loading=\"lazy\" decoding=\"async\" class=\"wp-image-15532 size-full aligncenter\" src=\"https:\/\/igop.uab.cat\/wp-content\/uploads\/2023\/01\/Nuria-Reguero-IGOP.jpg\" alt=\"N\u00faria Reguero IGOP\" width=\"150\" height=\"150\"><\/strong><\/p>\n<p style=\"text-align: center;\"><strong>N\u00faria Reguero<\/strong><br \/>Transferencia y cooperaci\u00f3n<\/p>\n<p>[\/et_pb_text][et_pb_text disabled_on=\u00bbon|on|on\u00bb _builder_version=\u00bb4.17.3&#8243; _module_preset=\u00bbdefault\u00bb disabled=\u00bbon\u00bb global_colors_info=\u00bb{}\u00bb]<\/p>\n<p style=\"text-align: center;\"><strong><img loading=\"lazy\" decoding=\"async\" class=\"wp-image-15538 size-full aligncenter\" src=\"https:\/\/igop.uab.cat\/wp-content\/uploads\/2023\/01\/Pere-Gonzalez-IGOP.jpg\" alt=\"Pere Gonz\u00e1lez IGOP\" width=\"150\" height=\"150\"><\/strong><\/p>\n<p style=\"text-align: center;\"><strong>Pere Gonz\u00e1lez<br \/>\n<\/strong>Equipo Administrativo<\/p>\n<p>[\/et_pb_text][\/et_pb_column][\/et_pb_row][et_pb_row disabled_on=\u00bbon|on|on\u00bb _builder_version=\u00bb4.17.3&#8243; _module_preset=\u00bbdefault\u00bb disabled=\u00bbon\u00bb global_colors_info=\u00bb{}\u00bb][et_pb_column type=\u00bb4_4&#8243; _builder_version=\u00bb4.17.3&#8243; _module_preset=\u00bbdefault\u00bb global_colors_info=\u00bb{}\u00bb][et_pb_text _builder_version=\u00bb4.17.3&#8243; _module_preset=\u00bbdefault\u00bb global_colors_info=\u00bb{}\u00bb]<\/p>\n<h3 style=\"text-align: center;\"><strong>Escuela del IGOP<\/strong><\/h3>\n<p>[\/et_pb_text][\/et_pb_column][\/et_pb_row][\/et_pb_section]<\/p>\n","protected":false},"excerpt":{"rendered":"<p>Equipo t\u00e9cnico Jaume BadosaComunicaci\u00f3n Ana Medina Gestora Sonia AlonsoAdministraci\u00f3n Charlotte Fern\u00e1ndezCoordinadora de Investigaci\u00f3n Manuel MontozaEquip Administratiu Olga Garc\u00eda Equipo Administrativo Carolina Mu\u00f1ozCoord. M\u00e1ster PSyAC Loli Mart\u00ednez Equipo Administrativo N\u00faria RegueroTransferencia y cooperaci\u00f3n Pere Gonz\u00e1lez Equipo Administrativo Escuela del IGOP<\/p>\n","protected":false},"author":2,"featured_media":0,"parent":0,"menu_order":0,"comment_status":"closed","ping_status":"closed","template":"","meta":{"_et_pb_use_builder":"on","_et_pb_old_content":"","_et_gb_content_width":"","footnotes":""},"class_list":["post-16967","page","type-page","status-publish","hentry"],"_links":{"self":[{"href":"https:\/\/igop.uab.cat\/es\/wp-json\/wp\/v2\/pages\/16967","targetHints":{"allow":["GET"]}}],"collection":[{"href":"https:\/\/igop.uab.cat\/es\/wp-json\/wp\/v2\/pages"}],"about":[{"href":"https:\/\/igop.uab.cat\/es\/wp-json\/wp\/v2\/types\/page"}],"author":[{"embeddable":true,"href":"https:\/\/igop.uab.cat\/es\/wp-json\/wp\/v2\/users\/2"}],"replies":[{"embeddable":true,"href":"https:\/\/igop.uab.cat\/es\/wp-json\/wp\/v2\/comments?post=16967"}],"version-history":[{"count":26,"href":"https:\/\/igop.uab.cat\/es\/wp-json\/wp\/v2\/pages\/16967\/revisions"}],"predecessor-version":[{"id":24945,"href":"https:\/\/igop.uab.cat\/es\/wp-json\/wp\/v2\/pages\/16967\/revisions\/24945"}],"wp:attachment":[{"href":"https:\/\/igop.uab.cat\/es\/wp-json\/wp\/v2\/media?parent=16967"}],"curies":[{"name":"wp","href":"https:\/\/api.w.org\/{rel}","templated":true}]}}