{"id":16949,"date":"2023-02-24T10:35:33","date_gmt":"2023-02-24T09:35:33","guid":{"rendered":"https:\/\/igop.uab.cat\/postdoctorados\/"},"modified":"2026-04-20T11:27:40","modified_gmt":"2026-04-20T09:27:40","slug":"postdoctorados","status":"publish","type":"page","link":"https:\/\/igop.uab.cat\/es\/postdoctorados\/","title":{"rendered":"Postdocs"},"content":{"rendered":"<p>[et_pb_section fb_built=\u00bb1&#8243; _builder_version=\u00bb4.17.3&#8243; _module_preset=\u00bbdefault\u00bb global_colors_info=\u00bb{}\u00bb][et_pb_row disabled_on=\u00bbon|on|on\u00bb _builder_version=\u00bb4.17.3&#8243; _module_preset=\u00bbdefault\u00bb disabled=\u00bbon\u00bb global_colors_info=\u00bb{}\u00bb][et_pb_column type=\u00bb4_4&#8243; _builder_version=\u00bb4.17.3&#8243; _module_preset=\u00bbdefault\u00bb global_colors_info=\u00bb{}\u00bb][et_pb_text _builder_version=\u00bb4.19.4&#8243; _module_preset=\u00bbdefault\u00bb global_colors_info=\u00bb{}\u00bb]<\/p>\n<h3 style=\"text-align: center;\"><strong>Postdoctorados<\/strong><\/h3>\n<p>[\/et_pb_text][\/et_pb_column][\/et_pb_row][et_pb_row column_structure=\u00bb1_3,1_3,1_3&#8243; _builder_version=\u00bb4.17.3&#8243; _module_preset=\u00bbdefault\u00bb global_colors_info=\u00bb{}\u00bb][et_pb_column type=\u00bb1_3&#8243; _builder_version=\u00bb4.17.3&#8243; _module_preset=\u00bbdefault\u00bb global_colors_info=\u00bb{}\u00bb][et_pb_text _builder_version=\u00bb4.27.5&#8243; _module_preset=\u00bbdefault\u00bb link_text_color=\u00bb#0C71C3&#8243; global_colors_info=\u00bb{}\u00bb]<\/p>\n<p style=\"text-align: center;\"><img decoding=\"async\" class=\"aligncenter\" src=\"https:\/\/igop.uab.cat\/wp-content\/uploads\/2024\/09\/Joaquin-Alcaniz-150x150.jpg\" alt=\"Joaquin Alca\u00f1iz\"><\/p>\n<p style=\"text-align: center;\"><a href=\"https:\/\/igop.uab.cat\/es\/?p=21090\">Joaqu\u00edn Alca\u00f1iz<\/a><br \/><strong>Whocounts<\/strong><\/p>\n<p>[\/et_pb_text][et_pb_text disabled_on=\u00bboff|off|off\u00bb _builder_version=\u00bb4.27.5&#8243; _module_preset=\u00bbdefault\u00bb link_text_color=\u00bb#0C71C3&#8243; global_colors_info=\u00bb{}\u00bb]<\/p>\n<p style=\"text-align: center;\"><strong><img loading=\"lazy\" decoding=\"async\" class=\"aligncenter wp-image-17832 size-full\" src=\"https:\/\/igop.uab.cat\/wp-content\/uploads\/2023\/04\/Zyab-Ibanez-2023-IGOP.jpg\" alt=\"Zyab Iba\u00f1ez IGOP\" width=\"150\" height=\"150\"><\/strong><\/p>\n<p style=\"text-align: center;\"><a href=\"https:\/\/igop.uab.cat\/es\/2023\/02\/09\/zyab-ibanez\/\">Zyab Iba\u00f1ez<\/a><br \/><strong>Proyecto Swins<\/strong><\/p>\n<p>[\/et_pb_text][et_pb_text disabled_on=\u00bbon|on|on\u00bb _builder_version=\u00bb4.27.5&#8243; _module_preset=\u00bbdefault\u00bb disabled=\u00bbon\u00bb global_colors_info=\u00bb{}\u00bb]<\/p>\n<p style=\"text-align: center;\"><strong><img loading=\"lazy\" decoding=\"async\" class=\"wp-image-15573 size-full aligncenter\" src=\"https:\/\/igop.uab.cat\/wp-content\/uploads\/2023\/01\/Markku-Lehtonen-IGOP.jpg\" alt=\"Markku Lehtonen IGOP\" width=\"150\" height=\"150\"><\/strong><\/p>\n<p style=\"text-align: center;\">Markku Lehtonen<br \/><strong>Projecte ecf4clim<\/strong><\/p>\n<p>[\/et_pb_text][et_pb_text _builder_version=\u00bb4.27.5&#8243; _module_preset=\u00bbdefault\u00bb link_text_color=\u00bb#0C71C3&#8243; global_colors_info=\u00bb{}\u00bb]<\/p>\n<p style=\"text-align: center;\"><strong><img loading=\"lazy\" decoding=\"async\" class=\"wp-image-23206 size-thumbnail aligncenter\" src=\"https:\/\/igop.uab.cat\/wp-content\/uploads\/2025\/11\/Seehaus.jpg\" alt=\"Alexandra Seehaus\" width=\"150\" height=\"150\"><\/strong><\/p>\n<p style=\"text-align: center;\"><a href=\"https:\/\/igop.uab.cat\/es\/2025\/11\/28\/alexandra-seehaus\/\" target=\"_blank\" rel=\"noopener\">Alexandra Seehaus<\/a><br \/><strong>Next-Up<\/strong><\/p>\n<p>[\/et_pb_text][\/et_pb_column][et_pb_column type=\u00bb1_3&#8243; _builder_version=\u00bb4.17.3&#8243; _module_preset=\u00bbdefault\u00bb global_colors_info=\u00bb{}\u00bb][et_pb_text _builder_version=\u00bb4.27.5&#8243; _module_preset=\u00bbdefault\u00bb link_text_color=\u00bb#0C71C3&#8243; global_colors_info=\u00bb{}\u00bb]<\/p>\n<p style=\"text-align: center;\"><strong><img loading=\"lazy\" decoding=\"async\" class=\"aligncenter wp-image-18652 size-thumbnail\" src=\"https:\/\/igop.uab.cat\/wp-content\/uploads\/2023\/11\/Adrian-Bua-Web-IGOP-150x150.png\" alt=\"Adrian Bua IGOP\" width=\"150\" height=\"150\" srcset=\"https:\/\/igop.uab.cat\/wp-content\/uploads\/2023\/11\/Adrian-Bua-Web-IGOP-150x150.png 150w, https:\/\/igop.uab.cat\/wp-content\/uploads\/2023\/11\/Adrian-Bua-Web-IGOP-300x300.png 300w, https:\/\/igop.uab.cat\/wp-content\/uploads\/2023\/11\/Adrian-Bua-Web-IGOP.png 400w\" sizes=\"(max-width: 150px) 100vw, 150px\" \/><\/strong><\/p>\n<p style=\"text-align: center;\"><a href=\"https:\/\/igop.uab.cat\/es\/2023\/10\/15\/adrian-bua\/\">Adrian Bua<\/a><br \/><strong>Marie Curie Fellow<\/strong><\/p>\n<p>[\/et_pb_text][et_pb_text _builder_version=\u00bb4.27.5&#8243; _module_preset=\u00bbdefault\u00bb link_text_color=\u00bb#0C71C3&#8243; hover_enabled=\u00bb0&#8243; global_colors_info=\u00bb{}\u00bb sticky_enabled=\u00bb0&#8243;]<\/p>\n<p style=\"text-align: center;\"><strong><img loading=\"lazy\" decoding=\"async\" class=\"wp-image-28652 aligncenter size-thumbnail\" src=\"https:\/\/igop.uab.cat\/wp-content\/uploads\/2026\/04\/Sebastian-Moya-150x150.jpg\" alt=\"Sebastian Moya IGOP\" width=\"150\" height=\"150\" srcset=\"https:\/\/igop.uab.cat\/wp-content\/uploads\/2026\/04\/Sebastian-Moya-150x150.jpg 150w, https:\/\/igop.uab.cat\/wp-content\/uploads\/2026\/04\/Sebastian-Moya.jpg 300w\" sizes=\"(max-width: 150px) 100vw, 150px\" \/><\/strong><\/p>\n<p style=\"text-align: center;\"><a href=\"https:\/\/igop.uab.cat\/es\/2026\/04\/20\/sebastian-moya\/\">Sebasti\u00e1n Moya<\/a><br \/>Best-F<\/p>\n<p>[\/et_pb_text][et_pb_text _builder_version=\u00bb4.27.5&#8243; _module_preset=\u00bbdefault\u00bb link_text_color=\u00bb#0C71C3&#8243; global_colors_info=\u00bb{}\u00bb]<\/p>\n<p style=\"text-align: center;\"><strong><img loading=\"lazy\" decoding=\"async\" class=\"wp-image-23206 size-thumbnail aligncenter\" src=\"https:\/\/igop.uab.cat\/wp-content\/uploads\/2025\/01\/Violetta-Tucci-Whocounts-150x150.jpg\" alt=\"Violetta Tucci\" width=\"150\" height=\"150\" srcset=\"https:\/\/igop.uab.cat\/wp-content\/uploads\/2025\/01\/Violetta-Tucci-Whocounts-150x150.jpg 150w, https:\/\/igop.uab.cat\/wp-content\/uploads\/2025\/01\/Violetta-Tucci-Whocounts.jpg 233w\" sizes=\"(max-width: 150px) 100vw, 150px\" \/><\/strong><\/p>\n<p style=\"text-align: center;\"><a href=\"https:\/\/igop.uab.cat\/es\/2025\/01\/27\/violetta-tucci\/\">Violetta Tucci<\/a><br \/><strong>Whocounts<\/strong><\/p>\n<p>[\/et_pb_text][et_pb_text disabled_on=\u00bbon|on|on\u00bb _builder_version=\u00bb4.24.3&#8243; _module_preset=\u00bbdefault\u00bb link_text_color=\u00bb#0C71C3&#8243; disabled=\u00bbon\u00bb global_colors_info=\u00bb{}\u00bb]<\/p>\n<p style=\"text-align: center;\"><img loading=\"lazy\" decoding=\"async\" class=\"wp-image-22874 aligncenter size-thumbnail\" src=\"https:\/\/igop.uab.cat\/wp-content\/uploads\/2025\/01\/Laura-Roth-150x150.png\" alt=\"Laura Roth\" width=\"150\" height=\"150\" srcset=\"https:\/\/igop.uab.cat\/wp-content\/uploads\/2025\/01\/Laura-Roth-150x150.png 150w, https:\/\/igop.uab.cat\/wp-content\/uploads\/2025\/01\/Laura-Roth-300x300.png 300w, https:\/\/igop.uab.cat\/wp-content\/uploads\/2025\/01\/Laura-Roth.png 342w\" sizes=\"(max-width: 150px) 100vw, 150px\" \/><\/p>\n<p style=\"text-align: center;\"><a href=\"https:\/\/igop.uab.cat\/es\/2025\/01\/15\/laura-roth\/\">Laura Roth<\/a><br \/><strong>Radical Municipalism<\/strong><\/p>\n<p>[\/et_pb_text][\/et_pb_column][et_pb_column type=\u00bb1_3&#8243; _builder_version=\u00bb4.17.3&#8243; _module_preset=\u00bbdefault\u00bb global_colors_info=\u00bb{}\u00bb][et_pb_text _builder_version=\u00bb4.27.5&#8243; _module_preset=\u00bbdefault\u00bb link_text_color=\u00bb#0C71C3&#8243; global_colors_info=\u00bb{}\u00bb]<\/p>\n<p style=\"text-align: center;\"><strong><img loading=\"lazy\" decoding=\"async\" class=\"wp-image-24884 aligncenter size-thumbnail\" src=\"https:\/\/igop.uab.cat\/wp-content\/uploads\/2025\/07\/Gabriela-deCarvalho-plenari-150x150.png\" alt=\"Gabriela de Carvalho\" width=\"150\" height=\"150\"><\/strong><\/p>\n<p style=\"text-align: center;\"><a href=\"https:\/\/igop.uab.cat\/es\/2025\/07\/08\/gabriela-de-carvalho\/\">Gabriela de Carvalho<\/a><br \/><strong><span data-olk-copy-source=\"MessageBody\">Marie Curie Fellow<\/span><\/strong><\/p>\n<p>[\/et_pb_text][et_pb_text _builder_version=\u00bb4.27.5&#8243; _module_preset=\u00bbdefault\u00bb link_text_color=\u00bb#0C71C3&#8243; global_colors_info=\u00bb{}\u00bb]<\/p>\n<p style=\"text-align: center;\"><strong><img decoding=\"async\" class=\"aligncenter\" src=\"https:\/\/igop.uab.cat\/wp-content\/uploads\/2024\/09\/Laman-Orujova-150x150.png\" alt=\"Laman Orujova\"><\/strong><\/p>\n<p style=\"text-align: center;\"><a href=\"https:\/\/igop.uab.cat\/es\/2024\/09\/13\/laman-orujova\/\">Laman Orujova<\/a><br \/><strong>Whocounts<\/strong><\/p>\n<p>[\/et_pb_text][et_pb_text _builder_version=\u00bb4.27.5&#8243; _module_preset=\u00bbdefault\u00bb link_text_color=\u00bb#0C71C3&#8243; global_colors_info=\u00bb{}\u00bb]<\/p>\n<p style=\"text-align: center;\"><strong><img loading=\"lazy\" decoding=\"async\" class=\"wp-image-26603 size-thumbnail alignnone\" src=\"https:\/\/igop.uab.cat\/wp-content\/uploads\/2026\/01\/Lorenzo-Vidal-2026-1-150x150.jpg\" alt=\"Lorenzo Vidal IGOP 2026\" width=\"150\" height=\"150\" srcset=\"https:\/\/igop.uab.cat\/wp-content\/uploads\/2026\/01\/Lorenzo-Vidal-2026-1-150x150.jpg 150w, https:\/\/igop.uab.cat\/wp-content\/uploads\/2026\/01\/Lorenzo-Vidal-2026-1-300x300.jpg 300w, https:\/\/igop.uab.cat\/wp-content\/uploads\/2026\/01\/Lorenzo-Vidal-2026-1-440x440.jpg 440w, https:\/\/igop.uab.cat\/wp-content\/uploads\/2026\/01\/Lorenzo-Vidal-2026-1.jpg 450w\" sizes=\"(max-width: 150px) 100vw, 150px\" \/><\/strong><\/p>\n<p style=\"text-align: center;\"><a href=\"https:\/\/igop.uab.cat\/es\/2026\/01\/07\/lorenzo-vidal\/\">Lorenzo Vidal<\/a><br \/>Ramon y Cajal<\/p>\n<p>[\/et_pb_text][et_pb_text disabled_on=\u00bbon|on|on\u00bb _builder_version=\u00bb4.27.5&#8243; _module_preset=\u00bbdefault\u00bb link_text_color=\u00bb#0C71C3&#8243; disabled=\u00bbon\u00bb global_colors_info=\u00bb{}\u00bb]<\/p>\n<p style=\"text-align: center;\"><strong><img loading=\"lazy\" decoding=\"async\" class=\"aligncenter wp-image-23225 size-thumbnail\" src=\"https:\/\/igop.uab.cat\/wp-content\/uploads\/2025\/01\/inigo-aldama-whocounts-150x150.jpg\" alt=\"I\u00f1igo Aldama\" width=\"150\" height=\"150\" srcset=\"https:\/\/igop.uab.cat\/wp-content\/uploads\/2025\/01\/inigo-aldama-whocounts-150x150.jpg 150w, https:\/\/igop.uab.cat\/wp-content\/uploads\/2025\/01\/inigo-aldama-whocounts.jpg 300w\" sizes=\"(max-width: 150px) 100vw, 150px\" \/><\/strong><\/p>\n<p style=\"text-align: center;\"><a href=\"https:\/\/igop.uab.cat\/es\/2025\/01\/27\/inigo-aldama\/\">I\u00f1igo Aldama<\/a><br \/><strong>Whocounts<\/strong><\/p>\n<p>[\/et_pb_text][\/et_pb_column][\/et_pb_row][et_pb_row column_structure=\u00bb1_4,1_4,1_4,1_4&#8243; _builder_version=\u00bb4.19.4&#8243; _module_preset=\u00bbdefault\u00bb global_colors_info=\u00bb{}\u00bb][et_pb_column type=\u00bb1_4&#8243; _builder_version=\u00bb4.17.3&#8243; _module_preset=\u00bbdefault\u00bb global_colors_info=\u00bb{}\u00bb][et_pb_text disabled_on=\u00bbon|on|on\u00bb _builder_version=\u00bb4.24.3&#8243; _module_preset=\u00bbdefault\u00bb link_text_color=\u00bb#0C71C3&#8243; disabled=\u00bbon\u00bb global_colors_info=\u00bb{}\u00bb]<\/p>\n<p style=\"text-align: center;\"><strong><img loading=\"lazy\" decoding=\"async\" class=\"wp-image-15567 size-full aligncenter\" src=\"https:\/\/igop.uab.cat\/wp-content\/uploads\/2023\/01\/Lara-Maestripieri.jpg\" alt=\"Lara Maestripieri IGOP\" width=\"150\" height=\"150\"><\/strong><\/p>\n<p style=\"text-align: center;\"><a href=\"https:\/\/igop.uab.cat\/es\/2025\/10\/09\/lara-maestripieri\/\">Lara Maestripieri<\/a><br \/><strong>Ramon y Cajal<\/strong><\/p>\n<p>[\/et_pb_text][et_pb_text disabled_on=\u00bbon|on|on\u00bb _builder_version=\u00bb4.24.3&#8243; _module_preset=\u00bbdefault\u00bb link_text_color=\u00bb#0C71C3&#8243; disabled=\u00bbon\u00bb global_colors_info=\u00bb{}\u00bb]<\/p>\n<p style=\"text-align: center;\"><strong><img loading=\"lazy\" decoding=\"async\" class=\"aligncenter wp-image-15934 size-thumbnail\" src=\"https:\/\/igop.uab.cat\/wp-content\/uploads\/2023\/01\/Bertie-Russell-IGOP-150x150.jpg\" alt=\"Bertie Russell IGOP\" width=\"150\" height=\"150\" srcset=\"https:\/\/igop.uab.cat\/wp-content\/uploads\/2023\/01\/Bertie-Russell-IGOP-150x150.jpg 150w, https:\/\/igop.uab.cat\/wp-content\/uploads\/2023\/01\/Bertie-Russell-IGOP.jpg 200w\" sizes=\"(max-width: 150px) 100vw, 150px\" \/><\/strong><\/p>\n<p style=\"text-align: center;\"><a href=\"https:\/\/igop.uab.cat\/es\/2023\/02\/01\/bertie-thomas-russell\/\">Bertie Russell<\/a><br \/><strong>Marie Curie<\/strong><\/p>\n<p>[\/et_pb_text][\/et_pb_column][et_pb_column type=\u00bb1_4&#8243; _builder_version=\u00bb4.17.3&#8243; _module_preset=\u00bbdefault\u00bb global_colors_info=\u00bb{}\u00bb][et_pb_text disabled_on=\u00bbon|on|on\u00bb _builder_version=\u00bb4.24.3&#8243; _module_preset=\u00bbdefault\u00bb link_text_color=\u00bb#0C71C3&#8243; disabled=\u00bbon\u00bb global_colors_info=\u00bb{}\u00bb]<\/p>\n<p style=\"text-align: center;\"><strong><img loading=\"lazy\" decoding=\"async\" class=\"aligncenter wp-image-16702 size-full\" src=\"https:\/\/igop.uab.cat\/wp-content\/uploads\/2023\/02\/Merce-Cortina-IGOP.jpg\" alt=\"Merce Cortina IGOP\" width=\"150\" height=\"150\"><\/strong><\/p>\n<p style=\"text-align: center;\"><a href=\"https:\/\/igop.uab.cat\/es\/2023\/02\/07\/merce-cortina-oriol\/\">Merc\u00e8 Cortina<\/a><br \/><strong>Maria Zambrano<\/strong><\/p>\n<p>[\/et_pb_text][et_pb_text disabled_on=\u00bbon|on|on\u00bb _builder_version=\u00bb4.24.3&#8243; _module_preset=\u00bbdefault\u00bb link_text_color=\u00bb#0C71C3&#8243; disabled=\u00bbon\u00bb global_colors_info=\u00bb{}\u00bb]<\/p>\n<p style=\"text-align: center;\"><strong><img loading=\"lazy\" decoding=\"async\" class=\"wp-image-19131 size-thumbnail aligncenter\" src=\"https:\/\/igop.uab.cat\/wp-content\/uploads\/2023\/12\/Daniel-Edmiston-directori-150x150.png\" alt=\"Daniel Edmiston\" width=\"150\" height=\"150\" srcset=\"https:\/\/igop.uab.cat\/wp-content\/uploads\/2023\/12\/Daniel-Edmiston-directori-150x150.png 150w, https:\/\/igop.uab.cat\/wp-content\/uploads\/2023\/12\/Daniel-Edmiston-directori.png 238w\" sizes=\"(max-width: 150px) 100vw, 150px\" \/><\/strong><\/p>\n<p style=\"text-align: center;\"><a href=\"https:\/\/igop.uab.cat\/es\/2023\/12\/15\/daniel-edmiston\/\">Daniel Edmiston<\/a><br \/><strong>Projecte Whocounts<\/strong><\/p>\n<p>[\/et_pb_text][\/et_pb_column][et_pb_column type=\u00bb1_4&#8243; _builder_version=\u00bb4.17.3&#8243; _module_preset=\u00bbdefault\u00bb global_colors_info=\u00bb{}\u00bb][et_pb_text disabled_on=\u00bbon|on|on\u00bb _builder_version=\u00bb4.24.3&#8243; _module_preset=\u00bbdefault\u00bb link_text_color=\u00bb#0C71C3&#8243; disabled=\u00bbon\u00bb global_colors_info=\u00bb{}\u00bb]<\/p>\n<p style=\"text-align: center;\"><strong><img loading=\"lazy\" decoding=\"async\" class=\"wp-image-15588 size-full aligncenter\" src=\"https:\/\/igop.uab.cat\/wp-content\/uploads\/2023\/01\/Roger-Soler-IGOP.jpg\" alt=\"Roger Soler IGOP\" width=\"150\" height=\"150\"><\/strong><\/p>\n<p style=\"text-align: center;\"><a href=\"https:\/\/igop.uab.cat\/es\/?p=16060\">Roger Soler<\/a><br \/><strong>Maria Zambrano<\/strong><\/p>\n<p>[\/et_pb_text][\/et_pb_column][et_pb_column type=\u00bb1_4&#8243; _builder_version=\u00bb4.17.3&#8243; _module_preset=\u00bbdefault\u00bb global_colors_info=\u00bb{}\u00bb][et_pb_text disabled_on=\u00bbon|on|on\u00bb _builder_version=\u00bb4.24.3&#8243; _module_preset=\u00bbdefault\u00bb link_text_color=\u00bb#0C71C3&#8243; disabled=\u00bbon\u00bb global_colors_info=\u00bb{}\u00bb]<\/p>\n<p style=\"text-align: center;\"><strong><img loading=\"lazy\" decoding=\"async\" class=\"wp-image-15546 size-full aligncenter\" src=\"https:\/\/igop.uab.cat\/wp-content\/uploads\/2023\/01\/Carlos-Delclos-IGOP.jpg\" alt=\"Carlos Delcl\u00f3s IGOP\" width=\"150\" height=\"150\"><\/strong><\/p>\n<p style=\"text-align: center;\"><a href=\"https:\/\/igop.uab.cat\/es\/2023\/02\/07\/carlos-delclos\/\">Carlos Delcl\u00f3s<\/a><br \/><strong>Projecte PaDC<\/strong><\/p>\n<p>[\/et_pb_text][\/et_pb_column][\/et_pb_row][\/et_pb_section]<\/p>\n","protected":false},"excerpt":{"rendered":"<p>Postdoctorados Joaqu\u00edn Alca\u00f1izWhocounts Zyab Iba\u00f1ezProyecto Swins Markku LehtonenProjecte ecf4clim Alexandra SeehausNext-Up Adrian BuaMarie Curie Fellow Sebasti\u00e1n MoyaBest-F Violetta TucciWhocounts Laura RothRadical Municipalism Gabriela de CarvalhoMarie Curie Fellow Laman OrujovaWhocounts Lorenzo VidalRamon y Cajal I\u00f1igo AldamaWhocounts Lara MaestripieriRamon y Cajal Bertie RussellMarie Curie Merc\u00e8 CortinaMaria Zambrano Daniel EdmistonProjecte Whocounts Roger SolerMaria Zambrano Carlos Delcl\u00f3sProjecte PaDC<\/p>\n","protected":false},"author":2,"featured_media":0,"parent":0,"menu_order":0,"comment_status":"closed","ping_status":"closed","template":"","meta":{"_et_pb_use_builder":"on","_et_pb_old_content":"","_et_gb_content_width":"","footnotes":""},"class_list":["post-16949","page","type-page","status-publish","hentry"],"_links":{"self":[{"href":"https:\/\/igop.uab.cat\/es\/wp-json\/wp\/v2\/pages\/16949","targetHints":{"allow":["GET"]}}],"collection":[{"href":"https:\/\/igop.uab.cat\/es\/wp-json\/wp\/v2\/pages"}],"about":[{"href":"https:\/\/igop.uab.cat\/es\/wp-json\/wp\/v2\/types\/page"}],"author":[{"embeddable":true,"href":"https:\/\/igop.uab.cat\/es\/wp-json\/wp\/v2\/users\/2"}],"replies":[{"embeddable":true,"href":"https:\/\/igop.uab.cat\/es\/wp-json\/wp\/v2\/comments?post=16949"}],"version-history":[{"count":138,"href":"https:\/\/igop.uab.cat\/es\/wp-json\/wp\/v2\/pages\/16949\/revisions"}],"predecessor-version":[{"id":28676,"href":"https:\/\/igop.uab.cat\/es\/wp-json\/wp\/v2\/pages\/16949\/revisions\/28676"}],"wp:attachment":[{"href":"https:\/\/igop.uab.cat\/es\/wp-json\/wp\/v2\/media?parent=16949"}],"curies":[{"name":"wp","href":"https:\/\/api.w.org\/{rel}","templated":true}]}}