{"id":16943,"date":"2023-02-24T10:16:04","date_gmt":"2023-02-24T09:16:04","guid":{"rendered":"https:\/\/igop.uab.cat\/profesorado\/"},"modified":"2026-02-17T14:06:40","modified_gmt":"2026-02-17T13:06:40","slug":"profesorado","status":"publish","type":"page","link":"https:\/\/igop.uab.cat\/es\/profesorado\/","title":{"rendered":"Personal Docente Investigador"},"content":{"rendered":"<p>[et_pb_section fb_built=\u00bb1&#8243; _builder_version=\u00bb4.17.3&#8243; _module_preset=\u00bbdefault\u00bb global_colors_info=\u00bb{}\u00bb][et_pb_row _builder_version=\u00bb4.17.3&#8243; _module_preset=\u00bbdefault\u00bb global_colors_info=\u00bb{}\u00bb][et_pb_column type=\u00bb4_4&#8243; _builder_version=\u00bb4.17.3&#8243; _module_preset=\u00bbdefault\u00bb global_colors_info=\u00bb{}\u00bb][et_pb_text _builder_version=\u00bb4.17.3&#8243; _module_preset=\u00bbdefault\u00bb global_colors_info=\u00bb{}\u00bb]<\/p>\n<h3 style=\"text-align: center;\"><strong>Coordinaci\u00f3n<\/strong><\/h3>\n<p>[\/et_pb_text][\/et_pb_column][\/et_pb_row][et_pb_row column_structure=\u00bb1_3,1_3,1_3&#8243; _builder_version=\u00bb4.17.3&#8243; _module_preset=\u00bbdefault\u00bb global_colors_info=\u00bb{}\u00bb][et_pb_column type=\u00bb1_3&#8243; _builder_version=\u00bb4.17.3&#8243; _module_preset=\u00bbdefault\u00bb global_colors_info=\u00bb{}\u00bb][et_pb_text _builder_version=\u00bb4.24.3&#8243; _module_preset=\u00bbdefault\u00bb link_text_color=\u00bb#0C71C3&#8243; global_colors_info=\u00bb{}\u00bb]<\/p>\n<p style=\"text-align: center;\"><strong><img loading=\"lazy\" decoding=\"async\" class=\"aligncenter wp-image-16408 size-thumbnail\" src=\"https:\/\/igop.uab.cat\/wp-content\/uploads\/2023\/02\/Marga-Leon-IGOP-2023-150x150.jpg\" alt=\"Margarita Le\u00f3n IGOP 2023\" width=\"150\" height=\"150\" srcset=\"https:\/\/igop.uab.cat\/wp-content\/uploads\/2023\/02\/Marga-Leon-IGOP-2023-150x150.jpg 150w, https:\/\/igop.uab.cat\/wp-content\/uploads\/2023\/02\/Marga-Leon-IGOP-2023.jpg 202w\" sizes=\"(max-width: 150px) 100vw, 150px\" \/><\/strong><\/p>\n<p style=\"text-align: center;\"><strong>Margarita Le\u00f3n<\/strong><br \/><a href=\"https:\/\/igop.uab.cat\/es\/2023\/02\/03\/margarita-leon\/\">Directora<\/a><\/p>\n<p>[\/et_pb_text][et_pb_text disabled_on=\u00bbon|on|on\u00bb _builder_version=\u00bb4.24.3&#8243; _module_preset=\u00bbdefault\u00bb link_text_color=\u00bb#0C71C3&#8243; disabled=\u00bbon\u00bb global_colors_info=\u00bb{}\u00bb]<\/p>\n<p style=\"text-align: center;\"><strong><img loading=\"lazy\" decoding=\"async\" class=\"wp-image-15558 size-full aligncenter\" src=\"https:\/\/igop.uab.cat\/wp-content\/uploads\/2023\/01\/ISMAEL-BLANCO.png\" alt=\"Ismael Blanco IGOP\" width=\"150\" height=\"150\"><\/strong><\/p>\n<p style=\"text-align: center;\"><strong>Ismael Blanco<\/strong><br \/><a href=\"https:\/\/igop.uab.cat\/es\/2023\/01\/31\/ismael-blanco\/\">Director<\/a><\/p>\n<p>[\/et_pb_text][et_pb_text disabled_on=\u00bbon|on|on\u00bb _builder_version=\u00bb4.24.3&#8243; _module_preset=\u00bbdefault\u00bb link_text_color=\u00bb#0C71C3&#8243; disabled=\u00bbon\u00bb global_colors_info=\u00bb{}\u00bb]<\/p>\n<p style=\"text-align: center;\"><strong><img loading=\"lazy\" decoding=\"async\" class=\"wp-image-15567 size-full aligncenter\" src=\"https:\/\/igop.uab.cat\/wp-content\/uploads\/2023\/01\/Lara-Maestripieri.jpg\" alt=\"Lara Maestripieri IGOP\" width=\"150\" height=\"150\"><\/strong><\/p>\n<p style=\"text-align: center;\"><strong>Lara Maestripieri<\/strong><br \/><a href=\"https:\/\/igop.uab.cat\/es\/2025\/10\/09\/lara-maestripieri\/\" data-wplink-edit=\"true\">Coordinaci\u00f3n Doctorado<\/a><\/p>\n<p>[\/et_pb_text][\/et_pb_column][et_pb_column type=\u00bb1_3&#8243; _builder_version=\u00bb4.17.3&#8243; _module_preset=\u00bbdefault\u00bb global_colors_info=\u00bb{}\u00bb][et_pb_text _builder_version=\u00bb4.24.3&#8243; _module_preset=\u00bbdefault\u00bb link_text_color=\u00bb#0C71C3&#8243; global_colors_info=\u00bb{}\u00bb]<\/p>\n<p style=\"text-align: center;\"><strong><img loading=\"lazy\" decoding=\"async\" class=\"wp-image-15561 size-full aligncenter\" src=\"https:\/\/igop.uab.cat\/wp-content\/uploads\/2023\/01\/Ixchel-Perez-IGOP.jpg\" alt=\"Ixchel P\u00e9rez IGOP\" width=\"150\" height=\"150\"><\/strong><\/p>\n<p style=\"text-align: center;\"><strong>Ixchel P\u00e9rez<br \/><\/strong><a href=\"https:\/\/igop.uab.cat\/es\/2023\/02\/07\/ixchel-perez-duran\/\">Secretar\u00eda<\/a><\/p>\n<p>[\/et_pb_text][et_pb_text disabled_on=\u00bbon|on|on\u00bb _builder_version=\u00bb4.24.3&#8243; _module_preset=\u00bbdefault\u00bb link_text_color=\u00bb#0C71C3&#8243; disabled=\u00bbon\u00bb global_colors_info=\u00bb{}\u00bb]<\/p>\n<p style=\"text-align: center;\"><strong><img loading=\"lazy\" decoding=\"async\" class=\"aligncenter wp-image-16790 size-thumbnail\" src=\"https:\/\/igop.uab.cat\/wp-content\/uploads\/2023\/02\/Raquel-Gallego-IGOP-150x150.jpg\" alt=\"Raquel Gallego IGOP\" width=\"150\" height=\"150\" srcset=\"https:\/\/igop.uab.cat\/wp-content\/uploads\/2023\/02\/Raquel-Gallego-IGOP-150x150.jpg 150w, https:\/\/igop.uab.cat\/wp-content\/uploads\/2023\/02\/Raquel-Gallego-IGOP.jpg 198w\" sizes=\"(max-width: 150px) 100vw, 150px\" \/><\/strong><\/p>\n<p style=\"text-align: center;\"><strong>Raquel Gallego<\/strong><br \/><a href=\"https:\/\/igop.uab.cat\/es\/2023\/02\/03\/raquel-gallego\/\">Secretaria IGOP \/ Coord. Doctorado <\/a><\/p>\n<p>[\/et_pb_text][\/et_pb_column][et_pb_column type=\u00bb1_3&#8243; _builder_version=\u00bb4.17.3&#8243; _module_preset=\u00bbdefault\u00bb global_colors_info=\u00bb{}\u00bb][et_pb_text _builder_version=\u00bb4.24.3&#8243; _module_preset=\u00bbdefault\u00bb link_text_color=\u00bb#0C71C3&#8243; global_colors_info=\u00bb{}\u00bb]<\/p>\n<p style=\"text-align: center;\"><strong><img loading=\"lazy\" decoding=\"async\" class=\"aligncenter wp-image-15604 size-full\" src=\"https:\/\/igop.uab.cat\/wp-content\/uploads\/2023\/01\/ERNESTO-MORALES.png\" alt=\"Ernesto Morales IGOP\" width=\"150\" height=\"150\"><\/strong><\/p>\n<p style=\"text-align: center;\"><strong>Ernesto Morales<br \/><\/strong><a href=\"https:\/\/igop.uab.cat\/es\/2023\/02\/09\/ernesto-morales\/\">Promotor Escuela IGOP<\/a><\/p>\n<p>[\/et_pb_text][\/et_pb_column][\/et_pb_row][et_pb_row _builder_version=\u00bb4.17.3&#8243; _module_preset=\u00bbdefault\u00bb global_colors_info=\u00bb{}\u00bb][et_pb_column type=\u00bb4_4&#8243; _builder_version=\u00bb4.17.3&#8243; _module_preset=\u00bbdefault\u00bb global_colors_info=\u00bb{}\u00bb][et_pb_text _builder_version=\u00bb4.24.3&#8243; _module_preset=\u00bbdefault\u00bb global_colors_info=\u00bb{}\u00bb]<\/p>\n<h3 style=\"text-align: center;\"><strong>Personal Docente Investigador<\/strong><\/h3>\n<p>[\/et_pb_text][\/et_pb_column][\/et_pb_row][et_pb_row column_structure=\u00bb1_5,1_5,1_5,1_5,1_5&#8243; _builder_version=\u00bb4.17.3&#8243; _module_preset=\u00bbdefault\u00bb global_colors_info=\u00bb{}\u00bb][et_pb_column type=\u00bb1_5&#8243; _builder_version=\u00bb4.17.3&#8243; _module_preset=\u00bbdefault\u00bb global_colors_info=\u00bb{}\u00bb][et_pb_text _builder_version=\u00bb4.24.3&#8243; _module_preset=\u00bbdefault\u00bb link_text_color=\u00bb#0C71C3&#8243; global_colors_info=\u00bb{}\u00bb]<\/p>\n<p style=\"text-align: center;\"><strong><img loading=\"lazy\" decoding=\"async\" class=\"wp-image-15552 size-full aligncenter\" src=\"https:\/\/igop.uab.cat\/wp-content\/uploads\/2023\/01\/Eva-Anduiza-IGOP.jpg\" alt=\"Eva Anduiza IGOP\" width=\"150\" height=\"150\"><\/strong><\/p>\n<p style=\"text-align: center;\"><a href=\"https:\/\/igop.uab.cat\/es\/2023\/06\/19\/eva-anduiza\/\">Eva Anduiza<\/a><br \/><strong>Catedr\u00e1tica<\/strong><\/p>\n<p>[\/et_pb_text][\/et_pb_column][et_pb_column type=\u00bb1_5&#8243; _builder_version=\u00bb4.17.3&#8243; _module_preset=\u00bbdefault\u00bb global_colors_info=\u00bb{}\u00bb][et_pb_text _builder_version=\u00bb4.24.3&#8243; _module_preset=\u00bbdefault\u00bb link_text_color=\u00bb#0C71C3&#8243; global_colors_info=\u00bb{}\u00bb]<\/p>\n<p style=\"text-align: center;\"><strong><img loading=\"lazy\" decoding=\"async\" class=\"wp-image-15594 size-full aligncenter\" src=\"https:\/\/igop.uab.cat\/wp-content\/uploads\/2023\/01\/Xavier-Ballart-IGOP.jpg\" alt=\"Xavier Ballart IGOP\" width=\"150\" height=\"150\"><\/strong><\/p>\n<p style=\"text-align: center;\"><a href=\"https:\/\/igop.uab.cat\/es\/?p=16057\">Xavier Ballart<\/a><br \/><strong>Catedr\u00e1tico<\/strong><\/p>\n<p>[\/et_pb_text][\/et_pb_column][et_pb_column type=\u00bb1_5&#8243; _builder_version=\u00bb4.17.3&#8243; _module_preset=\u00bbdefault\u00bb global_colors_info=\u00bb{}\u00bb][et_pb_text _builder_version=\u00bb4.24.3&#8243; _module_preset=\u00bbdefault\u00bb link_text_color=\u00bb#0C71C3&#8243; global_colors_info=\u00bb{}\u00bb]<\/p>\n<p style=\"text-align: center;\"><strong><img loading=\"lazy\" decoding=\"async\" class=\"aligncenter wp-image-15939 size-thumbnail\" src=\"https:\/\/igop.uab.cat\/wp-content\/uploads\/2023\/01\/Xavier-Bonal-IGOP-2023-150x150.jpg\" alt=\"Xavier Bonal IGOP\" width=\"150\" height=\"150\" srcset=\"https:\/\/igop.uab.cat\/wp-content\/uploads\/2023\/01\/Xavier-Bonal-IGOP-2023-150x150.jpg 150w, https:\/\/igop.uab.cat\/wp-content\/uploads\/2023\/01\/Xavier-Bonal-IGOP-2023.jpg 200w\" sizes=\"(max-width: 150px) 100vw, 150px\" \/><\/strong><\/p>\n<p style=\"text-align: center;\"><a href=\"https:\/\/igop.uab.cat\/es\/2023\/02\/06\/xavier-bonal\/\">Xavier Bonal<\/a><br \/><strong>Catedr\u00e1tico<\/strong><\/p>\n<p>[\/et_pb_text][\/et_pb_column][et_pb_column type=\u00bb1_5&#8243; _builder_version=\u00bb4.17.3&#8243; _module_preset=\u00bbdefault\u00bb global_colors_info=\u00bb{}\u00bb][et_pb_text _builder_version=\u00bb4.24.3&#8243; _module_preset=\u00bbdefault\u00bb link_text_color=\u00bb#0C71C3&#8243; global_colors_info=\u00bb{}\u00bb]<\/p>\n<p style=\"text-align: center;\"><strong><img loading=\"lazy\" decoding=\"async\" class=\"wp-image-15558 size-full aligncenter\" src=\"https:\/\/igop.uab.cat\/wp-content\/uploads\/2023\/01\/ISMAEL-BLANCO.png\" alt=\"Ismael Blanco IGOP\" width=\"150\" height=\"150\"><\/strong><\/p>\n<p style=\"text-align: center;\"><a href=\"https:\/\/igop.uab.cat\/es\/2023\/01\/31\/ismael-blanco\/\">Ismael Blanco<\/a><br \/><strong>Catedr\u00e1tico<\/strong><\/p>\n<p>[\/et_pb_text][\/et_pb_column][et_pb_column type=\u00bb1_5&#8243; _builder_version=\u00bb4.17.3&#8243; _module_preset=\u00bbdefault\u00bb global_colors_info=\u00bb{}\u00bb][et_pb_text _builder_version=\u00bb4.24.3&#8243; _module_preset=\u00bbdefault\u00bb link_text_color=\u00bb#0C71C3&#8243; global_colors_info=\u00bb{}\u00bb]<\/p>\n<p style=\"text-align: center;\"><strong><img loading=\"lazy\" decoding=\"async\" class=\"wp-image-15546 size-full aligncenter\" src=\"https:\/\/igop.uab.cat\/wp-content\/uploads\/2023\/01\/Carlos-Delclos-IGOP.jpg\" alt=\"Carlos Delcl\u00f3s IGOP\" width=\"150\" height=\"150\"><\/strong><\/p>\n<p style=\"text-align: center;\"><a href=\"https:\/\/igop.uab.cat\/es\/2023\/02\/07\/carlos-delclos\/\">Carlos Delcl\u00f3s<\/a><br \/><strong>Lector<\/strong><\/p>\n<p style=\"text-align: center;\"><strong> <\/strong><\/p>\n<p>[\/et_pb_text][\/et_pb_column][\/et_pb_row][et_pb_row column_structure=\u00bb1_5,1_5,1_5,1_5,1_5&#8243; _builder_version=\u00bb4.17.3&#8243; _module_preset=\u00bbdefault\u00bb global_colors_info=\u00bb{}\u00bb][et_pb_column type=\u00bb1_5&#8243; _builder_version=\u00bb4.17.3&#8243; _module_preset=\u00bbdefault\u00bb global_colors_info=\u00bb{}\u00bb][et_pb_text _builder_version=\u00bb4.24.3&#8243; _module_preset=\u00bbdefault\u00bb link_text_color=\u00bb#0C71C3&#8243; global_colors_info=\u00bb{}\u00bb]<\/p>\n<p><strong><img loading=\"lazy\" decoding=\"async\" class=\"wp-image-19131 size-thumbnail aligncenter\" src=\"https:\/\/igop.uab.cat\/wp-content\/uploads\/2023\/12\/Daniel-Edmiston-directori-150x150.png\" sizes=\"(max-width: 150px) 100vw, 150px\" srcset=\"https:\/\/igop.uab.cat\/wp-content\/uploads\/2023\/12\/Daniel-Edmiston-directori-150x150.png 150w, https:\/\/igop.uab.cat\/wp-content\/uploads\/2023\/12\/Daniel-Edmiston-directori.png 238w\" alt=\"Daniel Edmiston\" width=\"150\" height=\"150\"><\/strong><\/p>\n<p style=\"text-align: center;\"><a href=\"https:\/\/igop.uab.cat\/es\/2023\/12\/15\/daniel-edmiston\/\">Daniel Edmiston<\/a><br \/><strong>Agregado<\/strong><\/p>\n<p>[\/et_pb_text][\/et_pb_column][et_pb_column type=\u00bb1_5&#8243; _builder_version=\u00bb4.17.3&#8243; _module_preset=\u00bbdefault\u00bb global_colors_info=\u00bb{}\u00bb][et_pb_text _builder_version=\u00bb4.24.3&#8243; _module_preset=\u00bbdefault\u00bb link_text_color=\u00bb#0C71C3&#8243; global_colors_info=\u00bb{}\u00bb]<\/p>\n<p style=\"text-align: center;\"><strong><img loading=\"lazy\" decoding=\"async\" class=\"aligncenter wp-image-16707 size-thumbnail\" src=\"https:\/\/igop.uab.cat\/wp-content\/uploads\/2023\/02\/Josep-Lluis-Espluga-IGOP-150x150.jpg\" alt=\"Pep Espluga IGOP\" width=\"150\" height=\"150\" srcset=\"https:\/\/igop.uab.cat\/wp-content\/uploads\/2023\/02\/Josep-Lluis-Espluga-IGOP-150x150.jpg 150w, https:\/\/igop.uab.cat\/wp-content\/uploads\/2023\/02\/Josep-Lluis-Espluga-IGOP.jpg 170w\" sizes=\"(max-width: 150px) 100vw, 150px\" \/><\/strong><\/p>\n<p style=\"text-align: center;\"><a href=\"https:\/\/igop.uab.cat\/es\/2023\/02\/06\/josep-espluga\/\">Josep Llu\u00eds Espluga<\/a><br \/><strong>Agregado<\/strong><\/p>\n<p>[\/et_pb_text][\/et_pb_column][et_pb_column type=\u00bb1_5&#8243; _builder_version=\u00bb4.17.3&#8243; _module_preset=\u00bbdefault\u00bb global_colors_info=\u00bb{}\u00bb][et_pb_text _builder_version=\u00bb4.24.3&#8243; _module_preset=\u00bbdefault\u00bb link_text_color=\u00bb#0C71C3&#8243; global_colors_info=\u00bb{}\u00bb]<\/p>\n<p style=\"text-align: center;\"><strong><img loading=\"lazy\" decoding=\"async\" class=\"aligncenter wp-image-16790 size-thumbnail\" src=\"https:\/\/igop.uab.cat\/wp-content\/uploads\/2023\/02\/Raquel-Gallego-IGOP-150x150.jpg\" alt=\"Raquel Gallego IGOP\" width=\"150\" height=\"150\" srcset=\"https:\/\/igop.uab.cat\/wp-content\/uploads\/2023\/02\/Raquel-Gallego-IGOP-150x150.jpg 150w, https:\/\/igop.uab.cat\/wp-content\/uploads\/2023\/02\/Raquel-Gallego-IGOP.jpg 198w\" sizes=\"(max-width: 150px) 100vw, 150px\" \/><\/strong><\/p>\n<p style=\"text-align: center;\"><a href=\"https:\/\/igop.uab.cat\/es\/2023\/02\/03\/raquel-gallego\/\" target=\"_blank\" rel=\"noopener\">Raquel Gallego<\/a><br \/><strong>Catedr\u00e1tica<\/strong><\/p>\n<p>[\/et_pb_text][\/et_pb_column][et_pb_column type=\u00bb1_5&#8243; _builder_version=\u00bb4.17.3&#8243; _module_preset=\u00bbdefault\u00bb global_colors_info=\u00bb{}\u00bb][et_pb_text _builder_version=\u00bb4.24.3&#8243; _module_preset=\u00bbdefault\u00bb link_text_color=\u00bb#0C71C3&#8243; global_colors_info=\u00bb{}\u00bb]<\/p>\n<p style=\"text-align: center;\"><strong><img loading=\"lazy\" decoding=\"async\" class=\"wp-image-27337 size-thumbnail aligncenter\" src=\"https:\/\/igop.uab.cat\/wp-content\/uploads\/2023\/02\/Ricard-Goma-2026-150x150.jpg\" alt=\"Ricard Gom\u00e0\" width=\"150\" height=\"150\"><\/strong><\/p>\n<p style=\"text-align: center;\"><a href=\"https:\/\/igop.uab.cat\/es\/2023\/06\/19\/ricard-goma\/\">Ricard Gom\u00e0<\/a><br \/><strong>Titular<\/strong><\/p>\n<p>[\/et_pb_text][\/et_pb_column][et_pb_column type=\u00bb1_5&#8243; _builder_version=\u00bb4.17.3&#8243; _module_preset=\u00bbdefault\u00bb global_colors_info=\u00bb{}\u00bb][et_pb_text _builder_version=\u00bb4.24.3&#8243; _module_preset=\u00bbdefault\u00bb link_text_color=\u00bb#0C71C3&#8243; global_colors_info=\u00bb{}\u00bb]<\/p>\n<p style=\"text-align: center;\"><strong><img loading=\"lazy\" decoding=\"async\" class=\"wp-image-15549 size-full aligncenter\" src=\"https:\/\/igop.uab.cat\/wp-content\/uploads\/2023\/01\/Enrique-Hernandez-IGOP.jpg\" alt=\"Enrique Hernandez IGOP\" width=\"150\" height=\"150\"><\/strong><\/p>\n<p style=\"text-align: center;\"><a href=\"https:\/\/igop.uab.cat\/es\/2023\/06\/19\/enrique-hernandez\/\">Enrique Hern\u00e1ndez<\/a><br \/><strong>Agregado<\/strong><\/p>\n<p>[\/et_pb_text][\/et_pb_column][\/et_pb_row][et_pb_row column_structure=\u00bb1_5,1_5,1_5,1_5,1_5&#8243; _builder_version=\u00bb4.17.3&#8243; _module_preset=\u00bbdefault\u00bb global_colors_info=\u00bb{}\u00bb][et_pb_column type=\u00bb1_5&#8243; _builder_version=\u00bb4.17.3&#8243; _module_preset=\u00bbdefault\u00bb global_colors_info=\u00bb{}\u00bb][et_pb_text _builder_version=\u00bb4.24.3&#8243; _module_preset=\u00bbdefault\u00bb link_text_color=\u00bb#0C71C3&#8243; global_colors_info=\u00bb{}\u00bb]<\/p>\n<p><strong><img loading=\"lazy\" decoding=\"async\" class=\"wp-image-15567 size-full aligncenter\" src=\"https:\/\/igop.uab.cat\/wp-content\/uploads\/2023\/01\/Lara-Maestripieri.jpg\" alt=\"Lara Maestripieri IGOP\" width=\"150\" height=\"150\"><\/strong><\/p>\n<p style=\"text-align: center;\"><a href=\"https:\/\/igop.uab.cat\/es\/2025\/10\/09\/lara-maestripieri\/\">Lara Maestripieri<\/a><br \/><strong><span data-olk-copy-source=\"MessageBody\">Lector Serra Hunter<\/span><\/strong><\/p>\n<p>[\/et_pb_text][et_pb_text disabled_on=\u00bbon|on|on\u00bb _builder_version=\u00bb4.24.3&#8243; _module_preset=\u00bbdefault\u00bb link_text_color=\u00bb#0C71C3&#8243; disabled=\u00bbon\u00bb global_colors_info=\u00bb{}\u00bb]<\/p>\n<p style=\"text-align: center;\"><strong><img loading=\"lazy\" decoding=\"async\" class=\"aligncenter wp-image-16408 size-thumbnail\" src=\"https:\/\/igop.uab.cat\/wp-content\/uploads\/2023\/02\/Marga-Leon-IGOP-2023-150x150.jpg\" alt=\"Margarita Le\u00f3n IGOP 2023\" width=\"150\" height=\"150\" srcset=\"https:\/\/igop.uab.cat\/wp-content\/uploads\/2023\/02\/Marga-Leon-IGOP-2023-150x150.jpg 150w, https:\/\/igop.uab.cat\/wp-content\/uploads\/2023\/02\/Marga-Leon-IGOP-2023.jpg 202w\" sizes=\"(max-width: 150px) 100vw, 150px\" \/><\/strong><\/p>\n<p style=\"text-align: center;\"><a href=\"https:\/\/igop.uab.cat\/es\/2023\/02\/03\/margarita-leon\/\">Margarita Le\u00f3n<\/a><br \/><strong>Catedr\u00e1tica<\/strong><\/p>\n<p>[\/et_pb_text][\/et_pb_column][et_pb_column type=\u00bb1_5&#8243; _builder_version=\u00bb4.17.3&#8243; _module_preset=\u00bbdefault\u00bb global_colors_info=\u00bb{}\u00bb][et_pb_text _builder_version=\u00bb4.24.3&#8243; _module_preset=\u00bbdefault\u00bb link_text_color=\u00bb#0C71C3&#8243; global_colors_info=\u00bb{}\u00bb]<\/p>\n<p style=\"text-align: center;\"><strong><img loading=\"lazy\" decoding=\"async\" class=\"aligncenter wp-image-16767 size-full\" src=\"https:\/\/igop.uab.cat\/wp-content\/uploads\/2023\/02\/Dani-Marinova-IGOP.jpg\" alt=\"Dani Marinova IGOP\" width=\"150\" height=\"150\"><\/strong><\/p>\n<p style=\"text-align: center;\"><a href=\"https:\/\/igop.uab.cat\/es\/?p=16048\">Dani Marinova<\/a><br \/><strong>Agregada<\/strong><\/p>\n<p>[\/et_pb_text][\/et_pb_column][et_pb_column type=\u00bb1_5&#8243; _builder_version=\u00bb4.17.3&#8243; _module_preset=\u00bbdefault\u00bb global_colors_info=\u00bb{}\u00bb][et_pb_text _builder_version=\u00bb4.24.3&#8243; _module_preset=\u00bbdefault\u00bb link_text_color=\u00bb#0C71C3&#8243; global_colors_info=\u00bb{}\u00bb]<\/p>\n<p style=\"text-align: center;\"><strong><img loading=\"lazy\" decoding=\"async\" class=\"aligncenter wp-image-21237 size-thumbnail\" src=\"https:\/\/igop.uab.cat\/wp-content\/uploads\/2024\/09\/Oriol-Nello-UAB-150x150.png\" alt=\"Oriol Nello\" width=\"150\" height=\"150\" srcset=\"https:\/\/igop.uab.cat\/wp-content\/uploads\/2024\/09\/Oriol-Nello-UAB-150x150.png 150w, https:\/\/igop.uab.cat\/wp-content\/uploads\/2024\/09\/Oriol-Nello-UAB.png 155w\" sizes=\"(max-width: 150px) 100vw, 150px\" \/><\/strong><\/p>\n<p style=\"text-align: center;\"><a href=\"https:\/\/igop.uab.cat\/es\/2024\/09\/27\/oriol-nel%c2%b7lo\/\">Oriol Nel\u00b7lo<\/a><br \/><strong>Titular<\/strong><\/p>\n<p>[\/et_pb_text][\/et_pb_column][et_pb_column type=\u00bb1_5&#8243; _builder_version=\u00bb4.17.3&#8243; _module_preset=\u00bbdefault\u00bb global_colors_info=\u00bb{}\u00bb][et_pb_text _builder_version=\u00bb4.24.3&#8243; _module_preset=\u00bbdefault\u00bb link_text_color=\u00bb#0C71C3&#8243; global_colors_info=\u00bb{}\u00bb]<\/p>\n<p style=\"text-align: center;\"><strong><img loading=\"lazy\" decoding=\"async\" class=\"wp-image-15555 size-full aligncenter\" src=\"https:\/\/igop.uab.cat\/wp-content\/uploads\/2023\/01\/Eva-Ortergaard-IGOP.jpg\" alt=\"Eva Ostergaard-Nielsen IGOP\" width=\"150\" height=\"150\"><\/strong><\/p>\n<p style=\"text-align: center;\"><a href=\"https:\/\/igop.uab.cat\/es\/2023\/02\/07\/eva-ostergaard-nielsen\/\">Eva Ostergaard-Nielsen<\/a><br \/><strong>Catedr\u00e1tica<\/strong><\/p>\n<p>[\/et_pb_text][\/et_pb_column][et_pb_column type=\u00bb1_5&#8243; _builder_version=\u00bb4.17.3&#8243; _module_preset=\u00bbdefault\u00bb global_colors_info=\u00bb{}\u00bb][et_pb_text _builder_version=\u00bb4.24.3&#8243; _module_preset=\u00bbdefault\u00bb link_text_color=\u00bb#0C71C3&#8243; global_colors_info=\u00bb{}\u00bb]<\/p>\n<p style=\"text-align: center;\"><strong><img loading=\"lazy\" decoding=\"async\" class=\"aligncenter wp-image-24096 size-thumbnail\" src=\"https:\/\/igop.uab.cat\/wp-content\/uploads\/2025\/03\/Marc-Pares-150x150.jpg\" alt=\"Marc Par\u00e9s Franzi\" width=\"150\" height=\"150\" srcset=\"https:\/\/igop.uab.cat\/wp-content\/uploads\/2025\/03\/Marc-Pares-150x150.jpg 150w, https:\/\/igop.uab.cat\/wp-content\/uploads\/2025\/03\/Marc-Pares-300x300.jpg 300w, https:\/\/igop.uab.cat\/wp-content\/uploads\/2025\/03\/Marc-Pares.jpg 400w\" sizes=\"(max-width: 150px) 100vw, 150px\" \/><\/strong><\/p>\n<p style=\"text-align: center;\"><a href=\"https:\/\/igop.uab.cat\/es\/2025\/03\/25\/marc-pares\/\">Marc Par\u00e9s<\/a><br \/><strong>Catedr\u00e1tico<\/strong><\/p>\n<p>[\/et_pb_text][\/et_pb_column][\/et_pb_row][et_pb_row column_structure=\u00bb1_5,1_5,1_5,1_5,1_5&#8243; _builder_version=\u00bb4.17.3&#8243; _module_preset=\u00bbdefault\u00bb global_colors_info=\u00bb{}\u00bb][et_pb_column type=\u00bb1_5&#8243; _builder_version=\u00bb4.17.3&#8243; _module_preset=\u00bbdefault\u00bb global_colors_info=\u00bb{}\u00bb][et_pb_text _builder_version=\u00bb4.24.3&#8243; _module_preset=\u00bbdefault\u00bb link_text_color=\u00bb#0C71C3&#8243; global_colors_info=\u00bb{}\u00bb]<\/p>\n<p style=\"text-align: center;\"><strong><img loading=\"lazy\" decoding=\"async\" class=\"wp-image-15579 size-full aligncenter\" src=\"https:\/\/igop.uab.cat\/wp-content\/uploads\/2023\/01\/Oscar-Rebollo-IGOP.jpg\" alt=\"Oscar Rebollo IGOP\" width=\"150\" height=\"150\"><\/strong><\/p>\n<p style=\"text-align: center;\"><a href=\"https:\/\/igop.uab.cat\/es\/2023\/02\/07\/oscar-rebollo\/\" target=\"_blank\" rel=\"noopener\">\u00d2scar Rebollo<\/a><br \/><strong>Titular<\/strong><\/p>\n<p>[\/et_pb_text][et_pb_text _builder_version=\u00bb4.24.3&#8243; _module_preset=\u00bbdefault\u00bb link_text_color=\u00bb#0C71C3&#8243; hover_enabled=\u00bb0&#8243; global_colors_info=\u00bb{}\u00bb disabled_on=\u00bbon|on|on\u00bb disabled=\u00bbon\u00bb sticky_enabled=\u00bb0&#8243;]<\/p>\n<p style=\"text-align: center;\"><strong><img loading=\"lazy\" decoding=\"async\" class=\"wp-image-15561 size-full aligncenter\" src=\"https:\/\/igop.uab.cat\/wp-content\/uploads\/2023\/01\/Ixchel-Perez-IGOP.jpg\" alt=\"Ixchel P\u00e9rez IGOP\" width=\"150\" height=\"150\"><\/strong><\/p>\n<p style=\"text-align: center;\"><a href=\"https:\/\/igop.uab.cat\/es\/2023\/02\/07\/ixchel-perez-duran\/\">Ixchel P\u00e9rez<\/a><br \/><strong>Agregada<\/strong><\/p>\n<p>[\/et_pb_text][\/et_pb_column][et_pb_column type=\u00bb1_5&#8243; _builder_version=\u00bb4.17.3&#8243; _module_preset=\u00bbdefault\u00bb global_colors_info=\u00bb{}\u00bb][et_pb_text _builder_version=\u00bb4.24.3&#8243; _module_preset=\u00bbdefault\u00bb link_text_color=\u00bb#0C71C3&#8243; global_colors_info=\u00bb{}\u00bb]<\/p>\n<p style=\"text-align: center;\"><strong><img loading=\"lazy\" decoding=\"async\" class=\"aligncenter wp-image-23681 size-thumbnail\" src=\"https:\/\/igop.uab.cat\/wp-content\/uploads\/2025\/02\/Joan-Subirats-Humet-150x150.jpg\" alt=\"Joan Subirats\" width=\"150\" height=\"150\" srcset=\"https:\/\/igop.uab.cat\/wp-content\/uploads\/2025\/02\/Joan-Subirats-Humet-150x150.jpg 150w, https:\/\/igop.uab.cat\/wp-content\/uploads\/2025\/02\/Joan-Subirats-Humet.jpg 168w\" sizes=\"(max-width: 150px) 100vw, 150px\" \/><\/strong><\/p>\n<p style=\"text-align: center;\">Joan Subirats<br \/><strong>Catedr\u00e1tico em\u00e9rito<\/strong><\/p>\n<p>[\/et_pb_text][\/et_pb_column][et_pb_column type=\u00bb1_5&#8243; _builder_version=\u00bb4.17.3&#8243; _module_preset=\u00bbdefault\u00bb global_colors_info=\u00bb{}\u00bb][et_pb_text _builder_version=\u00bb4.24.3&#8243; _module_preset=\u00bbdefault\u00bb link_text_color=\u00bb#0C71C3&#8243; global_colors_info=\u00bb{}\u00bb]<\/p>\n<p style=\"text-align: center;\"><strong><img loading=\"lazy\" decoding=\"async\" class=\"aligncenter wp-image-16392 size-full\" src=\"https:\/\/igop.uab.cat\/wp-content\/uploads\/2023\/02\/Toni-Verger-IGOP-2023.jpg\" alt=\"Toni Verger IGOP\" width=\"150\" height=\"150\"><\/strong><\/p>\n<p style=\"text-align: center;\"><a href=\"https:\/\/igop.uab.cat\/es\/2023\/02\/07\/antoni-verger\/\">Toni Verger<\/a><br \/><strong>Catedr\u00e1tico<\/strong><\/p>\n<p>[\/et_pb_text][\/et_pb_column][et_pb_column type=\u00bb1_5&#8243; _builder_version=\u00bb4.17.3&#8243; _module_preset=\u00bbdefault\u00bb global_colors_info=\u00bb{}\u00bb][\/et_pb_column][et_pb_column type=\u00bb1_5&#8243; _builder_version=\u00bb4.17.3&#8243; _module_preset=\u00bbdefault\u00bb global_colors_info=\u00bb{}\u00bb][\/et_pb_column][\/et_pb_row][\/et_pb_section]<\/p>\n","protected":false},"excerpt":{"rendered":"<p>Coordinaci\u00f3n Margarita Le\u00f3nDirectora Ismael BlancoDirector Lara MaestripieriCoordinaci\u00f3n Doctorado Ixchel P\u00e9rezSecretar\u00eda Raquel GallegoSecretaria IGOP \/ Coord. Doctorado Ernesto MoralesPromotor Escuela IGOPPersonal Docente Investigador Eva AnduizaCatedr\u00e1tica Xavier BallartCatedr\u00e1tico Xavier BonalCatedr\u00e1tico Ismael BlancoCatedr\u00e1tico Carlos Delcl\u00f3sLector Daniel EdmistonAgregado Josep Llu\u00eds EsplugaAgregado Raquel GallegoCatedr\u00e1tica Ricard Gom\u00e0Titular Enrique Hern\u00e1ndezAgregado Lara MaestripieriLector Serra Hunter Margarita Le\u00f3nCatedr\u00e1tica Dani MarinovaAgregada Oriol Nel\u00b7loTitular Eva Ostergaard-NielsenCatedr\u00e1tica [&hellip;]<\/p>\n","protected":false},"author":2,"featured_media":0,"parent":0,"menu_order":0,"comment_status":"closed","ping_status":"closed","template":"","meta":{"_et_pb_use_builder":"on","_et_pb_old_content":"","_et_gb_content_width":"","footnotes":""},"class_list":["post-16943","page","type-page","status-publish","hentry"],"_links":{"self":[{"href":"https:\/\/igop.uab.cat\/es\/wp-json\/wp\/v2\/pages\/16943","targetHints":{"allow":["GET"]}}],"collection":[{"href":"https:\/\/igop.uab.cat\/es\/wp-json\/wp\/v2\/pages"}],"about":[{"href":"https:\/\/igop.uab.cat\/es\/wp-json\/wp\/v2\/types\/page"}],"author":[{"embeddable":true,"href":"https:\/\/igop.uab.cat\/es\/wp-json\/wp\/v2\/users\/2"}],"replies":[{"embeddable":true,"href":"https:\/\/igop.uab.cat\/es\/wp-json\/wp\/v2\/comments?post=16943"}],"version-history":[{"count":109,"href":"https:\/\/igop.uab.cat\/es\/wp-json\/wp\/v2\/pages\/16943\/revisions"}],"predecessor-version":[{"id":27404,"href":"https:\/\/igop.uab.cat\/es\/wp-json\/wp\/v2\/pages\/16943\/revisions\/27404"}],"wp:attachment":[{"href":"https:\/\/igop.uab.cat\/es\/wp-json\/wp\/v2\/media?parent=16943"}],"curies":[{"name":"wp","href":"https:\/\/api.w.org\/{rel}","templated":true}]}}