{"id":16916,"date":"2023-02-23T23:12:33","date_gmt":"2023-02-23T22:12:33","guid":{"rendered":"https:\/\/igop.uab.cat\/investigacion-igop\/"},"modified":"2026-03-16T14:22:56","modified_gmt":"2026-03-16T13:22:56","slug":"investigacion-igop","status":"publish","type":"page","link":"https:\/\/igop.uab.cat\/es\/investigacion-igop\/","title":{"rendered":"Investigaci\u00f3n IGOP"},"content":{"rendered":"<p>[et_pb_section fb_built=\u00bb1&#8243; admin_label=\u00bbsection\u00bb _builder_version=\u00bb4.16&#8243; global_colors_info=\u00bb{}\u00bb][et_pb_row admin_label=\u00bbrow\u00bb _builder_version=\u00bb4.16&#8243; background_size=\u00bbinitial\u00bb background_position=\u00bbtop_left\u00bb background_repeat=\u00bbrepeat\u00bb global_colors_info=\u00bb{}\u00bb][et_pb_column type=\u00bb4_4&#8243; _builder_version=\u00bb4.16&#8243; custom_padding=\u00bb|||\u00bb global_colors_info=\u00bb{}\u00bb custom_padding__hover=\u00bb|||\u00bb][et_pb_text _builder_version=\u00bb4.19.4&#8243; _module_preset=\u00bbdefault\u00bb global_colors_info=\u00bb{}\u00bb]<\/p>\n<h3 style=\"text-align: center;\">Grupos de investigaci\u00f3n \/ SGRs<\/h3>\n<p>[\/et_pb_text][\/et_pb_column][\/et_pb_row][et_pb_row column_structure=\u00bb1_2,1_2&#8243; _builder_version=\u00bb4.19.4&#8243; _module_preset=\u00bbdefault\u00bb global_colors_info=\u00bb{}\u00bb][et_pb_column type=\u00bb1_2&#8243; _builder_version=\u00bb4.19.4&#8243; _module_preset=\u00bbdefault\u00bb global_colors_info=\u00bb{}\u00bb][et_pb_image src=\u00bbhttps:\/\/igop.uab.cat\/wp-content\/uploads\/2023\/02\/i-GOP-SGR.jpg\u00bb alt=\u00bbSGR i-GOP\u00bb title_text=\u00bbi-GOP-SGR\u00bb _builder_version=\u00bb4.19.4&#8243; _module_preset=\u00bbdefault\u00bb global_colors_info=\u00bb{}\u00bb][\/et_pb_image][et_pb_text disabled_on=\u00bboff|off|off\u00bb _builder_version=\u00bb4.19.4&#8243; _module_preset=\u00bbdefault\u00bb link_text_color=\u00bb#0C71C3&#8243; global_colors_info=\u00bb{}\u00bb]<\/p>\n<h3><strong><b>i-GOP. Grupo de Estudios en Innovaci\u00f3n, Gobernanza y Pol\u00edticas P\u00fablica<\/b>s <span style=\"color: rgba(12, 113, 195, 0.75);\">[ i-GOP ]<\/span><\/strong><\/h3>\n<p><strong>Coordinaci\u00f3n:<\/strong> Margarita Le\u00f3n<br \/><a href=\"https:\/\/igop.uab.cat\/es\/sgr-i-gop\/\">https:\/\/igop.uab.cat\/sgr-i-gop\/<\/a><\/p>\n<p>[\/et_pb_text][et_pb_text _builder_version=\u00bb4.19.4&#8243; _module_preset=\u00bbdefault\u00bb global_colors_info=\u00bb{}\u00bb]<\/p>\n<p>Agrupados en torno al Instituto de Gobierno y Pol\u00edticas P\u00fablicas &#8211; IGOP &#8211; este grupo est\u00e1 firmemente comprometido con el avance cient\u00edfico, la formaci\u00f3n superior y la transferencia del conocimiento. Los \u00e1mbitos y problem\u00e1ticas de inter\u00e9s est\u00e1n relacionados con la innovaci\u00f3n de las pol\u00edticas p\u00fablicas y la gobernanza de sistemas sociales y pol\u00edticos complejos en perspectiva comparada, y desde distintos niveles de gobierno. Este grupo aspira a generar y compartir conocimiento sobre los grandes retos de las democracia contempor\u00e1neas. i-GOP lidera y participa en un elevado n\u00famero de proyectos de investigaci\u00f3n de \u00e1mbito europeo y nacional. Tambi\u00e9n mantiene una estrecha relaci\u00f3n con la investigaci\u00f3n aplicada vinculada a las administraciones p\u00fablicas y entidades sociales.<\/p>\n<p>[\/et_pb_text][\/et_pb_column][et_pb_column type=\u00bb1_2&#8243; _builder_version=\u00bb4.19.4&#8243; _module_preset=\u00bbdefault\u00bb global_colors_info=\u00bb{}\u00bb][et_pb_image src=\u00bbhttps:\/\/igop.uab.cat\/wp-content\/uploads\/2023\/02\/DEC-imatge.jpg\u00bb title_text=\u00bbDEC-imatge\u00bb _builder_version=\u00bb4.19.4&#8243; _module_preset=\u00bbdefault\u00bb global_colors_info=\u00bb{}\u00bb][\/et_pb_image][et_pb_text _builder_version=\u00bb4.24.3&#8243; _module_preset=\u00bbdefault\u00bb link_text_color=\u00bb#0C71C3&#8243; global_colors_info=\u00bb{}\u00bb]<\/p>\n<h3><strong>Democracy, Elections and Citizenship <span style=\"color: rgba(204, 146, 0, 0.75);\">[ DEC]<\/span><\/strong><\/h3>\n<p><strong>Coordinaci\u00f3n:<\/strong> Guillem Rico<a href=\"https:\/\/webs.uab.cat\/grdec\/\" target=\"_blank\" rel=\"noopener\"><br \/>https:\/\/webs.uab.cat\/grdec\/<\/a><\/p>\n<p>[\/et_pb_text][et_pb_text _builder_version=\u00bb4.19.4&#8243; _module_preset=\u00bbdefault\u00bb global_colors_info=\u00bb{}\u00bb]El grupo Democracia, Elecciones y Ciudadan\u00eda (DEC) es un grupo de investigaci\u00f3n consolidado coordinado por Eva Anduiza desde 2008 hasta 2022 (el coordinador actual es Guillem Rico). El grupo lleva a cabo investigaci\u00f3n avanzada, principalmente cuantitativa, sobre el comportamiento pol\u00edtico de los ciudadanos y sus actitudes hacia distintos objetos pol\u00edticos, incluyendo instituciones, actores, temas y pol\u00edticas.<br \/>\n[\/et_pb_text][\/et_pb_column][\/et_pb_row][et_pb_row column_structure=\u00bb1_2,1_2&#8243; _builder_version=\u00bb4.19.4&#8243; _module_preset=\u00bbdefault\u00bb global_colors_info=\u00bb{}\u00bb][et_pb_column type=\u00bb1_2&#8243; _builder_version=\u00bb4.19.4&#8243; _module_preset=\u00bbdefault\u00bb global_colors_info=\u00bb{}\u00bb][et_pb_image src=\u00bbhttps:\/\/igop.uab.cat\/wp-content\/uploads\/2023\/02\/GEPS-imatge.jpg\u00bb title_text=\u00bbGEPS-imagen\u00bb _builder_version=\u00bb4.19.4&#8243; _module_preset=\u00bbdefault\u00bb global_colors_info=\u00bb{}\u00bb][\/et_pb_image][et_pb_text disabled_on=\u00bboff|off|off\u00bb _builder_version=\u00bb4.19.4&#8243; _module_preset=\u00bbdefault\u00bb link_text_color=\u00bb#0C71C3&#8243; global_colors_info=\u00bb{}\u00bb]<\/p>\n<h3><strong>Globalisation, Education and Social Policies <span style=\"color: rgba(140, 60, 0, 0.75);\">[ GEPS]<\/span><\/strong><\/h3>\n<p><strong>Coordinaci\u00f3n:<\/strong> Xavier Bonal<br \/><a href=\"https:\/\/geps-uab.cat\/\" target=\"_blank\" rel=\"noopener\">https:\/\/geps-uab.cat\/<\/a><\/p>\n<p>[\/et_pb_text][et_pb_text _builder_version=\u00bb4.19.4&#8243; _module_preset=\u00bbdefault\u00bb global_colors_info=\u00bb{}\u00bb]Los miembros del GEPS aspiran a desarrollar una investigaci\u00f3n cr\u00edtica sobre las pol\u00edticas y pr\u00e1cticas educativas y, en particular, a evaluar su impacto en las desigualdades y los sistemas educativos desde una perspectiva de justicia social. Este enfoque se aplica en un conjunto de \u00e1mbitos interconectados, como la gobernanza mundial de la educaci\u00f3n, la relaci\u00f3n entre pol\u00edtica educativa y el desarrollo internacional, el an\u00e1lisis de las trayectorias educativas de los j\u00f3venes, las relaciones entre escolarizaci\u00f3n y desigualdades sociales, y la promulgaci\u00f3n y los efectos de la pol\u00edtica educativa tanto en Europa como en los pa\u00edses de renta baja y media.<br \/>\n[\/et_pb_text][\/et_pb_column][et_pb_column type=\u00bb1_2&#8243; _builder_version=\u00bb4.19.4&#8243; _module_preset=\u00bbdefault\u00bb global_colors_info=\u00bb{}\u00bb][et_pb_image src=\u00bbhttps:\/\/igop.uab.cat\/wp-content\/uploads\/2023\/02\/TRANSDEM.jpg\u00bb title_text=\u00bbTRANSDEM\u00bb _builder_version=\u00bb4.19.4&#8243; _module_preset=\u00bbdefault\u00bb global_colors_info=\u00bb{}\u00bb][\/et_pb_image][et_pb_text _builder_version=\u00bb4.19.4&#8243; _module_preset=\u00bbdefault\u00bb link_text_color=\u00bb#0C71C3&#8243; global_colors_info=\u00bb{}\u00bb]<\/p>\n<h3>Transnational Relations, Democratisation and Migration<br \/><span style=\"color: rgba(8, 145, 127, 0.75);\"><strong>[ <\/strong>TransDeM <strong>]<\/strong><\/span><\/h3>\n<p><strong>Coordinaci\u00f3n:<\/strong> Eva \u00d8stergaard-Nielsen<br \/><a href=\"https:\/\/webs.uab.cat\/transdem\/\" target=\"_blank\" rel=\"noopener\">https:\/\/webs.uab.cat\/transdem\/<\/a><\/p>\n<p>[\/et_pb_text][et_pb_text _builder_version=\u00bb4.19.4&#8243; _module_preset=\u00bbdefault\u00bb global_colors_info=\u00bb{}\u00bb]TransDeM se basa en sinergias y colaboraciones recientes, actuales y futuras entre un grupo interdisciplinar y muy internacional de investigadores. Nuestros objetivos generales de investigaci\u00f3n conjunta se centran en c\u00f3mo los procesos locales y nacionales de democratizaci\u00f3n y desarrollo se sit\u00faan en din\u00e1micas de relaciones transnacionales relacionadas con la migraci\u00f3n, la difusi\u00f3n y la globalizaci\u00f3n\/europeizaci\u00f3n, as\u00ed como sus tendencias contrarias, como el retroceso democr\u00e1tico y el euroescepticismo.<br \/>\n[\/et_pb_text][\/et_pb_column][\/et_pb_row][et_pb_row _builder_version=\u00bb4.27.5&#8243; _module_preset=\u00bbdefault\u00bb][et_pb_column _builder_version=\u00bb4.27.5&#8243; _module_preset=\u00bbdefault\u00bb type=\u00bb4_4&#8243;][et_pb_text _builder_version=\u00bb4.27.5&#8243; _module_preset=\u00bbdefault\u00bb hover_enabled=\u00bb0&#8243; sticky_enabled=\u00bb0&#8243;]<\/p>\n<h3 style=\"text-align: center;\">Grupos de investigaci\u00f3n anteriores<\/h3>\n<p>[\/et_pb_text][\/et_pb_column][\/et_pb_row][et_pb_row column_structure=\u00bb1_2,1_2&#8243; _builder_version=\u00bb4.19.4&#8243; _module_preset=\u00bbdefault\u00bb global_colors_info=\u00bb{}\u00bb][et_pb_column type=\u00bb1_2&#8243; _builder_version=\u00bb4.19.4&#8243; _module_preset=\u00bbdefault\u00bb global_colors_info=\u00bb{}\u00bb][et_pb_image src=\u00bbhttps:\/\/igop.uab.cat\/wp-content\/uploads\/2022\/04\/agapp-top-1.jpg\u00bb title_text=\u00bbagapp-top\u00bb _builder_version=\u00bb4.27.5&#8243; _module_preset=\u00bbdefault\u00bb hover_enabled=\u00bb0&#8243; global_colors_info=\u00bb{}\u00bb sticky_enabled=\u00bb0&#8243;][\/et_pb_image][et_pb_text _builder_version=\u00bb4.27.5&#8243; _module_preset=\u00bbdefault\u00bb link_text_color=\u00bb#0C71C3&#8243; global_colors_info=\u00bb{}\u00bb]<\/p>\n<h3><strong>Analysis, management and evaluation of public policies<br \/><span style=\"color: rgba(121, 0, 196, 0.75);\">[ AGAPP ]<\/span><\/strong><\/h3>\n<p><strong>\u200bCoordinaci\u00f3n:<\/strong> Margarita Le\u00f3n<br \/><a href=\"https:\/\/www.agapp.cat\/\">https:\/\/www.agapp.cat\/<\/a><\/p>\n<p>[\/et_pb_text][et_pb_text _builder_version=\u00bb4.27.5&#8243; _module_preset=\u00bbdefault\u00bb global_colors_info=\u00bb{}\u00bb]<\/p>\n<p>Predecesor del actual i-GOP, el grupo AGAPP realiza investigaciones destinadas a profundizar en la comprensi\u00f3n del funcionamiento de la administraci\u00f3n p\u00fablica. Nuestra agenda de investigaci\u00f3n pretende identificar los problemas clave con los que luchan las administraciones p\u00fablicas por alcanzar sus objetivos, y evaluar y dise\u00f1ar formas de intervenci\u00f3n para asegurar un impacto positivo en la mejora del rendimiento del sector p\u00fablico y del sistema pol\u00edtico democr\u00e1tico m\u00e1s amplio.<\/p>\n<p>[\/et_pb_text][\/et_pb_column][et_pb_column type=\u00bb1_2&#8243; _builder_version=\u00bb4.19.4&#8243; _module_preset=\u00bbdefault\u00bb global_colors_info=\u00bb{}\u00bb][et_pb_image src=\u00bbhttps:\/\/igop.uab.cat\/wp-content\/uploads\/2022\/04\/urgocis-top-1.jpg\u00bb title_text=\u00bburgocis-top\u00bb _builder_version=\u00bb4.19.4&#8243; _module_preset=\u00bbdefault\u00bb global_colors_info=\u00bb{}\u00bb][\/et_pb_image][et_pb_text _builder_version=\u00bb4.19.4&#8243; _module_preset=\u00bbdefault\u00bb link_text_color=\u00bb#0C71C3&#8243; global_colors_info=\u00bb{}\u00bb]<\/p>\n<h3><strong>Urban Governance, Commons, Internet and Social Innovation <br \/><span style=\"color: #775e17;\">[ URGOCIS ]<\/span><\/strong><\/h3>\n<p><strong>\u200bCoordinaci\u00f3n:<\/strong> Ismael Blanco<br \/><a href=\"https:\/\/urgocis.net\" target=\"_blank\" rel=\"noopener\">https:\/\/urgocis.net<\/a><\/p>\n<p>[\/et_pb_text][et_pb_text _builder_version=\u00bb4.19.4&#8243; _module_preset=\u00bbdefault\u00bb global_colors_info=\u00bb{}\u00bb]<\/p>\n<p>Predecesor del actual i-GOP, es un grupo de Investigaci\u00f3n Consolidado, reconocido por la Generalitat de Catalunya (2017-SGR-1712), que desarrolla su actividad en torno a dos \u00e1mbitos altamente significativos en el actual contexto de cambio: Las pol\u00edticas urbanas e Internet. Sus objetos de estudio son la Innovaci\u00f3n Social y los Commons.<\/p>\n<p>[\/et_pb_text][\/et_pb_column][\/et_pb_row][et_pb_row admin_label=\u00bbrow\u00bb _builder_version=\u00bb4.16&#8243; background_size=\u00bbinitial\u00bb background_position=\u00bbtop_left\u00bb background_repeat=\u00bbrepeat\u00bb global_colors_info=\u00bb{}\u00bb][et_pb_column type=\u00bb4_4&#8243; _builder_version=\u00bb4.16&#8243; custom_padding=\u00bb|||\u00bb global_colors_info=\u00bb{}\u00bb custom_padding__hover=\u00bb|||\u00bb][et_pb_divider _builder_version=\u00bb4.19.4&#8243; _module_preset=\u00bbdefault\u00bb global_colors_info=\u00bb{}\u00bb][\/et_pb_divider][\/et_pb_column][\/et_pb_row][et_pb_row column_structure=\u00bb3_5,2_5&#8243; admin_label=\u00bbrow\u00bb _builder_version=\u00bb4.16&#8243; background_size=\u00bbinitial\u00bb background_position=\u00bbtop_left\u00bb background_repeat=\u00bbrepeat\u00bb global_colors_info=\u00bb{}\u00bb][et_pb_column type=\u00bb3_5&#8243; _builder_version=\u00bb4.16&#8243; custom_padding=\u00bb|||\u00bb global_colors_info=\u00bb{}\u00bb custom_padding__hover=\u00bb|||\u00bb][et_pb_text _builder_version=\u00bb4.19.4&#8243; _module_preset=\u00bbdefault\u00bb global_colors_info=\u00bb{}\u00bb]<\/p>\n<p>El IGOP organiza sus actividades de investigaci\u00f3n en torno a dos tipos de proyectos: <strong>Proyectos de Investigaci\u00f3n B\u00e1sica<\/strong> y de <strong>Investigaci\u00f3n Aplicada<\/strong>.<\/p>\n<p>[\/et_pb_text][\/et_pb_column][et_pb_column type=\u00bb2_5&#8243; _builder_version=\u00bb4.16&#8243; custom_padding=\u00bb|||\u00bb global_colors_info=\u00bb{}\u00bb custom_padding__hover=\u00bb|||\u00bb][et_pb_button button_url=\u00bbhttps:\/\/igop.uab.cat\/es\/investigacion\/proyectos\/\u00bb button_text=\u00bbVer Proyectos de investigaci\u00f3n\u00bb button_alignment=\u00bbleft\u00bb _builder_version=\u00bb4.19.4&#8243; _module_preset=\u00bbdefault\u00bb custom_button=\u00bbon\u00bb button_text_size=\u00bb18px\u00bb button_bg_color=\u00bb#0C71C3&#8243; button_icon=\u00bb&#x3d;||divi||400&#8243; button_on_hover=\u00bboff\u00bb background_layout=\u00bbdark\u00bb custom_margin=\u00bb|0px||0px|false|false\u00bb custom_padding=\u00bb5px|35px|5px|15px|true|false\u00bb global_colors_info=\u00bb{}\u00bb][\/et_pb_button][\/et_pb_column][\/et_pb_row][\/et_pb_section]<\/p>\n","protected":false},"excerpt":{"rendered":"<p>Grupos de investigaci\u00f3n \/ SGRsi-GOP. Grupo de Estudios en Innovaci\u00f3n, Gobernanza y Pol\u00edticas P\u00fablicas [ i-GOP ] Coordinaci\u00f3n: Margarita Le\u00f3nhttps:\/\/igop.uab.cat\/sgr-i-gop\/Agrupados en torno al Instituto de Gobierno y Pol\u00edticas P\u00fablicas &#8211; IGOP &#8211; este grupo est\u00e1 firmemente comprometido con el avance cient\u00edfico, la formaci\u00f3n superior y la transferencia del conocimiento. Los \u00e1mbitos y problem\u00e1ticas de inter\u00e9s [&hellip;]<\/p>\n","protected":false},"author":2,"featured_media":0,"parent":0,"menu_order":0,"comment_status":"closed","ping_status":"closed","template":"","meta":{"_et_pb_use_builder":"on","_et_pb_old_content":"","_et_gb_content_width":"","footnotes":""},"class_list":["post-16916","page","type-page","status-publish","hentry"],"_links":{"self":[{"href":"https:\/\/igop.uab.cat\/es\/wp-json\/wp\/v2\/pages\/16916","targetHints":{"allow":["GET"]}}],"collection":[{"href":"https:\/\/igop.uab.cat\/es\/wp-json\/wp\/v2\/pages"}],"about":[{"href":"https:\/\/igop.uab.cat\/es\/wp-json\/wp\/v2\/types\/page"}],"author":[{"embeddable":true,"href":"https:\/\/igop.uab.cat\/es\/wp-json\/wp\/v2\/users\/2"}],"replies":[{"embeddable":true,"href":"https:\/\/igop.uab.cat\/es\/wp-json\/wp\/v2\/comments?post=16916"}],"version-history":[{"count":21,"href":"https:\/\/igop.uab.cat\/es\/wp-json\/wp\/v2\/pages\/16916\/revisions"}],"predecessor-version":[{"id":27757,"href":"https:\/\/igop.uab.cat\/es\/wp-json\/wp\/v2\/pages\/16916\/revisions\/27757"}],"wp:attachment":[{"href":"https:\/\/igop.uab.cat\/es\/wp-json\/wp\/v2\/media?parent=16916"}],"curies":[{"name":"wp","href":"https:\/\/api.w.org\/{rel}","templated":true}]}}