{"id":1378,"date":"2013-10-15T18:52:28","date_gmt":"2013-10-15T18:52:28","guid":{"rendered":"https:\/\/igop.uab.cat\/laboratorio\/"},"modified":"2022-04-28T11:24:32","modified_gmt":"2022-04-28T09:24:32","slug":"laboratorio","status":"publish","type":"page","link":"https:\/\/igop.uab.cat\/es\/laboratorio\/","title":{"rendered":"Laboratorio"},"content":{"rendered":"<p>[et_pb_section fb_built=\u00bb1&#8243; admin_label=\u00bbsection\u00bb _builder_version=\u00bb4.14.9&#8243; global_colors_info=\u00bb{}\u00bb][et_pb_row column_structure=\u00bb3_4,1_4&#8243; admin_label=\u00bbrow\u00bb _builder_version=\u00bb4.14.9&#8243; background_size=\u00bbinitial\u00bb background_position=\u00bbtop_left\u00bb background_repeat=\u00bbrepeat\u00bb global_colors_info=\u00bb{}\u00bb][et_pb_column type=\u00bb3_4&#8243; _builder_version=\u00bb3.25&#8243; custom_padding=\u00bb|||\u00bb global_colors_info=\u00bb{}\u00bb custom_padding__hover=\u00bb|||\u00bb][et_pb_text admin_label=\u00bbText\u00bb _builder_version=\u00bb4.14.9&#8243; background_size=\u00bbinitial\u00bb background_position=\u00bbtop_left\u00bb background_repeat=\u00bbrepeat\u00bb global_colors_info=\u00bb{}\u00bb]<a title=\"S19. Pol\u00edtiques publiques, pol\u00edtiques socials i filantropia: on s\u00f3n els l\u00edmits?\" href=\"https:\/\/igop.uab.cat\/es\/2019\/03\/06\/s19-politicas-publicas-politicas-sociales-y-filantropia-donde-estan-los-limites\/\"><img loading=\"lazy\" decoding=\"async\" class=\"alignleft wp-image-3210 size-full\" style=\"margin: 0px 0px 5px 5px;\" title=\"S19. Pol\u00edtiques publiques, pol\u00edtiques socials i filantropia: on s\u00f3n els l\u00edmits?\" src=\"https:\/\/igop.uab.cat\/wp-content\/uploads\/2019\/03\/LAB-19-politiques-i-filantropia.jpg\" alt=\"\" width=\"150\" height=\"150\" \/><\/a><\/p>\n<p><a title=\"S18. Innovaci\u00f3 i canvi en les pol\u00edtiques socials municipals. Experi\u00e8ncies a Barcelona\" href=\"https:\/\/igop.uab.cat\/es\/2018\/04\/16\/s18-innovacion-y-cambio-en-las-politicas-sociales-municipales\/\"><img loading=\"lazy\" decoding=\"async\" class=\"alignleft wp-image-3210 size-full\" style=\"margin: 0px 0px 5px 5px;\" title=\"S18. Innovaci\u00f3 i canvi en les pol\u00edtiques socials municipals. Experi\u00e8ncies a Barcelona\" src=\"https:\/\/igop.uab.cat\/wp-content\/uploads\/2018\/04\/LAB-18-experiencies-innovacio-barcelona.jpg\" alt=\"\" width=\"150\" height=\"150\" \/><\/a><\/p>\n<p><a title=\"S17. Pol\u00edtiques per a la inf\u00e0ncia vulnerable\" href=\"https:\/\/igop.uab.cat\/es\/2017\/11\/17\/s17-politicas-para-la-infancia-vulnerable\/\"><img loading=\"lazy\" decoding=\"async\" class=\"alignleft wp-image-3210 size-full\" style=\"margin: 0px 0px 5px 5px;\" title=\"S17. Pol\u00edtiques per a la inf\u00e0ncia vulnerable\" src=\"https:\/\/igop.uab.cat\/wp-content\/uploads\/2017\/11\/LAB-17-politiques-infancia-vulnerable.jpg\" alt=\"\" width=\"150\" height=\"150\" \/><\/a><\/p>\n<p><a title=\"S16. Cap a un nou model de Serveis Socials?\" href=\"https:\/\/igop.uab.cat\/es\/2017\/03\/14\/s16-cap-a-un-nou-model-de-serveis-socials\/\"><img loading=\"lazy\" decoding=\"async\" class=\"alignleft wp-image-3210 size-full\" style=\"margin: 0px 0px 5px 5px;\" title=\"S16. Cap a un nou model de Serveis Socials?\" src=\"https:\/\/igop.uab.cat\/wp-content\/uploads\/2017\/03\/LAB-16-nou-model-serveis-socials.jpg\" alt=\"\" width=\"150\" height=\"150\" \/><\/a><\/p>\n<p><a title=\"S15. Els serveis p\u00fablics i l\u2019acci\u00f3 comunit\u00e0ria\" href=\"https:\/\/igop.uab.cat\/es\/2016\/10\/20\/3468\/\"><img loading=\"lazy\" decoding=\"async\" class=\"alignleft wp-image-3210 size-full\" style=\"margin: 0px 0px 5px 5px;\" title=\"S15. Els serveis p\u00fablics i l\u2019acci\u00f3 comunit\u00e0ria\" src=\"https:\/\/igop.uab.cat\/wp-content\/uploads\/2016\/11\/LAB-16-salut-comunitaria.jpg\" alt=\"\" width=\"150\" height=\"150\" \/><\/a><\/p>\n<p><a title=\"S14. Empoderar com a estrat\u00e8gia per a la transformaci\u00f3 des dels Serveis Socials\" href=\"https:\/\/igop.uab.cat\/es\/2016\/03\/29\/s14-empoderar-como-estrategia-para-la-transformacion-desde-los-servicios-sociales\/\"><img loading=\"lazy\" decoding=\"async\" class=\"alignleft wp-image-3210 size-full\" style=\"margin: 0px 0px 5px 5px;\" title=\"S14. Empoderar com a estrat\u00e8gia\" src=\"https:\/\/igop.uab.cat\/wp-content\/uploads\/2016\/03\/LAB-13-empoderament-estrategia.jpg\" alt=\"\" width=\"150\" height=\"150\" \/><\/a><\/p>\n<p><a title=\"S13. Nou municipalisme i innovaci\u00f3\" href=\"https:\/\/igop.uab.cat\/2016\/01\/07\/s13-nou-municipalisme-i-serveis-socials\/\"><img loading=\"lazy\" decoding=\"async\" class=\"alignleft wp-image-2766 size-full\" style=\"margin: 0px 0px 5px 5px;\" title=\"S13. Nou municipalisme\" src=\"https:\/\/igop.uab.cat\/wp-content\/uploads\/2016\/01\/S13-LAB-Nou-municipalisme.jpg\" alt=\"\" width=\"150\" height=\"150\" \/><\/a><\/p>\n<p><a title=\"S12. Bones pr\u00e0ctiques innovaci\u00f3\" href=\"https:\/\/igop.uab.cat\/2015\/10\/21\/s12-bones-practiques-i-innovacio\/\"><img loading=\"lazy\" decoding=\"async\" class=\"alignleft wp-image-2766 size-full\" style=\"margin: 0px 0px 5px 5px;\" title=\"S12. Bones pr\u00e0ctiques\" src=\"https:\/\/igop.uab.cat\/wp-content\/uploads\/2015\/10\/LAB-12-bones-practiques.jpg\" alt=\"\" width=\"150\" height=\"150\" \/><\/a><\/p>\n<p><a title=\"S11. Model Serveis Euskadi Catalunya Escocia\" href=\"https:\/\/igop.uab.cat\/2015\/09\/16\/s11-el-model-de-serveis-a-euskadi-catalunya-i-escocia\/\"><img loading=\"lazy\" decoding=\"async\" class=\"alignleft size-medium wp-image-2199\" style=\"margin: 0px 0px 5px 5px;\" title=\"S11. Model Serveis Euskadi Catalunya Escocia\" src=\"https:\/\/igop.uab.cat\/wp-content\/uploads\/2015\/10\/LAB-11-model-eusk-cat-escocia.jpg\" alt=\"S11. Model Serveis Euskadi Catalunya Escocia\" width=\"150\" height=\"150\" \/><\/a><\/p>\n<p><a title=\"S10. Xarxes comunit\u00e0ries\" href=\"https:\/\/igop.uab.cat\/2015\/04\/17\/s10-les-xarxes-comunitaries-com-a-oportunitat-per-als-serveis-socials\/\"><img loading=\"lazy\" decoding=\"async\" class=\"alignleft wp-image-2468 size-full\" style=\"margin: 0px 0px 5px 5px;\" title=\"S10. Xarxes comunit\u00e0ries\" src=\"https:\/\/igop.uab.cat\/wp-content\/uploads\/2013\/10\/LAB-10-xarxescomunitaries.jpg\" alt=\"S10. Xarxes comunit\u00e0ries\" width=\"150\" height=\"150\" \/><\/a><\/p>\n<p><a title=\"S9. Serveis Socials Euskadi\" href=\"https:\/\/igop.uab.cat\/2015\/02\/03\/s9-els-serveis-socials-deuskadi-examen\/\"><img loading=\"lazy\" decoding=\"async\" class=\"alignleft size-medium wp-image-2199\" style=\"margin: 0px 0px 5px 5px;\" title=\"S9. Serveis Socials Euskadi\" src=\"https:\/\/igop.uab.cat\/wp-content\/uploads\/2013\/10\/LAB-S9_serveis-Euskadi.jpg\" alt=\"LAB-S9_serveis-Euskadi\" width=\"150\" height=\"150\" \/><\/a><\/p>\n<p><a title=\"S8. Serveis Socials sota pressi\u00f3\" href=\"https:\/\/igop.uab.cat\/es\/2014\/11\/18\/s8-los-servicios-sociales-bajo-presion\/\"><img loading=\"lazy\" decoding=\"async\" class=\"alignleft size-full wp-image-2196\" style=\"margin: 0px 0px 5px 5px;\" src=\"https:\/\/igop.uab.cat\/wp-content\/uploads\/2013\/10\/LAB-S8_sota-pressio.jpg\" alt=\"LAB-S8_sota-pressio\" width=\"150\" height=\"150\" \/><\/a><\/p>\n<p><a title=\"S7. Les pol\u00edtiques socials a trav\u00e9s de l\u2019an\u00e0lisi pressupostari\" href=\"https:\/\/igop.uab.cat\/2014\/09\/10\/s7-les-politiques-socials-traves-de-lanalisi-pressupostari\/\" target=\"_blank\" rel=\"noopener\"><img loading=\"lazy\" decoding=\"async\" class=\"alignleft size-full wp-image-14038\" style=\"margin: 0px 0px 5px 5px;\" src=\"https:\/\/igop.uab.cat\/wp-content\/uploads\/2014\/09\/LAB-07-pressupostos.jpg\" alt=\"LAB7-pressupostos\" width=\"150\" height=\"150\" \/><\/a><\/p>\n<p><a title=\"S6. Espais p\u00fablics avui\" href=\"https:\/\/igop.uab.cat\/es\/2014\/04\/29\/s6-los-espacios-publicos-hoy\/\"><img loading=\"lazy\" decoding=\"async\" class=\"alignleft size-full wp-image-14038\" style=\"margin: 0px 0px 5px 5px;\" src=\"https:\/\/igop.uab.cat\/wp-content\/uploads\/2013\/10\/LAB6-espaispublics.jpg\" alt=\"LAB6-espaispublics\" width=\"150\" height=\"150\" \/><\/a><\/p>\n<p><a title=\"S5. Persones sense llar\" href=\"https:\/\/igop.uab.cat\/es\/2014\/03\/21\/s5-personas-sin-techo\/\"><img loading=\"lazy\" decoding=\"async\" class=\"alignleft size-medium wp-image-14041\" style=\"margin: 0px 0px 5px 5px;\" src=\"https:\/\/igop.uab.cat\/wp-content\/uploads\/2013\/10\/LAB5-personesensellar.jpg\" alt=\"LAB5-personesensellar\" width=\"150\" height=\"150\" \/><\/a><\/p>\n<p><a title=\"S4. Estat protector Estat inversor\" href=\"https:\/\/igop.uab.cat\/es\/2014\/02\/05\/s4-del-estado-del-bienestar-protector-al-estado-del-bienestar-inversor\/\"> <img loading=\"lazy\" decoding=\"async\" class=\"alignleft size-medium wp-image-14044\" style=\"margin: 0px 0px 5px 5px;\" src=\"https:\/\/igop.uab.cat\/wp-content\/uploads\/2013\/10\/LAB4-estatinversor.jpg\" alt=\"LAB4-estatinversor\" width=\"150\" height=\"150\" \/><\/a><\/p>\n<p><a title=\"S3. Pol\u00edtiques d'inf\u00e0ncia\" href=\"https:\/\/igop.uab.cat\/es\/2014\/01\/27\/s3-politicas-de-infancia\/\"><img loading=\"lazy\" decoding=\"async\" class=\"alignleft size-medium wp-image-14047\" style=\"margin: 0px 0px 5px 5px;\" src=\"https:\/\/igop.uab.cat\/wp-content\/uploads\/2013\/10\/LAB3-infancia.jpg\" alt=\"LAB3-infancia\" width=\"150\" height=\"150\" \/><\/a><\/p>\n<p><a title=\"S2. Garantia d'Ingressos M\u00ednims\" href=\"https:\/\/igop.uab.cat\/es\/2013\/10\/10\/s2-garantia-de-ingresos-minimos-181013\/\"> <img loading=\"lazy\" decoding=\"async\" class=\"alignleft size-medium wp-image-14050\" style=\"margin: 0px 0px 5px 5px;\" src=\"https:\/\/igop.uab.cat\/wp-content\/uploads\/2013\/10\/LAB2-ingressosminims.jpg\" alt=\"LAB2-ingressosminims\" width=\"150\" height=\"150\" \/><\/a><\/p>\n<p><a title=\"S1. Universalisme vs Assistencialisme\" href=\"https:\/\/igop.uab.cat\/es\/2013\/06\/13\/s1-universalidad-asistencialismo-13062013\/\"><img loading=\"lazy\" decoding=\"async\" class=\"alignleft size-full wp-image-14053\" style=\"margin: 0px 0px 5px 5px;\" src=\"https:\/\/igop.uab.cat\/wp-content\/uploads\/2013\/10\/LAB1-universalitat.jpg\" alt=\"LAB1-universalitat\" width=\"150\" height=\"150\" \/><\/a>[\/et_pb_text][\/et_pb_column][et_pb_column type=\u00bb1_4&#8243; _builder_version=\u00bb3.25&#8243; custom_padding=\u00bb|||\u00bb global_colors_info=\u00bb{}\u00bb custom_padding__hover=\u00bb|||\u00bb][et_pb_text admin_label=\u00bbText\u00bb _builder_version=\u00bb4.14.9&#8243; background_size=\u00bbinitial\u00bb background_position=\u00bbtop_left\u00bb background_repeat=\u00bbrepeat\u00bb global_colors_info=\u00bb{}\u00bb]+ INFO<br \/>\n<strong>Toni Vil\u00e0<\/strong><br \/>\nantoni.vila@uab.cat[\/et_pb_text][\/et_pb_column][\/et_pb_row][et_pb_row admin_label=\u00bbrow\u00bb _builder_version=\u00bb4.14.9&#8243; background_size=\u00bbinitial\u00bb background_position=\u00bbtop_left\u00bb background_repeat=\u00bbrepeat\u00bb global_colors_info=\u00bb{}\u00bb][et_pb_column type=\u00bb4_4&#8243; _builder_version=\u00bb3.25&#8243; custom_padding=\u00bb|||\u00bb global_colors_info=\u00bb{}\u00bb custom_padding__hover=\u00bb|||\u00bb][et_pb_text admin_label=\u00bbText\u00bb _builder_version=\u00bb4.14.9&#8243; background_size=\u00bbinitial\u00bb background_position=\u00bbtop_left\u00bb background_repeat=\u00bbrepeat\u00bb global_colors_info=\u00bb{}\u00bb]<\/p>\n<h3>El Laboratorio de Servicios Sociales<\/h3>\n<p>Es un espacio de reflexi\u00f3n y debate y un instrumento de investigaci\u00f3n en el \u00e1mbito de las pol\u00edticas de servicios sociales, impulsado por el IGOP, como punto de encuentro de los profesionales y el mundo acad\u00e9mico.<\/p>\n<p>&nbsp;<\/p>\n<h4>OBJETIVOS ESPEC\u00cdFICOS:<\/h4>\n<ul>\n<li>Establecer un punto estable de encuentro, estudio y debate entre los profesionales, investigadores y docentes.<\/li>\n<li>Generar espacios de an\u00e1lisis, de intercambio y de debate sobre pol\u00edticas p\u00fablicas innovadoras en el \u00e1mbito de los servicios sociales.<\/li>\n<li>Posibilitar la creaci\u00f3n de redes sociales de cooperaci\u00f3n con otras entidades e instituciones y generar conocimiento en servicios sociales.<\/li>\n<li>Difundir los resultados de los debates entre las personas y entidades interesadas.<\/li>\n<\/ul>\n<h4>ABIERTO A:<\/h4>\n<ul>\n<li>Profesionales del sector, profesores universitarios, investigadores y otras personas interesadas en el servicios sociales. Es un grupo abierto donde los interesados \u200b\u200bpueden pedir de participar.<\/li>\n<\/ul>\n<h4>Mec\u00e1nica de trabajo<\/h4>\n<ul>\n<li>Se hacen unas 3 sesiones anuales abiertas sobre un tema de inter\u00e9s general. Los temas a tratar se eligen en funci\u00f3n de los intereses de los participantes y las sesiones duran unas 2 horas.<\/li>\n<li>Los temas son introducidos por un coordinador y participan 2 o 3 expertos y especialistas invitados que presentan estudios y exponen realizaciones en el \u00e1mbito de los servicios sociales.<\/li>\n<li>Se facilitan materiales antes de cada sesi\u00f3n y luego se cuelga el v\u00eddeo de la sesi\u00f3n en la p\u00e1gina web del IGOP.<\/li>\n<\/ul>\n<p>[\/et_pb_text][\/et_pb_column][\/et_pb_row][\/et_pb_section]<\/p>\n","protected":false},"excerpt":{"rendered":"<p>+ INFO Toni Vil\u00e0 antoni.vila@uab.catEl Laboratorio de Servicios Sociales Es un espacio de reflexi\u00f3n y debate y un instrumento de investigaci\u00f3n en el \u00e1mbito de las pol\u00edticas de servicios sociales, impulsado por el IGOP, como punto de encuentro de los profesionales y el mundo acad\u00e9mico. &nbsp; OBJETIVOS ESPEC\u00cdFICOS: Establecer un punto estable de encuentro, estudio [&hellip;]<\/p>\n","protected":false},"author":2,"featured_media":0,"parent":0,"menu_order":0,"comment_status":"closed","ping_status":"closed","template":"","meta":{"_et_pb_use_builder":"on","_et_pb_old_content":"","_et_gb_content_width":"","footnotes":""},"class_list":["post-1378","page","type-page","status-publish","hentry"],"_links":{"self":[{"href":"https:\/\/igop.uab.cat\/es\/wp-json\/wp\/v2\/pages\/1378","targetHints":{"allow":["GET"]}}],"collection":[{"href":"https:\/\/igop.uab.cat\/es\/wp-json\/wp\/v2\/pages"}],"about":[{"href":"https:\/\/igop.uab.cat\/es\/wp-json\/wp\/v2\/types\/page"}],"author":[{"embeddable":true,"href":"https:\/\/igop.uab.cat\/es\/wp-json\/wp\/v2\/users\/2"}],"replies":[{"embeddable":true,"href":"https:\/\/igop.uab.cat\/es\/wp-json\/wp\/v2\/comments?post=1378"}],"version-history":[{"count":12,"href":"https:\/\/igop.uab.cat\/es\/wp-json\/wp\/v2\/pages\/1378\/revisions"}],"predecessor-version":[{"id":14070,"href":"https:\/\/igop.uab.cat\/es\/wp-json\/wp\/v2\/pages\/1378\/revisions\/14070"}],"wp:attachment":[{"href":"https:\/\/igop.uab.cat\/es\/wp-json\/wp\/v2\/media?parent=1378"}],"curies":[{"name":"wp","href":"https:\/\/api.w.org\/{rel}","templated":true}]}}