{"id":1360,"date":"2013-09-27T14:43:09","date_gmt":"2013-09-27T14:43:09","guid":{"rendered":"https:\/\/igop.uab.cat\/igopnet-2\/"},"modified":"2013-09-27T14:43:09","modified_gmt":"2013-09-27T14:43:09","slug":"igopnet-2","status":"publish","type":"page","link":"https:\/\/igop.uab.cat\/es\/investigacion\/igopnet-2\/","title":{"rendered":"IGOPnet"},"content":{"rendered":"<p>[vc_row el_position=\u00bbfirst\u00bb] [vc_column width=\u00bb1\/2&#8243;] [vc_column_text el_position=\u00bbfirst\u00bb]<\/p>\n<p><strong>IGOPnet<\/strong>\u00a0es el \u00e1rea de Internet, Pol\u00edtica y Comunes del Instituto de Gobierno y Pol\u00edticas p\u00fablicas (IGOP) de la Universidad Aut\u00f3noma de Barcelona (UAB).<\/p>\n<p>[\/vc_column_text] [vc_column_text el_position=\u00bblast\u00bb]<\/p>\n<h5><strong>Acerca de la investigaci\u00f3n-acci\u00f3n IGOPnet: Internet, Pol\u00edtica y Commons<\/strong><\/h5>\n<p>Palabras clave: Internet y la pol\u00edtica, las pol\u00edticas p\u00fablicas, la producci\u00f3n entre iguales basada en Common, la innovaci\u00f3n social, comunidades en l\u00ednea, la participaci\u00f3n pol\u00edtica, los m\u00e9todos en l\u00ednea, los movimientos sociales (Movimiento de Justicia Global y movimiento de la cultura libre, la movilizaci\u00f3n Indignados\/15M en Espa\u00f1a).<\/p>\n<p>L\u00edneas de investigaci\u00f3n:<\/p>\n<ul>\n<li>Los cambios asociados a la adopci\u00f3n de las TIC en las pol\u00edticas p\u00fablicas y la din\u00e1mica de la interacci\u00f3n entre los actores pol\u00edticos.<\/li>\n<li>Las nuevas \u00e1reas de pol\u00edtica p\u00fablica, el conflicto y la movilizaci\u00f3n social: Reglamento sobre las TIC y las condiciones de acceso y la reutilizaci\u00f3n de la informaci\u00f3n y el conocimiento.<\/li>\n<li>El cambio social: Las nuevas generaciones digitales (desde las culturas juveniles digitales de envejecimiento activo y las TIC).<\/li>\n<li>La emergencia de la econom\u00eda social digital y producci\u00f3n entre iguales basada en com\u00fan.<\/li>\n<\/ul>\n<h5><strong>Enfoque Metodol\u00f3gico: compromiso con el rigor, la innovaci\u00f3n y el acceso abierto<br \/>\n<\/strong><\/h5>\n<ul>\n<li>Triangulaci\u00f3n Quan(li)tativa<\/li>\n<li>Experimentar con m\u00e9todos virtuales \/ en l\u00ednea<\/li>\n<li>Acci\u00f3n-participaci\u00f3n<\/li>\n<li>Acceso abierto<\/li>\n<\/ul>\n<p>[\/vc_column_text] [\/vc_column] [vc_column width=\u00bb1\/2&#8243;] [vc_column_text el_class=\u00bbfonsgris\u00bb el_position=\u00bbfirst\u00bb]<\/p>\n<p><strong><span style=\"color: #ff0000;\">NEW!<\/span><br \/>\nActo presentaci\u00f3n P2P en el CCCB<\/strong>:<br \/>\n<a title=\"Acte P2P Barcelona\" href=\"http:\/\/igopnet.cc\/p2pvalue-barcelona\/\" target=\"_blank\">http:\/\/igopnet.cc\/ca\/p2pvalue-barcelona\/<\/a><\/p>\n<p>[\/vc_column_text] [vc_column_text]<\/p>\n<h5>IGOPNET B\u00c1SICOS<\/h5>\n<p>[\/vc_column_text] [vc_column_text el_class=\u00bbfonsgris\u00bb]<\/p>\n<p><strong>Coordinadora:<\/strong>\u00a0Mayo Fuster<\/p>\n<p><strong>Contacto:<\/strong>\u00a0igopnet(at)lists.contrast.org<\/p>\n<p><strong>Web:<\/strong>\u00a0http:\/\/igopnet.cc<\/p>\n<p>[\/vc_column_text] [vc_column_text]<\/p>\n<p><strong>Proyectos:<\/strong><\/p>\n<p><strong>Pol\u00edtica de internet:<\/strong> <a title=\"Politica d'internet\" href=\"https:\/\/igop.uab.cat\/es\/politica-e-internet\/\" target=\"_blank\">https:\/\/igop.uab.cat\/politica-dinternet\/<\/a><\/p>\n<p><strong>P2Pvalue:<\/strong> <a title=\"P2Pvalue\" href=\"https:\/\/igop.uab.cat\/es\/p2pvalue-3\/\" target=\"_blank\">https:\/\/igop.uab.cat\/p2pvalue\/<\/a><\/p>\n<p>[\/vc_column_text] [vc_raw_html] JTNDaHIlMjAlMkYlM0U= [\/vc_raw_html] [vc_widget_sidebar title=\u00bb\u00daltimas not\u00edcias\u00bb sidebar_id=\u00bbcs-rss-seguiment\u00bb el_position=\u00bblast\u00bb] [\/vc_column] [\/vc_row] [vc_row el_position=\u00bblast\u00bb] [vc_column width=\u00bb1\/3&#8243;] [\/vc_column] [vc_column width=\u00bb1\/3&#8243;] [\/vc_column] [vc_column width=\u00bb1\/3&#8243;] [\/vc_column] [\/vc_row]<\/p>\n","protected":false},"excerpt":{"rendered":"<p>[vc_row el_position=\u00bbfirst\u00bb] [vc_column width=\u00bb1\/2&#8243;] [vc_column_text el_position=\u00bbfirst\u00bb] IGOPnet\u00a0es el \u00e1rea de Internet, Pol\u00edtica y Comunes del Instituto de Gobierno y Pol\u00edticas p\u00fablicas (IGOP) de la Universidad Aut\u00f3noma de Barcelona (UAB). [\/vc_column_text] [vc_column_text el_position=\u00bblast\u00bb] Acerca de la investigaci\u00f3n-acci\u00f3n IGOPnet: Internet, Pol\u00edtica y Commons Palabras clave: Internet y la pol\u00edtica, las pol\u00edticas p\u00fablicas, la producci\u00f3n entre iguales basada [&hellip;]<\/p>\n","protected":false},"author":2,"featured_media":971,"parent":1357,"menu_order":0,"comment_status":"closed","ping_status":"closed","template":"","meta":{"_et_pb_use_builder":"","_et_pb_old_content":"","_et_gb_content_width":"","footnotes":""},"class_list":["post-1360","page","type-page","status-publish","has-post-thumbnail","hentry"],"_links":{"self":[{"href":"https:\/\/igop.uab.cat\/es\/wp-json\/wp\/v2\/pages\/1360","targetHints":{"allow":["GET"]}}],"collection":[{"href":"https:\/\/igop.uab.cat\/es\/wp-json\/wp\/v2\/pages"}],"about":[{"href":"https:\/\/igop.uab.cat\/es\/wp-json\/wp\/v2\/types\/page"}],"author":[{"embeddable":true,"href":"https:\/\/igop.uab.cat\/es\/wp-json\/wp\/v2\/users\/2"}],"replies":[{"embeddable":true,"href":"https:\/\/igop.uab.cat\/es\/wp-json\/wp\/v2\/comments?post=1360"}],"version-history":[{"count":0,"href":"https:\/\/igop.uab.cat\/es\/wp-json\/wp\/v2\/pages\/1360\/revisions"}],"up":[{"embeddable":true,"href":"https:\/\/igop.uab.cat\/es\/wp-json\/wp\/v2\/pages\/1357"}],"wp:featuredmedia":[{"embeddable":true,"href":"https:\/\/igop.uab.cat\/es\/wp-json\/wp\/v2\/media\/971"}],"wp:attachment":[{"href":"https:\/\/igop.uab.cat\/es\/wp-json\/wp\/v2\/media?parent=1360"}],"curies":[{"name":"wp","href":"https:\/\/api.w.org\/{rel}","templated":true}]}}