{"id":1354,"date":"2013-09-27T14:41:48","date_gmt":"2013-09-27T14:41:48","guid":{"rendered":"https:\/\/igop.uab.cat\/posgrado\/"},"modified":"2022-04-27T23:41:44","modified_gmt":"2022-04-27T21:41:44","slug":"posgrado","status":"publish","type":"page","link":"https:\/\/igop.uab.cat\/es\/formacio\/posgrado\/","title":{"rendered":"Posgrado"},"content":{"rendered":"<p>[vc_row el_position=\u00bbfirst\u00bb][vc_column][vc_column_text el_position=\u00bbfirst last\u00bb]<\/p>\n<h3>POSTGRAU EN ECONOMIA COOPERATIVA<\/h3>\n<p>[\/vc_column_text][\/vc_column][\/vc_row][vc_row][vc_column width=\u00bb2\/3&#8243;][vc_column_text el_position=\u00bbfirst last\u00bb]El postgrau ha estat concebut i impulsat inicialment per l\u2019IGOP-UAB i Aposta SCCL \u2013 Escola Empresarial Cooperativa, i enguany, en la seva setena edici\u00f3, \u00e9s coordina des de Labcoop, sccl. El programa de postgrau consta de 160 hores lectives, m\u00e9s un treball de recerca de 5 cr\u00e8dits ECTS.[\/vc_column_text][\/vc_column][vc_column width=\u00bb1\/3&#8243;][vc_tabs interval=\u00bb0&#8243; el_position=\u00bbfirst last\u00bb][vc_tab title=\u00bb+ info\u00bb tab_id=\u00bb1380273185-1-25&#8243;][vc_column_text el_class=\u00bbfonsgris\u00bb el_position=\u00bbfirst last\u00bb]<\/p>\n<p>Trucar\u00a0al 934076203 (Escola de l&#8217;IGOP) o dirigir-se a\u00a0<a href=\"mailto:igop@uab.cat\">igop.bcn@uab.cat<\/a>.<\/p>\n<p>Descarrega&#8217;t el Programa i la resta de documentaci\u00f3 al <a title=\"Escola del IGOP\" href=\"http:\/\/escoladeligop.com\" target=\"_blank\" rel=\"noopener\">web de l&#8217;Escola<\/a><\/p>\n<p>[\/vc_column_text][\/vc_tab][vc_tab title=\u00bbMaterials\u00bb tab_id=\u00bb1380273185-2-4&#8243;][vc_button title=\u00bbPla Estudis Postgrau\u00bb href=\u00bbhttp:\/\/escoladeligop.com\/wp-content\/uploads\/2015\/09\/Pla-estudis-ECCOOP-15-16-a-07-09-15.pdf\u00bb color=\u00bbwpb_button\u00bb size=\u00bbwpb_regularsize\u00bb icon=\u00bbwpb_document_pdf\u00bb target=\u00bb_blank\u00bb el_position=\u00bbfirst last\u00bb][\/vc_tab][\/vc_tabs][\/vc_column][\/vc_row][vc_row][vc_column][vc_column_text] [\/vc_column_text][\/vc_column][\/vc_row][vc_row][vc_column][vc_raw_html el_position=\u00bbfirst last\u00bb] JTNDaHIlMjAlMkYlM0U= [\/vc_raw_html][\/vc_column][\/vc_row][vc_row][vc_column][vc_column_text] [\/vc_column_text][\/vc_column][\/vc_row][vc_row][vc_column width=\u00bb1\/2&#8243;][vc_column_text el_position=\u00bbfirst last\u00bb]<\/p>\n<h5><strong>L\u00ednies d&#8217;investigaci\u00f3<\/strong><\/h5>\n<p>Amb m\u00e9s d\u2019un segle i mig d\u2019hist\u00f2ria i pres\u00e8ncia a tot el m\u00f3n, l\u2019economia cooperativa se sustenta en els valors departicipaci\u00f3, equitat i democr\u00e0cia i t\u00e9 un clar posicionament en processos clau per a la cohesi\u00f3 i el progr\u00e9s social, com s\u00f3n la sostenibilitat global i la solidaritat intergeneracional.<\/p>\n<p>Per tal d\u2019integrar i desenvolupar el model cooperatiu en un espai de formaci\u00f3 superior, presentem la sisena edici\u00f3 del Postgrau en Economia Cooperativa, que t\u00e9 per objectiu generar coneixement, donar a con\u00e8ixer la contribuci\u00f3 de l\u2019empresa d\u2019economia cooperativa a la reducci\u00f3 de la pobresa, la generaci\u00f3 de treball digne, la sostenibilitat i lacohesi\u00f3 social i, molt especialment, formar persones expertes en els diferents aspectes de la gesti\u00f3 de l\u2019empresa d\u2019economia cooperativa i el seu entorn pol\u00edtic, econ\u00f2mic i social.<\/p>\n<p>Es tracta d\u2019un programa d\u2019especialitzaci\u00f3 sobre Economia Cooperativa que s\u2019adapta a la realitat actual, comptant amb experts i docents en el contingut a impartir i en la metodologia necess\u00e0ria per a fer-ho. A m\u00e9s de comptar amb aquests recursos, no cal oblidar la import\u00e0ncia de les xarxes d\u2019actors i projectes del m\u00f3n cooperatiu (empreses, associacions, federacions, etc.) vinculats al programa i que aporten oportunitats per a la doc\u00e8ncia, la recerca i l\u2019experimentaci\u00f3 pr\u00e0ctica.<\/p>\n<p>[\/vc_column_text][\/vc_column][vc_column width=\u00bb1\/2&#8243;][vc_column_text el_position=\u00bbfirst last\u00bb]<\/p>\n<h5><strong>Estructura<\/strong><\/h5>\n<p>El programa consta de 30 cr\u00e8dits ECTS que s&#8217;estructuren en m\u00f2duls i s&#8217;organitza a trav\u00e9s de sessions d&#8217;ensenyament &#8211; aprenentatge de tipus presencial, que presenten diverses metodologies (exposici\u00f3 de continguts, seminaris, taules rodones, tutories, visites a experi\u00e8ncies&#8230;.)<\/p>\n<p>El Postgrau t\u00e9 el reconeixement i validaci\u00f3 de la Federaci\u00f3 de Cooperatives de Treball de Catalunya i de la Direcci\u00f3 General d\u2019Economia Social, Cooperativa i Treball Aut\u00f2nom del Departament d\u2019Empresa i Ocupaci\u00f3 de la Generalitat de Catalunya.<\/p>\n<p>[\/vc_column_text][\/vc_column][\/vc_row][vc_row][vc_column][vc_column_text] [\/vc_column_text][\/vc_column][\/vc_row][vc_row el_position=\u00bblast\u00bb][vc_column][posts header=\u00bbPotser t&#8217;interessa&#8230;\u00bb post_type=\u00bbpage\u00bb ids=\u00bb44,46,48&#8243; images=\u00bbtrue\u00bb image_width=\u00bb383&#8243; image_height=\u00bb170&#8243; image_wrap=\u00bbfalse\u00bb hard_crop=\u00bbfalse\u00bb cols=\u00bb4&#8243; per_page=\u00bb6&#8243; offset=\u00bb0&#8243; link=\u00bbboth\u00bb pages=\u00bbtrue\u00bb orderby=\u00bbdate\u00bb order=\u00bbdesc\u00bb content_display=\u00bbexcerpt\u00bb excerpt_length=\u00bb300&#8243; read_more=\u00bbtrue\u00bb title=\u00bbtrue\u00bb title_length=\u00bb500&#8243; meta=\u00bbtrue\u00bb meta_author=\u00bbtrue\u00bb meta_date=\u00bbtrue\u00bb meta_cats=\u00bbfalse\u00bb meta_tags=\u00bbfalse\u00bb score=\u00bbtrue\u00bb spacing=\u00bbspacing-normal\u00bb el_position=\u00bbfirst last\u00bb][\/vc_column][\/vc_row]<\/p>\n","protected":false},"excerpt":{"rendered":"<p>[vc_row el_position=\u00bbfirst\u00bb][vc_column][vc_column_text el_position=\u00bbfirst last\u00bb] POSTGRAU EN ECONOMIA COOPERATIVA [\/vc_column_text][\/vc_column][\/vc_row][vc_row][vc_column width=\u00bb2\/3&#8243;][vc_column_text el_position=\u00bbfirst last\u00bb]El postgrau ha estat concebut i impulsat inicialment per l\u2019IGOP-UAB i Aposta SCCL \u2013 Escola Empresarial Cooperativa, i enguany, en la seva setena edici\u00f3, \u00e9s coordina des de Labcoop, sccl. El programa de postgrau consta de 160 hores lectives, m\u00e9s un treball de recerca [&hellip;]<\/p>\n","protected":false},"author":2,"featured_media":0,"parent":1345,"menu_order":0,"comment_status":"closed","ping_status":"closed","template":"","meta":{"_et_pb_use_builder":"","_et_pb_old_content":"","_et_gb_content_width":"","footnotes":""},"class_list":["post-1354","page","type-page","status-publish","hentry"],"_links":{"self":[{"href":"https:\/\/igop.uab.cat\/es\/wp-json\/wp\/v2\/pages\/1354","targetHints":{"allow":["GET"]}}],"collection":[{"href":"https:\/\/igop.uab.cat\/es\/wp-json\/wp\/v2\/pages"}],"about":[{"href":"https:\/\/igop.uab.cat\/es\/wp-json\/wp\/v2\/types\/page"}],"author":[{"embeddable":true,"href":"https:\/\/igop.uab.cat\/es\/wp-json\/wp\/v2\/users\/2"}],"replies":[{"embeddable":true,"href":"https:\/\/igop.uab.cat\/es\/wp-json\/wp\/v2\/comments?post=1354"}],"version-history":[{"count":2,"href":"https:\/\/igop.uab.cat\/es\/wp-json\/wp\/v2\/pages\/1354\/revisions"}],"predecessor-version":[{"id":13993,"href":"https:\/\/igop.uab.cat\/es\/wp-json\/wp\/v2\/pages\/1354\/revisions\/13993"}],"up":[{"embeddable":true,"href":"https:\/\/igop.uab.cat\/es\/wp-json\/wp\/v2\/pages\/1345"}],"wp:attachment":[{"href":"https:\/\/igop.uab.cat\/es\/wp-json\/wp\/v2\/media?parent=1354"}],"curies":[{"name":"wp","href":"https:\/\/api.w.org\/{rel}","templated":true}]}}