{"id":1348,"date":"2013-09-27T14:40:04","date_gmt":"2013-09-27T14:40:04","guid":{"rendered":"https:\/\/igop.uab.cat\/doctorado\/"},"modified":"2024-05-08T15:42:42","modified_gmt":"2024-05-08T13:42:42","slug":"doctorado","status":"publish","type":"page","link":"https:\/\/igop.uab.cat\/es\/formacio\/doctorado\/","title":{"rendered":"Doctorado"},"content":{"rendered":"<p>[et_pb_section fb_built=\u00bb1&#8243; admin_label=\u00bbsection\u00bb _builder_version=\u00bb4.16&#8243; global_colors_info=\u00bb{}\u00bb][et_pb_row column_structure=\u00bb1_2,1_2&#8243; admin_label=\u00bbrow\u00bb _builder_version=\u00bb4.16&#8243; background_size=\u00bbinitial\u00bb background_position=\u00bbtop_left\u00bb background_repeat=\u00bbrepeat\u00bb global_colors_info=\u00bb{}\u00bb][et_pb_column type=\u00bb1_2&#8243; _builder_version=\u00bb4.16&#8243; custom_padding=\u00bb|||\u00bb global_colors_info=\u00bb{}\u00bb custom_padding__hover=\u00bb|||\u00bb][et_pb_text admin_label=\u00bbText\u00bb _builder_version=\u00bb4.19.4&#8243; link_text_color=\u00bb#0C71C3&#8243; background_size=\u00bbinitial\u00bb background_position=\u00bbtop_left\u00bb background_repeat=\u00bbrepeat\u00bb global_colors_info=\u00bb{}\u00bb]<\/p>\n<p>El objetivo general del programa de <strong>doctorado en Ciencia Pol\u00edtica<\/strong>, <strong>Pol\u00edticas P\u00fablicas y Relaciones Internacionales<\/strong> \/ Politics, Policies and International Relations es la formaci\u00f3n de estudiantes en investigadores con altos niveles de conocimiento y capacidad anal\u00edtica relevante para una carrera acad\u00e9mica o profesional de \u00e1mbito internacional.<\/p>\n<p>A partir del curso 2014-2015 el Doctorado en Pol\u00edticas P\u00fablicas y Transformaci\u00f3n Social se une a los Estudios de Doctorado (ED) en Ciencia Pol\u00edtica y en Relaciones Internacionales para dar lugar a un <strong>ED en Politics, Policies and International Relations<\/strong>. Dentro del mismo se mantienen dos l\u00edneas espec\u00edficas de investigaci\u00f3n que entroncan directamente con el IGOP y su doctorado: <strong>1 \/ An\u00e1lisis, gesti\u00f3n y evaluaci\u00f3n de pol\u00edticas p\u00fablicas<\/strong> y <strong>2 \/ Pol\u00edticas sociales y urbanas<\/strong>.<\/p>\n<p>[\/et_pb_text][\/et_pb_column][et_pb_column type=\u00bb1_2&#8243; _builder_version=\u00bb4.16&#8243; custom_padding=\u00bb|||\u00bb global_colors_info=\u00bb{}\u00bb custom_padding__hover=\u00bb|||\u00bb][et_pb_text admin_label=\u00bbText\u00bb _builder_version=\u00bb4.24.3&#8243; link_text_color=\u00bb#0C71C3&#8243; background_color=\u00bbrgba(12,113,195,0.22)\u00bb background_size=\u00bbinitial\u00bb background_position=\u00bbtop_left\u00bb background_repeat=\u00bbrepeat\u00bb custom_padding=\u00bb20px|20px|20px|20px|true|true\u00bb border_color_all=\u00bbRGBA(255,255,255,0)\u00bb box_shadow_style=\u00bbpreset3&#8243; global_colors_info=\u00bb{}\u00bb]<\/p>\n<p>Para obtener m\u00e1s informaci\u00f3n y solicitar la admisi\u00f3n es necesario contactar directamente a trav\u00e9s de la coordinaci\u00f3n del doctorado en Politics, Policies and International Relations (web <a href=\"https:\/\/www.uab.cat\/es\/doctorados\/ciencia-politica-politicas-publicas-relaciones-internacionales#seccio-admissio\" target=\"_blank\" rel=\"noopener\">http:\/\/ppir.uab.cat<\/a>)<\/p>\n<p>Tambi\u00e9n pod\u00e9is contactar con nosotros\/as por mail en: doctorat.ppir@uab.cat<\/p>\n<p>[\/et_pb_text][et_pb_button button_url=\u00bbhttps:\/\/igop.uab.cat\/wp-content\/uploads\/2024\/05\/PPIR-CALL-FOR-APPLICATIONS.pdf\u00bb url_new_window=\u00bbon\u00bb button_text=\u00bbDesc\u00e1rgate la Convocatoria (hasta el 27 mayo)\u00bb button_alignment=\u00bbcenter\u00bb _builder_version=\u00bb4.24.3&#8243; _module_preset=\u00bbdefault\u00bb custom_button=\u00bbon\u00bb button_text_size=\u00bb15px\u00bb button_text_color=\u00bb#FFFFFF\u00bb button_bg_color=\u00bb#0C71C3&#8243; button_border_radius=\u00bb18px\u00bb button_icon=\u00bb&#xe092;||divi||400&#8243; hover_enabled=\u00bb0&#8243; global_colors_info=\u00bb{}\u00bb sticky_enabled=\u00bb0&#8243;][\/et_pb_button][\/et_pb_column][\/et_pb_row][et_pb_row admin_label=\u00bbrow\u00bb _builder_version=\u00bb4.16&#8243; background_size=\u00bbinitial\u00bb background_position=\u00bbtop_left\u00bb background_repeat=\u00bbrepeat\u00bb global_colors_info=\u00bb{}\u00bb][et_pb_column type=\u00bb4_4&#8243; _builder_version=\u00bb4.16&#8243; custom_padding=\u00bb|||\u00bb global_colors_info=\u00bb{}\u00bb custom_padding__hover=\u00bb|||\u00bb][et_pb_text admin_label=\u00bbText\u00bb _builder_version=\u00bb4.16&#8243; background_size=\u00bbinitial\u00bb background_position=\u00bbtop_left\u00bb background_repeat=\u00bbrepeat\u00bb custom_margin=\u00bb40px|||||\u00bb global_colors_info=\u00bb{}\u00bb]<\/p>\n<h3 style=\"text-align: center;\">L\u00edneas espec\u00edficas IGOP<\/h3>\n<p>[\/et_pb_text][\/et_pb_column][\/et_pb_row][et_pb_row column_structure=\u00bb1_3,1_3,1_3&#8243; admin_label=\u00bbrow\u00bb _builder_version=\u00bb4.16&#8243; background_size=\u00bbinitial\u00bb background_position=\u00bbtop_left\u00bb background_repeat=\u00bbrepeat\u00bb global_colors_info=\u00bb{}\u00bb][et_pb_column type=\u00bb1_3&#8243; _builder_version=\u00bb4.16&#8243; custom_padding=\u00bb|||\u00bb global_colors_info=\u00bb{}\u00bb custom_padding__hover=\u00bb|||\u00bb][et_pb_text admin_label=\u00bbText\u00bb _builder_version=\u00bb4.16&#8243; link_text_color=\u00bb#0C71C3&#8243; background_size=\u00bbinitial\u00bb background_position=\u00bbtop_left\u00bb background_repeat=\u00bbrepeat\u00bb global_colors_info=\u00bb{}\u00bb]<\/p>\n<p><span id=\"result_box\" lang=\"ca\" tabindex=\"-1\"><span title=\"01 An\u00e1lisis, gesti\u00f3n y evaluaci\u00f3n de pol\u00edticas p\u00fablicas \"><strong>01 An\u00e1lisis, gesti\u00f3n y evaluaci\u00f3n de pol\u00edticas p\u00fablicas<\/strong><br \/><\/span><span title=\"Posibles supervisores: Xavier Ballart Hern\u00e1ndez, Raquel Gallego Calder\u00f3n \">Posibles supervisores: Xavier Ballart Hern\u00e1ndez, Raquel Gallego Calder\u00f3n<br \/><\/span><span title=\"Temas: \">Temas:<br \/><\/span><\/span><\/p>\n<ul>\n<li><span id=\"result_box\" lang=\"ca\" tabindex=\"-1\"><span title=\"An\u00e1lisis de pol\u00edticas p\u00fablicas \">An\u00e1lisis de pol\u00edticas p\u00fablicas<\/span><\/span><\/li>\n<li><span id=\"result_box\" lang=\"ca\" tabindex=\"-1\"><span title=\"Evaluaci\u00f3n de pol\u00edticas p\u00fablicas \">Evaluaci\u00f3n de pol\u00edticas p\u00fablicas<\/span><\/span><\/li>\n<li><span id=\"result_box\" lang=\"ca\" tabindex=\"-1\"><span title=\"Pol\u00edtica p\u00fablica y gesti\u00f3n p\u00fablica \">Pol\u00edtica p\u00fablica y gesti\u00f3n p\u00fablica<\/span><\/span><\/li>\n<li><span id=\"result_box\" lang=\"ca\" tabindex=\"-1\"><span title=\"Innovaci\u00f3n en el sector p\u00fablico \">Innovaci\u00f3n en el sector p\u00fablico<\/span><\/span><\/li>\n<li><span id=\"result_box\" lang=\"ca\" tabindex=\"-1\"><span title=\"Descentralizaci\u00f3n y gobiernos subnacionales \">Descentralizaci\u00f3n y gobiernos subnacionales<\/span><\/span><\/li>\n<\/ul>\n<p>&nbsp;<\/p>\n<p>[\/et_pb_text][\/et_pb_column][et_pb_column type=\u00bb1_3&#8243; _builder_version=\u00bb4.16&#8243; custom_padding=\u00bb|||\u00bb global_colors_info=\u00bb{}\u00bb custom_padding__hover=\u00bb|||\u00bb][et_pb_text admin_label=\u00bbText\u00bb _builder_version=\u00bb4.16&#8243; link_text_color=\u00bb#0C71C3&#8243; background_size=\u00bbinitial\u00bb background_position=\u00bbtop_left\u00bb background_repeat=\u00bbrepeat\u00bb global_colors_info=\u00bb{}\u00bb]<\/p>\n<p><span title=\"02 Pol\u00edticas sociales y urbanas \"><strong>02 Pol\u00edticas sociales y urbanas<\/strong><br \/><\/span><span title=\"Posibles supervisores: Ismael Blanco, Margarita Le\u00f3n, Marc Par\u00e9s, Joan Subirats, Ricard Gom\u00e0 y Mayo Fuster \">Posibles supervisores: Ismael Blanco, Margarita Le\u00f3n, Marc Par\u00e9s, Joan Subirats, Ricard Gom\u00e0 y Mayo Fuster<br \/><\/span><span title=\"L\u00edneas de investigaci\u00f3n \">Temas:<br \/><\/span><\/p>\n<ul>\n<li><span id=\"result_box\" lang=\"ca\" tabindex=\"-1\"><span title=\"Redes de gobernanza urbana \">Redes de gobernanza urbana<\/span><\/span><\/li>\n<li><span id=\"result_box\" lang=\"ca\" tabindex=\"-1\"><span title=\"Pol\u00edticas urbanas \">Pol\u00edticas urbanas<\/span><\/span><\/li>\n<li><span id=\"result_box\" lang=\"ca\" tabindex=\"-1\"><span title=\"Pol\u00edtica social comparada \">Pol\u00edtica social comparada<\/span><\/span><\/li>\n<li><span id=\"result_box\" lang=\"ca\" tabindex=\"-1\"><span title=\"Pol\u00edtica de la reforma de bienestar \">Pol\u00edtica de la reforma de bienestar<\/span><\/span><\/li>\n<li><span id=\"result_box\" lang=\"ca\" tabindex=\"-1\"><span title=\"Innovaci\u00f3n democr\u00e1tica \">Innovaci\u00f3n democr\u00e1tica<\/span><\/span><\/li>\n<li><span id=\"result_box\" lang=\"ca\" tabindex=\"-1\"><span title=\"Internet y pol\u00edtica 2.0 \">Internet y pol\u00edtica 2.0<\/span><\/span><\/li>\n<li><span id=\"result_box\" lang=\"ca\" tabindex=\"-1\"><span title=\"Territorialidad, identidades colectivas y sociedad \">Territorialidad, identidades colectivas y sociedad<\/span><\/span><\/li>\n<\/ul>\n<p>[\/et_pb_text][\/et_pb_column][et_pb_column type=\u00bb1_3&#8243; _builder_version=\u00bb4.16&#8243; custom_padding=\u00bb|||\u00bb global_colors_info=\u00bb{}\u00bb custom_padding__hover=\u00bb|||\u00bb][et_pb_text admin_label=\u00bbText\u00bb _builder_version=\u00bb4.16&#8243; link_text_color=\u00bb#0C71C3&#8243; background_size=\u00bbinitial\u00bb background_position=\u00bbtop_left\u00bb background_repeat=\u00bbrepeat\u00bb global_colors_info=\u00bb{}\u00bb]<\/p>\n<p><span id=\"result_box\" lang=\"ca\" tabindex=\"-1\"><span title=\"03 Democracia, \u00e9lites, partidos pol\u00edticos y ciudadan\u00eda\"><strong>03 Democracia, \u00e9lites, partidos pol\u00edticos y ciudadan\u00eda<\/strong> <br \/><\/span><span title=\"Posibles directores de tesis: Eva Anduiza Perea, Eva Ostergaard-Nielsen\">Posibles supervisores: Eva Anduiza Perea, Eva Ostergaard-Nielsen.<br \/>Temas:<br \/><\/span><\/span><\/p>\n<ul>\n<li><span id=\"result_box\" lang=\"ca\" tabindex=\"-1\"><span title=\"Estabilidad y cambio en las actitudes pol\u00edticas, \">Estabilidad y cambio en las actitudes pol\u00edticas,<\/span><\/span><\/li>\n<li><span id=\"result_box\" lang=\"ca\" tabindex=\"-1\"><span title=\"Comportamiento pol\u00edtico, protestas, medios digitales, \">Comportamiento pol\u00edtico, protestas, medios digitales,<\/span><\/span><\/li>\n<li><span id=\"result_box\" lang=\"ca\" tabindex=\"-1\"><span title=\"Partidos pol\u00edticos, partidos y elites gubernamentales \">Partidos pol\u00edticos, partidos y elites gubernamentales<\/span><\/span><\/li>\n<li><span id=\"result_box\" lang=\"ca\" tabindex=\"-1\"><span title=\"Comunicaci\u00f3n pol\u00edtica \">Comunicaci\u00f3n pol\u00edtica<\/span><\/span><\/li>\n<li><span id=\"result_box\" lang=\"ca\" tabindex=\"-1\"><span title=\"Comunicaci\u00f3n pol\u00edtica\">I<\/span><span title=\"Identidad nacional\">dentidad nacional<\/span><\/span><\/li>\n<li><span id=\"result_box\" lang=\"ca\" tabindex=\"-1\"><span title=\"Migraci\u00f3n y pol\u00edtica transnacional\">Migraci\u00f3n y pol\u00edtica transnacional<\/span><\/span><\/li>\n<\/ul>\n<p>[\/et_pb_text][\/et_pb_column][\/et_pb_row][\/et_pb_section]<\/p>\n","protected":false},"excerpt":{"rendered":"<p>El objetivo general del programa de doctorado en Ciencia Pol\u00edtica, Pol\u00edticas P\u00fablicas y Relaciones Internacionales \/ Politics, Policies and International Relations es la formaci\u00f3n de estudiantes en investigadores con altos niveles de conocimiento y capacidad anal\u00edtica relevante para una carrera acad\u00e9mica o profesional de \u00e1mbito internacional. A partir del curso 2014-2015 el Doctorado en Pol\u00edticas [&hellip;]<\/p>\n","protected":false},"author":2,"featured_media":0,"parent":1345,"menu_order":0,"comment_status":"closed","ping_status":"closed","template":"","meta":{"_et_pb_use_builder":"on","_et_pb_old_content":"[vc_row][vc_column width=\"2\/3\"][vc_column_text]La proposta d'Estudi de Doctorats (ED) en Pol\u00edtiques P\u00fabliques i Transformaci\u00f3 Social va sorgir en 2008 per cobrir una necessitat d'especialitzaci\u00f3 professional evident en el nostre entorn institucional i social, tant en l'esfera p\u00fablica com en la privada.\r\n\r\nA partir del curs 2014-2015 l'ED en Pol\u00edtiques P\u00fabliques i Transformaci\u00f3 Social s'uneix als ED en Ci\u00e8ncia Pol\u00edtica i en Relacions Internacionals per donar lloc a un <strong>ED en\u00a0Politics, Policies and International Relations<\/strong>. Dins del mateix es mantenen dues l\u00ednies espec\u00edfiques de recerca que entronquen directament amb l'IGOP i el seu doctorat: <strong>1 \/ An\u00e0lisi, gesti\u00f3 i avaluaci\u00f3 de pol\u00edtiques p\u00fabliques<\/strong> i <strong>2 \/ Pol\u00edtiques socials i urbanes<\/strong>.\r\n\r\nPer obtenir m\u00e9s informaci\u00f3 i sol\u00b7licitar l'admissi\u00f3 cal contactar directament a trav\u00e9s de la coordinaci\u00f3 del doctorat a Politics, Policies and International Relations (web\u00a0<a title=\"Doctorado IGOP\" href=\"http:\/\/ppir.uab.cat\" target=\"_blank\" rel=\"noopener\">http:\/\/ppir.uab.cat<\/a>)\r\n\r\nTamb\u00e9 podeu contactar amb nosaltres per mail a: doctorat.ppir@uab.cat[\/vc_column_text][\/vc_column][vc_column width=\"1\/3\"][vc_message color=\"alert-info\" message_box_color=\"alert-info\" icon_type=\"pixelicons\" css_animation=\"appear\" icon_pixelicons=\"vc_pixel_icon vc_pixel_icon-info\"]<strong>Seminaris previstos<\/strong>:\u00a0<a href=\"http:\/\/ppir.uab.cat\/index.php\/seminars\">PhD Seminars PPIR<\/a>[\/vc_message][vc_message color=\"alert-info\" css_animation=\"appear\"]<strong>Tesis presentades<\/strong>:\u00a0<a href=\"https:\/\/igop.uab.cat\/wp-content\/uploads\/2015\/04\/Tesis-presentadas-IGOP-2009-2015.pdf\">Tesis presentades IGOP 2009-2015<\/a>[\/vc_message][\/vc_column][\/vc_row][vc_row][vc_column][vc_separator][vc_row_inner][vc_column_inner width=\"1\/2\"][vc_column_text]\r\n<h3>L\u00ednies espec\u00edfiques IGOP<\/h3>\r\n<span id=\"result_box\" lang=\"ca\" tabindex=\"-1\"><span title=\"01 Analysis, management and evaluation of public policies \"><strong>01 An\u00e0lisi, gesti\u00f3 i avaluaci\u00f3 de pol\u00edtiques p\u00fabliques<\/strong>\r\n<\/span><span title=\"Potential Phd Supervisors: Xavier Ballart Hern\u00e1ndez, Raquel Gallego Calder\u00f3n \">Potencials supervisors: Xavier Ballart Hern\u00e1ndez, Raquel Gallego Calder\u00f3n\r\n<\/span><span title=\"Themes: \u00a0\u00a0\u00a0\u00a0\">Temes:\r\n<\/span><\/span>\r\n<ul>\r\n \t<li><span id=\"result_box\" lang=\"ca\" tabindex=\"-1\"><span title=\"Public policy analysis \u00a0\u00a0\u00a0\u00a0\">An\u00e0lisi de pol\u00edtiques p\u00fabliques<\/span><\/span><\/li>\r\n \t<li><span id=\"result_box\" lang=\"ca\" tabindex=\"-1\"><span title=\"Public policy evaluation \u00a0\u00a0\u00a0\u00a0\">Avaluaci\u00f3 de la pol\u00edtica p\u00fablica<\/span><\/span><\/li>\r\n \t<li><span id=\"result_box\" lang=\"ca\" tabindex=\"-1\"><span title=\"Public policy and public management \u00a0\u00a0\u00a0\u00a0\">Pol\u00edtica p\u00fablica i gesti\u00f3 p\u00fablica<\/span><\/span><\/li>\r\n \t<li><span id=\"result_box\" lang=\"ca\" tabindex=\"-1\"><span title=\"Innovation in the public sector \u00a0\u00a0\u00a0\u00a0\">Innovaci\u00f3 en el sector p\u00fablic<\/span><\/span><\/li>\r\n \t<li><span id=\"result_box\" lang=\"ca\" tabindex=\"-1\"><span title=\"Decentralization and sub-national governments \">Descentralitzaci\u00f3 i governs subnacionals<\/span><\/span><\/li>\r\n<\/ul>\r\n\u00a0\r\n\r\n<span title=\"02 Social and urban policies \"><strong>02 Pol\u00edtiques socials i urbanes<\/strong>\r\n<\/span><span title=\"Potential PhD supervisors: Ismael Blanco, Margarita Le\u00f3n, Marc Par\u00e9s, Joan Subirats, Ricard Gom\u00e0 and Mayo Fuster \">Potencials supervisors: Ismael Blanco, Margarita Le\u00f3n, Marc Par\u00e9s, Joan Subirats, Ricard Gom\u00e0 i Mayo Fuster\r\n<\/span><span title=\"Research lines \u00a0\u00a0\u00a0\u00a0\">Temes\r\n<\/span>\r\n<ul>\r\n \t<li><span id=\"result_box\" lang=\"ca\" tabindex=\"-1\"><span title=\"Networks of urban governance \u00a0\u00a0\u00a0\u00a0\">Xarxes de governan\u00e7a urbana<\/span><\/span><\/li>\r\n \t<li><span id=\"result_box\" lang=\"ca\" tabindex=\"-1\"><span title=\"Urban policies \u00a0\u00a0\u00a0\u00a0\">Pol\u00edtiques urbanes<\/span><\/span><\/li>\r\n \t<li><span id=\"result_box\" lang=\"ca\" tabindex=\"-1\"><span title=\"Comparative Social policy \u00a0\u00a0\u00a0\u00a0\">Pol\u00edtica social comparada<\/span><\/span><\/li>\r\n \t<li><span id=\"result_box\" lang=\"ca\" tabindex=\"-1\"><span title=\"Politics of welfare reform \u00a0\u00a0\u00a0\u00a0\">Pol\u00edtica de reforma del benestar<\/span><\/span><\/li>\r\n \t<li><span id=\"result_box\" lang=\"ca\" tabindex=\"-1\"><span title=\"Democratic innovation \u00a0\u00a0\u00a0\u00a0\">Innovaci\u00f3 democr\u00e0tica<\/span><\/span><\/li>\r\n \t<li><span id=\"result_box\" lang=\"ca\" tabindex=\"-1\"><span title=\"Internet and politics 2.0 \u00a0\u00a0\u00a0\u00a0\">Internet i pol\u00edtica 2.0<\/span><\/span><\/li>\r\n \t<li><span id=\"result_box\" lang=\"ca\" tabindex=\"-1\"><span title=\"Territoriality, collective identities and society \">Territorialitat, identitats col\u00b7lectives i societat<\/span><\/span><\/li>\r\n<\/ul>\r\n<span id=\"result_box\" lang=\"ca\" tabindex=\"-1\"><span title=\"Territoriality, collective identities and society \">\r\n<\/span><span title=\"03 Democracy, elites, political parties and citizenship \"><strong>03 Democr\u00e0cia, elits, partits pol\u00edtics i ciutadania<\/strong>\r\n<\/span><span title=\"Directors of thesis: Eva Anduiza Perea, Joan Botella Corral, Eva Ostergaard-Nielsen, Guillem Rico, Dani Marinova, Marc Guinjoan, Agust\u00ed Bosch \u00a0\u00a0\u00a0\u00a0\">Directors de tesi: Eva Anduiza Perea, Eva Ostergaard-Nielsen.\r\nTemes:\r\n<\/span><\/span>\r\n<ul>\r\n \t<li><span id=\"result_box\" lang=\"ca\" tabindex=\"-1\"><span title=\"Stability and change in political attitudes, \u00a0\u00a0\u00a0\u00a0\">L'estabilitat i el canvi en les actituds pol\u00edtiques<\/span><\/span><\/li>\r\n \t<li><span id=\"result_box\" lang=\"ca\" tabindex=\"-1\"><span title=\"Political behaviour, protests, digital media, \u00a0\u00a0\u00a0\u00a0\">Comportament pol\u00edtic, protestes, mitjans digitals<\/span><\/span><\/li>\r\n \t<li><span id=\"result_box\" lang=\"ca\" tabindex=\"-1\"><span title=\"Political parties, party and governmental elites \u00a0\u00a0\u00a0\u00a0\">Partits pol\u00edtics, partit i elits governamentals<\/span><\/span><\/li>\r\n \t<li><span id=\"result_box\" lang=\"ca\" tabindex=\"-1\"><span title=\"Political communication \u00a0\u00a0\u00a0\u00a0\">Comunicaci\u00f3 pol\u00edtica<\/span><\/span><\/li>\r\n \t<li><span id=\"result_box\" lang=\"ca\" tabindex=\"-1\"><span title=\"Political communication \u00a0\u00a0\u00a0\u00a0\">I<\/span><span title=\"National identity \u00a0\u00a0\u00a0\u00a0\">dentitat nacional<\/span><\/span><\/li>\r\n \t<li><span id=\"result_box\" lang=\"ca\" tabindex=\"-1\"><span title=\"Migration and transnational politics\">Migracions i pol\u00edtiques transnacionals<\/span><\/span><\/li>\r\n<\/ul>\r\n[\/vc_column_text][\/vc_column_inner][vc_column_inner width=\"1\/2\"][posts header=\"Tesis presentades\" cats=\"Doctorat\" images=\"false\" per_page=\"5\" link=\"title\" pages=\"true\" excerpt_length=\"200\" read_more=\"false\"][\/vc_column_inner][\/vc_row_inner][\/vc_column][\/vc_row]","_et_gb_content_width":"","footnotes":""},"class_list":["post-1348","page","type-page","status-publish","hentry"],"_links":{"self":[{"href":"https:\/\/igop.uab.cat\/es\/wp-json\/wp\/v2\/pages\/1348","targetHints":{"allow":["GET"]}}],"collection":[{"href":"https:\/\/igop.uab.cat\/es\/wp-json\/wp\/v2\/pages"}],"about":[{"href":"https:\/\/igop.uab.cat\/es\/wp-json\/wp\/v2\/types\/page"}],"author":[{"embeddable":true,"href":"https:\/\/igop.uab.cat\/es\/wp-json\/wp\/v2\/users\/2"}],"replies":[{"embeddable":true,"href":"https:\/\/igop.uab.cat\/es\/wp-json\/wp\/v2\/comments?post=1348"}],"version-history":[{"count":43,"href":"https:\/\/igop.uab.cat\/es\/wp-json\/wp\/v2\/pages\/1348\/revisions"}],"predecessor-version":[{"id":20294,"href":"https:\/\/igop.uab.cat\/es\/wp-json\/wp\/v2\/pages\/1348\/revisions\/20294"}],"up":[{"embeddable":true,"href":"https:\/\/igop.uab.cat\/es\/wp-json\/wp\/v2\/pages\/1345"}],"wp:attachment":[{"href":"https:\/\/igop.uab.cat\/es\/wp-json\/wp\/v2\/media?parent=1348"}],"curies":[{"name":"wp","href":"https:\/\/api.w.org\/{rel}","templated":true}]}}