{"id":1339,"date":"2013-09-27T12:39:36","date_gmt":"2013-09-27T12:39:36","guid":{"rendered":"https:\/\/igop.uab.cat\/contacto\/"},"modified":"2025-07-15T11:30:44","modified_gmt":"2025-07-15T09:30:44","slug":"contacto","status":"publish","type":"page","link":"https:\/\/igop.uab.cat\/es\/contacto\/","title":{"rendered":"Contacto"},"content":{"rendered":"<p>[et_pb_section fb_built=\u00bb1&#8243; _builder_version=\u00bb4.16&#8243; global_colors_info=\u00bb{}\u00bb][et_pb_row column_structure=\u00bb1_2,1_2&#8243; _builder_version=\u00bb4.16&#8243; background_size=\u00bbinitial\u00bb background_position=\u00bbtop_left\u00bb background_repeat=\u00bbrepeat\u00bb global_colors_info=\u00bb{}\u00bb][et_pb_column type=\u00bb1_2&#8243; _builder_version=\u00bb4.16&#8243; custom_padding=\u00bb|||\u00bb global_colors_info=\u00bb{}\u00bb custom_padding__hover=\u00bb|||\u00bb][et_pb_image src=\u00bbhttps:\/\/igop.uab.cat\/wp-content\/uploads\/2022\/03\/MRA-Campus-UAB.jpg\u00bb alt=\u00bbSede IGOP en el campus UAB\u00bb title_text=\u00bbMRA-Campus-UAB\u00bb _builder_version=\u00bb4.16&#8243; _module_preset=\u00bbdefault\u00bb global_colors_info=\u00bb{}\u00bb][\/et_pb_image][et_pb_text _builder_version=\u00bb4.19.4&#8243; link_text_color=\u00bb#0C71C3&#8243; background_size=\u00bbinitial\u00bb background_position=\u00bbtop_left\u00bb background_repeat=\u00bbrepeat\u00bb global_colors_info=\u00bb{}\u00bb]<\/p>\n<p><strong>Campus UAB<\/strong><\/p>\n<p>Edificio MRA<br \/>08193 Bellaterra<br \/>Barcelona. Spain<br \/>T. 935868815<br \/>igop@uab.cat <\/p>\n<p>[<a title=\"Mapa Campus UAB\" href=\"https:\/\/maps.google.com\/maps?q=IGOP,+Bellaterra,+Barcelona,+Espa%C3%B1a&amp;hl=es&amp;ie=UTF8&amp;sll=41.436259,2.164682&amp;sspn=0.007054,0.013937&amp;oq=IGOP,+Barcelona,+Espa%C3%B1a&amp;hq=IGOP,&amp;hnear=Bellaterra,+Barcelona,+Catalu%C3%B1a,+Espa%C3%B1a&amp;t=m&amp;z=15\" target=\"_blank\" rel=\"noopener\">map<\/a>]<\/p>\n<p>[\/et_pb_text][et_pb_code _builder_version=\u00bb4.19.4&#8243; _module_preset=\u00bbdefault\u00bb global_colors_info=\u00bb{}\u00bb]<iframe src=\"https:\/\/www.google.com\/maps\/embed?pb=!1m18!1m12!1m3!1d95716.18389510136!2d2.082290955238602!3d41.43638458618032!2m3!1f0!2f0!3f0!3m2!1i1024!2i768!4f13.1!3m3!1m2!1s0x12a495d533bd4d63%3A0x399e553ae0f810b0!2sIGOP!5e0!3m2!1sca!2ses!4v1689853090678!5m2!1sca!2ses\" width=\"600\" height=\"450\" style=\"border:0;\" allowfullscreen=\"\" loading=\"lazy\" referrerpolicy=\"no-referrer-when-downgrade\"><\/iframe>[\/et_pb_code][\/et_pb_column][et_pb_column type=\u00bb1_2&#8243; _builder_version=\u00bb4.16&#8243; custom_padding=\u00bb|||\u00bb global_colors_info=\u00bb{}\u00bb custom_padding__hover=\u00bb|||\u00bb][et_pb_image src=\u00bbhttps:\/\/igop.uab.cat\/wp-content\/uploads\/2022\/03\/Urrutia-IGOP.jpg\u00bb title_text=\u00bbUrrutia-IGOP\u00bb _builder_version=\u00bb4.16&#8243; _module_preset=\u00bbdefault\u00bb global_colors_info=\u00bb{}\u00bb][\/et_pb_image][et_pb_text _builder_version=\u00bb4.19.4&#8243; link_text_color=\u00bb#0C71C3&#8243; background_size=\u00bbinitial\u00bb background_position=\u00bbtop_left\u00bb background_repeat=\u00bbrepeat\u00bb global_colors_info=\u00bb{}\u00bb]<\/p>\n<p><strong>Escuela del IGOP<\/strong><\/p>\n<p>Passeig d&#8217;Urrutia, 17<br \/>08042 Barcelona<br \/>Barcelona. Spain<br \/>T. 680 779 811<br \/>igop.bcn@uab.cat <\/p>\n<p>[<a title=\"Escuela IGOP\" href=\"https:\/\/maps.google.com\/maps?q=Escola+de+l'IGOP,+Passeig+d'Urr%C3%BAtia,+Barcelona,+Espa%C3%B1a&amp;hl=es&amp;ie=UTF8&amp;sll=37.0625,-95.677068&amp;sspn=58.858685,114.169922&amp;oq=escola+del+igop&amp;hq=Escola+de+l'IGOP,&amp;hnear=Passeig+d'Urr%C3%BAtia,+Barcelona,+Espa%C3%B1a&amp;t=m&amp;z=17\" target=\"_blank\" rel=\"noopener\">map<\/a>]<\/p>\n<p>[\/et_pb_text][et_pb_code _builder_version=\u00bb4.19.4&#8243; _module_preset=\u00bbdefault\u00bb global_colors_info=\u00bb{}\u00bb]<iframe src=\"https:\/\/www.google.com\/maps\/embed?pb=!1m18!1m12!1m3!1d2991.1355068736675!2d2.162116376521252!3d41.436281292960324!2m3!1f0!2f0!3f0!3m2!1i1024!2i768!4f13.1!3m3!1m2!1s0x12a4bd3f55f9201b%3A0x53f343150b320fa0!2sEscola%20de%20l&#39;IGOP!5e0!3m2!1sca!2ses!4v1689853038872!5m2!1sca!2ses\" width=\"600\" height=\"450\" style=\"border:0;\" allowfullscreen=\"\" loading=\"lazy\" referrerpolicy=\"no-referrer-when-downgrade\"><\/iframe>[\/et_pb_code][\/et_pb_column][\/et_pb_row][et_pb_row _builder_version=\u00bb4.16&#8243; _module_preset=\u00bbdefault\u00bb global_colors_info=\u00bb{}\u00bb][et_pb_column type=\u00bb4_4&#8243; _builder_version=\u00bb4.16&#8243; _module_preset=\u00bbdefault\u00bb global_colors_info=\u00bb{}\u00bb][et_pb_text _builder_version=\u00bb4.24.3&#8243; link_text_color=\u00bb#0C71C3&#8243; background_size=\u00bbinitial\u00bb background_position=\u00bbtop_left\u00bb background_repeat=\u00bbrepeat\u00bb hover_enabled=\u00bb0&#8243; global_colors_info=\u00bb{}\u00bb sticky_enabled=\u00bb0&#8243;]<\/p>\n<h4>Guia UAB<\/h4>\n<p>Puedes encontrar m\u00e1s informaci\u00f3n sobre la Universidad, c\u00f3mo llegar y otros datos de inter\u00e9s en las <a href=\"https:\/\/www.uab.cat\/web\/estudis\/visita-la-uab-1345811559072.html\" target=\"_blank\" rel=\"noopener\">Guias UAB<\/a>.<\/p>\n<h4> <\/h4>\n<h4>Redes sociales<\/h4>\n<ul>\n<li><strong>LinkedIn:<\/strong> <a href=\"https:\/\/www.linkedin.com\/company\/igopbcn\" target=\"_blank\" rel=\"noopener\">https:\/\/www.linkedin.com\/company\/igopbcn<\/a><\/li>\n<li><strong>Youtube:<\/strong> <a href=\"https:\/\/www.youtube.com\/channel\/UCI-4wvUPdr69tMZGmaBBj5Q\" target=\"_blank\" rel=\"noopener\">igopbcn<\/a><\/li>\n<li><strong>Bluesky:<\/strong> <a href=\"https:\/\/bsky.app\/profile\/igopbcn.bsky.social\" target=\"_blank\" rel=\"noopener\">Canal BlueSky<\/a>,<\/li>\n<li><strong>Newsletter IGOP: <\/strong><a href=\"https:\/\/igop.uab.cat\/es\/newsletter-igop-3\/\">Newsletter<\/a><\/li>\n<li><strong>Twitter (inactiva)<\/strong>: <a href=\"https:\/\/x.com\/igopbcn\" target=\"_blank\" rel=\"noopener\">https:\/\/x.com\/igopbcn<\/a><\/li>\n<li><strong>Webs proyectos:<\/strong> <a href=\"https:\/\/igop.uab.cat\/es\/rss-webs-igop-2\/\">IGOP a un clic!<\/a><\/li>\n<\/ul>\n<h4> <\/h4>\n<h4>Contacto online<\/h4>\n<p>Se pueden encontrar los datos de contacto de nuestro personal en el siguiente enlace: <a href=\"https:\/\/igop.uab.cat\/es\/profesorado\/\" rel=\"noopener noreferrer\" data-auth=\"NotApplicable\">https:\/\/igop.uab.cat\/professorat\/<\/a><\/p>\n<ul>\n<li><strong>Administraci\u00f3n:<\/strong> <a href=\"mailto:igop@uab.cat\" target=\"_blank\" rel=\"noopener noreferrer\" data-auth=\"NotApplicable\">igop@uab.cat<\/a><\/li>\n<li><strong>Direcci\u00f3n:<\/strong> <a href=\"mailto:Ismael.blanco@uab.cat\" target=\"_blank\" rel=\"noopener noreferrer\" data-auth=\"NotApplicable\">Ismael.blanco@uab.cat<\/a><\/li>\n<li><strong>Coordinaci\u00f3n de investigaci\u00f3n:<\/strong> <a href=\"mailto:charlotte.fernandez@uab.cat\" target=\"_blank\" rel=\"noopener noreferrer\" data-auth=\"NotApplicable\">charlotte.fernandez@uab.cat<\/a><\/li>\n<li><strong>Comunicaci\u00f3n:<\/strong> <a href=\"mailto:jaume.badosa@uab.cat\">jaume.badosa@uab.cat<\/a><\/li>\n<li><strong>Escuela del IGOP:<\/strong> <a href=\"mailto:igop.bcn@uab.cat\" target=\"_blank\" rel=\"noopener noreferrer\" data-auth=\"NotApplicable\">igop.bcn@uab.cat<\/a><\/li>\n<li><strong>Coordinaci\u00f3n escuela:<\/strong> <a href=\"mailto:ernesto.morales@uab.cat\" target=\"_blank\" rel=\"noopener noreferrer\" data-auth=\"NotApplicable\">ernesto.morales@uab.cat<\/a><\/li>\n<li><strong>M\u00e1ster PSyAC:<\/strong> <a href=\"mailto:%63a%72%6f%6c%69%6e%61.m%75noz@u%61%62%2e%63at\">carolina.munoz@uab.cat<\/a><\/li>\n<\/ul>\n<p>&nbsp;<\/p>\n<p>[\/et_pb_text][\/et_pb_column][\/et_pb_row][\/et_pb_section]<\/p>\n","protected":false},"excerpt":{"rendered":"<p>Campus UAB Edificio MRA08193 BellaterraBarcelona. SpainT. 935868815igop@uab.cat [map]Escuela del IGOP Passeig d&#8217;Urrutia, 1708042 BarcelonaBarcelona. SpainT. 680 779 811igop.bcn@uab.cat [map]Guia UAB Puedes encontrar m\u00e1s informaci\u00f3n sobre la Universidad, c\u00f3mo llegar y otros datos de inter\u00e9s en las Guias UAB. Redes sociales LinkedIn: https:\/\/www.linkedin.com\/company\/igopbcn Youtube: igopbcn Bluesky: Canal BlueSky, Newsletter IGOP: Newsletter Twitter (inactiva): https:\/\/x.com\/igopbcn Webs proyectos: [&hellip;]<\/p>\n","protected":false},"author":1,"featured_media":0,"parent":0,"menu_order":0,"comment_status":"closed","ping_status":"closed","template":"","meta":{"_et_pb_use_builder":"on","_et_pb_old_content":"","_et_gb_content_width":"","footnotes":""},"class_list":["post-1339","page","type-page","status-publish","hentry"],"_links":{"self":[{"href":"https:\/\/igop.uab.cat\/es\/wp-json\/wp\/v2\/pages\/1339","targetHints":{"allow":["GET"]}}],"collection":[{"href":"https:\/\/igop.uab.cat\/es\/wp-json\/wp\/v2\/pages"}],"about":[{"href":"https:\/\/igop.uab.cat\/es\/wp-json\/wp\/v2\/types\/page"}],"author":[{"embeddable":true,"href":"https:\/\/igop.uab.cat\/es\/wp-json\/wp\/v2\/users\/1"}],"replies":[{"embeddable":true,"href":"https:\/\/igop.uab.cat\/es\/wp-json\/wp\/v2\/comments?post=1339"}],"version-history":[{"count":28,"href":"https:\/\/igop.uab.cat\/es\/wp-json\/wp\/v2\/pages\/1339\/revisions"}],"predecessor-version":[{"id":24955,"href":"https:\/\/igop.uab.cat\/es\/wp-json\/wp\/v2\/pages\/1339\/revisions\/24955"}],"wp:attachment":[{"href":"https:\/\/igop.uab.cat\/es\/wp-json\/wp\/v2\/media?parent=1339"}],"curies":[{"name":"wp","href":"https:\/\/api.w.org\/{rel}","templated":true}]}}