{"id":13133,"date":"2020-11-18T15:36:32","date_gmt":"2020-11-18T14:36:32","guid":{"rendered":"https:\/\/igop.uab.cat\/demopolis\/"},"modified":"2020-11-18T15:36:32","modified_gmt":"2020-11-18T14:36:32","slug":"demopolis","status":"publish","type":"page","link":"https:\/\/igop.uab.cat\/es\/demopolis\/","title":{"rendered":"Demopolis"},"content":{"rendered":"<p>El Programa Demopolis es una iniciativa de la Escuela del IGOP, un espacio para hablar de calidad democr\u00e1tica, acci\u00f3n comunitaria y participaci\u00f3n ciudadana.<\/p>\n<p>Se estructura mediante webinarios online sobre temas monogr\u00e1ficos.<\/p>\n<p>&nbsp;<\/p>\n<h4><strong>Pr\u00f3ximo seminario<\/strong><\/h4>\n<p>La experiencia chilena, luces y sombras\u00a0sobre la democracia directa (<a href=\"https:\/\/igop.uab.cat\/wp-content\/uploads\/2020\/11\/Targeto-IGOP-Demopolis-24-NOV-Xile.pdf\" target=\"_blank\" rel=\"noopener\">descargar invitaci\u00f3n pdf<\/a>)<br \/>\nDAVID ALTMAN \/ QUIM BRUGU\u00c9 \/ ARANTXA MENDIHARAT<\/p>\n<p><strong>Fecha:<\/strong> 24\/11\/20 &#8211; 17:30h<br \/>\n<strong>Donde:<\/strong> <a href=\"https:\/\/bit.ly\/demopolis_Chile\" target=\"_blank\" rel=\"noopener\">https:\/\/bit.ly\/demopolis_Chile<\/a><\/p>\n<p><img loading=\"lazy\" decoding=\"async\" class=\"alignleft size-full wp-image-13124\" src=\"https:\/\/igop.uab.cat\/wp-content\/uploads\/2020\/11\/Targeto-IGOP-Demopolis-01-Xile_NOV2020_cara.jpg\" alt=\"\" width=\"1754\" height=\"591\" srcset=\"https:\/\/igop.uab.cat\/wp-content\/uploads\/2020\/11\/Targeto-IGOP-Demopolis-01-Xile_NOV2020_cara.jpg 1754w, https:\/\/igop.uab.cat\/wp-content\/uploads\/2020\/11\/Targeto-IGOP-Demopolis-01-Xile_NOV2020_cara-300x101.jpg 300w, https:\/\/igop.uab.cat\/wp-content\/uploads\/2020\/11\/Targeto-IGOP-Demopolis-01-Xile_NOV2020_cara-768x259.jpg 768w, https:\/\/igop.uab.cat\/wp-content\/uploads\/2020\/11\/Targeto-IGOP-Demopolis-01-Xile_NOV2020_cara-1024x345.jpg 1024w\" sizes=\"(max-width: 1754px) 100vw, 1754px\" \/><\/p>\n<p>&nbsp;<\/p>\n<h4><strong>Webinarios en preparaci\u00f3n<\/strong><\/h4>\n<ol>\n<li>La democr\u00e0cia per sorteig, relacions entre la dimensi\u00f3 representativa i l\u2019aleatorietat<\/li>\n<li>Legislaci\u00f3 col\u00b7laborativa, \u00e9s possible?<\/li>\n<li>Pressupostos participatius, mite o realitat?<\/li>\n<li>Equipaments comunitaris, al servei de l\u2019enfortiment comunitari o legitimaci\u00f3 de les institucions<\/li>\n<li>La fragmentaci\u00f3 i la segregaci\u00f3 territorial, risc per a la democr\u00e0cia<\/li>\n<li>La iniciativa ciutadana, serveix per a alguna cosa?<\/li>\n<li>Transformaci\u00f3 digital i democr\u00e0cia<\/li>\n<li>Parlem de democr\u00e0cia directa a Catalunya i al m\u00f3n<\/li>\n<li>La regulaci\u00f3 de la participaci\u00f3<\/li>\n<\/ol>\n<hr \/>\n<p>&nbsp;<\/p>\n","protected":false},"excerpt":{"rendered":"<p>El Programa Demopolis es una iniciativa de la Escuela del IGOP, un espacio para hablar de calidad democr\u00e1tica, acci\u00f3n comunitaria y participaci\u00f3n ciudadana. Se estructura mediante webinarios online sobre temas monogr\u00e1ficos. &nbsp; Pr\u00f3ximo seminario La experiencia chilena, luces y sombras\u00a0sobre la democracia directa (descargar invitaci\u00f3n pdf) DAVID ALTMAN \/ QUIM BRUGU\u00c9 \/ ARANTXA MENDIHARAT Fecha: [&hellip;]<\/p>\n","protected":false},"author":2,"featured_media":0,"parent":0,"menu_order":0,"comment_status":"closed","ping_status":"closed","template":"","meta":{"_et_pb_use_builder":"","_et_pb_old_content":"","_et_gb_content_width":"","footnotes":""},"class_list":["post-13133","page","type-page","status-publish","hentry"],"_links":{"self":[{"href":"https:\/\/igop.uab.cat\/es\/wp-json\/wp\/v2\/pages\/13133","targetHints":{"allow":["GET"]}}],"collection":[{"href":"https:\/\/igop.uab.cat\/es\/wp-json\/wp\/v2\/pages"}],"about":[{"href":"https:\/\/igop.uab.cat\/es\/wp-json\/wp\/v2\/types\/page"}],"author":[{"embeddable":true,"href":"https:\/\/igop.uab.cat\/es\/wp-json\/wp\/v2\/users\/2"}],"replies":[{"embeddable":true,"href":"https:\/\/igop.uab.cat\/es\/wp-json\/wp\/v2\/comments?post=13133"}],"version-history":[{"count":0,"href":"https:\/\/igop.uab.cat\/es\/wp-json\/wp\/v2\/pages\/13133\/revisions"}],"wp:attachment":[{"href":"https:\/\/igop.uab.cat\/es\/wp-json\/wp\/v2\/media?parent=13133"}],"curies":[{"name":"wp","href":"https:\/\/api.w.org\/{rel}","templated":true}]}}