{"id":12746,"date":"2020-04-28T10:43:14","date_gmt":"2020-04-28T08:43:14","guid":{"rendered":"https:\/\/igop.uab.cat\/reflexiones-covid19\/"},"modified":"2022-04-27T13:16:06","modified_gmt":"2022-04-27T11:16:06","slug":"reflexiones-covid19","status":"publish","type":"page","link":"https:\/\/igop.uab.cat\/es\/reflexiones-covid19\/","title":{"rendered":"Reflexiones Covid19"},"content":{"rendered":"<p>[et_pb_section fb_built=\u00bb1&#8243; admin_label=\u00bbsection\u00bb _builder_version=\u00bb3.22&#8243; global_colors_info=\u00bb{}\u00bb][et_pb_row admin_label=\u00bbrow\u00bb _builder_version=\u00bb3.25&#8243; background_size=\u00bbinitial\u00bb background_position=\u00bbtop_left\u00bb background_repeat=\u00bbrepeat\u00bb global_colors_info=\u00bb{}\u00bb][et_pb_column type=\u00bb4_4&#8243; _builder_version=\u00bb3.25&#8243; custom_padding=\u00bb|||\u00bb global_colors_info=\u00bb{}\u00bb custom_padding__hover=\u00bb|||\u00bb][et_pb_text admin_label=\u00bbText\u00bb _builder_version=\u00bb4.14.9&#8243; background_size=\u00bbinitial\u00bb background_position=\u00bbtop_left\u00bb background_repeat=\u00bbrepeat\u00bb hover_enabled=\u00bb0&#8243; global_colors_info=\u00bb{}\u00bb sticky_enabled=\u00bb0&#8243;]Queremos compartir el conocimiento del IGOP para <strong>entender mejor qu\u00e9 est\u00e1 pasando y c\u00f3mo nos afecta<\/strong>. Por este motivo hemos pedido a diferentes expertos su opini\u00f3n y reflexiones que nos ayuden a captar mejor lo que est\u00e1 pasando a nuestro alrededor y c\u00f3mo nos afecta la crisis de la Covid19.<\/p>\n<p>Trataremos temas como el Estado de Bienestar y los sistemas de protecci\u00f3n social en el contexto del Coronavirus y la gesti\u00f3n de la crisis, Qu\u00e9 sucede en Am\u00e9rica Latina, El modelo de democracia y respuestas ante el Coronavirus, Las respuestas sociales y el capital social, desigualdades y segregaci\u00f3n urbana, etc &#8230;<\/p>\n<p>Esperamos que os sea un espacio \u00fatil de reflexi\u00f3n.[\/et_pb_text][et_pb_blog _builder_version=\u00bb4.14.9&#8243; _module_preset=\u00bbdefault\u00bb include_categories=\u00bb340&#8243; hover_enabled=\u00bb0&#8243; sticky_enabled=\u00bb0&#8243; posts_number=\u00bb20&#8243; show_author=\u00bboff\u00bb fullwidth=\u00bboff\u00bb excerpt_length=\u00bb150&#8243; show_more=\u00bbon\u00bb custom_margin=\u00bb30px|||||\u00bb][\/et_pb_blog][\/et_pb_column][\/et_pb_row][\/et_pb_section]<\/p>\n","protected":false},"excerpt":{"rendered":"<p>Queremos compartir el conocimiento del IGOP para entender mejor qu\u00e9 est\u00e1 pasando y c\u00f3mo nos afecta. Por este motivo hemos pedido a diferentes expertos su opini\u00f3n y reflexiones que nos ayuden a captar mejor lo que est\u00e1 pasando a nuestro alrededor y c\u00f3mo nos afecta la crisis de la Covid19. Trataremos temas como el Estado [&hellip;]<\/p>\n","protected":false},"author":2,"featured_media":0,"parent":0,"menu_order":0,"comment_status":"closed","ping_status":"closed","template":"","meta":{"_et_pb_use_builder":"on","_et_pb_old_content":"","_et_gb_content_width":"","footnotes":""},"class_list":["post-12746","page","type-page","status-publish","hentry"],"_links":{"self":[{"href":"https:\/\/igop.uab.cat\/es\/wp-json\/wp\/v2\/pages\/12746","targetHints":{"allow":["GET"]}}],"collection":[{"href":"https:\/\/igop.uab.cat\/es\/wp-json\/wp\/v2\/pages"}],"about":[{"href":"https:\/\/igop.uab.cat\/es\/wp-json\/wp\/v2\/types\/page"}],"author":[{"embeddable":true,"href":"https:\/\/igop.uab.cat\/es\/wp-json\/wp\/v2\/users\/2"}],"replies":[{"embeddable":true,"href":"https:\/\/igop.uab.cat\/es\/wp-json\/wp\/v2\/comments?post=12746"}],"version-history":[{"count":6,"href":"https:\/\/igop.uab.cat\/es\/wp-json\/wp\/v2\/pages\/12746\/revisions"}],"predecessor-version":[{"id":13975,"href":"https:\/\/igop.uab.cat\/es\/wp-json\/wp\/v2\/pages\/12746\/revisions\/13975"}],"wp:attachment":[{"href":"https:\/\/igop.uab.cat\/es\/wp-json\/wp\/v2\/media?parent=12746"}],"curies":[{"name":"wp","href":"https:\/\/api.w.org\/{rel}","templated":true}]}}