{"id":12587,"date":"2020-03-30T18:39:05","date_gmt":"2020-03-30T16:39:05","guid":{"rendered":"https:\/\/igop.uab.cat\/inversion-en-la-primera-infancia\/"},"modified":"2020-03-30T18:39:05","modified_gmt":"2020-03-30T16:39:05","slug":"inversion-en-la-primera-infancia","status":"publish","type":"page","link":"https:\/\/igop.uab.cat\/es\/inversion-en-la-primera-infancia\/","title":{"rendered":"Inversi\u00f3n en la primera infancia"},"content":{"rendered":"<p>[vc_row][vc_column width=\u00bb2\/3&#8243;][vc_column_text]El proyecto de investigaci\u00f3n \u00abInversi\u00f3n en la temprana infancia: pol\u00edtica, pol\u00edticas tiene como objetivo estudiar c\u00f3mo interact\u00faan igualdad y calidad en la expansi\u00f3n de pol\u00edticas de la temprana infancia a trav\u00e9s del an\u00e1lisis de a tres ejes principales: (1) Pol\u00edtica (politics) (2) Pol\u00edticas (policies) y (3) Resultados (outcomes).<\/p>\n<p>El proyecto se inscribe en el debate sobre el paradigma de la inversi\u00f3n social (Jenson, 2004, Esping-Andersen et al. 2012, Bonoli 2013). Nuestra premisa es que el grado en que un aumento en el gasto en temprana infancia puede interpretarse como Inversi\u00f3n Social depender\u00e1 de una serie de pre-condiciones. Estas pueden agruparse en dos conceptos principales que est\u00e1n relacionados y que son centrales: igualdad tanto en representaci\u00f3n pol\u00edtica y acceso a los servicios, y calidad de las prestaciones.<\/p>\n<p>Por una parte, necesitamos entender si todos los grupos sociales benefician en igualdad de condiciones de intervenciones p\u00fablicas en la temprana infancia o si, tal y como sugiere el &#8216;Efecto Mateo&#8217; existe un sesgo hacia las clases medias, beneficiando aqu\u00e9llos que est\u00e1n en posici\u00f3n de mayor ventaja relativa y con una mayor capacidad de influencia en la esfera p\u00fablica. Por otra parte, buscamos saber si la urgencia por expandir estos servicios (dada una creciente demanda) compromete su calidad.<\/p>\n<p><strong>Financiado por:<br \/>\n<\/strong>Ministerio de Ciencia, Innovaci\u00f3n y Universidades \u2013 Agencia Estatal de Investigaci\u00f3n\/[\/vc_column_text][\/vc_column][vc_column width=\u00bb1\/3&#8243; css=\u00bb.vc_custom_1585250407449{background-color: #c9c9c9 !important;}\u00bb][vc_column_text]<a href=\"https:\/\/www.agapp.cat\/wp-content\/uploads\/2018\/12\/Fitxa-projecte-ECECWEL.pdf\" target=\"_blank\" rel=\"noopener\"><img loading=\"lazy\" decoding=\"async\" class=\"wp-image-12511 size-full aligncenter\" src=\"https:\/\/igop.uab.cat\/wp-content\/uploads\/2020\/03\/1a-infancia-Sidebar.jpg\" alt=\"\" width=\"235\" height=\"142\" \/><\/a><\/p>\n<p><a href=\"https:\/\/www.agapp.cat\/wp-content\/uploads\/2018\/12\/Fitxa-projecte-ECECWEL.pdf\" target=\"_blank\" rel=\"noopener\">Ficha del proyecto<\/a><\/p>\n<p>Web:<br \/>\n<a href=\"https:\/\/blogs.uab.cat\/investinginchildren\/\" target=\"_blank\" rel=\"noopener\">https:\/\/blogs.uab.cat\/investinginchildren\/<\/a>[\/vc_column_text][\/vc_column][\/vc_row]<\/p>\n","protected":false},"excerpt":{"rendered":"<p>[vc_row][vc_column width=\u00bb2\/3&#8243;][vc_column_text]El proyecto de investigaci\u00f3n \u00abInversi\u00f3n en la temprana infancia: pol\u00edtica, pol\u00edticas tiene como objetivo estudiar c\u00f3mo interact\u00faan igualdad y calidad en la expansi\u00f3n de pol\u00edticas de la temprana infancia a trav\u00e9s del an\u00e1lisis de a tres ejes principales: (1) Pol\u00edtica (politics) (2) Pol\u00edticas (policies) y (3) Resultados (outcomes). El proyecto se inscribe en el [&hellip;]<\/p>\n","protected":false},"author":2,"featured_media":11781,"parent":0,"menu_order":0,"comment_status":"closed","ping_status":"closed","template":"","meta":{"_et_pb_use_builder":"","_et_pb_old_content":"","_et_gb_content_width":"","footnotes":""},"class_list":["post-12587","page","type-page","status-publish","has-post-thumbnail","hentry"],"_links":{"self":[{"href":"https:\/\/igop.uab.cat\/es\/wp-json\/wp\/v2\/pages\/12587","targetHints":{"allow":["GET"]}}],"collection":[{"href":"https:\/\/igop.uab.cat\/es\/wp-json\/wp\/v2\/pages"}],"about":[{"href":"https:\/\/igop.uab.cat\/es\/wp-json\/wp\/v2\/types\/page"}],"author":[{"embeddable":true,"href":"https:\/\/igop.uab.cat\/es\/wp-json\/wp\/v2\/users\/2"}],"replies":[{"embeddable":true,"href":"https:\/\/igop.uab.cat\/es\/wp-json\/wp\/v2\/comments?post=12587"}],"version-history":[{"count":1,"href":"https:\/\/igop.uab.cat\/es\/wp-json\/wp\/v2\/pages\/12587\/revisions"}],"predecessor-version":[{"id":12588,"href":"https:\/\/igop.uab.cat\/es\/wp-json\/wp\/v2\/pages\/12587\/revisions\/12588"}],"wp:featuredmedia":[{"embeddable":true,"href":"https:\/\/igop.uab.cat\/es\/wp-json\/wp\/v2\/media\/11781"}],"wp:attachment":[{"href":"https:\/\/igop.uab.cat\/es\/wp-json\/wp\/v2\/media?parent=12587"}],"curies":[{"name":"wp","href":"https:\/\/api.w.org\/{rel}","templated":true}]}}