{"id":11666,"date":"2019-05-09T13:12:59","date_gmt":"2019-05-09T11:12:59","guid":{"rendered":"https:\/\/igop.uab.cat\/?page_id=11666"},"modified":"2019-05-09T13:22:10","modified_gmt":"2019-05-09T11:22:10","slug":"jornada-puertas-abiertas-2019","status":"publish","type":"page","link":"https:\/\/igop.uab.cat\/es\/jornada-puertas-abiertas-2019\/","title":{"rendered":"Jornada puertas abiertas 2019"},"content":{"rendered":"<h4><span style=\"font-weight: 400;\"><span style=\"color: #3366ff;\">Jornada Puertas Abiertas IGOP<\/span><br \/>\n<\/span>La investigaci\u00f3n en pol\u00edticas sociales y urbanas a debate: \u00bfqu\u00e9, c\u00f3mo y para qu\u00e9 hacerla?<\/h4>\n<p>&nbsp;<\/p>\n<p><img loading=\"lazy\" decoding=\"async\" class=\"espai alignleft wp-image-11669 size-medium\" src=\"https:\/\/igop.uab.cat\/wp-content\/uploads\/2019\/05\/Porte-Obertes-230519-300x225.jpg\" alt=\"Jornada Portes Obertes IGOP\" width=\"300\" height=\"225\" srcset=\"https:\/\/igop.uab.cat\/wp-content\/uploads\/2019\/05\/Porte-Obertes-230519-300x225.jpg 300w, https:\/\/igop.uab.cat\/wp-content\/uploads\/2019\/05\/Porte-Obertes-230519-768x576.jpg 768w, https:\/\/igop.uab.cat\/wp-content\/uploads\/2019\/05\/Porte-Obertes-230519-1024x768.jpg 1024w, https:\/\/igop.uab.cat\/wp-content\/uploads\/2019\/05\/Porte-Obertes-230519.jpg 1440w\" sizes=\"(max-width: 300px) 100vw, 300px\" \/>\u00bfQuieres conocer parte de la investigaci\u00f3n de calidad que se hace en Catalu\u00f1a?<\/p>\n<p>Os invitamos a una nueva edici\u00f3n de la Jornada de Puertas Abiertas del IGOP, que tendr\u00e1 lugar en la sede de la Escuela del IGOP en Barcelona el pr\u00f3ximo 23 de mayo a las 16:30h.<\/p>\n<p>La jornada lleva por t\u00edtulo <strong>La investigaci\u00f3n en pol\u00edticas sociales y urbanas a debate: \u00bfQu\u00e9, c\u00f3mo y para qu\u00e9 hacerla?<\/strong> Es un debate abierto a investigadores\/as, profesionales, colectivos &#8230; A todos los\/las interesados \u200b\u200ben el tema.<\/p>\n<p><strong>En la primera parte de la sesi\u00f3n<\/strong> os presentaremos algunos proyectos desarrollados por nuestro instituto que creemos pueden ser de vuestro inter\u00e9s y que abarcan tem\u00e1ticas de actualidad como: vivienda, j\u00f3venes y conflicto social, cultura y equidad, primera infancia, pobreza y desigualdad, educaci\u00f3n 0-3 y mercado laboral &#8230; Tendr\u00e9is a vuestra disposici\u00f3n a investigadores\/as de las investigaciones para comentar, debatir y aprender m\u00e1s acerca de nuestra agenda de investigaci\u00f3n.<\/p>\n<p><strong>En la segunda parte de la sesi\u00f3n<\/strong> iniciaremos un debate abierto donde nos gustar\u00eda contar con vuestra participaci\u00f3n para reflexionar sobre la investigaci\u00f3n en pol\u00edticas sociales y urbanas, y para responder preguntas como: \u00bfSobre qu\u00e9 temas se investiga? C\u00f3mo se hace la investigaci\u00f3n? \u00bfQu\u00e9 impacto social tiene?<\/p>\n<hr \/>\n<p><span style=\"font-weight: 400;\">PROYECTOS SELECCIONADOS<\/span><\/p>\n<ol>\n<li style=\"font-weight: 400;\"><span style=\"font-weight: 400;\">Barbieri, Nicol\u00e1s (Pol\u00edticas culturales y equidad)<\/span><\/li>\n<li style=\"font-weight: 400;\"><span style=\"font-weight: 400;\">Fern\u00e1ndez, Charlotte (Pobreza y desigualdad en el Eix Bes\u00f3s: BMincome)<\/span><\/li>\n<li style=\"font-weight: 400;\"><span style=\"font-weight: 400;\">Ferreri, Mara (Vivienda cooperativa: Commoning Housing)<\/span><\/li>\n<li style=\"font-weight: 400;\"><span style=\"font-weight: 400;\">Gallego, Raquel \/ Gonzalez, Sheila (Modelos de educaci\u00f3n y cura 0-3 y mercado laboral)<\/span><\/li>\n<li style=\"font-weight: 400;\"><span style=\"font-weight: 400;\">Iba\u00f1ez, Zyab (J\u00f3venes en conflicto y cambio social: Proyecto Promise)<\/span><\/li>\n<li style=\"font-weight: 400;\"><span style=\"font-weight: 400;\">Le\u00f3n, Marga (Inversi\u00f3n en temprana infancia: Proyecto ECEWEL)<\/span><\/li>\n<li style=\"font-weight: 400;\"><span style=\"font-weight: 400;\">Maestripieri, Lara (Vulnerabilitat social y g\u00e9nero: Proyecto VINE)<\/span><\/li>\n<li style=\"font-weight: 400;\"><span style=\"font-weight: 400;\">Morales, Ernesto (Nuevos liderazgos en los barrios)<\/span><\/li>\n<li style=\"font-weight: 400;\"><span style=\"font-weight: 400;\">Salazar, Yunailis \/ Blanco, Ismael (Pol\u00edticas urbanas y movimientos sociales: Proyecto Proto_Local)<\/span><\/li>\n<\/ol>\n<p>&nbsp;<\/p>\n<hr \/>\n<p><strong>DATOS DE INTER\u00c9S:<\/strong><\/p>\n<p><strong>Qu\u00e9:<\/strong><span style=\"font-weight: 400;\"> Jornada Portes Obertes IGOP<br \/>\n<\/span><strong>Cuando:<\/strong> <span style=\"font-weight: 400;\">23\/05\/19<br \/>\n<\/span><strong>Horario:<\/strong><span style=\"font-weight: 400;\"> de 16:45 a 19h<br \/>\n<\/span><strong>D\u00f3nde:<\/strong><span style=\"font-weight: 400;\"> Escola de Pol\u00edtiques Socials i Urbanes de l\u2019IGOP<br \/>\n<\/span><strong>Direcci\u00f3n:<\/strong><span style=\"font-weight: 400;\"> Passeig d\u2019Urr\u00fatia, 17 Barcelona<br \/>\n<\/span><strong>Quien: <\/strong>Investigadors\/es, professionals, col\u00b7lectius i persones interessades.<br \/>\n<strong>Inscripci\u00f3n:<\/strong> Gratuita, con\u00a0<a href=\"http:\/\/bit.ly\/inscripcioIGOP23maig\" target=\"_blank\" rel=\"noopener\">formulario por temas de aforo<\/a>.<\/p>\n<p><strong>HT:\u00a0<\/strong>#IGOP23maig<\/p>\n<p><strong>M\u00e1s informaci\u00f3n:<\/strong>\u00a0Charlotte.Fernandez@uab.cat<\/p>\n<hr \/>\n<p><strong>PROGRAMA DEL ACTO<\/strong><\/p>\n<p>16:30h- 16:45h Bienvenida y presentaci\u00f3n<\/p>\n<p>16:45h &#8211; 17:15h V\u00eddeo presentaci\u00f3n proyectos<\/p>\n<p>17:15h &#8211; 17:45h Turno de preguntas sobre los proyectos<\/p>\n<p>17:45h &#8211; 19:00h Debate abierto<\/p>\n<hr \/>\n<div class=\"rve\" data-content-width=\"1080\"><iframe loading=\"lazy\" title=\"Jornada Portes Obertes IGOP 2019\" width=\"1080\" height=\"608\" src=\"https:\/\/www.youtube.com\/embed\/dGc3UB72J1c?feature=oembed\" frameborder=\"0\" allow=\"accelerometer; autoplay; clipboard-write; encrypted-media; gyroscope; picture-in-picture\" allowfullscreen><\/iframe><\/div>\n<p><!-- Responsive Video Embeds plugin by www.kevinleary.net --><\/p>\n","protected":false},"excerpt":{"rendered":"<p>Jornada Puertas Abiertas IGOP La investigaci\u00f3n en pol\u00edticas sociales y urbanas a debate: \u00bfqu\u00e9, c\u00f3mo y para qu\u00e9 hacerla? &nbsp; \u00bfQuieres conocer parte de la investigaci\u00f3n de calidad que se hace en Catalu\u00f1a? Os invitamos a una nueva edici\u00f3n de la Jornada de Puertas Abiertas del IGOP, que tendr\u00e1 lugar en la sede de la [&hellip;]<\/p>\n","protected":false},"author":2,"featured_media":11669,"parent":0,"menu_order":0,"comment_status":"closed","ping_status":"closed","template":"","meta":{"_et_pb_use_builder":"","_et_pb_old_content":"","_et_gb_content_width":"","footnotes":""},"class_list":["post-11666","page","type-page","status-publish","has-post-thumbnail","hentry"],"_links":{"self":[{"href":"https:\/\/igop.uab.cat\/es\/wp-json\/wp\/v2\/pages\/11666","targetHints":{"allow":["GET"]}}],"collection":[{"href":"https:\/\/igop.uab.cat\/es\/wp-json\/wp\/v2\/pages"}],"about":[{"href":"https:\/\/igop.uab.cat\/es\/wp-json\/wp\/v2\/types\/page"}],"author":[{"embeddable":true,"href":"https:\/\/igop.uab.cat\/es\/wp-json\/wp\/v2\/users\/2"}],"replies":[{"embeddable":true,"href":"https:\/\/igop.uab.cat\/es\/wp-json\/wp\/v2\/comments?post=11666"}],"version-history":[{"count":3,"href":"https:\/\/igop.uab.cat\/es\/wp-json\/wp\/v2\/pages\/11666\/revisions"}],"predecessor-version":[{"id":11697,"href":"https:\/\/igop.uab.cat\/es\/wp-json\/wp\/v2\/pages\/11666\/revisions\/11697"}],"wp:featuredmedia":[{"embeddable":true,"href":"https:\/\/igop.uab.cat\/es\/wp-json\/wp\/v2\/media\/11669"}],"wp:attachment":[{"href":"https:\/\/igop.uab.cat\/es\/wp-json\/wp\/v2\/media?parent=11666"}],"curies":[{"name":"wp","href":"https:\/\/api.w.org\/{rel}","templated":true}]}}