{"id":11474,"date":"2019-03-06T14:07:26","date_gmt":"2019-03-06T13:07:26","guid":{"rendered":"https:\/\/igop.uab.cat\/bmincome\/"},"modified":"2022-05-06T13:53:19","modified_gmt":"2022-05-06T11:53:19","slug":"bmincome","status":"publish","type":"page","link":"https:\/\/igop.uab.cat\/es\/bmincome\/","title":{"rendered":"BMINCOME"},"content":{"rendered":"<p>[et_pb_section fb_built=\u00bb1&#8243; _builder_version=\u00bb3.22&#8243; global_colors_info=\u00bb{}\u00bb][et_pb_row column_structure=\u00bb3_5,2_5&#8243; _builder_version=\u00bb3.25&#8243; background_size=\u00bbinitial\u00bb background_position=\u00bbtop_left\u00bb background_repeat=\u00bbrepeat\u00bb global_colors_info=\u00bb{}\u00bb][et_pb_column type=\u00bb3_5&#8243; _builder_version=\u00bb3.25&#8243; custom_padding=\u00bb|||\u00bb global_colors_info=\u00bb{}\u00bb custom_padding__hover=\u00bb|||\u00bb][et_pb_text _builder_version=\u00bb4.14.9&#8243; background_size=\u00bbinitial\u00bb background_position=\u00bbtop_left\u00bb background_repeat=\u00bbrepeat\u00bb hover_enabled=\u00bb0&#8243; global_colors_info=\u00bb{}\u00bb sticky_enabled=\u00bb0&#8243;]<a href=\"http:\/\/ajuntament.barcelona.cat\/bmincome\/ca\/\">B-MINCOME<\/a><a href=\"http:\/\/ajuntament.barcelona.cat\/bmincome\/ca\/\"><img loading=\"lazy\" decoding=\"async\" class=\"espai alignleft wp-image-11470 size-full\" src=\"https:\/\/igop.uab.cat\/wp-content\/uploads\/2019\/03\/BMINCOME.jpg\" alt=\"BMINCOME\" width=\"200\" height=\"200\" srcset=\"https:\/\/igop.uab.cat\/wp-content\/uploads\/2019\/03\/BMINCOME.jpg 200w, https:\/\/igop.uab.cat\/wp-content\/uploads\/2019\/03\/BMINCOME-150x150.jpg 150w\" sizes=\"(max-width: 200px) 100vw, 200px\" \/><\/a> es un proyecto piloto de lucha contra la pobreza y la desigualdad en 10 barrios del Eix Bes\u00f2s de la ciudad de Barcelona, que se acoge dentro del programa Urban Innovative Actions (UIA) de la UE. Tiene por objetivo testear la eficiencia y la eficacia de la combinaci\u00f3n de una renta m\u00ednima (Apoyo Municipal de Inclusi\u00f3n) con cuatro pol\u00edticas activas sociolaborales.<\/p>\n<p><a href=\"https:\/\/igop.uab.cat\/wp-content\/uploads\/2019\/03\/BMINCOME_2018.pdf\">El IGOP participa encargandose de dos tareas<\/a>. Por un lado, el IGOP acompa\u00f1a a la pol\u00edtica activa n\u00ba 4 (Participaci\u00f3n Comunitaria) y realiza el seguimiento y la evaluaci\u00f3n del impacto de esta pol\u00edtica en las din\u00e1micas de participaci\u00f3n comunitaria en los barrios. Por otra parte, el IGOP realiza el an\u00e1lisis de los impactos en la gobernanza del proyecto y su impacto en las pol\u00edticas p\u00fablicas.[\/et_pb_text][\/et_pb_column][et_pb_column type=\u00bb2_5&#8243; _builder_version=\u00bb3.25&#8243; custom_padding=\u00bb|||\u00bb global_colors_info=\u00bb{}\u00bb custom_padding__hover=\u00bb|||\u00bb][et_pb_icon _builder_version=\u00bb4.14.9&#8243; _module_preset=\u00bbdefault\u00bb hover_enabled=\u00bb0&#8243; sticky_enabled=\u00bb0&#8243; font_icon=\u00bb&#xf15c;||fa||900&#8243; icon_color=\u00bb#8300E9&#8243; icon_width=\u00bb48px\u00bb animation_style=\u00bbfold\u00bb][\/et_pb_icon][et_pb_text _builder_version=\u00bb4.14.9&#8243; background_size=\u00bbinitial\u00bb background_position=\u00bbtop_left\u00bb background_repeat=\u00bbrepeat\u00bb hover_enabled=\u00bb0&#8243; global_colors_info=\u00bb{}\u00bb background_color=\u00bbrgba(131,0,233,0.18)\u00bb sticky_enabled=\u00bb0&#8243; custom_margin=\u00bb||||true|true\u00bb custom_padding=\u00bb10px|10px|10px|10px|true|true\u00bb border_width_top=\u00bb2px\u00bb border_color_top=\u00bb#8300E9&#8243; border_style_top=\u00bbdotted\u00bb]Desc\u00e1rgate la <a href=\"https:\/\/igop.uab.cat\/wp-content\/uploads\/2019\/03\/BMINCOME_2018.pdf\">Ficha del proyecto<\/a><\/p>\n<p>Jornada de Trabajo <a href=\"https:\/\/igop.uab.cat\/es\/2019\/03\/05\/jornada-trabaja-bmincome\/\">presentaci\u00f3n resultados preliminares<\/a>.<\/p>\n<p><strong>Si quieres m\u00e1s informaci\u00f3n sobre B-MINCOME:<\/strong><br \/>\n<a title=\"BMINCOME Ajuntament Barcelona\" href=\"http:\/\/ajuntament.barcelona.cat\/bmincome\/ca\/\" target=\"_blank\" rel=\"noopener\">Web Ajuntament\u00a0de Barcelona<\/a><br \/>\n<a title=\"BMINCOME UIA\" href=\"https:\/\/www.uia-initiative.eu\/en\/uia-cities\/barcelona\" target=\"_blank\" rel=\"noopener\">Web UIA\u00a0<\/a>[\/et_pb_text][\/et_pb_column][\/et_pb_row][\/et_pb_section]<\/p>\n","protected":false},"excerpt":{"rendered":"<p>B-MINCOME es un proyecto piloto de lucha contra la pobreza y la desigualdad en 10 barrios del Eix Bes\u00f2s de la ciudad de Barcelona, que se acoge dentro del programa Urban Innovative Actions (UIA) de la UE. Tiene por objetivo testear la eficiencia y la eficacia de la combinaci\u00f3n de una renta m\u00ednima (Apoyo Municipal [&hellip;]<\/p>\n","protected":false},"author":2,"featured_media":11430,"parent":0,"menu_order":0,"comment_status":"closed","ping_status":"closed","template":"","meta":{"_et_pb_use_builder":"on","_et_pb_old_content":"","_et_gb_content_width":"","footnotes":""},"class_list":["post-11474","page","type-page","status-publish","has-post-thumbnail","hentry"],"_links":{"self":[{"href":"https:\/\/igop.uab.cat\/es\/wp-json\/wp\/v2\/pages\/11474","targetHints":{"allow":["GET"]}}],"collection":[{"href":"https:\/\/igop.uab.cat\/es\/wp-json\/wp\/v2\/pages"}],"about":[{"href":"https:\/\/igop.uab.cat\/es\/wp-json\/wp\/v2\/types\/page"}],"author":[{"embeddable":true,"href":"https:\/\/igop.uab.cat\/es\/wp-json\/wp\/v2\/users\/2"}],"replies":[{"embeddable":true,"href":"https:\/\/igop.uab.cat\/es\/wp-json\/wp\/v2\/comments?post=11474"}],"version-history":[{"count":4,"href":"https:\/\/igop.uab.cat\/es\/wp-json\/wp\/v2\/pages\/11474\/revisions"}],"predecessor-version":[{"id":14440,"href":"https:\/\/igop.uab.cat\/es\/wp-json\/wp\/v2\/pages\/11474\/revisions\/14440"}],"wp:featuredmedia":[{"embeddable":true,"href":"https:\/\/igop.uab.cat\/es\/wp-json\/wp\/v2\/media\/11430"}],"wp:attachment":[{"href":"https:\/\/igop.uab.cat\/es\/wp-json\/wp\/v2\/media?parent=11474"}],"curies":[{"name":"wp","href":"https:\/\/api.w.org\/{rel}","templated":true}]}}