{"id":4717,"date":"2018-03-22T12:01:43","date_gmt":"2018-03-22T11:01:43","guid":{"rendered":"https:\/\/igop.uab.cat\/?page_id=4717"},"modified":"2024-05-08T15:44:04","modified_gmt":"2024-05-08T13:44:04","slug":"phd","status":"publish","type":"page","link":"https:\/\/igop.uab.cat\/en\/training\/phd\/","title":{"rendered":"Doctoral Programme"},"content":{"rendered":"<p>[et_pb_section fb_built=&#8221;1&#8243; admin_label=&#8221;section&#8221; _builder_version=&#8221;4.16&#8243; global_colors_info=&#8221;{}&#8221;][et_pb_row column_structure=&#8221;1_2,1_2&#8243; admin_label=&#8221;row&#8221; _builder_version=&#8221;4.16&#8243; background_size=&#8221;initial&#8221; background_position=&#8221;top_left&#8221; background_repeat=&#8221;repeat&#8221; global_colors_info=&#8221;{}&#8221;][et_pb_column type=&#8221;1_2&#8243; _builder_version=&#8221;4.16&#8243; custom_padding=&#8221;|||&#8221; global_colors_info=&#8221;{}&#8221; custom_padding__hover=&#8221;|||&#8221;][et_pb_text admin_label=&#8221;Text&#8221; _builder_version=&#8221;4.19.4&#8243; link_text_color=&#8221;#0C71C3&#8243; background_size=&#8221;initial&#8221; background_position=&#8221;top_left&#8221; background_repeat=&#8221;repeat&#8221; global_colors_info=&#8221;{}&#8221;]<\/p>\n<p>The general objective of the <strong>PhD in Political Science<\/strong>, <strong>Public Policies and International Relations<\/strong> is to train students as researchers with a high level of knowledge and analytical capacity that can be applied in an academic or professional career at international level.<\/p>\n<p>From the 2014-2015 academic year, our PhD program in Public Policy and Social Transformation joins the PhD in Political Science and International Relations to give rise to a new program in <strong>Politics, Policies and International Relations<\/strong>. Within it, there are two specific lines of research that are directly related to the IGOP and its doctorate: 1 \/ Analysis, management and evaluation of public policies and 2 \/ Social and urban policies: <strong>1 \/ Analysis, management and evaluation of public policies<\/strong> and <strong>2 \/ Social and Urban policies<\/strong>.<\/p>\n<p>[\/et_pb_text][\/et_pb_column][et_pb_column type=&#8221;1_2&#8243; _builder_version=&#8221;4.16&#8243; custom_padding=&#8221;|||&#8221; global_colors_info=&#8221;{}&#8221; custom_padding__hover=&#8221;|||&#8221;][et_pb_text admin_label=&#8221;Text&#8221; _builder_version=&#8221;4.24.3&#8243; link_text_color=&#8221;#0C71C3&#8243; background_color=&#8221;rgba(12,113,195,0.22)&#8221; background_size=&#8221;initial&#8221; background_position=&#8221;top_left&#8221; background_repeat=&#8221;repeat&#8221; custom_padding=&#8221;20px|20px|20px|20px|true|true&#8221; border_color_all=&#8221;RGBA(255,255,255,0)&#8221; box_shadow_style=&#8221;preset3&#8243; global_colors_info=&#8221;{}&#8221;]<\/p>\n<p>For more information and to apply for admission, contact the doctorate in Politics, Policies and International Relations directly (web <a href=\"https:\/\/www.uab.cat\/es\/doctorados\/ciencia-politica-politicas-publicas-relaciones-internacionales#seccio-admissio\" target=\"_blank\" rel=\"noopener\">http:\/\/ppir.uab.cat<\/a>).<\/p>\n<p>You can also contact us by email at: doctorat.ppir@uab.cat<\/p>\n<p>[\/et_pb_text][et_pb_button button_url=&#8221;https:\/\/igop.uab.cat\/wp-content\/uploads\/2024\/05\/PPIR-CALL-FOR-APPLICATIONS.pdf&#8221; url_new_window=&#8221;on&#8221; button_text=&#8221;Download call (until May 27th)&#8221; button_alignment=&#8221;center&#8221; _builder_version=&#8221;4.24.3&#8243; _module_preset=&#8221;default&#8221; custom_button=&#8221;on&#8221; button_text_size=&#8221;15px&#8221; button_text_color=&#8221;#FFFFFF&#8221; button_bg_color=&#8221;#0C71C3&#8243; button_border_radius=&#8221;18px&#8221; button_icon=&#8221;&#xe092;||divi||400&#8243; hover_enabled=&#8221;0&#8243; global_colors_info=&#8221;{}&#8221; sticky_enabled=&#8221;0&#8243;][\/et_pb_button][\/et_pb_column][\/et_pb_row][et_pb_row admin_label=&#8221;row&#8221; _builder_version=&#8221;4.16&#8243; background_size=&#8221;initial&#8221; background_position=&#8221;top_left&#8221; background_repeat=&#8221;repeat&#8221; global_colors_info=&#8221;{}&#8221;][et_pb_column type=&#8221;4_4&#8243; _builder_version=&#8221;4.16&#8243; custom_padding=&#8221;|||&#8221; global_colors_info=&#8221;{}&#8221; custom_padding__hover=&#8221;|||&#8221;][et_pb_text admin_label=&#8221;Text&#8221; _builder_version=&#8221;4.16&#8243; background_size=&#8221;initial&#8221; background_position=&#8221;top_left&#8221; background_repeat=&#8221;repeat&#8221; custom_margin=&#8221;40px|||||&#8221; global_colors_info=&#8221;{}&#8221;]<\/p>\n<h3 style=\"text-align: center;\">Lines of research<\/h3>\n<p>[\/et_pb_text][\/et_pb_column][\/et_pb_row][et_pb_row column_structure=&#8221;1_3,1_3,1_3&#8243; admin_label=&#8221;row&#8221; _builder_version=&#8221;4.16&#8243; background_size=&#8221;initial&#8221; background_position=&#8221;top_left&#8221; background_repeat=&#8221;repeat&#8221; global_colors_info=&#8221;{}&#8221;][et_pb_column type=&#8221;1_3&#8243; _builder_version=&#8221;4.16&#8243; custom_padding=&#8221;|||&#8221; global_colors_info=&#8221;{}&#8221; custom_padding__hover=&#8221;|||&#8221;][et_pb_text admin_label=&#8221;Text&#8221; _builder_version=&#8221;4.16&#8243; link_text_color=&#8221;#0C71C3&#8243; background_size=&#8221;initial&#8221; background_position=&#8221;top_left&#8221; background_repeat=&#8221;repeat&#8221; global_colors_info=&#8221;{}&#8221;]<\/p>\n<p><span id=\"result_box\" lang=\"ca\" tabindex=\"-1\"><span title=\"01 Analysis, management and evaluation of public policies \"><strong>01 Analysis, management and evaluation of public policies<\/strong><br \/><\/span><span title=\"Potential Phd Supervisors: Xavier Ballart Hern\u00e1ndez, Raquel Gallego Calder\u00f3n \">Potential Phd Supervisors: Xavier Ballart Hern\u00e1ndez, Raquel Gallego Calder\u00f3n<br \/><\/span><span title=\"Themes: \">Themes:<br \/><\/span><\/span><\/p>\n<ul>\n<li><span id=\"result_box\" lang=\"ca\" tabindex=\"-1\"><span title=\"Public policy analysis \">Public policy analysis<\/span><\/span><\/li>\n<li><span id=\"result_box\" lang=\"ca\" tabindex=\"-1\"><span title=\"Public policy evaluation \">Public policy evaluation<\/span><\/span><\/li>\n<li><span id=\"result_box\" lang=\"ca\" tabindex=\"-1\"><span title=\"Public policy and public management \">Public policy and public management<\/span><\/span><\/li>\n<li><span id=\"result_box\" lang=\"ca\" tabindex=\"-1\"><span title=\"Innovation in the public sector \">Innovation in the public sector<\/span><\/span><\/li>\n<li><span id=\"result_box\" lang=\"ca\" tabindex=\"-1\"><span title=\"Decentralization and sub-national governments \">Decentralization and sub-national governments<\/span><\/span><\/li>\n<\/ul>\n<p>&nbsp;<\/p>\n<p>[\/et_pb_text][\/et_pb_column][et_pb_column type=&#8221;1_3&#8243; _builder_version=&#8221;4.16&#8243; custom_padding=&#8221;|||&#8221; global_colors_info=&#8221;{}&#8221; custom_padding__hover=&#8221;|||&#8221;][et_pb_text admin_label=&#8221;Text&#8221; _builder_version=&#8221;4.16&#8243; link_text_color=&#8221;#0C71C3&#8243; background_size=&#8221;initial&#8221; background_position=&#8221;top_left&#8221; background_repeat=&#8221;repeat&#8221; global_colors_info=&#8221;{}&#8221;]<\/p>\n<p><span title=\"02 Social and urban policies \"><strong>02 Social and urban policies<\/strong><br \/><\/span><span title=\"Potential PhD supervisors: Ismael Blanco, Margarita Le\u00f3n, Marc Par\u00e9s, Joan Subirats, Ricard Gom\u00e0 and Mayo Fuster \">Potential PhD supervisors: Ismael Blanco, Margarita Le\u00f3n, Marc Par\u00e9s, Joan Subirats, Ricard Gom\u00e0 and Mayo Fuster<br \/><\/span><span title=\"Research lines \">Themes:<br \/><\/span><\/p>\n<ul>\n<li><span id=\"result_box\" lang=\"ca\" tabindex=\"-1\"><span title=\"Networks of urban governance \">Networks of urban governance<\/span><\/span><\/li>\n<li><span id=\"result_box\" lang=\"ca\" tabindex=\"-1\"><span title=\"Urban policies \">Urban policies<\/span><\/span><\/li>\n<li><span id=\"result_box\" lang=\"ca\" tabindex=\"-1\"><span title=\"Comparative Social policy \">Comparative Social policy<\/span><\/span><\/li>\n<li><span id=\"result_box\" lang=\"ca\" tabindex=\"-1\"><span title=\"Politics of welfare reform \">Politics of welfare reform<\/span><\/span><\/li>\n<li><span id=\"result_box\" lang=\"ca\" tabindex=\"-1\"><span title=\"Democratic innovation \">Democratic innovation<\/span><\/span><\/li>\n<li><span id=\"result_box\" lang=\"ca\" tabindex=\"-1\"><span title=\"Internet and politics 2.0 \">Internet and politics 2.0<\/span><\/span><\/li>\n<li><span id=\"result_box\" lang=\"ca\" tabindex=\"-1\"><span title=\"Territoriality, collective identities and society \">Territoriality, collective identities and society<\/span><\/span><\/li>\n<\/ul>\n<p>[\/et_pb_text][\/et_pb_column][et_pb_column type=&#8221;1_3&#8243; _builder_version=&#8221;4.16&#8243; custom_padding=&#8221;|||&#8221; global_colors_info=&#8221;{}&#8221; custom_padding__hover=&#8221;|||&#8221;][et_pb_text admin_label=&#8221;Text&#8221; _builder_version=&#8221;4.16&#8243; link_text_color=&#8221;#0C71C3&#8243; background_size=&#8221;initial&#8221; background_position=&#8221;top_left&#8221; background_repeat=&#8221;repeat&#8221; global_colors_info=&#8221;{}&#8221;]<\/p>\n<p><span id=\"result_box\" lang=\"ca\" tabindex=\"-1\"><span title=\"03 Democracy, elites, political parties and citizenship\"><strong>03 Democracy, elites, political parties and citizenship<\/strong> <br \/><\/span><span title=\"Directors of thesis: Eva Anduiza Perea, Joan Botella Corral, Eva Ostergaard-Nielsen, Guillem Rico, Dani Marinova, Marc Guinjoan, Agust\u00ed Bosch\">Directors of thesis: Eva Anduiza Perea, Eva Ostergaard-Nielsen.<br \/>Themes:<br \/><\/span><\/span><\/p>\n<ul>\n<li><span id=\"result_box\" lang=\"ca\" tabindex=\"-1\"><span title=\"Stability and change in political attitudes, \">Stability and change in political attitudes,<\/span><\/span><\/li>\n<li><span id=\"result_box\" lang=\"ca\" tabindex=\"-1\"><span title=\"Political behaviour, protests, digital media, \">Political behaviour, protests, digital media,<\/span><\/span><\/li>\n<li><span id=\"result_box\" lang=\"ca\" tabindex=\"-1\"><span title=\"Political parties, party and governmental elites \">Political parties, party and governmental elites<\/span><\/span><\/li>\n<li><span id=\"result_box\" lang=\"ca\" tabindex=\"-1\"><span title=\"Political communication \">Political communication<\/span><\/span><\/li>\n<li><span id=\"result_box\" lang=\"ca\" tabindex=\"-1\"><span title=\"Political communication\">N<\/span><span title=\"National identity\">ational identity<\/span><\/span><\/li>\n<li><span id=\"result_box\" lang=\"ca\" tabindex=\"-1\"><span title=\"Migration and transnational politics\">Migration and transnational politics<\/span><\/span><\/li>\n<\/ul>\n<p>[\/et_pb_text][\/et_pb_column][\/et_pb_row][\/et_pb_section]<\/p>\n","protected":false},"excerpt":{"rendered":"<p>The general objective of the PhD in Political Science, Public Policies and International Relations is to train students as researchers with a high level of knowledge and analytical capacity that can be applied in an academic or professional career at international level. From the 2014-2015 academic year, our PhD program in Public Policy and Social [&hellip;]<\/p>\n","protected":false},"author":2,"featured_media":0,"parent":1344,"menu_order":0,"comment_status":"closed","ping_status":"closed","template":"","meta":{"_et_pb_use_builder":"on","_et_pb_old_content":"","_et_gb_content_width":"","footnotes":""},"class_list":["post-4717","page","type-page","status-publish","hentry"],"_links":{"self":[{"href":"https:\/\/igop.uab.cat\/en\/wp-json\/wp\/v2\/pages\/4717","targetHints":{"allow":["GET"]}}],"collection":[{"href":"https:\/\/igop.uab.cat\/en\/wp-json\/wp\/v2\/pages"}],"about":[{"href":"https:\/\/igop.uab.cat\/en\/wp-json\/wp\/v2\/types\/page"}],"author":[{"embeddable":true,"href":"https:\/\/igop.uab.cat\/en\/wp-json\/wp\/v2\/users\/2"}],"replies":[{"embeddable":true,"href":"https:\/\/igop.uab.cat\/en\/wp-json\/wp\/v2\/comments?post=4717"}],"version-history":[{"count":30,"href":"https:\/\/igop.uab.cat\/en\/wp-json\/wp\/v2\/pages\/4717\/revisions"}],"predecessor-version":[{"id":20299,"href":"https:\/\/igop.uab.cat\/en\/wp-json\/wp\/v2\/pages\/4717\/revisions\/20299"}],"up":[{"embeddable":true,"href":"https:\/\/igop.uab.cat\/en\/wp-json\/wp\/v2\/pages\/1344"}],"wp:attachment":[{"href":"https:\/\/igop.uab.cat\/en\/wp-json\/wp\/v2\/media?parent=4717"}],"curies":[{"name":"wp","href":"https:\/\/api.w.org\/{rel}","templated":true}]}}