{"id":3339,"date":"2016-07-18T23:56:20","date_gmt":"2016-07-18T21:56:20","guid":{"rendered":"https:\/\/igop.uab.cat\/?page_id=3339"},"modified":"2023-02-09T10:43:31","modified_gmt":"2023-02-09T09:43:31","slug":"urgocis-3","status":"publish","type":"page","link":"https:\/\/igop.uab.cat\/en\/urgocis-3\/","title":{"rendered":"urgocis"},"content":{"rendered":"<p>[et_pb_section fb_built=&#8221;1&#8243; _builder_version=&#8221;4.16&#8243; global_colors_info=&#8221;{}&#8221;][et_pb_row _builder_version=&#8221;4.16&#8243; _module_preset=&#8221;default&#8221; global_colors_info=&#8221;{}&#8221;][et_pb_column type=&#8221;4_4&#8243; _builder_version=&#8221;4.16&#8243; _module_preset=&#8221;default&#8221; global_colors_info=&#8221;{}&#8221;][et_pb_image src=&#8221;https:\/\/igop.uab.cat\/wp-content\/uploads\/2022\/04\/urgocis-top.jpg&#8221; alt=&#8221;SGR URGOCIs Research Group&#8221; title_text=&#8221;urgocis-top&#8221; force_fullwidth=&#8221;on&#8221; _builder_version=&#8221;4.16&#8243; _module_preset=&#8221;default&#8221; custom_margin=&#8221;-55px|||||&#8221; global_colors_info=&#8221;{}&#8221;][\/et_pb_image][\/et_pb_column][\/et_pb_row][et_pb_row column_structure=&#8221;2_3,1_3&#8243; _builder_version=&#8221;4.16&#8243; background_size=&#8221;initial&#8221; background_position=&#8221;top_left&#8221; background_repeat=&#8221;repeat&#8221; global_colors_info=&#8221;{}&#8221;][et_pb_column type=&#8221;2_3&#8243; _builder_version=&#8221;4.16&#8243; custom_padding=&#8221;|||&#8221; global_colors_info=&#8221;{}&#8221; custom_padding__hover=&#8221;|||&#8221;][et_pb_text _builder_version=&#8221;4.16&#8243; background_size=&#8221;initial&#8221; background_position=&#8221;top_left&#8221; background_repeat=&#8221;repeat&#8221; global_colors_info=&#8221;{}&#8221;]URGOCIS (Research Group on Urban Governance, Commons, Internet and Social Innovation) is a consolidated research group, recognised by the Generalitat de Catalunya (2014-SGR-1391), which develops its activity about two highly significant areas in the current context of change: Social Innovation and Commons.[\/et_pb_text][\/et_pb_column][et_pb_column type=&#8221;1_3&#8243; _builder_version=&#8221;4.16&#8243; custom_padding=&#8221;|||&#8221; global_colors_info=&#8221;{}&#8221; custom_padding__hover=&#8221;|||&#8221;][et_pb_text _builder_version=&#8221;4.19.4&#8243; link_text_color=&#8221;#0C71C3&#8243; header_2_text_color=&#8221;#5A0C1C&#8221; background_size=&#8221;initial&#8221; background_position=&#8221;top_left&#8221; background_repeat=&#8221;repeat&#8221; hover_enabled=&#8221;0&#8243; global_colors_info=&#8221;{}&#8221; sticky_enabled=&#8221;0&#8243;]<\/p>\n<h2><span style=\"color: #800000;\"><strong>Urgocis BASICS<\/strong><\/span><\/h2>\n<p><strong>Coordination:<\/strong><br \/>\nIsmael Blanco (IGOP-UAB)<\/p>\n<p><strong>Contact:<\/strong><br \/>\nismael.blanco(at)uab.cat<\/p>\n<p><strong>Web:<\/strong><br \/>\n<a href=\"https:\/\/urgocis.net\" target=\"_blank\" rel=\"noopener\">https:\/\/urgocis.net<\/a><\/p>\n<p><strong>HT:<\/strong> #urgocis[\/et_pb_text][\/et_pb_column][\/et_pb_row][\/et_pb_section]<\/p>\n","protected":false},"excerpt":{"rendered":"<p>URGOCIS (Research Group on Urban Governance, Commons, Internet and Social Innovation) is a consolidated research group, recognised by the Generalitat de Catalunya (2014-SGR-1391), which develops its activity about two highly significant areas in the current context of change: Social Innovation and Commons.Urgocis BASICS Coordination: Ismael Blanco (IGOP-UAB) Contact: ismael.blanco(at)uab.cat Web: https:\/\/urgocis.net HT: #urgocis<\/p>\n","protected":false},"author":2,"featured_media":3010,"parent":0,"menu_order":0,"comment_status":"closed","ping_status":"closed","template":"","meta":{"_et_pb_use_builder":"on","_et_pb_old_content":"[vc_row el_position=\"first last\"][vc_column width=\"1\/2\"][vc_column_text el_position=\"first last\"]<strong>Research Group on Urban Governance, Commons, Internet and Social Innovation<\/strong> (URGOCIS) \u00e9s un Grup de Recerca Consolidat, reconegut per la Generalitat de Catalunya (2014-SGR-1391), que desenvolupa la seva activitat al voltant de dos \u00e0mbits altament significatius en l\u2019actual context de canvi: Les pol\u00edtiques urbanes i Internet.\r\n\r\nEn ambd\u00f3s \u00e0mbits de recerca identifiquem dos objectes d\u2019estudi que desperten el nostre inter\u00e8s i que, al nostre entendre, responen a temes de recerca emergents i novedosos, s\u00f3n els seg\u00fcents: Innovaci\u00f3 Social i Commons.[\/vc_column_text][\/vc_column][vc_column width=\"1\/2\"][vc_column_text el_position=\"first\"]<span style=\"color: #3366ff;\"><strong>Urgocis B\u00c0SICS<\/strong><\/span>[\/vc_column_text][vc_column_text el_class=\"fonsgris\"]Coordinador: <strong>Marc Par\u00e9s <\/strong>(IGOP-UAB)\r\n\r\nContacte: marc.pares(at)uab.cat\r\n\r\nWeb: <a title=\"Web grup recerca Urgocis\" href=\"https:\/\/www.urgocis.net\/\" target=\"_blank\" rel=\"noopener\">https:\/\/urgocis.net<\/a>\r\n\r\nHT: #urgocis[\/vc_column_text][\/vc_column][\/vc_row]","_et_gb_content_width":"","footnotes":""},"class_list":["post-3339","page","type-page","status-publish","has-post-thumbnail","hentry"],"_links":{"self":[{"href":"https:\/\/igop.uab.cat\/en\/wp-json\/wp\/v2\/pages\/3339","targetHints":{"allow":["GET"]}}],"collection":[{"href":"https:\/\/igop.uab.cat\/en\/wp-json\/wp\/v2\/pages"}],"about":[{"href":"https:\/\/igop.uab.cat\/en\/wp-json\/wp\/v2\/types\/page"}],"author":[{"embeddable":true,"href":"https:\/\/igop.uab.cat\/en\/wp-json\/wp\/v2\/users\/2"}],"replies":[{"embeddable":true,"href":"https:\/\/igop.uab.cat\/en\/wp-json\/wp\/v2\/comments?post=3339"}],"version-history":[{"count":9,"href":"https:\/\/igop.uab.cat\/en\/wp-json\/wp\/v2\/pages\/3339\/revisions"}],"predecessor-version":[{"id":16487,"href":"https:\/\/igop.uab.cat\/en\/wp-json\/wp\/v2\/pages\/3339\/revisions\/16487"}],"wp:featuredmedia":[{"embeddable":true,"href":"https:\/\/igop.uab.cat\/en\/wp-json\/wp\/v2\/media\/3010"}],"wp:attachment":[{"href":"https:\/\/igop.uab.cat\/en\/wp-json\/wp\/v2\/media?parent=3339"}],"curies":[{"name":"wp","href":"https:\/\/api.w.org\/{rel}","templated":true}]}}