{"id":28325,"date":"2026-03-23T13:13:40","date_gmt":"2026-03-23T12:13:40","guid":{"rendered":"https:\/\/igop.uab.cat\/visiting-researchers\/"},"modified":"2026-03-23T13:22:45","modified_gmt":"2026-03-23T12:22:45","slug":"visiting-researchers","status":"publish","type":"page","link":"https:\/\/igop.uab.cat\/en\/visiting-researchers\/","title":{"rendered":"Visiting Researchers"},"content":{"rendered":"<p>[et_pb_section fb_built=&#8221;1&#8243; _builder_version=&#8221;4.27.5&#8243; _module_preset=&#8221;default&#8221; global_colors_info=&#8221;{}&#8221;][et_pb_row _builder_version=&#8221;4.27.5&#8243; _module_preset=&#8221;default&#8221; global_colors_info=&#8221;{}&#8221;][et_pb_column type=&#8221;4_4&#8243; _builder_version=&#8221;4.27.5&#8243; _module_preset=&#8221;default&#8221; global_colors_info=&#8221;{}&#8221;][et_pb_text _builder_version=&#8221;4.27.5&#8243; _module_preset=&#8221;default&#8221; link_text_color=&#8221;#009639&#8243; hover_enabled=&#8221;0&#8243; global_colors_info=&#8221;{}&#8221; sticky_enabled=&#8221;0&#8243;]<\/p>\n<h4><span style=\"color: #009639;\">Visiting Researchers (2025-2026)<\/span><\/h4>\n<hr>\n<p><strong>Batista, Erika<\/strong> (Instituto Federal de Educa\u00e7\u00e3o, Ci\u00eancia e Tecnologia de S\u00e3o Paulo). <a href=\"https:\/\/www.linkedin.com\/in\/erika-batista\/?originalSubdomain=br\" target=\"_blank\" rel=\"noopener\">Profile<\/a><\/p>\n<p><strong>Bittencourt, Lucio<\/strong> (Universidade Federal do ABC). <a href=\"https:\/\/www.ufabc.edu.br\/ensino\/docentes\/lucio-nagib-bittencourt\" target=\"_blank\" rel=\"noopener\">Profile<\/a><\/p>\n<p><strong>Canestraro, M. Laura<\/strong> (Universidad nacional de Mar del Plata). <a href=\"https:\/\/bicyt.conicet.gov.ar\/fichas\/p\/maria-laura-canestraro\" target=\"_blank\" rel=\"noopener\">Profile<\/a><\/p>\n<p><strong>Didem, Ozay<\/strong> (Ankara University). <a href=\"https:\/\/sbky.asbu.edu.tr\/en\/staff\/res-asst-didem-ozay-kucuk\" target=\"_blank\" rel=\"noopener\">Profile<\/a><\/p>\n<p><strong>Lechini, Julieta Mikaela<\/strong> (Vrije Universiteit Brussel). <a href=\"https:\/\/www.linkedin.com\/in\/julietalechini\/?originalSubdomain=es\" target=\"_blank\" rel=\"noopener\">Profile<\/a><\/p>\n<p><strong>Pintor, Stella<\/strong> (Universit\u00e0 degli Studi di Torino). <a href=\"https:\/\/www.linkedin.com\/in\/stella-pinna-pintor-5b9328167\/?originalSubdomain=it\" target=\"_blank\" rel=\"noopener\">Profile<\/a><\/p>\n<p><strong>Servino, Giuseppe<\/strong> (Universit\u00e0 degli Studi di Milano-Bicocca). <a href=\"https:\/\/en.unimib.it\/giuseppe-servino\" target=\"_blank\" rel=\"noopener\">Profile<\/a><\/p>\n<p><strong>Suran, Ahn<\/strong> (Korea Institute for Health and Social Affairs &#8211; KIHASA). <a href=\"https:\/\/www.kihasa.re.kr\/en\/publish\/paper\/research\/view?seq=60299\" target=\"_blank\" rel=\"noopener\">Profile<\/a><\/p>\n<p><strong>\u00dcrm\u00f6ssy, Anna<\/strong> (Central European University). <a href=\"https:\/\/www.linkedin.com\/in\/anna-urmossy\/?originalSubdomain=at\" target=\"_blank\" rel=\"noopener\">Profile<\/a><\/p>\n<p>[\/et_pb_text][et_pb_text disabled_on=&#8221;on|on|on&#8221; _builder_version=&#8221;4.27.5&#8243; _module_preset=&#8221;default&#8221; link_text_color=&#8221;#5B8500&#8243; disabled=&#8221;on&#8221; global_colors_info=&#8221;{}&#8221;]<\/p>\n<h4>Former visitors<\/h4>\n<hr>\n<p><strong>\u00c1lvarez, Boris<\/strong> (Universidad de La Frontera). Chile <\/p>\n<p><strong>Alvari\u00f1o, Manuel<\/strong> (European University Institute). Italy <\/p>\n<p><strong>Amaya, Paula<\/strong> (Universidad Nacional Arturo Jaureche). Argentina <\/p>\n<p><strong>Barzelay, Michael<\/strong> (London School of Economics and Political Science). United Kingdom <\/p>\n<p><strong>Biscuola, Alice<\/strong> (Universit\u00e0 degli Studi di Milano). Italy <\/p>\n<p><strong>Burgos Pimentel, Fernando<\/strong> (Sao Paulo School of Business Administration). Brasil <\/p>\n<p><strong>Caravantes, Gloria<\/strong> (Universitat de Val\u00e8ncia). Spain <\/p>\n<p><strong>D&#8217;Adda, Gabriele<\/strong> (Universit\u00e0 degli Studi di Catania). Italy <\/p>\n<p><strong>Di Liberatore, Elena <\/strong>(Politecnico di Milano). Italy <\/p>\n<p><strong>Emperador, Montserrat<\/strong> (Universit\u00e9 Lumi\u00e8re Lyon 2). France <\/p>\n<p><strong>Falcao, Marcia<\/strong> (Universidad Federal del Rio Grande del Sur). Brasil <\/p>\n<p><strong>Ferragina, Emmanuele<\/strong> (Paris Science Po). France <\/p>\n<p><strong>Funari, Paolo<\/strong> (Universit\u00e0 degli Studi di Milano). Italy <\/p>\n<p><strong>Gonzalez, Mariana<\/strong> (Universidad de Oviedo). Spain <\/p>\n<p><strong>Kirby, Nicolina<\/strong> (University of Stuttgart ). Germany <\/p>\n<p><strong>Masseko, Felizardo<\/strong> (Universidade de Coimbra). Portugal <\/p>\n<p><strong>Max, Vanessa<\/strong> (Universidade Federal do Rio Grande do Sul). Brasil <\/p>\n<p><strong>Mosquera, Jorge<\/strong> (Universit\u00e0 Iuav di Venezia). Italy <\/p>\n<p><strong>Oliveira, Bruno<\/strong> (ISCTE-IUL \/ DIN\u00c2MIA\u2019CET-IUL). Portugal <\/p>\n<p><strong>Opondo, Mark<\/strong> (University of Nairobi). Kenya <\/p>\n<p><strong>Pavolini, Emmanuele<\/strong> (Universit\u00e0 di Macerata). Italy <\/p>\n<p><strong>Ranci, Constanzo<\/strong> (Politecnico di Milano). Italy <\/p>\n<p><strong>Sahamies, Kaisu<\/strong> (Tampere University). Finland <\/p>\n<p><strong>Silver, Daniel<\/strong> (University of Birmingham). United Kingdom <\/p>\n<p><strong>Smits, Pernelle<\/strong> (Universit\u00e9 Laval). Canada <\/p>\n<p><strong>Song\u00fcl G\u00f6ksel, Zarif<\/strong> (Ankara Haci Bayram Veli University). Turkey <\/p>\n<p><strong>Souza, Eron<\/strong> (Universidad Federal de Bah\u00eda \u2013 UFBA). Brasil <\/p>\n<p><strong>Venturini, Giulio<\/strong> ( Politecnico di Milano). Italy <\/p>\n<p>&nbsp;<\/p>\n<p>[\/et_pb_text][et_pb_toggle title=&#8221;Former visitors&#8221; open_toggle_text_color=&#8221;#009639&#8243; _builder_version=&#8221;4.27.5&#8243; _module_preset=&#8221;default&#8221; global_colors_info=&#8221;{}&#8221;]<\/p>\n<h4> <\/h4>\n<p><strong>\u00c1lvarez, Boris<\/strong> (Universidad de La Frontera). Chile <\/p>\n<p><strong>Alvari\u00f1o, Manuel<\/strong> (European University Institute). Italy <\/p>\n<p><strong>Amaya, Paula<\/strong> (Universidad Nacional Arturo Jaureche). Argentina <\/p>\n<p><strong>Barzelay, Michael<\/strong> (London School of Economics and Political Science). United Kingdom <\/p>\n<p><strong>Biscuola, Alice<\/strong> (Universit\u00e0 degli Studi di Milano). Italy <\/p>\n<p><strong>Burgos Pimentel, Fernando<\/strong> (Sao Paulo School of Business Administration). Brasil <\/p>\n<p><strong>Caravantes, Gloria<\/strong> (Universitat de Val\u00e8ncia). Spain <\/p>\n<p><strong>D&#8217;Adda, Gabriele<\/strong> (Universit\u00e0 degli Studi di Catania). Italy <\/p>\n<p><strong>Di Liberatore, Elena <\/strong>(Politecnico di Milano). Italy <\/p>\n<p><strong>Emperador, Montserrat<\/strong> (Universit\u00e9 Lumi\u00e8re Lyon 2). France <\/p>\n<p><strong>Falcao, Marcia<\/strong> (Universidad Federal del Rio Grande del Sur). Brasil <\/p>\n<p><strong>Ferragina, Emmanuele<\/strong> (Paris Science Po). France <\/p>\n<p><strong>Funari, Paolo<\/strong> (Universit\u00e0 degli Studi di Milano). Italy <\/p>\n<p><strong>Gonzalez, Mariana<\/strong> (Universidad de Oviedo). Spain <\/p>\n<p><strong>Kirby, Nicolina<\/strong> (University of Stuttgart ). Germany <\/p>\n<p><strong>Masseko, Felizardo<\/strong> (Universidade de Coimbra). Portugal <\/p>\n<p><strong>Max, Vanessa<\/strong> (Universidade Federal do Rio Grande do Sul). Brasil <\/p>\n<p><strong>Mosquera, Jorge<\/strong> (Universit\u00e0 Iuav di Venezia). Italy <\/p>\n<p><strong>Oliveira, Bruno<\/strong> (ISCTE-IUL \/ DIN\u00c2MIA\u2019CET-IUL). Portugal <\/p>\n<p><strong>Opondo, Mark<\/strong> (University of Nairobi). Kenya <\/p>\n<p><strong>Pavolini, Emmanuele<\/strong> (Universit\u00e0 di Macerata). Italy <\/p>\n<p><strong>Ranci, Constanzo<\/strong> (Politecnico di Milano). Italy <\/p>\n<p><strong>Sahamies, Kaisu<\/strong> (Tampere University). Finland <\/p>\n<p><strong>Silver, Daniel<\/strong> (University of Birmingham). United Kingdom <\/p>\n<p><strong>Smits, Pernelle<\/strong> (Universit\u00e9 Laval). Canada <\/p>\n<p><strong>Song\u00fcl G\u00f6ksel, Zarif<\/strong> (Ankara Haci Bayram Veli University). Turkey <\/p>\n<p><strong>Souza, Eron<\/strong> (Universidad Federal de Bah\u00eda \u2013 UFBA). Brasil <\/p>\n<p><strong>Venturini, Giulio<\/strong> ( Politecnico di Milano). Italy <\/p>\n<p>[\/et_pb_toggle][\/et_pb_column][\/et_pb_row][\/et_pb_section]<\/p>\n","protected":false},"excerpt":{"rendered":"<p>Visiting Researchers (2025-2026) Batista, Erika (Instituto Federal de Educa\u00e7\u00e3o, Ci\u00eancia e Tecnologia de S\u00e3o Paulo). Profile Bittencourt, Lucio (Universidade Federal do ABC). Profile Canestraro, M. Laura (Universidad nacional de Mar del Plata). Profile Didem, Ozay (Ankara University). Profile Lechini, Julieta Mikaela (Vrije Universiteit Brussel). Profile Pintor, Stella (Universit\u00e0 degli Studi di Torino). Profile Servino, Giuseppe [&hellip;]<\/p>\n","protected":false},"author":2,"featured_media":0,"parent":0,"menu_order":0,"comment_status":"closed","ping_status":"closed","template":"","meta":{"_et_pb_use_builder":"on","_et_pb_old_content":"","_et_gb_content_width":"","footnotes":""},"class_list":["post-28325","page","type-page","status-publish","hentry"],"_links":{"self":[{"href":"https:\/\/igop.uab.cat\/en\/wp-json\/wp\/v2\/pages\/28325","targetHints":{"allow":["GET"]}}],"collection":[{"href":"https:\/\/igop.uab.cat\/en\/wp-json\/wp\/v2\/pages"}],"about":[{"href":"https:\/\/igop.uab.cat\/en\/wp-json\/wp\/v2\/types\/page"}],"author":[{"embeddable":true,"href":"https:\/\/igop.uab.cat\/en\/wp-json\/wp\/v2\/users\/2"}],"replies":[{"embeddable":true,"href":"https:\/\/igop.uab.cat\/en\/wp-json\/wp\/v2\/comments?post=28325"}],"version-history":[{"count":6,"href":"https:\/\/igop.uab.cat\/en\/wp-json\/wp\/v2\/pages\/28325\/revisions"}],"predecessor-version":[{"id":28367,"href":"https:\/\/igop.uab.cat\/en\/wp-json\/wp\/v2\/pages\/28325\/revisions\/28367"}],"wp:attachment":[{"href":"https:\/\/igop.uab.cat\/en\/wp-json\/wp\/v2\/media?parent=28325"}],"curies":[{"name":"wp","href":"https:\/\/api.w.org\/{rel}","templated":true}]}}