{"id":16970,"date":"2023-02-24T11:12:22","date_gmt":"2023-02-24T10:12:22","guid":{"rendered":"https:\/\/igop.uab.cat\/administration\/"},"modified":"2025-07-08T15:42:28","modified_gmt":"2025-07-08T13:42:28","slug":"administration","status":"publish","type":"page","link":"https:\/\/igop.uab.cat\/en\/administration\/","title":{"rendered":"Administration"},"content":{"rendered":"<p>[et_pb_section fb_built=&#8221;1&#8243; _builder_version=&#8221;4.17.3&#8243; _module_preset=&#8221;default&#8221; global_colors_info=&#8221;{}&#8221;][et_pb_row _builder_version=&#8221;4.17.3&#8243; _module_preset=&#8221;default&#8221; global_colors_info=&#8221;{}&#8221;][et_pb_column type=&#8221;4_4&#8243; _builder_version=&#8221;4.17.3&#8243; _module_preset=&#8221;default&#8221; global_colors_info=&#8221;{}&#8221;][et_pb_text _builder_version=&#8221;4.17.3&#8243; _module_preset=&#8221;default&#8221; global_colors_info=&#8221;{}&#8221;]<\/p>\n<h3 style=\"text-align: center;\"><strong>Support Staff<\/strong><\/h3>\n<p>[\/et_pb_text][\/et_pb_column][\/et_pb_row][et_pb_row column_structure=&#8221;1_4,1_4,1_4,1_4&#8243; _builder_version=&#8221;4.17.3&#8243; _module_preset=&#8221;default&#8221; global_colors_info=&#8221;{}&#8221;][et_pb_column type=&#8221;1_4&#8243; _builder_version=&#8221;4.17.3&#8243; _module_preset=&#8221;default&#8221; global_colors_info=&#8221;{}&#8221;][et_pb_text _builder_version=&#8221;4.19.4&#8243; _module_preset=&#8221;default&#8221; global_colors_info=&#8221;{}&#8221;]<\/p>\n<p><img loading=\"lazy\" decoding=\"async\" class=\"aligncenter wp-image-16829 size-thumbnail\" src=\"https:\/\/igop.uab.cat\/wp-content\/uploads\/2023\/02\/Jaume-Badosa-IGOP-UAB-150x150.jpg\" alt=\"Jaume Badosa IGOP\" width=\"150\" height=\"150\" srcset=\"https:\/\/igop.uab.cat\/wp-content\/uploads\/2023\/02\/Jaume-Badosa-IGOP-UAB-150x150.jpg 150w, https:\/\/igop.uab.cat\/wp-content\/uploads\/2023\/02\/Jaume-Badosa-IGOP-UAB.jpg 250w\" sizes=\"(max-width: 150px) 100vw, 150px\" \/><\/p>\n<p style=\"text-align: center;\"><strong>Jaume Badosa<\/strong><br \/><a href=\"https:\/\/igop.uab.cat\/2023\/02\/16\/jaume-badosa\/\">Communication<\/a><\/p>\n<p>[\/et_pb_text][et_pb_text _builder_version=&#8221;4.17.3&#8243; _module_preset=&#8221;default&#8221; global_colors_info=&#8221;{}&#8221;]<\/p>\n<p style=\"text-align: center;\"><strong><img loading=\"lazy\" decoding=\"async\" class=\"wp-image-15517 size-full aligncenter\" src=\"https:\/\/igop.uab.cat\/wp-content\/uploads\/2023\/01\/Ana-Medina.jpg\" alt=\"Ana Medina IGOP\" width=\"150\" height=\"150\"><\/strong><\/p>\n<p style=\"text-align: center;\"><strong>Ana Medina<br \/>\n<\/strong>Manager<\/p>\n<p>[\/et_pb_text][et_pb_text disabled_on=&#8221;on|on|on&#8221; _builder_version=&#8221;4.24.3&#8243; _module_preset=&#8221;default&#8221; disabled=&#8221;on&#8221; global_colors_info=&#8221;{}&#8221;]<\/p>\n<p><img loading=\"lazy\" decoding=\"async\" class=\"wp-image-19203 aligncenter size-thumbnail\" src=\"https:\/\/igop.uab.cat\/wp-content\/uploads\/2024\/01\/Silueta-John-Doe-150x150.png\" alt=\"\" width=\"150\" height=\"150\" srcset=\"https:\/\/igop.uab.cat\/wp-content\/uploads\/2024\/01\/Silueta-John-Doe-150x150.png 150w, https:\/\/igop.uab.cat\/wp-content\/uploads\/2024\/01\/Silueta-John-Doe.png 250w\" sizes=\"(max-width: 150px) 100vw, 150px\" \/><\/p>\n<p style=\"text-align: center;\"><strong>Sonia Alonso<\/strong><br \/>Administration<\/p>\n<p>[\/et_pb_text][\/et_pb_column][et_pb_column type=&#8221;1_4&#8243; _builder_version=&#8221;4.17.3&#8243; _module_preset=&#8221;default&#8221; global_colors_info=&#8221;{}&#8221;][et_pb_text _builder_version=&#8221;4.19.4&#8243; _module_preset=&#8221;default&#8221; global_colors_info=&#8221;{}&#8221;]<\/p>\n<p style=\"text-align: center;\"><strong><img loading=\"lazy\" decoding=\"async\" class=\"aligncenter wp-image-16743 size-thumbnail\" src=\"https:\/\/igop.uab.cat\/wp-content\/uploads\/2023\/02\/Charlotte-Fernandez-IGOP-2023-e1676380756557-150x150.jpg\" alt=\"Charlotte Fernandez IGOP\" width=\"150\" height=\"150\" srcset=\"https:\/\/igop.uab.cat\/wp-content\/uploads\/2023\/02\/Charlotte-Fernandez-IGOP-2023-e1676380756557-150x150.jpg 150w, https:\/\/igop.uab.cat\/wp-content\/uploads\/2023\/02\/Charlotte-Fernandez-IGOP-2023-e1676380756557.jpg 158w\" sizes=\"(max-width: 150px) 100vw, 150px\" \/><\/strong><\/p>\n<p style=\"text-align: center;\"><strong>Charlotte Fern\u00e1ndez<\/strong><br \/><a href=\"https:\/\/igop.uab.cat\/2023\/02\/16\/charlotte-fernandez\/\" target=\"_blank\" rel=\"noopener\">Research Coordinator<\/a><\/p>\n<p>[\/et_pb_text][et_pb_text _builder_version=&#8221;4.24.3&#8243; _module_preset=&#8221;default&#8221; hover_enabled=&#8221;0&#8243; global_colors_info=&#8221;{}&#8221; sticky_enabled=&#8221;0&#8243;]<\/p>\n<p style=\"text-align: center;\"><strong><img loading=\"lazy\" decoding=\"async\" class=\"aligncenter wp-image-24939 size-thumbnail\" src=\"https:\/\/igop.uab.cat\/wp-content\/uploads\/2025\/07\/Manu-Montoza-Administracio-150x150.png\" alt=\"Manuel Montoza\" width=\"150\" height=\"150\" srcset=\"https:\/\/igop.uab.cat\/wp-content\/uploads\/2025\/07\/Manu-Montoza-Administracio-150x150.png 150w, https:\/\/igop.uab.cat\/wp-content\/uploads\/2025\/07\/Manu-Montoza-Administracio-300x300.png 300w, https:\/\/igop.uab.cat\/wp-content\/uploads\/2025\/07\/Manu-Montoza-Administracio.png 350w\" sizes=\"(max-width: 150px) 100vw, 150px\" \/><\/strong><\/p>\n<p style=\"text-align: center;\"><strong>Manuel Montoza<\/strong><br \/>Administrative Team<\/p>\n<p>[\/et_pb_text][\/et_pb_column][et_pb_column type=&#8221;1_4&#8243; _builder_version=&#8221;4.17.3&#8243; _module_preset=&#8221;default&#8221; global_colors_info=&#8221;{}&#8221;][et_pb_text _builder_version=&#8221;4.17.3&#8243; _module_preset=&#8221;default&#8221; global_colors_info=&#8221;{}&#8221;]<\/p>\n<p style=\"text-align: center;\"><strong><img loading=\"lazy\" decoding=\"async\" class=\"wp-image-15535 size-full aligncenter\" src=\"https:\/\/igop.uab.cat\/wp-content\/uploads\/2023\/01\/Olga-Garcia-IGOP.jpg\" alt=\"Olga Garc\u00eda IGOP\" width=\"150\" height=\"150\"><\/strong><\/p>\n<p style=\"text-align: center;\"><strong>Olga Garc\u00eda<br \/>\n<\/strong>Administrative Team<\/p>\n<p>[\/et_pb_text][et_pb_text _builder_version=&#8221;4.24.3&#8243; _module_preset=&#8221;default&#8221; global_colors_info=&#8221;{}&#8221;]<\/p>\n<p style=\"text-align: center;\"><strong><img loading=\"lazy\" decoding=\"async\" class=\"aligncenter wp-image-18139 size-thumbnail\" src=\"https:\/\/igop.uab.cat\/wp-content\/uploads\/2023\/07\/Carolina-Munoz-150x150.png\" alt=\"Carolina Mu\u00f1oz IGOP\" width=\"150\" height=\"150\" srcset=\"https:\/\/igop.uab.cat\/wp-content\/uploads\/2023\/07\/Carolina-Munoz-150x150.png 150w, https:\/\/igop.uab.cat\/wp-content\/uploads\/2023\/07\/Carolina-Munoz.png 202w\" sizes=\"(max-width: 150px) 100vw, 150px\" \/><\/strong><\/p>\n<p style=\"text-align: center;\"><strong>Carolina Mu\u00f1oz<br \/><\/strong>Coord. Master PSiAC<\/p>\n<p>[\/et_pb_text][\/et_pb_column][et_pb_column type=&#8221;1_4&#8243; _builder_version=&#8221;4.17.3&#8243; _module_preset=&#8221;default&#8221; global_colors_info=&#8221;{}&#8221;][et_pb_text _builder_version=&#8221;4.17.3&#8243; _module_preset=&#8221;default&#8221; global_colors_info=&#8221;{}&#8221;]<\/p>\n<p style=\"text-align: center;\"><strong><img loading=\"lazy\" decoding=\"async\" class=\"wp-image-15529 size-full aligncenter\" src=\"https:\/\/igop.uab.cat\/wp-content\/uploads\/2023\/01\/Loli-Martinez-IGOP.jpg\" alt=\"Loli Mart\u00ednez IGOP\" width=\"150\" height=\"150\"><\/strong><\/p>\n<p style=\"text-align: center;\"><strong>Loli Mart\u00ednez<\/strong><br \/>\nAdministrative Team<\/p>\n<p>[\/et_pb_text][et_pb_text _builder_version=&#8221;4.24.3&#8243; _module_preset=&#8221;default&#8221; global_colors_info=&#8221;{}&#8221;]<\/p>\n<p style=\"text-align: center;\"><strong><img loading=\"lazy\" decoding=\"async\" class=\"wp-image-15532 size-full aligncenter\" src=\"https:\/\/igop.uab.cat\/wp-content\/uploads\/2023\/01\/Nuria-Reguero-IGOP.jpg\" alt=\"N\u00faria Reguero IGOP\" width=\"150\" height=\"150\"><\/strong><\/p>\n<p style=\"text-align: center;\"><strong>N\u00faria Reguero<\/strong><br \/>Transfer and Cooperation<\/p>\n<p>[\/et_pb_text][et_pb_text disabled_on=&#8221;on|on|on&#8221; _builder_version=&#8221;4.17.3&#8243; _module_preset=&#8221;default&#8221; disabled=&#8221;on&#8221; global_colors_info=&#8221;{}&#8221;]<\/p>\n<p style=\"text-align: center;\"><strong><img loading=\"lazy\" decoding=\"async\" class=\"wp-image-15538 size-full aligncenter\" src=\"https:\/\/igop.uab.cat\/wp-content\/uploads\/2023\/01\/Pere-Gonzalez-IGOP.jpg\" alt=\"Pere Gonz\u00e1lez IGOP\" width=\"150\" height=\"150\"><\/strong><\/p>\n<p style=\"text-align: center;\"><strong>Pere Gonz\u00e1lez<br \/>\n<\/strong>Administrative Team<\/p>\n<p>[\/et_pb_text][\/et_pb_column][\/et_pb_row][et_pb_row disabled_on=&#8221;on|on|on&#8221; _builder_version=&#8221;4.17.3&#8243; _module_preset=&#8221;default&#8221; disabled=&#8221;on&#8221; global_colors_info=&#8221;{}&#8221;][et_pb_column type=&#8221;4_4&#8243; _builder_version=&#8221;4.17.3&#8243; _module_preset=&#8221;default&#8221; global_colors_info=&#8221;{}&#8221;][et_pb_text _builder_version=&#8221;4.17.3&#8243; _module_preset=&#8221;default&#8221; global_colors_info=&#8221;{}&#8221;]<\/p>\n<h3 style=\"text-align: center;\"><strong>IGOP School<\/strong><\/h3>\n<p>[\/et_pb_text][\/et_pb_column][\/et_pb_row][\/et_pb_section]<\/p>\n","protected":false},"excerpt":{"rendered":"<p>Support Staff Jaume BadosaCommunication Ana Medina Manager Sonia AlonsoAdministration Charlotte Fern\u00e1ndezResearch Coordinator Manuel MontozaAdministrative Team Olga Garc\u00eda Administrative Team Carolina Mu\u00f1ozCoord. Master PSiAC Loli Mart\u00ednez Administrative Team N\u00faria RegueroTransfer and Cooperation Pere Gonz\u00e1lez Administrative Team IGOP School<\/p>\n","protected":false},"author":2,"featured_media":0,"parent":0,"menu_order":0,"comment_status":"closed","ping_status":"closed","template":"","meta":{"_et_pb_use_builder":"on","_et_pb_old_content":"","_et_gb_content_width":"","footnotes":""},"class_list":["post-16970","page","type-page","status-publish","hentry"],"_links":{"self":[{"href":"https:\/\/igop.uab.cat\/en\/wp-json\/wp\/v2\/pages\/16970","targetHints":{"allow":["GET"]}}],"collection":[{"href":"https:\/\/igop.uab.cat\/en\/wp-json\/wp\/v2\/pages"}],"about":[{"href":"https:\/\/igop.uab.cat\/en\/wp-json\/wp\/v2\/types\/page"}],"author":[{"embeddable":true,"href":"https:\/\/igop.uab.cat\/en\/wp-json\/wp\/v2\/users\/2"}],"replies":[{"embeddable":true,"href":"https:\/\/igop.uab.cat\/en\/wp-json\/wp\/v2\/comments?post=16970"}],"version-history":[{"count":18,"href":"https:\/\/igop.uab.cat\/en\/wp-json\/wp\/v2\/pages\/16970\/revisions"}],"predecessor-version":[{"id":24948,"href":"https:\/\/igop.uab.cat\/en\/wp-json\/wp\/v2\/pages\/16970\/revisions\/24948"}],"wp:attachment":[{"href":"https:\/\/igop.uab.cat\/en\/wp-json\/wp\/v2\/media?parent=16970"}],"curies":[{"name":"wp","href":"https:\/\/api.w.org\/{rel}","templated":true}]}}