{"id":16964,"date":"2023-02-24T11:04:43","date_gmt":"2023-02-24T10:04:43","guid":{"rendered":"https:\/\/igop.uab.cat\/research-support-technicians\/"},"modified":"2026-03-20T11:47:12","modified_gmt":"2026-03-20T10:47:12","slug":"research-support-technicians","status":"publish","type":"page","link":"https:\/\/igop.uab.cat\/en\/research-support-technicians\/","title":{"rendered":"Research Support Technicians"},"content":{"rendered":"<p>[et_pb_section fb_built=&#8221;1&#8243; _builder_version=&#8221;4.17.3&#8243; _module_preset=&#8221;default&#8221; global_colors_info=&#8221;{}&#8221;][et_pb_row column_structure=&#8221;1_3,1_3,1_3&#8243; _builder_version=&#8221;4.17.3&#8243; _module_preset=&#8221;default&#8221; global_colors_info=&#8221;{}&#8221;][et_pb_column type=&#8221;1_3&#8243; _builder_version=&#8221;4.17.3&#8243; _module_preset=&#8221;default&#8221; global_colors_info=&#8221;{}&#8221;][et_pb_text _builder_version=&#8221;4.27.5&#8243; _module_preset=&#8221;default&#8221; link_text_color=&#8221;#0C71C3&#8243; hover_enabled=&#8221;0&#8243; global_colors_info=&#8221;{}&#8221; sticky_enabled=&#8221;0&#8243;]<\/p>\n<p style=\"text-align: center;\"><strong><img loading=\"lazy\" decoding=\"async\" class=\"wp-image-17415 aligncenter size-thumbnail\" src=\"https:\/\/igop.uab.cat\/wp-content\/uploads\/2023\/03\/Carlos-Donaire-IGOP-150x150.jpg\" alt=\"Carlos Donaire IGOP\" width=\"150\" height=\"150\" srcset=\"https:\/\/igop.uab.cat\/wp-content\/uploads\/2023\/03\/Carlos-Donaire-IGOP-150x150.jpg 150w, https:\/\/igop.uab.cat\/wp-content\/uploads\/2023\/03\/Carlos-Donaire-IGOP.jpg 250w\" sizes=\"(max-width: 150px) 100vw, 150px\" \/><\/strong><\/p>\n<p style=\"text-align: center;\"><a href=\"https:\/\/igop.uab.cat\/en\/2023\/03\/07\/carlos-donaire\/\">Carlos Donaire<\/a><br \/><strong>Comunalitat urbana 9B<\/strong><\/p>\n<p>[\/et_pb_text][et_pb_text disabled_on=&#8221;on|on|on&#8221; _builder_version=&#8221;4.27.5&#8243; _module_preset=&#8221;default&#8221; link_text_color=&#8221;#0C71C3&#8243; disabled=&#8221;on&#8221; global_colors_info=&#8221;{}&#8221;]<\/p>\n<p style=\"text-align: center;\"><strong><img loading=\"lazy\" decoding=\"async\" class=\"wp-image-21728 size-thumbnail aligncenter\" src=\"https:\/\/igop.uab.cat\/wp-content\/uploads\/2024\/10\/Claudia-Dura-TSR-2024-150x150.jpg\" alt=\"Claudia Dur\u00e0\" width=\"150\" height=\"150\" srcset=\"https:\/\/igop.uab.cat\/wp-content\/uploads\/2024\/10\/Claudia-Dura-TSR-2024-150x150.jpg 150w, https:\/\/igop.uab.cat\/wp-content\/uploads\/2024\/10\/Claudia-Dura-TSR-2024-300x300.jpg 300w, https:\/\/igop.uab.cat\/wp-content\/uploads\/2024\/10\/Claudia-Dura-TSR-2024.jpg 400w\" sizes=\"(max-width: 150px) 100vw, 150px\" \/><\/strong><\/p>\n<p style=\"text-align: center;\"><a href=\"https:\/\/igop.uab.cat\/en\/2024\/10\/16\/claudia-dura\/\">Claudia Dur\u00e0<\/a><br \/><strong>Barris amb futur<\/strong><\/p>\n<p>[\/et_pb_text][et_pb_text disabled_on=&#8221;on|on|on&#8221; _builder_version=&#8221;4.27.5&#8243; _module_preset=&#8221;default&#8221; link_text_color=&#8221;#0C71C3&#8243; disabled=&#8221;on&#8221; global_colors_info=&#8221;{}&#8221;]<\/p>\n<p><img loading=\"lazy\" decoding=\"async\" class=\"aligncenter wp-image-23312 size-thumbnail\" src=\"https:\/\/igop.uab.cat\/wp-content\/uploads\/2025\/01\/Claudia-Riera-ECF4Clim-150x150.jpg\" sizes=\"(max-width: 150px) 100vw, 150px\" srcset=\"https:\/\/igop.uab.cat\/wp-content\/uploads\/2025\/01\/Claudia-Riera-ECF4Clim-150x150.jpg 150w, https:\/\/igop.uab.cat\/wp-content\/uploads\/2025\/01\/Claudia-Riera-ECF4Clim.jpg 250w\" alt=\"Cl\u00e0udia Riera\" width=\"150\" height=\"150\"><\/p>\n<p style=\"text-align: center;\"><a href=\"https:\/\/igop.uab.cat\/en\/2025\/01\/31\/claudia-riera\/\">Cl\u00e0udia Riera<\/a><br \/><strong>ECF4Clim<\/strong><\/p>\n<p style=\"text-align: center;\"><strong> <\/strong><\/p>\n<p>[\/et_pb_text][et_pb_text disabled_on=&#8221;on|on|on&#8221; _builder_version=&#8221;4.19.4&#8243; _module_preset=&#8221;default&#8221; link_text_color=&#8221;#0C71C3&#8243; disabled=&#8221;on&#8221; global_colors_info=&#8221;{}&#8221;]<\/p>\n<p><img loading=\"lazy\" decoding=\"async\" class=\"wp-image-16869 aligncenter size-thumbnail\" src=\"https:\/\/igop.uab.cat\/wp-content\/uploads\/2023\/02\/Ivan-Cerrillo-IGOP-150x150.jpg\" alt=\"Ivan Cerrillo IGOP\" width=\"150\" height=\"150\" srcset=\"https:\/\/igop.uab.cat\/wp-content\/uploads\/2023\/02\/Ivan-Cerrillo-IGOP-150x150.jpg 150w, https:\/\/igop.uab.cat\/wp-content\/uploads\/2023\/02\/Ivan-Cerrillo-IGOP.jpg 250w\" sizes=\"(max-width: 150px) 100vw, 150px\" \/><\/p>\n<p style=\"text-align: center;\"><a href=\"https:\/\/igop.uab.cat\/en\/2023\/02\/21\/ivan-cerrillo\/\">Ivan Cerrillo<\/a><br \/><strong>Projecte rEUsilience<\/strong><\/p>\n<p>[\/et_pb_text][\/et_pb_column][et_pb_column type=&#8221;1_3&#8243; _builder_version=&#8221;4.17.3&#8243; _module_preset=&#8221;default&#8221; global_colors_info=&#8221;{}&#8221;][et_pb_text _builder_version=&#8221;4.27.5&#8243; _module_preset=&#8221;default&#8221; link_text_color=&#8221;#0C71C3&#8243; global_colors_info=&#8221;{}&#8221;]<\/p>\n<p style=\"text-align: center;\"><strong><img loading=\"lazy\" decoding=\"async\" class=\"aligncenter wp-image-22958 size-thumbnail\" src=\"https:\/\/igop.uab.cat\/wp-content\/uploads\/2025\/01\/Maria-Marti-Cepeda-150x150.png\" alt=\"Maria Cepeda\" width=\"150\" height=\"150\" srcset=\"https:\/\/igop.uab.cat\/wp-content\/uploads\/2025\/01\/Maria-Marti-Cepeda-150x150.png 150w, https:\/\/igop.uab.cat\/wp-content\/uploads\/2025\/01\/Maria-Marti-Cepeda-300x300.png 300w, https:\/\/igop.uab.cat\/wp-content\/uploads\/2025\/01\/Maria-Marti-Cepeda-440x440.png 440w, https:\/\/igop.uab.cat\/wp-content\/uploads\/2025\/01\/Maria-Marti-Cepeda.png 490w\" sizes=\"(max-width: 150px) 100vw, 150px\" \/><\/strong><\/p>\n<p style=\"text-align: center;\"><a href=\"https:\/\/igop.uab.cat\/en\/2025\/01\/16\/maria-marti-capera\/\">Maria Mart\u00ed Cepeda<\/a><br \/><strong>Fairleave<\/strong><\/p>\n<p>[\/et_pb_text][et_pb_text disabled_on=&#8221;on|on|on&#8221; _builder_version=&#8221;4.24.3&#8243; _module_preset=&#8221;default&#8221; link_text_color=&#8221;#0C71C3&#8243; disabled=&#8221;on&#8221; global_colors_info=&#8221;{}&#8221;]<\/p>\n<p style=\"text-align: center;\"><strong><img loading=\"lazy\" decoding=\"async\" class=\"wp-image-18740 size-thumbnail aligncenter\" src=\"https:\/\/igop.uab.cat\/wp-content\/uploads\/2023\/11\/Maria-Mercet-150x150.jpg\" alt=\"Maria Mercet IGOP\" width=\"150\" height=\"150\" srcset=\"https:\/\/igop.uab.cat\/wp-content\/uploads\/2023\/11\/Maria-Mercet-150x150.jpg 150w, https:\/\/igop.uab.cat\/wp-content\/uploads\/2023\/11\/Maria-Mercet.jpg 300w\" sizes=\"(max-width: 150px) 100vw, 150px\" \/><\/strong><\/p>\n<p style=\"text-align: center;\"><a href=\"https:\/\/igop.uab.cat\/en\/2023\/11\/20\/maria-marcet\/\">Maria Marcet<\/a><br \/><strong>ECF4CLIM<\/strong><\/p>\n<p>[\/et_pb_text][\/et_pb_column][et_pb_column type=&#8221;1_3&#8243; _builder_version=&#8221;4.17.3&#8243; _module_preset=&#8221;default&#8221; global_colors_info=&#8221;{}&#8221;][et_pb_text disabled_on=&#8221;off|off|off&#8221; _builder_version=&#8221;4.27.5&#8243; _module_preset=&#8221;default&#8221; link_text_color=&#8221;#0C71C3&#8243; global_colors_info=&#8221;{}&#8221;]<\/p>\n<p style=\"text-align: center;\"><strong><img loading=\"lazy\" decoding=\"async\" class=\"aligncenter wp-image-21785 size-thumbnail\" src=\"https:\/\/igop.uab.cat\/wp-content\/uploads\/2024\/10\/Joaquin-Rozas-TSR-150x150.jpg\" alt=\"Joaquin Rozas\" width=\"150\" height=\"150\" srcset=\"https:\/\/igop.uab.cat\/wp-content\/uploads\/2024\/10\/Joaquin-Rozas-TSR-150x150.jpg 150w, https:\/\/igop.uab.cat\/wp-content\/uploads\/2024\/10\/Joaquin-Rozas-TSR-300x300.jpg 300w, https:\/\/igop.uab.cat\/wp-content\/uploads\/2024\/10\/Joaquin-Rozas-TSR.jpg 400w\" sizes=\"(max-width: 150px) 100vw, 150px\" \/><\/strong><\/p>\n<p style=\"text-align: center;\"><a href=\"https:\/\/igop.uab.cat\/en\/2024\/10\/21\/joaquin-rozas\/\">Joaquin Rozas<\/a><br \/><strong>Care-Spain<\/strong><\/p>\n<p>[\/et_pb_text][et_pb_text disabled_on=&#8221;on|on|on&#8221; _builder_version=&#8221;4.24.3&#8243; _module_preset=&#8221;default&#8221; link_text_color=&#8221;#0C71C3&#8243; disabled=&#8221;on&#8221; global_colors_info=&#8221;{}&#8221;]<\/p>\n<p style=\"text-align: center;\"><strong><img loading=\"lazy\" decoding=\"async\" class=\"wp-image-17415 aligncenter size-thumbnail\" src=\"https:\/\/igop.uab.cat\/wp-content\/uploads\/2025\/02\/Vincenzo-Favara.png\" alt=\"Vincenzo Favara IGOP\" width=\"150\" height=\"150\"><\/strong><\/p>\n<p style=\"text-align: center;\"><a href=\"https:\/\/igop.uab.cat\/en\/2025\/02\/25\/vincenzo-favara\/\">Vincenzo Favara<\/a><br \/><strong>Outip<\/strong><\/p>\n<p>[\/et_pb_text][et_pb_text disabled_on=&#8221;on|on|on&#8221; _builder_version=&#8221;4.24.3&#8243; _module_preset=&#8221;default&#8221; link_text_color=&#8221;#0C71C3&#8243; disabled=&#8221;on&#8221; global_colors_info=&#8221;{}&#8221;]<\/p>\n<p style=\"text-align: center;\"><strong><img loading=\"lazy\" decoding=\"async\" class=\"wp-image-18778 size-thumbnail aligncenter\" src=\"https:\/\/igop.uab.cat\/wp-content\/uploads\/2023\/11\/Clara-March-150x150.png\" alt=\"Clara March\" width=\"150\" height=\"150\" srcset=\"https:\/\/igop.uab.cat\/wp-content\/uploads\/2023\/11\/Clara-March-150x150.png 150w, https:\/\/igop.uab.cat\/wp-content\/uploads\/2023\/11\/Clara-March-300x300.png 300w, https:\/\/igop.uab.cat\/wp-content\/uploads\/2023\/11\/Clara-March-1024x1024.png 1024w, https:\/\/igop.uab.cat\/wp-content\/uploads\/2023\/11\/Clara-March-768x768.png 768w, https:\/\/igop.uab.cat\/wp-content\/uploads\/2023\/11\/Clara-March-1080x1080.png 1080w, https:\/\/igop.uab.cat\/wp-content\/uploads\/2023\/11\/Clara-March-440x440.png 440w, https:\/\/igop.uab.cat\/wp-content\/uploads\/2023\/11\/Clara-March.png 1500w\" sizes=\"(max-width: 150px) 100vw, 150px\" \/><\/strong><\/p>\n<p style=\"text-align: center;\"><a href=\"https:\/\/igop.uab.cat\/en\/2023\/11\/20\/clara-march\/\">Clara March<\/a><br \/><strong>Care-Spain<\/strong><\/p>\n<p>[\/et_pb_text][et_pb_text disabled_on=&#8221;on|on|on&#8221; _builder_version=&#8221;4.24.3&#8243; _module_preset=&#8221;default&#8221; link_text_color=&#8221;#0C71C3&#8243; disabled=&#8221;on&#8221; global_colors_info=&#8221;{}&#8221;]<\/p>\n<p style=\"text-align: center;\"><strong><img loading=\"lazy\" decoding=\"async\" class=\"wp-image-20704 size-thumbnail aligncenter\" src=\"https:\/\/igop.uab.cat\/wp-content\/uploads\/2024\/07\/Joao-Monteiro-bn-150x150.png\" alt=\"Jo\u00e3o Monteiro\" width=\"150\" height=\"150\" srcset=\"https:\/\/igop.uab.cat\/wp-content\/uploads\/2024\/07\/Joao-Monteiro-bn-150x150.png 150w, https:\/\/igop.uab.cat\/wp-content\/uploads\/2024\/07\/Joao-Monteiro-bn-300x300.png 300w, https:\/\/igop.uab.cat\/wp-content\/uploads\/2024\/07\/Joao-Monteiro-bn-440x440.png 440w, https:\/\/igop.uab.cat\/wp-content\/uploads\/2024\/07\/Joao-Monteiro-bn.png 600w\" sizes=\"(max-width: 150px) 100vw, 150px\" \/><\/strong><\/p>\n<p style=\"text-align: center;\"><a href=\"https:\/\/igop.uab.cat\/en\/2024\/07\/24\/joao-monteiro\/\">Jo\u00e3o Monteiro<\/a><br \/><strong>Back In Town<\/strong><\/p>\n<p>[\/et_pb_text][\/et_pb_column][\/et_pb_row][\/et_pb_section]<\/p>\n","protected":false},"excerpt":{"rendered":"<p>Carlos DonaireComunalitat urbana 9B Claudia Dur\u00e0Barris amb futur Cl\u00e0udia RieraECF4Clim Ivan CerrilloProjecte rEUsilience Maria Mart\u00ed CepedaFairleave Maria MarcetECF4CLIM Joaquin RozasCare-Spain Vincenzo FavaraOutip Clara MarchCare-Spain Jo\u00e3o MonteiroBack In Town<\/p>\n","protected":false},"author":2,"featured_media":0,"parent":0,"menu_order":0,"comment_status":"closed","ping_status":"closed","template":"","meta":{"_et_pb_use_builder":"on","_et_pb_old_content":"","_et_gb_content_width":"","footnotes":""},"class_list":["post-16964","page","type-page","status-publish","hentry"],"_links":{"self":[{"href":"https:\/\/igop.uab.cat\/en\/wp-json\/wp\/v2\/pages\/16964","targetHints":{"allow":["GET"]}}],"collection":[{"href":"https:\/\/igop.uab.cat\/en\/wp-json\/wp\/v2\/pages"}],"about":[{"href":"https:\/\/igop.uab.cat\/en\/wp-json\/wp\/v2\/types\/page"}],"author":[{"embeddable":true,"href":"https:\/\/igop.uab.cat\/en\/wp-json\/wp\/v2\/users\/2"}],"replies":[{"embeddable":true,"href":"https:\/\/igop.uab.cat\/en\/wp-json\/wp\/v2\/comments?post=16964"}],"version-history":[{"count":96,"href":"https:\/\/igop.uab.cat\/en\/wp-json\/wp\/v2\/pages\/16964\/revisions"}],"predecessor-version":[{"id":28139,"href":"https:\/\/igop.uab.cat\/en\/wp-json\/wp\/v2\/pages\/16964\/revisions\/28139"}],"wp:attachment":[{"href":"https:\/\/igop.uab.cat\/en\/wp-json\/wp\/v2\/media?parent=16964"}],"curies":[{"name":"wp","href":"https:\/\/api.w.org\/{rel}","templated":true}]}}