{"id":14359,"date":"2022-05-06T11:39:47","date_gmt":"2022-05-06T09:39:47","guid":{"rendered":"https:\/\/igop.uab.cat\/data-protection\/"},"modified":"2022-05-06T11:40:09","modified_gmt":"2022-05-06T09:40:09","slug":"data-protection","status":"publish","type":"page","link":"https:\/\/igop.uab.cat\/en\/data-protection\/","title":{"rendered":"Data protection"},"content":{"rendered":"<p>[et_pb_section fb_built=&#8221;1&#8243; _builder_version=&#8221;4.16&#8243; global_colors_info=&#8221;{}&#8221;][et_pb_row _builder_version=&#8221;4.16&#8243; background_size=&#8221;initial&#8221; background_position=&#8221;top_left&#8221; background_repeat=&#8221;repeat&#8221; global_colors_info=&#8221;{}&#8221;][et_pb_column type=&#8221;4_4&#8243; _builder_version=&#8221;4.16&#8243; custom_padding=&#8221;|||&#8221; global_colors_info=&#8221;{}&#8221; custom_padding__hover=&#8221;|||&#8221;][et_pb_text _builder_version=&#8221;4.17.3&#8243; link_text_color=&#8221;#0C71C3&#8243; background_size=&#8221;initial&#8221; background_position=&#8221;top_left&#8221; background_repeat=&#8221;repeat&#8221; global_colors_info=&#8221;{}&#8221;]IGOP data protection policy. We follow the <a href=\"https:\/\/www.uab.cat\/web\/about-the-uab\/itineraries\/data-protection-1345672265358.html\" target=\"_blank\" rel=\"noopener\">data protection policy of the Autonomous University of Barcelona<\/a>.<\/p>\n<p>The Universitat Aut\u00f2noma de Barcelona is committed to a policy on the protection of individuals&#8217; rights and freedoms regarding the processing of their personal data. For this reason, information on its students, academic staff, administrative and service staff, graduates, suppliers, clients and other persons associated with it is handled entirely as stipulated in law.[\/et_pb_text][\/et_pb_column][\/et_pb_row][\/et_pb_section]<\/p>\n","protected":false},"excerpt":{"rendered":"<p>IGOP data protection policy. We follow the data protection policy of the Autonomous University of Barcelona. The Universitat Aut\u00f2noma de Barcelona is committed to a policy on the protection of individuals&#8217; rights and freedoms regarding the processing of their personal data. For this reason, information on its students, academic staff, administrative and service staff, graduates, [&hellip;]<\/p>\n","protected":false},"author":2,"featured_media":0,"parent":0,"menu_order":0,"comment_status":"closed","ping_status":"closed","template":"","meta":{"_et_pb_use_builder":"on","_et_pb_old_content":"<p>L\u2019IGOP, com a institut de recerca de la Universitat Aut\u00f2noma de Barcelona, segueix la <a href=\"https:\/\/www.uab.cat\/web\/la-uab\/itineraris\/proteccio-de-dades\/politica-proteccio-de-dades-1345763218319.html\" target=\"_blank\" rel=\"noopener\">pol\u00edtica de protecci\u00f3 de dades de la UAB<\/a>.<\/p><p>La Universitat Aut\u00f2noma de Barcelona est\u00e0 compromesa amb una pol\u00edtica de protecci\u00f3 dels drets i les llibertats de les persones pel que fa al tractament de les seves dades de car\u00e0cter personal. Per aix\u00f2, la informaci\u00f3 a disposici\u00f3 de la UAB dels estudiants, personal acad\u00e8mic, personal d\u2019administraci\u00f3 i serveis, graduats, prove\u00efdors, clients i altres persones que es relacionen amb la Universitat s\u00f3n tractades amb les garanties i d\u2019acord amb les exig\u00e8ncies de la legislaci\u00f3 vigent.<\/p>","_et_gb_content_width":"","footnotes":""},"class_list":["post-14359","page","type-page","status-publish","hentry"],"_links":{"self":[{"href":"https:\/\/igop.uab.cat\/en\/wp-json\/wp\/v2\/pages\/14359","targetHints":{"allow":["GET"]}}],"collection":[{"href":"https:\/\/igop.uab.cat\/en\/wp-json\/wp\/v2\/pages"}],"about":[{"href":"https:\/\/igop.uab.cat\/en\/wp-json\/wp\/v2\/types\/page"}],"author":[{"embeddable":true,"href":"https:\/\/igop.uab.cat\/en\/wp-json\/wp\/v2\/users\/2"}],"replies":[{"embeddable":true,"href":"https:\/\/igop.uab.cat\/en\/wp-json\/wp\/v2\/comments?post=14359"}],"version-history":[{"count":6,"href":"https:\/\/igop.uab.cat\/en\/wp-json\/wp\/v2\/pages\/14359\/revisions"}],"predecessor-version":[{"id":14369,"href":"https:\/\/igop.uab.cat\/en\/wp-json\/wp\/v2\/pages\/14359\/revisions\/14369"}],"wp:attachment":[{"href":"https:\/\/igop.uab.cat\/en\/wp-json\/wp\/v2\/media?parent=14359"}],"curies":[{"name":"wp","href":"https:\/\/api.w.org\/{rel}","templated":true}]}}