{"id":1377,"date":"2013-10-15T18:52:28","date_gmt":"2013-10-15T18:52:28","guid":{"rendered":"https:\/\/igop.uab.cat\/laboratory\/"},"modified":"2022-04-28T15:20:31","modified_gmt":"2022-04-28T13:20:31","slug":"laboratory","status":"publish","type":"page","link":"https:\/\/igop.uab.cat\/en\/laboratory\/","title":{"rendered":"Laboratory"},"content":{"rendered":"<p>[et_pb_section fb_built=&#8221;1&#8243; admin_label=&#8221;section&#8221; _builder_version=&#8221;4.14.9&#8243; global_colors_info=&#8221;{}&#8221;][et_pb_row column_structure=&#8221;3_4,1_4&#8243; admin_label=&#8221;row&#8221; _builder_version=&#8221;4.14.9&#8243; background_size=&#8221;initial&#8221; background_position=&#8221;top_left&#8221; background_repeat=&#8221;repeat&#8221; global_colors_info=&#8221;{}&#8221;][et_pb_column type=&#8221;3_4&#8243; _builder_version=&#8221;3.25&#8243; custom_padding=&#8221;|||&#8221; global_colors_info=&#8221;{}&#8221; custom_padding__hover=&#8221;|||&#8221;][et_pb_text admin_label=&#8221;Text&#8221; _builder_version=&#8221;4.14.9&#8243; background_size=&#8221;initial&#8221; background_position=&#8221;top_left&#8221; background_repeat=&#8221;repeat&#8221; global_colors_info=&#8221;{}&#8221;]<a title=\"S19. Pol\u00edtiques publiques, pol\u00edtiques socials i filantropia: on s\u00f3n els l\u00edmits?\" href=\"https:\/\/igop.uab.cat\/2019\/03\/06\/s19-politiques-publiques-politiques-socials-i-filantropia-on-son-els-limits\/\"><img loading=\"lazy\" decoding=\"async\" class=\"alignleft wp-image-3209 size-full\" style=\"margin: 0px 0px 5px 5px;\" title=\"S19. Pol\u00edtiques publiques, pol\u00edtiques socials i filantropia: on s\u00f3n els l\u00edmits?\" src=\"https:\/\/igop.uab.cat\/wp-content\/uploads\/2019\/03\/LAB-19-politiques-i-filantropia.jpg\" alt=\"\" width=\"150\" height=\"150\" \/><\/a><\/p>\n<p><a title=\"S18. Innovaci\u00f3 i canvi en les pol\u00edtiques socials municipals. Experi\u00e8ncies a Barcelona\" href=\"https:\/\/igop.uab.cat\/en\/2018\/04\/16\/social-lab-18-innovation-and-change-in-municipal-social-policies\/\"><img loading=\"lazy\" decoding=\"async\" class=\"alignleft wp-image-3209 size-full\" style=\"margin: 0px 0px 5px 5px;\" title=\"S18. Innovaci\u00f3 i canvi en les pol\u00edtiques socials municipals. Experi\u00e8ncies a Barcelona\" src=\"https:\/\/igop.uab.cat\/wp-content\/uploads\/2018\/04\/LAB-18-experiencies-innovacio-barcelona.jpg\" alt=\"\" width=\"150\" height=\"150\" \/><\/a><\/p>\n<p><a title=\"S17. Pol\u00edtiques per a la inf\u00e0ncia vulnerable\" href=\"https:\/\/igop.uab.cat\/en\/2017\/11\/17\/social-lab-policies-for-vulnerable-children\/\"><img loading=\"lazy\" decoding=\"async\" class=\"alignleft wp-image-3209 size-full\" style=\"margin: 0px 0px 5px 5px;\" title=\"S17. Pol\u00edtiques per a la inf\u00e0ncia vulnerable\" src=\"https:\/\/igop.uab.cat\/wp-content\/uploads\/2017\/11\/LAB-17-politiques-infancia-vulnerable.jpg\" alt=\"\" width=\"150\" height=\"150\" \/><\/a><\/p>\n<p><a title=\"S16. Cap a un nou model de Serveis Socials?\" href=\"https:\/\/igop.uab.cat\/en\/2017\/03\/14\/social-lab-social-services-model\/\"><img loading=\"lazy\" decoding=\"async\" class=\"alignleft wp-image-3209 size-full\" style=\"margin: 0px 0px 5px 5px;\" title=\"S16. Cap a un nou model de Serveis Socials?\" src=\"https:\/\/igop.uab.cat\/wp-content\/uploads\/2017\/03\/LAB-16-nou-model-serveis-socials.jpg\" alt=\"\" width=\"150\" height=\"150\" \/><\/a><\/p>\n<p><a title=\"S15. Els serveis p\u00fablics i l\u2019acci\u00f3 comunit\u00e0ria\" href=\"https:\/\/igop.uab.cat\/en\/2016\/10\/20\/social-lab-public-services-and-communitary-action\/\"><img loading=\"lazy\" decoding=\"async\" class=\"alignleft wp-image-3209 size-full\" style=\"margin: 0px 0px 5px 5px;\" title=\"S15. Els serveis p\u00fablics i l\u2019acci\u00f3 comunit\u00e0ria\" src=\"https:\/\/igop.uab.cat\/wp-content\/uploads\/2016\/11\/LAB-16-salut-comunitaria.jpg\" alt=\"\" width=\"150\" height=\"150\" \/><\/a><\/p>\n<p><a title=\"S14. Empoderar com a estrat\u00e8gia per a la transformaci\u00f3 des dels Serveis Socials\" href=\"https:\/\/igop.uab.cat\/2016\/03\/29\/s14-empoderar-com-a-estrategia-per-a-la-transformacio-des-dels-serveis-socials\/\"><img loading=\"lazy\" decoding=\"async\" class=\"alignleft wp-image-3209 size-full\" style=\"margin: 0px 0px 5px 5px;\" title=\"S14. Empoderar com a estrat\u00e8gia\" src=\"https:\/\/igop.uab.cat\/wp-content\/uploads\/2016\/03\/LAB-13-empoderament-estrategia.jpg\" alt=\"\" width=\"150\" height=\"150\" \/><\/a><\/p>\n<p><a title=\"S13. Nou municipalisme i innovaci\u00f3\" href=\"https:\/\/igop.uab.cat\/2016\/01\/07\/s13-nou-municipalisme-i-serveis-socials\/\"><img loading=\"lazy\" decoding=\"async\" class=\"alignleft wp-image-2765 size-full\" style=\"margin: 0px 0px 5px 5px;\" title=\"S13. Nou municipalisme\" src=\"https:\/\/igop.uab.cat\/wp-content\/uploads\/2016\/01\/S13-LAB-Nou-municipalisme.jpg\" alt=\"\" width=\"150\" height=\"150\" \/><\/a><\/p>\n<p><a title=\"S12. Bones pr\u00e0ctiques innovaci\u00f3\" href=\"https:\/\/igop.uab.cat\/2015\/10\/21\/s12-bones-practiques-i-innovacio\/\"><img loading=\"lazy\" decoding=\"async\" class=\"alignleft wp-image-2765 size-full\" style=\"margin: 0px 0px 5px 5px;\" title=\"S12. Bones pr\u00e0ctiques\" src=\"https:\/\/igop.uab.cat\/wp-content\/uploads\/2015\/10\/LAB-12-bones-practiques.jpg\" alt=\"\" width=\"150\" height=\"150\" \/><\/a><\/p>\n<p><a title=\"S11. Model Serveis Euskadi Catalunya Escocia\" href=\"https:\/\/igop.uab.cat\/2015\/09\/16\/s11-el-model-de-serveis-a-euskadi-catalunya-i-escocia\/\"><img loading=\"lazy\" decoding=\"async\" class=\"alignleft size-medium wp-image-2198\" style=\"margin: 0px 0px 5px 5px;\" title=\"S11. Model Serveis Euskadi Catalunya Escocia\" src=\"https:\/\/igop.uab.cat\/wp-content\/uploads\/2015\/10\/LAB-11-model-eusk-cat-escocia.jpg\" alt=\"S11. Model Serveis Euskadi Catalunya Escocia\" width=\"150\" height=\"150\" \/><\/a><\/p>\n<p><a title=\"S10. Xarxes comunit\u00e0ries\" href=\"https:\/\/igop.uab.cat\/2015\/04\/17\/s10-les-xarxes-comunitaries-com-a-oportunitat-per-als-serveis-socials\/\"><img loading=\"lazy\" decoding=\"async\" class=\"alignleft wp-image-2467 size-full\" style=\"margin: 0px 0px 5px 5px;\" title=\"S10. Xarxes comunit\u00e0ries\" src=\"https:\/\/igop.uab.cat\/wp-content\/uploads\/2013\/10\/LAB-10-xarxescomunitaries.jpg\" alt=\"S10. Xarxes comunit\u00e0ries\" width=\"150\" height=\"150\" \/><\/a><\/p>\n<p><a title=\"S9. Serveis Socials Euskadi\" href=\"https:\/\/igop.uab.cat\/2015\/02\/03\/s9-els-serveis-socials-deuskadi-examen\/\"><img loading=\"lazy\" decoding=\"async\" class=\"alignleft size-medium wp-image-2198\" style=\"margin: 0px 0px 5px 5px;\" title=\"S9. Serveis Socials Euskadi\" src=\"https:\/\/igop.uab.cat\/wp-content\/uploads\/2013\/10\/LAB-S9_serveis-Euskadi.jpg\" alt=\"LAB-S9_serveis-Euskadi\" width=\"150\" height=\"150\" \/><\/a><\/p>\n<p><a title=\"S8. Serveis Socials sota pressi\u00f3\" href=\"https:\/\/igop.uab.cat\/2014\/11\/18\/s8-sota-pressio-sense-traccio-els-serveis-socials-de-leuforia-lempantanegament\/\"><img loading=\"lazy\" decoding=\"async\" class=\"alignleft size-full wp-image-2195\" style=\"margin: 0px 0px 5px 5px;\" src=\"https:\/\/igop.uab.cat\/wp-content\/uploads\/2013\/10\/LAB-S8_sota-pressio.jpg\" alt=\"LAB-S8_sota-pressio\" width=\"150\" height=\"150\" \/><\/a><\/p>\n<p><a title=\"S7. Les pol\u00edtiques socials a trav\u00e9s de l\u2019an\u00e0lisi pressupostari\" href=\"https:\/\/igop.uab.cat\/2014\/09\/10\/s7-les-politiques-socials-traves-de-lanalisi-pressupostari\/\" target=\"_blank\" rel=\"noopener\"><img loading=\"lazy\" decoding=\"async\" class=\"alignleft size-full wp-image-14062\" style=\"margin: 0px 0px 5px 5px;\" src=\"https:\/\/igop.uab.cat\/wp-content\/uploads\/2014\/09\/LAB-07-pressupostos.jpg\" alt=\"LAB7-pressupostos\" width=\"150\" height=\"150\" \/><\/a><\/p>\n<p><a title=\"S6. Espais p\u00fablics avui\" href=\"https:\/\/igop.uab.cat\/2014\/04\/29\/s6-els-espais-publics-avui\/\"><img loading=\"lazy\" decoding=\"async\" class=\"alignleft size-full wp-image-14062\" style=\"margin: 0px 0px 5px 5px;\" src=\"https:\/\/igop.uab.cat\/wp-content\/uploads\/2013\/10\/LAB6-espaispublics.jpg\" alt=\"LAB6-espaispublics\" width=\"150\" height=\"150\" \/><\/a><\/p>\n<p><a title=\"S5. Persones sense llar\" href=\"https:\/\/igop.uab.cat\/en\/2014\/03\/21\/s5-homeless\/\"><img loading=\"lazy\" decoding=\"async\" class=\"alignleft size-medium wp-image-14063\" style=\"margin: 0px 0px 5px 5px;\" src=\"https:\/\/igop.uab.cat\/wp-content\/uploads\/2013\/10\/LAB5-personesensellar.jpg\" alt=\"LAB5-personesensellar\" width=\"150\" height=\"150\" \/><\/a><\/p>\n<p><a title=\"S4. Estat protector Estat inversor\" href=\"https:\/\/igop.uab.cat\/en\/2014\/02\/05\/s4-de-lestat-del-benestar-protector-a-lestat-del-benestar-inversor\/\"> <img loading=\"lazy\" decoding=\"async\" class=\"alignleft size-medium wp-image-14064\" style=\"margin: 0px 0px 5px 5px;\" src=\"https:\/\/igop.uab.cat\/wp-content\/uploads\/2013\/10\/LAB4-estatinversor.jpg\" alt=\"LAB4-estatinversor\" width=\"150\" height=\"150\" \/><\/a><\/p>\n<p><a title=\"S3. Pol\u00edtiques d'inf\u00e0ncia\" href=\"https:\/\/igop.uab.cat\/en\/2014\/01\/27\/s3-politiques-dinfancia-2\/\"><img loading=\"lazy\" decoding=\"async\" class=\"alignleft size-medium wp-image-14065\" style=\"margin: 0px 0px 5px 5px;\" src=\"https:\/\/igop.uab.cat\/wp-content\/uploads\/2013\/10\/LAB3-infancia.jpg\" alt=\"LAB3-infancia\" width=\"150\" height=\"150\" \/><\/a><\/p>\n<p><a title=\"S2. Garantia d'Ingressos M\u00ednims\" href=\"https:\/\/igop.uab.cat\/en\/2013\/10\/10\/s2-minimum-income-guarantee-101813\/\"> <img loading=\"lazy\" decoding=\"async\" class=\"alignleft size-medium wp-image-14066\" style=\"margin: 0px 0px 5px 5px;\" src=\"https:\/\/igop.uab.cat\/wp-content\/uploads\/2013\/10\/LAB2-ingressosminims.jpg\" alt=\"LAB2-ingressosminims\" width=\"150\" height=\"150\" \/><\/a><\/p>\n<p><a title=\"S1. Universalisme vs Assistencialisme\" href=\"https:\/\/igop.uab.cat\/en\/2013\/06\/13\/s1-universalism-welfare\/\"><img loading=\"lazy\" decoding=\"async\" class=\"alignleft size-full wp-image-14067\" style=\"margin: 0px 0px 5px 5px;\" src=\"https:\/\/igop.uab.cat\/wp-content\/uploads\/2013\/10\/LAB1-universalitat.jpg\" alt=\"LAB1-universalitat\" width=\"150\" height=\"150\" \/><\/a>[\/et_pb_text][\/et_pb_column][et_pb_column type=&#8221;1_4&#8243; _builder_version=&#8221;3.25&#8243; custom_padding=&#8221;|||&#8221; global_colors_info=&#8221;{}&#8221; custom_padding__hover=&#8221;|||&#8221;][et_pb_text admin_label=&#8221;Text&#8221; _builder_version=&#8221;4.14.9&#8243; background_size=&#8221;initial&#8221; background_position=&#8221;top_left&#8221; background_repeat=&#8221;repeat&#8221; global_colors_info=&#8221;{}&#8221;]+ INFO<br \/>\n<strong>Toni Vil\u00e0<\/strong><br \/>\nantoni.vila@uab.cat[\/et_pb_text][\/et_pb_column][\/et_pb_row][et_pb_row admin_label=&#8221;row&#8221; _builder_version=&#8221;4.14.9&#8243; background_size=&#8221;initial&#8221; background_position=&#8221;top_left&#8221; background_repeat=&#8221;repeat&#8221; global_colors_info=&#8221;{}&#8221;][et_pb_column type=&#8221;4_4&#8243; _builder_version=&#8221;3.25&#8243; custom_padding=&#8221;|||&#8221; global_colors_info=&#8221;{}&#8221; custom_padding__hover=&#8221;|||&#8221;][et_pb_text admin_label=&#8221;Text&#8221; _builder_version=&#8221;4.14.9&#8243; background_size=&#8221;initial&#8221; background_position=&#8221;top_left&#8221; background_repeat=&#8221;repeat&#8221; global_colors_info=&#8221;{}&#8221;]<\/p>\n<h3>Social Services Laboratory<\/h3>\n<p><span id=\"result_box\" lang=\"en\" tabindex=\"-1\"><span title=\"Es un espacio de reflexi\u00f3n y debate y un instrumento de investigaci\u00f3n en el \u00e1mbito de las pol\u00edticas de servicios sociales, impulsado por el IGOP, como punto de encuentro de los profesionales y el mundo acad\u00e9mico. \">It is a space for reflection and debate and a research instrument in the field of social services policies, promoted by the IGOP, as a meeting point for professionals and the academic world<\/span><\/span>.<\/p>\n<p>&nbsp;<\/p>\n<h4>Specific Objectives:<\/h4>\n<ul>\n<li>Establish a stable point of encounter, study and debate among professionals, researchers and teachers.<\/li>\n<li>Generate spaces for analysis, exchange and debate on innovative public policies in the field of social services.<\/li>\n<li>Enable the creation of social networks of cooperation with other entities and institutions and generate knowledge in social services.<\/li>\n<li>Disseminate the results of the debates among the interested persons and entities.<\/li>\n<\/ul>\n<h4>Open to:<\/h4>\n<ul>\n<li><span title=\"\uf0a7 Profesionales del sector, profesores universitarios, investigadores y otras personas interesadas en el servicios sociales.\">Professionals from the sector, university professors, researchers and others interested in social services.\u00a0<\/span><span title=\"Es un grupo abierto donde los interesados \u200b\u200bpueden pedir de participar. \">It is an open group where interested parties can ask to participate.<\/span><\/li>\n<\/ul>\n<h4>Mechanics of Work<\/h4>\n<ul>\n<li><span id=\"result_box\" lang=\"en\" tabindex=\"-1\"><span title=\"\uf0a7 Se hacen unas 3 sesiones anuales abiertas sobre un tema de inter\u00e9s general.\">There are about 3 open annual sessions on a topic of general interest.\u00a0<\/span><span title=\"Los temas a tratar se eligen en funci\u00f3n de los intereses de los participantes y las sesiones duran unas 2 horas. \">The topics to be discussed are chosen according to the interests of the participants and the sessions last about 2 hours.<\/span><\/span><\/li>\n<li><span id=\"result_box\" lang=\"en\" tabindex=\"-1\"><span title=\"\uf0a7 Los temas son introducidos por un coordinador y participan 2 o 3 expertos y especialistas invitados que presentan estudios y exponen realizaciones en el \u00e1mbito de los servicios sociales. \">The topics are introduced by a coordinator and 2 or 3 invited experts and specialists participate who present studies and present achievements in the field of social services.<\/span><\/span><\/li>\n<li><span id=\"result_box\" lang=\"en\" tabindex=\"-1\"><span title=\"\uf0a7 Se facilitan materiales antes de cada sesi\u00f3n y luego se cuelga el v\u00eddeo de la sesi\u00f3n en la p\u00e1gina web del IGOP.\">Materials are provided before each session and then the video of the session is posted on the IGOP website.<\/span><\/span><\/li>\n<\/ul>\n<p>[\/et_pb_text][\/et_pb_column][\/et_pb_row][\/et_pb_section]<\/p>\n","protected":false},"excerpt":{"rendered":"<p>+ INFO Toni Vil\u00e0 antoni.vila@uab.catSocial Services Laboratory It is a space for reflection and debate and a research instrument in the field of social services policies, promoted by the IGOP, as a meeting point for professionals and the academic world. &nbsp; Specific Objectives: Establish a stable point of encounter, study and debate among professionals, researchers [&hellip;]<\/p>\n","protected":false},"author":2,"featured_media":0,"parent":0,"menu_order":0,"comment_status":"closed","ping_status":"closed","template":"","meta":{"_et_pb_use_builder":"on","_et_pb_old_content":"","_et_gb_content_width":"","footnotes":""},"class_list":["post-1377","page","type-page","status-publish","hentry"],"_links":{"self":[{"href":"https:\/\/igop.uab.cat\/en\/wp-json\/wp\/v2\/pages\/1377","targetHints":{"allow":["GET"]}}],"collection":[{"href":"https:\/\/igop.uab.cat\/en\/wp-json\/wp\/v2\/pages"}],"about":[{"href":"https:\/\/igop.uab.cat\/en\/wp-json\/wp\/v2\/types\/page"}],"author":[{"embeddable":true,"href":"https:\/\/igop.uab.cat\/en\/wp-json\/wp\/v2\/users\/2"}],"replies":[{"embeddable":true,"href":"https:\/\/igop.uab.cat\/en\/wp-json\/wp\/v2\/comments?post=1377"}],"version-history":[{"count":7,"href":"https:\/\/igop.uab.cat\/en\/wp-json\/wp\/v2\/pages\/1377\/revisions"}],"predecessor-version":[{"id":14110,"href":"https:\/\/igop.uab.cat\/en\/wp-json\/wp\/v2\/pages\/1377\/revisions\/14110"}],"wp:attachment":[{"href":"https:\/\/igop.uab.cat\/en\/wp-json\/wp\/v2\/media?parent=1377"}],"curies":[{"name":"wp","href":"https:\/\/api.w.org\/{rel}","templated":true}]}}