{"id":1356,"date":"2013-09-27T14:42:32","date_gmt":"2013-09-27T14:42:32","guid":{"rendered":"https:\/\/igop.uab.cat\/research\/"},"modified":"2022-05-10T16:55:15","modified_gmt":"2022-05-10T14:55:15","slug":"research","status":"publish","type":"page","link":"https:\/\/igop.uab.cat\/en\/research\/","title":{"rendered":"Research"},"content":{"rendered":"<p>[et_pb_section fb_built=&#8221;1&#8243; _builder_version=&#8221;3.22&#8243; global_colors_info=&#8221;{}&#8221;][et_pb_row column_structure=&#8221;3_5,2_5&#8243; _builder_version=&#8221;3.25&#8243; background_size=&#8221;initial&#8221; background_position=&#8221;top_left&#8221; background_repeat=&#8221;repeat&#8221; global_colors_info=&#8221;{}&#8221;][et_pb_column type=&#8221;3_5&#8243; _builder_version=&#8221;3.25&#8243; custom_padding=&#8221;|||&#8221; global_colors_info=&#8221;{}&#8221; custom_padding__hover=&#8221;|||&#8221;][et_pb_text _builder_version=&#8221;4.14.9&#8243; background_size=&#8221;initial&#8221; background_position=&#8221;top_left&#8221; background_repeat=&#8221;repeat&#8221; hover_enabled=&#8221;0&#8243; global_colors_info=&#8221;{}&#8221; sticky_enabled=&#8221;0&#8243;]<\/p>\n<p>The IGOP organises its research activities around two kinds of projects:<\/p>\n<p><strong>Basic Research Projects<\/strong>: Financed by governmental research funds (European, Spanish and Catalan), through competitive tenders.<\/p>\n<p><strong>Applied Research Projects<\/strong>: Financed through competitive tenders or direct agreements between the IGOP and other public or private institutions interested in a very particular research, whose results should help to improve their work. The IGOP has mainly signed agreements with local governments, foundations and social action organizations.<\/p>\n<p>Both kinds of research are crucial for the Institute. Basic research is necessary for the development of theory, and it allows for a consolidation and expansion of the IGOP\u2019s presence in academic research networks. Applied research projects, on the other hand, help to keep the IGOP effectively linked to the social and institutional reality.<\/p>\n<p>[\/et_pb_text][\/et_pb_column][et_pb_column type=&#8221;2_5&#8243; _builder_version=&#8221;3.25&#8243; custom_padding=&#8221;|||&#8221; global_colors_info=&#8221;{}&#8221; custom_padding__hover=&#8221;|||&#8221;][et_pb_text _builder_version=&#8221;4.14.9&#8243; background_size=&#8221;initial&#8221; background_position=&#8221;top_left&#8221; background_repeat=&#8221;repeat&#8221; hover_enabled=&#8221;0&#8243; global_colors_info=&#8221;{}&#8221; sticky_enabled=&#8221;0&#8243;]<\/p>\n<p>&#8220;The members of the Institut de Govern i Politiques P\u00fabliques (formerly Equip d&#8217;An\u00e0lisi Politica) of the Autonomous University of Barcelona make up possibly the most important Spanish research group in the area of Political Science and Administration. His works were pioneers for the introduction in our country, at the beginning of the nineties, of the Public Policy approach and a decade later they constitute the point of reference in national studies related to decentralization, local space and citizen participation.&#8221;<\/p>\n<p><strong>Manuel Zafra <\/strong>and <strong>Ignacio Molina <\/strong>(2002)<br \/><em>Recensiones<\/em>, en Revista Espa\u00f1ola de Ciencia Pol\u00edtica, n\u00fam.7, octubre 2002, Madrid.<\/p>\n<p>[\/et_pb_text][\/et_pb_column][\/et_pb_row][\/et_pb_section]<\/p>\n","protected":false},"excerpt":{"rendered":"<p>The IGOP organises its research activities around two kinds of projects: Basic Research Projects: Financed by governmental research funds (European, Spanish and Catalan), through competitive tenders. Applied Research Projects: Financed through competitive tenders or direct agreements between the IGOP and other public or private institutions interested in a very particular research, whose results should help [&hellip;]<\/p>\n","protected":false},"author":2,"featured_media":0,"parent":0,"menu_order":0,"comment_status":"closed","ping_status":"closed","template":"","meta":{"_et_pb_use_builder":"on","_et_pb_old_content":"","_et_gb_content_width":"","footnotes":""},"class_list":["post-1356","page","type-page","status-publish","hentry"],"_links":{"self":[{"href":"https:\/\/igop.uab.cat\/en\/wp-json\/wp\/v2\/pages\/1356","targetHints":{"allow":["GET"]}}],"collection":[{"href":"https:\/\/igop.uab.cat\/en\/wp-json\/wp\/v2\/pages"}],"about":[{"href":"https:\/\/igop.uab.cat\/en\/wp-json\/wp\/v2\/types\/page"}],"author":[{"embeddable":true,"href":"https:\/\/igop.uab.cat\/en\/wp-json\/wp\/v2\/users\/2"}],"replies":[{"embeddable":true,"href":"https:\/\/igop.uab.cat\/en\/wp-json\/wp\/v2\/comments?post=1356"}],"version-history":[{"count":6,"href":"https:\/\/igop.uab.cat\/en\/wp-json\/wp\/v2\/pages\/1356\/revisions"}],"predecessor-version":[{"id":14574,"href":"https:\/\/igop.uab.cat\/en\/wp-json\/wp\/v2\/pages\/1356\/revisions\/14574"}],"wp:attachment":[{"href":"https:\/\/igop.uab.cat\/en\/wp-json\/wp\/v2\/media?parent=1356"}],"curies":[{"name":"wp","href":"https:\/\/api.w.org\/{rel}","templated":true}]}}