{"id":1350,"date":"2013-09-27T14:40:42","date_gmt":"2013-09-27T14:40:42","guid":{"rendered":"https:\/\/igop.uab.cat\/master\/"},"modified":"2026-01-15T13:58:52","modified_gmt":"2026-01-15T12:58:52","slug":"master","status":"publish","type":"page","link":"https:\/\/igop.uab.cat\/en\/training\/master\/","title":{"rendered":"Master"},"content":{"rendered":"<p>[et_pb_section fb_built=&#8221;1&#8243; _builder_version=&#8221;4.16&#8243; global_colors_info=&#8221;{}&#8221;][et_pb_row _builder_version=&#8221;4.16&#8243; background_size=&#8221;initial&#8221; background_position=&#8221;top_left&#8221; background_repeat=&#8221;repeat&#8221; global_colors_info=&#8221;{}&#8221;][et_pb_column type=&#8221;4_4&#8243; _builder_version=&#8221;4.16&#8243; custom_padding=&#8221;|||&#8221; global_colors_info=&#8221;{}&#8221; custom_padding__hover=&#8221;|||&#8221;][et_pb_text _builder_version=&#8221;4.16&#8243; background_size=&#8221;initial&#8221; background_position=&#8221;top_left&#8221; background_repeat=&#8221;repeat&#8221; global_colors_info=&#8221;{}&#8221;]<\/p>\n<h3>Official master&#8217;s degree in Social Policy and Community Action<\/h3>\n<p>[\/et_pb_text][\/et_pb_column][\/et_pb_row][et_pb_row column_structure=&#8221;1_2,1_2&#8243; _builder_version=&#8221;4.16&#8243; background_size=&#8221;initial&#8221; background_position=&#8221;top_left&#8221; background_repeat=&#8221;repeat&#8221; global_colors_info=&#8221;{}&#8221;][et_pb_column type=&#8221;1_2&#8243; _builder_version=&#8221;4.16&#8243; custom_padding=&#8221;|||&#8221; global_colors_info=&#8221;{}&#8221; custom_padding__hover=&#8221;|||&#8221;][et_pb_text _builder_version=&#8221;4.16&#8243; background_size=&#8221;initial&#8221; background_position=&#8221;top_left&#8221; background_repeat=&#8221;repeat&#8221; global_colors_info=&#8221;{}&#8221;]<\/p>\n<p>The program is presented as a professional and research proposal that combines the acquisition of theoretical and practical knowledge and uses case work to make a participatory and complex approach to the reality of the territory.<\/p>\n<p>From the 2016-2017 academic year, the Master&#8217;s degree is consolidated as an official interuniversity degree, with the participation of the Autonomous University of Barcelona through the IGOP (Institute of Government and Public Policies) and the affiliated school Doctor Robert, the University of Girona, the University of Lleida and the University of Vic.<\/p>\n<p><div class=\"rve\" data-content-width=\"1080\"><iframe loading=\"lazy\" title=\"Opinan nuestros alumnos\/as sobre el M\u00e1ster PSyAC 2019\" width=\"1080\" height=\"608\" src=\"https:\/\/www.youtube.com\/embed\/DcwCY_1PUJU?feature=oembed\" frameborder=\"0\" allow=\"accelerometer; autoplay; clipboard-write; encrypted-media; gyroscope; picture-in-picture\" allowfullscreen><\/iframe><\/div>\n<p><!-- Responsive Video Embeds plugin by www.kevinleary.net --><\/p>\n<p>[\/et_pb_text][\/et_pb_column][et_pb_column type=&#8221;1_2&#8243; _builder_version=&#8221;4.16&#8243; custom_padding=&#8221;|||&#8221; global_colors_info=&#8221;{}&#8221; custom_padding__hover=&#8221;|||&#8221;][et_pb_text disabled_on=&#8221;on|on|on&#8221; _builder_version=&#8221;4.24.3&#8243; link_text_color=&#8221;#008539&#8243; background_color=&#8221;#EDF000&#8243; background_size=&#8221;initial&#8221; background_position=&#8221;top_left&#8221; background_repeat=&#8221;repeat&#8221; custom_margin=&#8221;5px|||5px|false|false&#8221; custom_padding=&#8221;20px|20px||20px|false|true&#8221; border_radii=&#8221;on|1px|1px|1px|1px&#8221; box_shadow_style=&#8221;preset3&#8243; disabled=&#8221;on&#8221; global_colors_info=&#8221;{}&#8221;]<\/p>\n<h5><img loading=\"lazy\" decoding=\"async\" class=\"wp-image-23560 aligncenter \" src=\"https:\/\/igop.uab.cat\/wp-content\/uploads\/2025\/02\/alert_16740673-150x150.png\" alt=\"\" width=\"50\" height=\"64\"><\/h5>\n<h5><strong>Information Session at UAB Virtual Fair<\/strong><\/h5>\n<p><strong>February 27 at 6:30 p.m.<\/strong> in Barcelona<br \/>with Carolina Mu\u00f1oz (Coord.) who will answer all your questions.<\/p>\n<p>Sign up at this link: <a title=\"Virtual Fair Master in Social Policies and Community Action\" href=\"https:\/\/www.uab.cat\/web\/estudis\/visita-la-uab\/fira-virtual-de-masters-postgraus-i-doctorats-uab-1345815800917.html\" target=\"_blank\" rel=\"noopener\" data-cke-saved-href=\"https:\/\/www.uab.cat\/web\/estudis\/visita-la-uab\/fira-virtual-de-masters-postgraus-i-doctorats-uab-1345815800917.html\">Fira Virtual UAB<\/a><\/p>\n<p>&nbsp;<\/p>\n<p>[\/et_pb_text][et_pb_text _builder_version=&#8221;4.24.3&#8243; link_text_color=&#8221;#008539&#8243; background_color=&#8221;#D6D6D6&#8243; background_size=&#8221;initial&#8221; background_position=&#8221;top_left&#8221; background_repeat=&#8221;repeat&#8221; custom_margin=&#8221;5px|||5px|false|false&#8221; custom_padding=&#8221;20px|20px||20px|false|true&#8221; border_radii=&#8221;on|1px|1px|1px|1px&#8221; box_shadow_style=&#8221;preset3&#8243; global_colors_info=&#8221;{}&#8221;]<\/p>\n<p><span style=\"color: #008539;\"><a style=\"color: #008539;\" title=\"Master PSiMC IGOP\" href=\"https:\/\/www.uab.cat\/web\/estudiar\/l-oferta-de-masters-oficials\/informacio-general\/politiques-socials-i-accio-comunitaria-1096480139517.html?param1=1345687201497\" target=\"_blank\" rel=\"noopener\"><strong>Registration and more information<\/strong><\/a><\/span><\/p>\n<p><strong>Calendar:<br \/><\/strong>October 6th 2025 &#8211; July 2026 5th<\/p>\n<p><strong>Timetable:<br \/><\/strong><span style=\"font-weight: normal; color: #000000;\">Monday and Wednesday from 16:15h to 20:45h<\/span><\/p>\n<p><strong>Language:<\/strong> catalan (30%) \/ spanish (70%)<\/p>\n<p><strong>Price:<\/strong><br \/>Students from the EU or Spain: 77 EUR\/credit. Non-EU students: \u20ac104 \/ credit. Including administrative fees and student insurance.<\/p>\n<p><strong>Per\u00edode d&#8217;admissions:<br \/><\/strong>13 january to 01 October 2025<\/p>\n<hr>\n<p><strong>Materials<\/strong><\/p>\n<p><a href=\"https:\/\/escoladeligop.com\/wp-content\/uploads\/2024\/07\/1.-Pla-Estudis-Master-PSAC-2024-25.pdf\" target=\"_blank\" rel=\"noopener\">Syllabus 2024-25<\/a><\/p>\n<p><strong>More information: <\/strong><a title=\"Master PSiMC IGOP\" href=\"https:\/\/www.uab.cat\/web\/estudiar\/l-oferta-de-masters-oficials\/informacio-general\/politiques-socials-i-accio-comunitaria-1096480139517.html?param1=1345687201497\" target=\"_blank\" rel=\"noopener\"><strong>Web Escola del IGOP<\/strong><\/a><\/p>\n<p>&nbsp;<\/p>\n<p>[\/et_pb_text][\/et_pb_column][\/et_pb_row][et_pb_row column_structure=&#8221;1_2,1_2&#8243; _builder_version=&#8221;4.16&#8243; background_size=&#8221;initial&#8221; background_position=&#8221;top_left&#8221; background_repeat=&#8221;repeat&#8221; global_colors_info=&#8221;{}&#8221;][et_pb_column type=&#8221;1_2&#8243; _builder_version=&#8221;4.16&#8243; custom_padding=&#8221;|||&#8221; global_colors_info=&#8221;{}&#8221; custom_padding__hover=&#8221;|||&#8221;][et_pb_text _builder_version=&#8221;4.16&#8243; background_size=&#8221;initial&#8221; background_position=&#8221;top_left&#8221; background_repeat=&#8221;repeat&#8221; global_colors_info=&#8221;{}&#8221;]<\/p>\n<h5>Career options<\/h5>\n<ul>\n<li>The official master&#8217;s degree in Social Policy and Community Action combines theory and practice, delivered by both academic and professional instructors, and it uses the methodology of case studies to approach the surrounding community with sensitivity and a willingness to get involved.<\/li>\n<li>It covers various areas of knowledge linked to social action and policy, mediation, community development and town planning, through visits, events and projects.<\/li>\n<\/ul>\n<p>[\/et_pb_text][\/et_pb_column][et_pb_column type=&#8221;1_2&#8243; _builder_version=&#8221;4.16&#8243; custom_padding=&#8221;|||&#8221; global_colors_info=&#8221;{}&#8221; custom_padding__hover=&#8221;|||&#8221;][et_pb_text _builder_version=&#8221;4.24.3&#8243; link_text_color=&#8221;#0C71C3&#8243; background_size=&#8221;initial&#8221; background_position=&#8221;top_left&#8221; background_repeat=&#8221;repeat&#8221; global_colors_info=&#8221;{}&#8221;]<\/p>\n<h5>Addressed to<\/h5>\n<ul>\n<li>Local government officials, professionals and technicians.<\/li>\n<li>Professionals in the associative sector and community processes (NGOs; community entities; Forums or Platforms).<\/li>\n<li>Professionals in social policy consulting firms and \/ or social and community interventions at the local level.<\/li>\n<li>University graduates interested in social policies, social intervention and community mediation.<\/li>\n<\/ul>\n<p>[\/et_pb_text][\/et_pb_column][\/et_pb_row][et_pb_row _builder_version=&#8221;4.16&#8243; background_size=&#8221;initial&#8221; background_position=&#8221;top_left&#8221; background_repeat=&#8221;repeat&#8221; global_colors_info=&#8221;{}&#8221;][et_pb_column type=&#8221;4_4&#8243; _builder_version=&#8221;4.16&#8243; custom_padding=&#8221;|||&#8221; global_colors_info=&#8221;{}&#8221; custom_padding__hover=&#8221;|||&#8221;][et_pb_text _builder_version=&#8221;4.24.3&#8243; link_text_color=&#8221;#0C71C3&#8243; background_color=&#8221;#d5dbc9&#8243; background_size=&#8221;initial&#8221; background_position=&#8221;top_left&#8221; background_repeat=&#8221;repeat&#8221; custom_padding=&#8221;25px|25px|25px|25px|true|true&#8221; hover_enabled=&#8221;0&#8243; border_radii=&#8221;on|10px|10px|10px|10px&#8221; global_colors_info=&#8221;{}&#8221; sticky_enabled=&#8221;0&#8243;]<\/p>\n<h5>Selection of Master&#8217;s Theses<\/h5>\n<p>We offer you a selection of the Master\u2019s Final Thesis (TFM), which were the best evaluated (with grades between 9 and 10), in the 24-25 and 23-24 academic year<\/p>\n<p>2024\/25<\/p>\n<p>1. <strong>Agustina Fabregat<\/strong>: &#8220;<a href=\"https:\/\/igop.uab.cat\/wp-content\/uploads\/2026\/01\/TFM-Agustina-Fabregat_Juny-2025.pdf\" target=\"_blank\" rel=\"noopener\">Infraestructuras sociales en La Mariola: \u00bfpalacios del pueblo? Una mirada cr\u00edtica del papel de las infraestructuras sociales en el abordaje de violencias en contextos de pobreza urbana <\/a>&#8220;, tutored by Ismael Blanco (IGOP-UAB).<\/p>\n<p>2. <strong>Isadora Villa<\/strong>: &#8220;<a href=\"https:\/\/igop.uab.cat\/wp-content\/uploads\/2026\/01\/TFM-Isidora-Villa_Juny-2025.pdf\" target=\"_blank\" rel=\"noopener\">El proceso de reconstrucci\u00f3n de viviendas de emergencia en asentamientos precarios: un an\u00e1lisis desde la perspectiva de acci\u00f3n comunitaria<\/a>&#8220;, tutored by Carlos Delcl\u00f3s (IGOP-UAB).<\/p>\n<p>3. <strong>Javiera Urrutia<\/strong>: &#8220;<a href=\"https:\/\/igop.uab.cat\/wp-content\/uploads\/2026\/01\/TFM-Javiera-Urrutia_Juny-2025.pdf\" target=\"_blank\" rel=\"noopener\">Voces en tr\u00e1nsito: Experiencias y desaf\u00edos de integraci\u00f3n social en la Fase 1 del Programa de Protecci\u00f3n Internacional en Badalona<\/a>&#8220;, tutored by Matilde Cittadini (IGOP-UAB).<\/p>\n<p>4. <strong>Joan Rebollo<\/strong>: &#8220;<a href=\"https:\/\/igop.uab.cat\/wp-content\/uploads\/2026\/01\/TFM-Joan-Rebollo_Juny-2025.pdf\" target=\"_blank\" rel=\"noopener\">Luchar por la transformaci\u00f3n: el caso del &#8220;Life Club MMA&#8221;<\/a>&#8220;, tutored by Ernesto Morales and Carlos Donaire (IGOP-UAB).<\/p>\n<p>5. <strong>Lucia Delgado<\/strong>: &#8220;<a href=\"https:\/\/igop.uab.cat\/wp-content\/uploads\/2026\/01\/TFM-Lucia-Delgado_Juny-2025-web.pdf\" target=\"_blank\" rel=\"noopener\">Les escoles com a territori de conquesta en el dret a l&#8217;habitatge<\/a>&#8220;, tutored by Aida Palacios (UB).<\/p>\n<p>6. <strong>Marta Aparici<\/strong>: &#8220;<a href=\"https:\/\/igop.uab.cat\/wp-content\/uploads\/2026\/01\/TFM-Marta-Aparici_Agosto-2025.pdf\" target=\"_blank\" rel=\"noopener\">Ni calle ni armario: acompa\u00f1amiento transfeminista y resistencias comunitarias frente al sinhogarismo LGBTIAQ+<\/a>&#8220;, tutored by Albert Sales (Institut Metr\u00f2poli).<\/p>\n<p>7. <strong>Rodrigo Jofr\u00e9-Ortega<\/strong>: &#8220;<a href=\"https:\/\/igop.uab.cat\/wp-content\/uploads\/2026\/01\/TFM-Rodrigo-Jofre_Agosto-2025.pdf\" target=\"_blank\" rel=\"noopener\">De la promesa democr\u00e1tica a la experiencia ciudadana: percepciones sobre Decidim Barcelona<\/a>&#8220;, tutored by Victor Ginesta (Institut Metr\u00f2poli).<\/p>\n<p>&nbsp;<\/p>\n<p>2023\/24<\/p>\n<p>1. <strong>Jordina Torrents<\/strong>: &#8220;<a title=\"TFM Jordina Torrents\" href=\"https:\/\/igop.uab.cat\/wp-content\/uploads\/2025\/02\/TFM_La-prevencio-del-suicidi-juvenil-des-de-lenfocament-comunitari.pdf\" target=\"_blank\" rel=\"noopener\" data-cke-saved-href=\"https:\/\/igop.uab.cat\/wp-content\/uploads\/2025\/02\/TFM_La-prevencio-del-suicidi-juvenil-des-de-lenfocament-comunitari.pdf\">L&#8217;aportaci\u00f3 de projectes de salut mental juvenil a les estrat\u00e8gies de prevenci\u00f3 del su\u00efcidi juvenil a Catalunya<\/a>&#8220;, tutoritzat pel professor Xavier Miranda (Universitat de Lleida).<\/p>\n<p>2. <strong>Carolina Hern\u00e1ndez<\/strong>: &#8220;<a title=\"TFM Carolina Hernandez\" href=\"https:\/\/igop.uab.cat\/wp-content\/uploads\/2025\/02\/TFM_Carolina-Hernandez-Tager.pdf\" target=\"_blank\" rel=\"noopener\" data-cke-saved-href=\"https:\/\/igop.uab.cat\/wp-content\/uploads\/2025\/02\/TFM_Carolina-Hernandez-Tager.pdf\">La incid\u00e8ncia de l&#8217;Estrat\u00e8gia Nacional del Liti en l&#8217;apoderament de les comunitats ind\u00edgenes Lickanantay de Sant Pere de Atacama, Xile<\/a>&#8220;, amb la tutoritzaci\u00f3 del professor Mario Hen\u00e1ndez (Universitat de Lleida).<\/p>\n<p>3. <strong>Gonzalo Navarrete<\/strong>: &#8220;<a title=\"TFM Gonzalo Navarrete\" href=\"https:\/\/igop.uab.cat\/wp-content\/uploads\/2025\/02\/TFM-Gonzalo-Navarrete.pdf\" target=\"_blank\" rel=\"noopener\" data-cke-saved-href=\"https:\/\/igop.uab.cat\/wp-content\/uploads\/2025\/02\/TFM-Gonzalo-Navarrete.pdf\">Qui pensa les pol\u00edtiques socials<\/a>&#8220;, que aprofundeix en els paradigmes que governen els canvis en la reflexi\u00f3 i la pr\u00e0ctica d&#8217;aquestes pol\u00edtiques, tutoritzat per la Bego\u00f1a Pernas (Investigadora de GEA21, Madrid).<\/p>\n<p>4. <strong>Diego Espinoza<\/strong>:&#8221;<a title=\"TFM Diego Espinoza\" href=\"https:\/\/igop.uab.cat\/wp-content\/uploads\/2025\/02\/TFM-DiegoEspinozaChacoff.pdf\" target=\"_blank\" rel=\"noopener\" data-cke-saved-href=\"https:\/\/igop.uab.cat\/wp-content\/uploads\/2025\/02\/TFM-DiegoEspinozaChacoff.pdf\">Els factors clau per a l&#8217;\u00e8xit de les Iniciatives Populars de Norma en la Convenci\u00f3 Constitucional de Xile, 2021 i 2022<\/a>&#8220;, tutoritzat pel professor V\u00edctor Ginesta (col\u00b7laborador de la Universitat de Vic).<\/p>\n<p>5. <strong>Marta Sagrera<\/strong>: &#8220;<a title=\"TFM Marta Sagrera\" href=\"https:\/\/igop.uab.cat\/wp-content\/uploads\/2025\/02\/TFM-Marta-Sagrera-23-24.pdf\" target=\"_blank\" rel=\"noopener\" data-cke-saved-href=\"https:\/\/igop.uab.cat\/wp-content\/uploads\/2025\/02\/TFM-Marta-Sagrera-23-24.pdf\">La salut emocional dels Professionals als centres Residencials d\u2019acci\u00f3 educativa de Catalunya<\/a>&#8220;, tutoritzada per la professora N\u00faria Reguero (IGOP-UAB).<\/p>\n<p>6. <strong>Gustavo Mu\u00f1oz<\/strong>: &#8220;<a title=\"TFM Gustavo Mu\u00f1oz\" href=\"https:\/\/igop.uab.cat\/wp-content\/uploads\/2025\/02\/TFM-Gustavo-Munoz_Curs-23-24-FINAL.pdf\" target=\"_blank\" rel=\"noopener\" data-cke-saved-href=\"https:\/\/igop.uab.cat\/wp-content\/uploads\/2025\/02\/TFM-Gustavo-Munoz_Curs-23-24-FINAL.pdf\">Avaluaci\u00f3 del Servei de suport &#8220;Amb tu&#8221; de la Fundaci\u00f3 Salut i Comunitat, de Catalunya<\/a>&#8220;, sota la tutoria del professor Joel Mart\u00ed (UAB).<\/p>\n<p>7. <strong>Paula Casas<\/strong>: &#8220;<a title=\"TFM Paula Casas\" href=\"https:\/\/igop.uab.cat\/wp-content\/uploads\/2025\/02\/TFM_Paula-Casas.pdf\" target=\"_blank\" rel=\"noopener\" data-cke-saved-href=\"https:\/\/igop.uab.cat\/wp-content\/uploads\/2025\/02\/TFM_Paula-Casas.pdf\">Les viv\u00e8ncies d&#8217;un barri en transformaci\u00f3: la joventut enfront de la gentrificaci\u00f3 a Poblenou, Barcelona<\/a>&#8220;, tutoritzat pel professor Ismael Blanco (IGOP-UAB).<\/p>\n<p>[\/et_pb_text][\/et_pb_column][\/et_pb_row][\/et_pb_section]<\/p>\n","protected":false},"excerpt":{"rendered":"<p>Official master&#8217;s degree in Social Policy and Community ActionThe program is presented as a professional and research proposal that combines the acquisition of theoretical and practical knowledge and uses case work to make a participatory and complex approach to the reality of the territory. From the 2016-2017 academic year, the Master&#8217;s degree is consolidated as [&hellip;]<\/p>\n","protected":false},"author":2,"featured_media":0,"parent":1344,"menu_order":0,"comment_status":"closed","ping_status":"closed","template":"","meta":{"_et_pb_use_builder":"on","_et_pb_old_content":"","_et_gb_content_width":"","footnotes":""},"class_list":["post-1350","page","type-page","status-publish","hentry"],"_links":{"self":[{"href":"https:\/\/igop.uab.cat\/en\/wp-json\/wp\/v2\/pages\/1350","targetHints":{"allow":["GET"]}}],"collection":[{"href":"https:\/\/igop.uab.cat\/en\/wp-json\/wp\/v2\/pages"}],"about":[{"href":"https:\/\/igop.uab.cat\/en\/wp-json\/wp\/v2\/types\/page"}],"author":[{"embeddable":true,"href":"https:\/\/igop.uab.cat\/en\/wp-json\/wp\/v2\/users\/2"}],"replies":[{"embeddable":true,"href":"https:\/\/igop.uab.cat\/en\/wp-json\/wp\/v2\/comments?post=1350"}],"version-history":[{"count":41,"href":"https:\/\/igop.uab.cat\/en\/wp-json\/wp\/v2\/pages\/1350\/revisions"}],"predecessor-version":[{"id":26867,"href":"https:\/\/igop.uab.cat\/en\/wp-json\/wp\/v2\/pages\/1350\/revisions\/26867"}],"up":[{"embeddable":true,"href":"https:\/\/igop.uab.cat\/en\/wp-json\/wp\/v2\/pages\/1344"}],"wp:attachment":[{"href":"https:\/\/igop.uab.cat\/en\/wp-json\/wp\/v2\/media?parent=1350"}],"curies":[{"name":"wp","href":"https:\/\/api.w.org\/{rel}","templated":true}]}}