{"id":1344,"date":"2013-09-27T14:39:13","date_gmt":"2013-09-27T14:39:13","guid":{"rendered":"https:\/\/igop.uab.cat\/training\/"},"modified":"2022-04-28T14:51:55","modified_gmt":"2022-04-28T12:51:55","slug":"training","status":"publish","type":"page","link":"https:\/\/igop.uab.cat\/en\/training\/","title":{"rendered":"Training"},"content":{"rendered":"<p>[et_pb_section fb_built=&#8221;1&#8243; admin_label=&#8221;section&#8221; _builder_version=&#8221;3.22&#8243; global_colors_info=&#8221;{}&#8221;][et_pb_row admin_label=&#8221;row&#8221; _builder_version=&#8221;3.25&#8243; background_size=&#8221;initial&#8221; background_position=&#8221;top_left&#8221; background_repeat=&#8221;repeat&#8221; global_colors_info=&#8221;{}&#8221;][et_pb_column type=&#8221;4_4&#8243; _builder_version=&#8221;3.25&#8243; custom_padding=&#8221;|||&#8221; global_colors_info=&#8221;{}&#8221; custom_padding__hover=&#8221;|||&#8221;][et_pb_text admin_label=&#8221;Text&#8221; _builder_version=&#8221;4.14.9&#8243; background_size=&#8221;initial&#8221; background_position=&#8221;top_left&#8221; background_repeat=&#8221;repeat&#8221; hover_enabled=&#8221;0&#8243; global_colors_info=&#8221;{}&#8221; text_font_size=&#8221;20px&#8221; text_orientation=&#8221;center&#8221; custom_padding=&#8221;|30px|0px|30px|false|true&#8221; sticky_enabled=&#8221;0&#8243;]<\/p>\n<h4 style=\"text-align: center;\">Current Programs<\/h4>\n<p style=\"text-align: center;\">Consult and know our training offer in masters and postgraduates as well as the options offered by the IGOP School<\/p>\n<p>[\/et_pb_text][\/et_pb_column][\/et_pb_row][et_pb_row column_structure=&#8221;1_2,1_2&#8243; admin_label=&#8221;row&#8221; _builder_version=&#8221;3.25&#8243; background_size=&#8221;initial&#8221; background_position=&#8221;top_left&#8221; background_repeat=&#8221;repeat&#8221; global_colors_info=&#8221;{}&#8221;][et_pb_column type=&#8221;1_2&#8243; _builder_version=&#8221;3.25&#8243; custom_padding=&#8221;|||&#8221; global_colors_info=&#8221;{}&#8221; custom_padding__hover=&#8221;|||&#8221;][et_pb_icon font_icon=&#8221;&#xf086;||fa||900&#8243; icon_color=&#8221;#12876F&#8221; icon_width=&#8221;75px&#8221; _builder_version=&#8221;4.14.9&#8243; _module_preset=&#8221;default&#8221; custom_margin=&#8221;10px||10px||true|false&#8221; custom_margin_tablet=&#8221;10px||10px||true|false&#8221; custom_margin_phone=&#8221;10px||10px||true|false&#8221; custom_margin_last_edited=&#8221;on|desktop&#8221; hover_enabled=&#8221;0&#8243; global_colors_info=&#8221;{}&#8221; sticky_enabled=&#8221;0&#8243;][\/et_pb_icon][et_pb_text admin_label=&#8221;Text&#8221; _builder_version=&#8221;4.14.9&#8243; link_text_color=&#8221;#12876F&#8221; background_size=&#8221;initial&#8221; background_position=&#8221;top_left&#8221; background_repeat=&#8221;repeat&#8221; hover_enabled=&#8221;0&#8243; global_colors_info=&#8221;{}&#8221; sticky_enabled=&#8221;0&#8243;]<\/p>\n<h5><span style=\"color: #ff0000;\"><strong>01.<\/strong> <\/span>Official Master&#8217;s Degree in Social Policies and community Action [<a title=\"M\u00e0ster\" href=\"https:\/\/igop.uab.cat\/en\/training\/master\/\">+<\/a>]<\/h5>\n<p>From the 2013-2014 academic year, the Master\u2019s degree is promoted by a set of Universities of the Catalan territory (IGOP-UAB, UdG, UdL, UVic, Doctor Robert School), extending and consolidating the opportunity of work with case methodology and visits to concrete experiences of the territory.[\/et_pb_text][\/et_pb_column][et_pb_column type=&#8221;1_2&#8243; _builder_version=&#8221;3.25&#8243; custom_padding=&#8221;|||&#8221; global_colors_info=&#8221;{}&#8221; custom_padding__hover=&#8221;|||&#8221;][et_pb_icon font_icon=&#8221;&#xe085;||divi||400&#8243; icon_color=&#8221;#651906&#8243; icon_width=&#8221;75px&#8221; _builder_version=&#8221;4.14.9&#8243; _module_preset=&#8221;default&#8221; custom_margin=&#8221;10px||10px||true|false&#8221; custom_margin_tablet=&#8221;10px||10px||true|false&#8221; custom_margin_phone=&#8221;10px||10px||true|false&#8221; custom_margin_last_edited=&#8221;on|desktop&#8221; global_colors_info=&#8221;{}&#8221;][\/et_pb_icon][et_pb_text admin_label=&#8221;Text&#8221; _builder_version=&#8221;4.14.9&#8243; link_text_color=&#8221;#5A0C1C&#8221; background_size=&#8221;initial&#8221; background_position=&#8221;top_left&#8221; background_repeat=&#8221;repeat&#8221; hover_enabled=&#8221;0&#8243; global_colors_info=&#8221;{}&#8221; sticky_enabled=&#8221;0&#8243;]<\/p>\n<h5><span style=\"color: #ff0000;\"><strong>02.<\/strong> <\/span>M\u00e0ster in Public Administration [<a title=\"M\u00e0ster Gesti\u00f3 P\u00fablica\" href=\"http:\/\/www.uab.es\/servlet\/Satellite\/informacio-academica-dels-masters-oficials\/l-oferta-de-masters-oficials\/informacio-general-1096480139517.html?param1=1096482868874\" target=\"_blank\" rel=\"noopener\">+<\/a>]<\/h5>\n<p>Directed and coordinated by members of the IGOP since its creation in 1988, this interuniversity official master\u2019s degree (UAB-UPF-UB) is part of the postgraduate offer of the Faculty of Political Science and Sociology of the UAB.[\/et_pb_text][\/et_pb_column][\/et_pb_row][et_pb_row column_structure=&#8221;1_2,1_2&#8243; admin_label=&#8221;row&#8221; _builder_version=&#8221;3.25&#8243; background_size=&#8221;initial&#8221; background_position=&#8221;top_left&#8221; background_repeat=&#8221;repeat&#8221; global_colors_info=&#8221;{}&#8221;][et_pb_column type=&#8221;1_2&#8243; _builder_version=&#8221;3.25&#8243; custom_padding=&#8221;|||&#8221; global_colors_info=&#8221;{}&#8221; custom_padding__hover=&#8221;|||&#8221;][et_pb_icon font_icon=&#8221;&#xf4d8;||fa||900&#8243; icon_color=&#8221;#5B8500&#8243; icon_width=&#8221;75px&#8221; _builder_version=&#8221;4.14.9&#8243; _module_preset=&#8221;default&#8221; custom_margin=&#8221;10px||10px||true|false&#8221; custom_margin_tablet=&#8221;10px||10px||true|false&#8221; custom_margin_phone=&#8221;10px||10px||true|false&#8221; custom_margin_last_edited=&#8221;on|desktop&#8221; global_colors_info=&#8221;{}&#8221;][\/et_pb_icon][et_pb_text admin_label=&#8221;Text&#8221; _builder_version=&#8221;4.14.9&#8243; link_text_color=&#8221;#5B8500&#8243; background_size=&#8221;initial&#8221; background_position=&#8221;top_left&#8221; background_repeat=&#8221;repeat&#8221; hover_enabled=&#8221;0&#8243; global_colors_info=&#8221;{}&#8221; sticky_enabled=&#8221;0&#8243;]<\/p>\n<h5><span style=\"color: #ff0000;\"><strong>03.<\/strong> <\/span>Postgrade in Local Agroecology Dynamism [<a title=\"Postgrau DLAe\" href=\"http:\/\/dlae.cat\/\" target=\"_blank\" rel=\"noopener\">+<\/a>]<\/h5>\n<p>Local practical proposal to build a sustainable agri-food system through the promotion of food sovereignty, territorial and social cohesion, social reproduction of local communities and the conservation of ecosystems.[\/et_pb_text][\/et_pb_column][et_pb_column type=&#8221;1_2&#8243; _builder_version=&#8221;3.25&#8243; custom_padding=&#8221;|||&#8221; global_colors_info=&#8221;{}&#8221; custom_padding__hover=&#8221;|||&#8221;][et_pb_icon font_icon=&#8221;&#xf57d;||fa||900&#8243; icon_color=&#8221;#0C71C3&#8243; icon_width=&#8221;75px&#8221; _builder_version=&#8221;4.14.9&#8243; _module_preset=&#8221;default&#8221; custom_margin=&#8221;10px||10px||true|false&#8221; custom_margin_tablet=&#8221;10px||10px||true|false&#8221; custom_margin_phone=&#8221;10px||10px||true|false&#8221; custom_margin_last_edited=&#8221;on|desktop&#8221; global_colors_info=&#8221;{}&#8221;][\/et_pb_icon][et_pb_text admin_label=&#8221;Text&#8221; _builder_version=&#8221;4.14.9&#8243; link_text_color=&#8221;#007FE0&#8243; background_size=&#8221;initial&#8221; background_position=&#8221;top_left&#8221; background_repeat=&#8221;repeat&#8221; hover_enabled=&#8221;0&#8243; global_colors_info=&#8221;{}&#8221; sticky_enabled=&#8221;0&#8243;]<\/p>\n<h5><span style=\"color: #ff0000;\"><strong>04.<\/strong> <\/span>Phd Studies in Politics, Policies and Internacional Relations [<a title=\"Doctorat PPIR\" href=\"https:\/\/www.uab.cat\/web\/postgrau\/doctorats\/tots-els-doctorats\/informacio-general\/ciencia-politica-politiques-publiques-i-relacions-internacionals-1345467765418.html?param2=1345674105712\" target=\"_blank\" rel=\"noopener\">+<\/a>]<\/h5>\n<p>Since the 2014-2015 academic year, the Doctorate Studies (ED) in Public Policies and Social Transformation joins the ED in Political Science and International Relations to give rise to an ED in Politics, Policies and International Relations. Within the same two specific lines of research are maintained that connect directly with the IGOP and its doctorate: 1 \/ Analysis, management and evaluation of public policies and 2 \/ Social and urban policies.[\/et_pb_text][\/et_pb_column][\/et_pb_row][et_pb_row admin_label=&#8221;row&#8221; _builder_version=&#8221;3.25&#8243; background_size=&#8221;initial&#8221; background_position=&#8221;top_left&#8221; background_repeat=&#8221;repeat&#8221; global_colors_info=&#8221;{}&#8221;][et_pb_column type=&#8221;4_4&#8243; _builder_version=&#8221;3.25&#8243; custom_padding=&#8221;|||&#8221; global_colors_info=&#8221;{}&#8221; custom_padding__hover=&#8221;|||&#8221;][et_pb_text admin_label=&#8221;Text&#8221; _builder_version=&#8221;4.14.9&#8243; background_size=&#8221;initial&#8221; background_position=&#8221;top_left&#8221; background_repeat=&#8221;repeat&#8221; global_colors_info=&#8221;{}&#8221;]<\/p>\n<h4>IGOP School [<a title=\"Escola de l'IGOP\" href=\"http:\/\/escoladeligop.com\/presentacio\/\" target=\"_blank\" rel=\"noopener\">+<\/a>]<\/h4>\n<p>Beyond hosting the activities of a research center, (researchers\u2019 stays, project meetings, seminars and similar ones), the IGOP School is a project born of the desire to create a university space where it is possible to work in processes of social transfer and shared construction of knowledge useful for a transformative practice: the one to build a more just, more inclusive society and with more democratic quality.[\/et_pb_text][\/et_pb_column][\/et_pb_row][\/et_pb_section]<\/p>\n","protected":false},"excerpt":{"rendered":"<p>Current Programs Consult and know our training offer in masters and postgraduates as well as the options offered by the IGOP School01. Official Master&#8217;s Degree in Social Policies and community Action [+] From the 2013-2014 academic year, the Master\u2019s degree is promoted by a set of Universities of the Catalan territory (IGOP-UAB, UdG, UdL, UVic, [&hellip;]<\/p>\n","protected":false},"author":2,"featured_media":0,"parent":0,"menu_order":0,"comment_status":"closed","ping_status":"closed","template":"","meta":{"_et_pb_use_builder":"on","_et_pb_old_content":"","_et_gb_content_width":"","footnotes":""},"class_list":["post-1344","page","type-page","status-publish","hentry"],"_links":{"self":[{"href":"https:\/\/igop.uab.cat\/en\/wp-json\/wp\/v2\/pages\/1344","targetHints":{"allow":["GET"]}}],"collection":[{"href":"https:\/\/igop.uab.cat\/en\/wp-json\/wp\/v2\/pages"}],"about":[{"href":"https:\/\/igop.uab.cat\/en\/wp-json\/wp\/v2\/types\/page"}],"author":[{"embeddable":true,"href":"https:\/\/igop.uab.cat\/en\/wp-json\/wp\/v2\/users\/2"}],"replies":[{"embeddable":true,"href":"https:\/\/igop.uab.cat\/en\/wp-json\/wp\/v2\/comments?post=1344"}],"version-history":[{"count":6,"href":"https:\/\/igop.uab.cat\/en\/wp-json\/wp\/v2\/pages\/1344\/revisions"}],"predecessor-version":[{"id":14086,"href":"https:\/\/igop.uab.cat\/en\/wp-json\/wp\/v2\/pages\/1344\/revisions\/14086"}],"wp:attachment":[{"href":"https:\/\/igop.uab.cat\/en\/wp-json\/wp\/v2\/media?parent=1344"}],"curies":[{"name":"wp","href":"https:\/\/api.w.org\/{rel}","templated":true}]}}