{"id":1341,"date":"2013-09-27T14:36:53","date_gmt":"2013-09-27T14:36:53","guid":{"rendered":"https:\/\/igop.uab.cat\/about\/"},"modified":"2024-07-24T13:13:17","modified_gmt":"2024-07-24T11:13:17","slug":"about","status":"publish","type":"page","link":"https:\/\/igop.uab.cat\/en\/about\/","title":{"rendered":"IGOP"},"content":{"rendered":"<p>[et_pb_section fb_built=&#8221;1&#8243; admin_label=&#8221;section&#8221; _builder_version=&#8221;4.16&#8243; global_colors_info=&#8221;{}&#8221;][et_pb_row admin_label=&#8221;row&#8221; _builder_version=&#8221;4.16&#8243; background_size=&#8221;initial&#8221; background_position=&#8221;top_left&#8221; background_repeat=&#8221;repeat&#8221; global_colors_info=&#8221;{}&#8221;][et_pb_column type=&#8221;4_4&#8243; _builder_version=&#8221;4.16&#8243; custom_padding=&#8221;|||&#8221; global_colors_info=&#8221;{}&#8221; custom_padding__hover=&#8221;|||&#8221;][et_pb_accordion _builder_version=&#8221;4.19.4&#8243; _module_preset=&#8221;default&#8221; global_colors_info=&#8221;{}&#8221;][et_pb_accordion_item title=&#8221;Origin and goals&#8221; open=&#8221;on&#8221; _builder_version=&#8221;4.19.4&#8243; _module_preset=&#8221;default&#8221; global_colors_info=&#8221;{}&#8221;]<\/p>\n<p>The Institute of Government and Public Policy (IGOP) is a research centre of the Autonomous University of Barcelona (UAB), where it is based. Its origins are to be found in the Policy Analysis Team, recognized as research group since 1990. It got accredited as special research centre in 2002 and four years later obtained the official recognition as research institute of the UAB.<\/p>\n<p>The IGOP was created with the aim of promoting research, training and dissemination in the fields of government and public policies. This was to be done from an interdisciplinary approach and, above all, with the capacity to combine academic excellence with social impact.<\/p>\n<p>These two goals are fully reflected in their activities: <strong>Research and Training.<\/strong><\/p>\n<p>[\/et_pb_accordion_item][et_pb_accordion_item title=&#8221;Research&#8221; _builder_version=&#8221;4.19.4&#8243; _module_preset=&#8221;default&#8221; global_colors_info=&#8221;{}&#8221; open=&#8221;off&#8221;]<\/p>\n<p>We develop <strong>competitive research<\/strong> (promoted by the European Commission with Horizon Europe, by the Government of Spain -several calls from the State Research Agency-, by the Government of the Generalitat of Catalonia as well as by private entities) such as <strong>applied research<\/strong>, through agreements or specific assignments with various institutions and entities<\/p>\n<p>We have a broad research agenda, mostly focused on the analysis of various social problems and public policy responses.<\/p>\n<p>Our research is grouped under the following thematic sub-axes:<\/p>\n<ul>\n<li>Socio-Spatial Inequality and Urban Policies.<\/li>\n<li>Social Inequality and Welfare State Reforms.<\/li>\n<li>Urban collective action, right to the city and proximity policies.<\/li>\n<li>Public administration and citizenship.<\/li>\n<\/ul>\n<p>&nbsp;<\/p>\n<p>The IGOP currently brings together its research in the Research Group recognised by the Generalitat de Catalunya: i-GOP Study Group on Innovation, Governance and Public Policy (SGR 2021).<\/p>\n<p>Given the interdisciplinary character of the institute, the IGOP also has connections with the following SGrs and research groups:<\/p>\n<ul>\n<li><strong>Democracy, Elections and Citizenship [ <span style=\"color: #3366ff;\"><a style=\"color: #3366ff;\" href=\"https:\/\/grdec.uab.cat\/\" target=\"_blank\" rel=\"noopener\">DEC<\/a><\/span>]<\/strong><\/li>\n<li><strong>Transnational Relations, Democratisation and Migration <\/strong><strong>[ <a href=\"https:\/\/cordis.europa.eu\/project\/id\/726405\" target=\"_blank\" rel=\"noopener\"><span style=\"color: #3366ff;\">TRANSDEM<\/span><\/a> ]<\/strong><\/li>\n<li><strong>Globalisation, Education and Social Policies [ <span style=\"color: #3366ff;\"><a style=\"color: #3366ff;\" href=\"https:\/\/geps-uab.cat\/\" target=\"_blank\" rel=\"noopener\">GEPS<\/a><\/span>]<\/strong><\/li>\n<\/ul>\n<p>&nbsp;<\/p>\n<p>Previously the IGOP has had 2 SGRs funded by AGAUR (2017-2021):<\/p>\n<ul>\n<li><strong>AGAPP (An\u00e0lisi, Gesti\u00f3 i Avaluaci\u00f3 de Pol\u00edtiques P\u00fabliques) <\/strong>(<a href=\"http:\/\/www.agapp.cat\/\"><span style=\"color: #3366ff;\">http:\/\/www.agapp.cat\/<\/span><\/a>)<\/li>\n<\/ul>\n<ul>\n<li> <strong>URGOCIS (Urban Governance, Commons, Internet and Social Innovation)<\/strong> (<span style=\"color: #3366ff;\">http:\/\/www.urgocis.net\/<\/span>)<\/li>\n<\/ul>\n<p>&nbsp;<\/p>\n<p>More info? Check out our section &#8220;<span style=\"color: #3366ff;\"><a style=\"color: #3366ff;\" href=\"https:\/\/igop.uab.cat\/en\/igop-research\/\">IGOP Research<\/a><\/span>&#8220;<\/p>\n<p>[\/et_pb_accordion_item][et_pb_accordion_item title=&#8221;Teaching&#8221; _builder_version=&#8221;4.19.4&#8243; _module_preset=&#8221;default&#8221; global_colors_info=&#8221;{}&#8221; open=&#8221;off&#8221;]<\/p>\n<p><strong>PhD Program<\/strong><\/p>\n<p>Since the 2014-2015 academic year, we have been participating in the doctoral program <strong>Politics, Policies and International Relations<\/strong>. Within it, there are two specific lines of research that connect directly with the IGOP and its doctorate: <strong>1 \/ Analysis, management and evaluation of public policies<\/strong>and<strong>2 \/ Social and urban policies<\/strong>.<\/p>\n<p>For more information and to apply for admission, contact the doctorate in Politics, Policies and International Relations directly (web <span style=\"color: #3366ff;\"><a style=\"color: #3366ff;\" title=\"PhD Program\" href=\"http:\/\/ppir.uab.cat\" target=\"_blank\" rel=\"noopener\">http:\/\/ppir.uab.cat<\/a><\/span>).<\/p>\n<p>&nbsp;<\/p>\n<p><strong>Master\u2019s degrees and postgraduate studies<\/strong><\/p>\n<p>We share a PhD Program as well as several master\u2019s degrees, postgraduate studies and training activities. The doctorate is specifically aimed at academic excellence, while the other programs, without sacrificing quality, are aimed more directly at the professional world, with the aim of facilitating a strong relationship between the university world and its socioeconomic environment.<\/p>\n<p>&nbsp;<\/p>\n<p><strong>Research Agenda<\/strong><\/p>\n<p>To achieve the objectives of promoting research and training and social transfer, IGOP has built an extensive research agenda, which ultimately makes it one of the reference centres in the field of social sciences.<\/p>\n<p>In recent years, our research areas have brought together projects on public policies and social reality from different perspectives: inequalities, social cohesion, minimum income, urban segregation, housing, community action, childhood, education, intersectionality, cooperation, solidarity, social and institutional innovation.<\/p>\n<p>[\/et_pb_accordion_item][\/et_pb_accordion][\/et_pb_column][\/et_pb_row][et_pb_row _builder_version=&#8221;4.16&#8243; _module_preset=&#8221;default&#8221; global_colors_info=&#8221;{}&#8221;][et_pb_column type=&#8221;4_4&#8243; _builder_version=&#8221;4.16&#8243; _module_preset=&#8221;default&#8221; global_colors_info=&#8221;{}&#8221;][et_pb_image src=&#8221;https:\/\/igop.uab.cat\/wp-content\/uploads\/2024\/07\/EN-BONSAI-IGOP-2024.jpg&#8221; alt=&#8221;IGOP UNIVERS&#8221; title_text=&#8221;EN BONSAI IGOP 2024&#8243; url=&#8221;https:\/\/igop.uab.cat\/wp-content\/uploads\/2024\/07\/EN-BONSAI-IGOP-2024.jpg&#8221; url_new_window=&#8221;on&#8221; _builder_version=&#8221;4.24.3&#8243; _module_preset=&#8221;default&#8221; hover_enabled=&#8221;0&#8243; global_colors_info=&#8221;{}&#8221; sticky_enabled=&#8221;0&#8243;][\/et_pb_image][\/et_pb_column][\/et_pb_row][et_pb_row column_structure=&#8221;1_3,1_3,1_3&#8243; disabled_on=&#8221;on|on|on&#8221; admin_label=&#8221;row&#8221; _builder_version=&#8221;4.19.4&#8243; background_size=&#8221;initial&#8221; background_position=&#8221;top_left&#8221; background_repeat=&#8221;repeat&#8221; disabled=&#8221;on&#8221; global_colors_info=&#8221;{}&#8221;][et_pb_column type=&#8221;1_3&#8243; _builder_version=&#8221;4.16&#8243; custom_padding=&#8221;|||&#8221; global_colors_info=&#8221;{}&#8221; custom_padding__hover=&#8221;|||&#8221;][et_pb_text admin_label=&#8221;Text&#8221; _builder_version=&#8221;4.19.4&#8243; link_text_color=&#8221;#0C71C3&#8243; background_size=&#8221;initial&#8221; background_position=&#8221;top_left&#8221; background_repeat=&#8221;repeat&#8221; global_colors_info=&#8221;{}&#8221;]<\/p>\n<h4>Management<br \/>and administration<\/h4>\n<p><strong>Director:<\/strong><\/p>\n<p><img loading=\"lazy\" decoding=\"async\" class=\"wp-image-13942 alignnone\" src=\"https:\/\/igop.uab.cat\/wp-content\/uploads\/2022\/04\/Ismael-Blanco-Director-IGOP-2019-150x150.png\" alt=\"Ismael Blanco Director IGOP\" width=\"110\" height=\"110\" srcset=\"https:\/\/igop.uab.cat\/wp-content\/uploads\/2022\/04\/Ismael-Blanco-Director-IGOP-2019-150x150.png 150w, https:\/\/igop.uab.cat\/wp-content\/uploads\/2022\/04\/Ismael-Blanco-Director-IGOP-2019-300x300.png 300w, https:\/\/igop.uab.cat\/wp-content\/uploads\/2022\/04\/Ismael-Blanco-Director-IGOP-2019.png 400w\" sizes=\"(max-width: 110px) 100vw, 110px\" \/><br \/>Ismael Blanco (ismael.blanco@uab.cat)<\/p>\n<p><strong>PhD Coordinador:<\/strong><\/p>\n<p><img loading=\"lazy\" decoding=\"async\" class=\"wp-image-13950 alignnone\" src=\"https:\/\/igop.uab.cat\/wp-content\/uploads\/2022\/04\/Margarita-Leon-2021-150x150.png\" alt=\"Margarita Le\u00f3n\" width=\"110\" height=\"110\" srcset=\"https:\/\/igop.uab.cat\/wp-content\/uploads\/2022\/04\/Margarita-Leon-2021-150x150.png 150w, https:\/\/igop.uab.cat\/wp-content\/uploads\/2022\/04\/Margarita-Leon-2021-300x300.png 300w, https:\/\/igop.uab.cat\/wp-content\/uploads\/2022\/04\/Margarita-Leon-2021-1024x1024.png 1024w, https:\/\/igop.uab.cat\/wp-content\/uploads\/2022\/04\/Margarita-Leon-2021-768x768.png 768w, https:\/\/igop.uab.cat\/wp-content\/uploads\/2022\/04\/Margarita-Leon-2021-1536x1536.png 1536w, https:\/\/igop.uab.cat\/wp-content\/uploads\/2022\/04\/Margarita-Leon-2021-1080x1080.png 1080w, https:\/\/igop.uab.cat\/wp-content\/uploads\/2022\/04\/Margarita-Leon-2021-440x440.png 440w, https:\/\/igop.uab.cat\/wp-content\/uploads\/2022\/04\/Margarita-Leon-2021.png 1722w\" sizes=\"(max-width: 110px) 100vw, 110px\" \/><br \/>Margarita Le\u00f3n (margarita.leon@uab.cat)<\/p>\n<p><strong>School IGOP Coordination:<\/strong><\/p>\n<p><img loading=\"lazy\" decoding=\"async\" class=\"wp-image-13947 alignnone\" src=\"https:\/\/igop.uab.cat\/wp-content\/uploads\/2022\/04\/Ernesto-Morales-2021-150x150.png\" alt=\"Ernesto Morales\" width=\"110\" height=\"110\" srcset=\"https:\/\/igop.uab.cat\/wp-content\/uploads\/2022\/04\/Ernesto-Morales-2021-150x150.png 150w, https:\/\/igop.uab.cat\/wp-content\/uploads\/2022\/04\/Ernesto-Morales-2021-300x300.png 300w, https:\/\/igop.uab.cat\/wp-content\/uploads\/2022\/04\/Ernesto-Morales-2021-1024x1024.png 1024w, https:\/\/igop.uab.cat\/wp-content\/uploads\/2022\/04\/Ernesto-Morales-2021-768x768.png 768w, https:\/\/igop.uab.cat\/wp-content\/uploads\/2022\/04\/Ernesto-Morales-2021-1536x1536.png 1536w, https:\/\/igop.uab.cat\/wp-content\/uploads\/2022\/04\/Ernesto-Morales-2021-1080x1080.png 1080w, https:\/\/igop.uab.cat\/wp-content\/uploads\/2022\/04\/Ernesto-Morales-2021-440x440.png 440w, https:\/\/igop.uab.cat\/wp-content\/uploads\/2022\/04\/Ernesto-Morales-2021.png 1722w\" sizes=\"(max-width: 110px) 100vw, 110px\" \/><br \/>Ernesto Morales (ernesto.morales@uab.cat)<\/p>\n<p><strong>Secretari:<\/strong><\/p>\n<p><img loading=\"lazy\" decoding=\"async\" class=\"alignnone\" src=\"https:\/\/igop.uab.cat\/wp-content\/uploads\/2022\/04\/Ismael-Blanco-Director-IGOP-2019-150x150.png\" alt=\"Ismael Blanco\" width=\"110\" height=\"110\"><br \/>Ismael Blanco (ismael.blanco@uab.cat)<\/p>\n<p><strong>Research Coordination:<\/strong><\/p>\n<p><img decoding=\"async\" class=\"alignnone\" src=\"http:\/\/www.urgocis.net\/wp-content\/uploads\/2016\/01\/Charlotte-URGOCIS.jpg\" alt=\"Charlotte Fernandez\" width=\"100\"><br \/>Charlotte Fern\u00e1ndez Pl\u00e9 (charlotte.fernandez@uab.cat)<\/p>\n<p><strong>Design and communication:<\/strong><\/p>\n<p><img decoding=\"async\" class=\"alignnone\" src=\"https:\/\/igop.uab.cat\/wp-content\/uploads\/2017\/04\/Jaume-Badosa-IGOP-UAB.jpg\" alt=\"Jaume Badosa\" width=\"100\"><br \/>Jaume Badosa (jaume.badosa@uab.cat)<\/p>\n<p>[\/et_pb_text][\/et_pb_column][et_pb_column type=&#8221;1_3&#8243; _builder_version=&#8221;4.16&#8243; custom_padding=&#8221;|||&#8221; global_colors_info=&#8221;{}&#8221; custom_padding__hover=&#8221;|||&#8221;][et_pb_text admin_label=&#8221;Text&#8221; _builder_version=&#8221;4.17.3&#8243; link_text_color=&#8221;#0C71C3&#8243; background_size=&#8221;initial&#8221; background_position=&#8221;top_left&#8221; background_repeat=&#8221;repeat&#8221; global_colors_info=&#8221;{}&#8221;]<\/p>\n<h4>Coordination<br \/>projects<\/h4>\n<p><strong>Social exclusion and inclusion policies:<\/strong><\/p>\n<p><img decoding=\"async\" class=\"alignnone\" src=\"https:\/\/igop.uab.cat\/wp-content\/uploads\/2022\/04\/Margarita-Leon-2021-150x150.png\" alt=\"Margarita Le\u00f3n\" width=\"110\"><br \/>Marga Le\u00f3n (margarita.leon@uab.cat)<\/p>\n<p><strong>Urban Policies:<\/strong><\/p>\n<p><img decoding=\"async\" class=\"alignnone\" src=\"https:\/\/igop.uab.cat\/wp-content\/uploads\/2022\/04\/Ismael-Blanco-Director-IGOP-2019-150x150.png\" alt=\"Ismael Blanco\" width=\"110\"><br \/>Ismael Blanco (ismael.blanco@uab.cat)<\/p>\n<p><strong>Public Management:<\/strong><\/p>\n<p><img decoding=\"async\" class=\"alignnone\" src=\"http:\/\/www.agapp.cat\/wp-content\/uploads\/2016\/02\/Xavier-Ballart-150x142.jpg\" alt=\"Xavier Ballart\" width=\"100\"><br \/>Xavier Ballart (xavier.ballart@uab.cat)<\/p>\n<p><img decoding=\"async\" class=\"alignnone\" src=\"http:\/\/www.agapp.cat\/wp-content\/uploads\/2016\/02\/Raquel-Gallego-Directora-IGOP.jpg\" alt=\"Raquel Gallego\" width=\"100\"><br \/>Raquel Gallego (raquel.gallego@uab.cat)<\/p>\n<p><strong><span style=\"color: #000000;\">Multilevel governance and welfare policies. Health, education, social services:<\/span><\/strong><\/p>\n<p><img decoding=\"async\" class=\"alignnone\" src=\"http:\/\/www.agapp.cat\/wp-content\/uploads\/2016\/02\/Raquel-Gallego-Directora-IGOP.jpg\" alt=\"Raquel Gallego\" width=\"100\"><br \/>Raquel Gallego (raquel.gallego@uab.cat)<\/p>\n<p>[\/et_pb_text][\/et_pb_column][et_pb_column type=&#8221;1_3&#8243; _builder_version=&#8221;4.16&#8243; custom_padding=&#8221;|||&#8221; global_colors_info=&#8221;{}&#8221; custom_padding__hover=&#8221;|||&#8221;][et_pb_text admin_label=&#8221;Text&#8221; _builder_version=&#8221;4.17.3&#8243; link_text_color=&#8221;#0C71C3&#8243; background_size=&#8221;initial&#8221; background_position=&#8221;top_left&#8221; background_repeat=&#8221;repeat&#8221; global_colors_info=&#8221;{}&#8221;]<\/p>\n<h4>Financial Management and administration<\/h4>\n<p><strong>Manager:<\/strong><\/p>\n<p><img loading=\"lazy\" decoding=\"async\" class=\"wp-image-13956 alignnone\" src=\"https:\/\/igop.uab.cat\/wp-content\/uploads\/2022\/04\/Ana-Medina-IGOP-150x150.png\" alt=\"Ana Medina IGOP\" width=\"110\" height=\"110\" srcset=\"https:\/\/igop.uab.cat\/wp-content\/uploads\/2022\/04\/Ana-Medina-IGOP-150x150.png 150w, https:\/\/igop.uab.cat\/wp-content\/uploads\/2022\/04\/Ana-Medina-IGOP.png 183w\" sizes=\"(max-width: 110px) 100vw, 110px\" \/><br \/>Ana Medina (ana.medina@uab.cat)<\/p>\n<p><strong>Team:<\/strong><\/p>\n<p><img loading=\"lazy\" decoding=\"async\" class=\"alignnone\" src=\"https:\/\/igop.uab.cat\/wp-content\/uploads\/2017\/04\/Dolores_Martinez.jpg\" alt=\"Dolores Mart\u00ednez\" width=\"100\" height=\"100\"><br \/>(UAB) Dolores Mart\u00ednez (dolors.martinez-quintanilla@uab.cat)<\/p>\n<p><img loading=\"lazy\" decoding=\"async\" class=\"alignnone wp-image-14907 \" src=\"https:\/\/igop.uab.cat\/wp-content\/uploads\/2022\/07\/Olga-Garcia-150x150.jpg\" alt=\"Olga Garcia\" width=\"100\" height=\"100\" srcset=\"https:\/\/igop.uab.cat\/wp-content\/uploads\/2022\/07\/Olga-Garcia-150x150.jpg 150w, https:\/\/igop.uab.cat\/wp-content\/uploads\/2022\/07\/Olga-Garcia.jpg 250w\" sizes=\"(max-width: 100px) 100vw, 100px\" \/><br \/>(UAB\/Urrutia) Olga Garcia (Olga.Garcia.Anton@uab.cat)<\/p>\n<p><img loading=\"lazy\" decoding=\"async\" class=\"alignnone wp-image-14912\" src=\"https:\/\/igop.uab.cat\/wp-content\/uploads\/2022\/07\/Pedro-Manuel-Garcia-150x150.jpg\" alt=\"Pedro Manuel Gonzalez\" width=\"100\" height=\"100\" srcset=\"https:\/\/igop.uab.cat\/wp-content\/uploads\/2022\/07\/Pedro-Manuel-Garcia-150x150.jpg 150w, https:\/\/igop.uab.cat\/wp-content\/uploads\/2022\/07\/Pedro-Manuel-Garcia.jpg 250w\" sizes=\"(max-width: 100px) 100vw, 100px\" \/><br \/>(UAB) Pedro M. Gonzalez (PedroManuel.Gonzalez@uab.cat)<\/p>\n<h4>School IGOP<\/h4>\n<p><img loading=\"lazy\" decoding=\"async\" class=\"alignnone wp-image-11831\" src=\"https:\/\/igop.uab.cat\/wp-content\/uploads\/2019\/06\/Reguero_Nuria-IGOP.jpg\" alt=\"N\u00faria Reguero\" width=\"100\" height=\"102\"><br \/>N\u00faria Reguero (igop.bcn@uab.cat)<\/p>\n<p><span style=\"font-weight: normal; color: #000000;\"><strong><img loading=\"lazy\" decoding=\"async\" class=\"alignnone wp-image-13091\" src=\"https:\/\/igop.uab.cat\/wp-content\/uploads\/2020\/11\/Laura-Capdevila-2020-Master-PSiAC.jpg\" alt=\"Laura Capdevila\" width=\"100\" height=\"100\"><br \/><\/strong><\/span><span style=\"font-weight: normal; color: #000000;\"><strong>Laura Capdevila<\/strong><br \/>(Master Coordinator),<br \/><a class=\"_11Ai5 _1krEo _2gxQ2 _2nHXX _1KRDK \" style=\"color: #2488d8 !important;\" tabindex=\"0\" title=\"laura.capdevila.jerico@uab.cat\" target=\"_self\" rel=\"noopener\">laura.capdevila.jerico@uab.cat<\/a><\/span><\/p>\n<p>[\/et_pb_text][\/et_pb_column][\/et_pb_row][\/et_pb_section]<\/p>\n","protected":false},"excerpt":{"rendered":"<p>The Institute of Government and Public Policy (IGOP) is a research centre of the Autonomous University of Barcelona (UAB), where it is based. Its origins are to be found in the Policy Analysis Team, recognized as research group since 1990. It got accredited as special research centre in 2002 and four years later obtained the [&hellip;]<\/p>\n","protected":false},"author":2,"featured_media":0,"parent":0,"menu_order":0,"comment_status":"closed","ping_status":"closed","template":"","meta":{"_et_pb_use_builder":"on","_et_pb_old_content":"","_et_gb_content_width":"","footnotes":""},"class_list":["post-1341","page","type-page","status-publish","hentry"],"_links":{"self":[{"href":"https:\/\/igop.uab.cat\/en\/wp-json\/wp\/v2\/pages\/1341","targetHints":{"allow":["GET"]}}],"collection":[{"href":"https:\/\/igop.uab.cat\/en\/wp-json\/wp\/v2\/pages"}],"about":[{"href":"https:\/\/igop.uab.cat\/en\/wp-json\/wp\/v2\/types\/page"}],"author":[{"embeddable":true,"href":"https:\/\/igop.uab.cat\/en\/wp-json\/wp\/v2\/users\/2"}],"replies":[{"embeddable":true,"href":"https:\/\/igop.uab.cat\/en\/wp-json\/wp\/v2\/comments?post=1341"}],"version-history":[{"count":38,"href":"https:\/\/igop.uab.cat\/en\/wp-json\/wp\/v2\/pages\/1341\/revisions"}],"predecessor-version":[{"id":20745,"href":"https:\/\/igop.uab.cat\/en\/wp-json\/wp\/v2\/pages\/1341\/revisions\/20745"}],"wp:attachment":[{"href":"https:\/\/igop.uab.cat\/en\/wp-json\/wp\/v2\/media?parent=1341"}],"curies":[{"name":"wp","href":"https:\/\/api.w.org\/{rel}","templated":true}]}}